{"id":849,"date":"2018-10-05T18:23:42","date_gmt":"2018-10-05T18:23:42","guid":{"rendered":"http:\/\/pabianice.misjonarze.pl\/?page_id=849"},"modified":"2024-01-28T06:31:58","modified_gmt":"2024-01-28T05:31:58","slug":"stowarzyszenie-milosierdzia","status":"publish","type":"page","link":"https:\/\/pabianice.misjonarze.pl\/?page_id=849","title":{"rendered":"Stowarzyszenie Mi\u0142osierdzia"},"content":{"rendered":"<div><a href=\"https:\/\/www.facebook.com\/Stowarzyszenie-Mi%C5%82osierdzia-%C5%9Bw-Wincentego-a-Paulo-Pabianice-803658583078664\/\"><img data-recalc-dims=\"1\" loading=\"lazy\" decoding=\"async\" class=\"alignnone wp-image-372 size-full\" src=\"https:\/\/i0.wp.com\/pabianice.misjonarze.pl\/wp-content\/uploads\/2018\/09\/stow-milosierdzia.jpg?resize=1920%2C800\" alt=\"\" width=\"1920\" height=\"800\" srcset=\"https:\/\/i0.wp.com\/pabianice.misjonarze.pl\/wp-content\/uploads\/2018\/09\/stow-milosierdzia.jpg?w=1920&amp;ssl=1 1920w, https:\/\/i0.wp.com\/pabianice.misjonarze.pl\/wp-content\/uploads\/2018\/09\/stow-milosierdzia.jpg?resize=300%2C125&amp;ssl=1 300w, https:\/\/i0.wp.com\/pabianice.misjonarze.pl\/wp-content\/uploads\/2018\/09\/stow-milosierdzia.jpg?resize=768%2C320&amp;ssl=1 768w, https:\/\/i0.wp.com\/pabianice.misjonarze.pl\/wp-content\/uploads\/2018\/09\/stow-milosierdzia.jpg?resize=1024%2C427&amp;ssl=1 1024w, https:\/\/i0.wp.com\/pabianice.misjonarze.pl\/wp-content\/uploads\/2018\/09\/stow-milosierdzia.jpg?resize=730%2C304&amp;ssl=1 730w\" sizes=\"auto, (max-width: 1000px) 100vw, 1000px\" \/><\/a><\/div>\n<div><\/div>\n<div style=\"text-align: center;\"><span style=\"font-family: georgia, palatino, serif; font-size: 18pt;\">Prosimy o wsparcie finansowe Ubogich, kt\u00f3rymi opiekuje si\u0119 nasze stowarzyszenie<\/span><br \/>\n<span style=\"font-family: georgia, palatino, serif; font-size: 18pt;\">poprzez przekazanie 1,5% podatku na:<\/span><br \/>\n<span style=\"font-family: georgia, palatino, serif; font-size: 18pt;\">Stowarzyszenie Mi\u0142osierdzia \u015bw. Wincentego a Paulo<\/span><br \/>\n<span style=\"font-family: georgia, palatino, serif; font-size: 18pt;\">95-200 Pabianice, ul. Zamkowa 39<\/span><br \/>\n<span style=\"font-family: georgia, palatino, serif; font-size: 18pt; color: #ff0000;\">KRS 0000175353 z dopiskiem w rubryce Cel szczeg\u00f3\u0142owy: AIC Pabianice<\/span><\/div>\n<div><\/div>\n<div style=\"text-align: justify;\">\n<p>&nbsp;<\/p>\n<p>&nbsp;<\/p>\n<p><span style=\"font-family: arial, helvetica, sans-serif; font-size: 14pt;\">W roku 1927 ks. Leopold Petrzyk powo\u0142a\u0142 do \u017cycia przy naszej Parafii Zesp\u00f3\u0142 Pa\u0144 Mi\u0142osierdzia, w kt\u00f3rym pracowa\u0142y niewiasty nios\u0105ce pomoc duchow\u0105 i materialn\u0105 potrzebuj\u0105cym.<\/span><\/p>\n<p><span style=\"font-family: arial, helvetica, sans-serif; font-size: 14pt;\">W roku 1982 zesp\u00f3l ten przekszta\u0142ci\u0142 si\u0119 w Wincenty\u0144ski Zesp\u00f3\u0142 Charytatywny, w kt\u00f3rym pracowali tak\u017ce panowie. Od roku 1990 nosi on nazw\u0119 Stowarzyszenia Mi\u0142osierdzia \u015bw. Wincentego \u00e1 Paulo. Obecnie Stowarzyszenie liczy 23 cz\u0142onk\u00f3w i jest organizacj\u0105 ludzi \u015bwieckich, kt\u00f3rzy swoje obowi\u0105zki i cele statutowe wykonuj\u0105 spo\u0142ecznie. Cz\u0142onkami s\u0105 ludzie wierz\u0105cy, kt\u00f3rym bliska jest etyka chrze\u015bcija\u0144skiego mi\u0142osierdzia i jest \u015bci\u015ble ona powi\u0105zana z charyzmatem \u015bw. Wincentego a Paulo.<\/span><\/p>\n<p><span style=\"font-family: arial, helvetica, sans-serif; font-size: 14pt;\">Zesp\u00f3\u0142 nasz opiekuje si\u0119 osobami chorymi, starszymi i bezrobotnymi, oraz rodzinami wielodzietnymi i niepe\u0142nymi, zamieszka\u0142ymi na terenie naszej parafii.<\/span><\/p>\n<p><span style=\"font-family: arial, helvetica, sans-serif; font-size: 14pt;\">Raz w miesi\u0105cu, w pierwszy poniedzia\u0142ek po Mszy \u015awi\u0119tej o godz. 18:00, odbywaj\u0105 si\u0119 zebrania Stowarzyszenia, na kt\u00f3rych ustalamy zakres prac na najbli\u017cszy czas.\u00a0 W ka\u017cd\u0105 \u015brod\u0119 od godz. 9:00 do 11:00 cz\u0142onkowie Stowarzyszenia pe\u0142ni\u0105 dy\u017cury\u00a0\u00a0\u00a0 w Punkcie Charytatywnym na plebanii, by s\u0142u\u017cy\u0107 pomoc\u0105 i rad\u0105 potrzebuj\u0105cym. Rozdzielaj\u0105 odzie\u017c otrzyman\u0105 od darczy\u0144c\u00f3w, a w inne dni odwiedzaj\u0105 chorych w domach. Mo\u017cna te\u017c w ten dzie\u0144 przynie\u015b\u0107 dary dla naszych ubogich. Je\u015bli jest to odzie\u017c u\u017cywana istotne jest, by by\u0142a ona w dobrym stanie i czysta.<\/span><\/p>\n<p><span style=\"font-family: arial, helvetica, sans-serif; font-size: 14pt;\">Z okazji uroczysto\u015bci i \u015bwi\u0105t patronalnych cz\u0142onkowie Stowarzyszenia uczestnicz\u0105 we wsp\u00f3lnej Mszy \u015bwi\u0119tej, adoracji Naj\u015bwi\u0119tszego Sakramentu, bior\u0105 udzia\u0142 w sesjach po\u015bwi\u0119conych pracy Stowarzyszenia i Og\u00f3lnopolskich Zjazdach Rodziny Wincenty\u0144skiej.<\/span><\/p>\n<p><span style=\"font-family: arial, helvetica, sans-serif; font-size: 14pt;\">W celu pozyskania funduszy na skuteczn\u0105 pomoc, cz\u0142onkowie Stowarzyszenia w ka\u017cd\u0105 trzeci\u0105 niedziel\u0119 miesi\u0105ca kwestuj\u0105 \u00a0 \u00a0\u00a0 z puszkami. R\u00f3wnie\u017c pomagaj\u0105 rozliczy\u0107 si\u0119 z Urz\u0119dem Skarbowym podatnikom, w zamian przyjmuj\u0105c 1% podatku na cele statutowe. Przez 3 miesi\u0105ce organizuj\u0105 dy\u017cury od poniedzia\u0142ku do pi\u0105tku w godz. 10:00 \u2013 12:00 i 15:00 \u2013 17:00 podczas kt\u00f3rych pomagaj\u0105 wype\u0142nia\u0107 PIT-y. Z okazji \u015awi\u0105t Wielkanocnych i Bo\u017cego Narodzenia przygotowuj\u0105 paczki dla rodzin ubogich.\u00a0Przed 24 grudnia urz\u0105dzaj\u0105 Wigilia dla os\u00f3b samotnych z naszej parafii. Dla dzieci organizuj\u0105 zabaw\u0119 i paczki od \u015awi\u0119tego Miko\u0142aja.<\/span><\/p>\n<p><span style=\"font-family: arial, helvetica, sans-serif; font-size: 14pt;\">11 lutego, we wspomnienie Matki Bo\u017cej z Lourdes, organizowany jest Dzie\u0144 Chorych, w kt\u00f3rym to dniu chorzy przywo\u017ceni s\u0105 do naszego ko\u015bcio\u0142a na Msz\u0119 \u015bwi\u0119t\u0105 i przyjmuj\u0105 sakrament Namaszczenia Chorych.<\/span><\/p>\n<p><span style=\"font-family: arial, helvetica, sans-serif; font-size: 14pt;\">Stowarzyszenie Mi\u0142osierdzia wsp\u00f3\u0142pracuje ze Stowarzyszeniem \u015bw. Brata Alberta, kt\u00f3re prowadzi \u015bwietlic\u0119 \u201ePrzysta\u0144\u201d dla dzieci z rozmaitymi trudno\u015bciami.<\/span><\/p>\n<p><span style=\"font-family: arial, helvetica, sans-serif; font-size: 14pt;\">Ch\u0119tnych do pomocy \u015bw. Wincentemu w niesieniu ubogim (\u201enaszym panom\u201d, jak ich nazywa\u0142 \u015bw. Wincenty) wsparcia prosimy o kontakt z ks. proboszczem.<\/span><\/p>\n<\/div>\n","protected":false},"excerpt":{"rendered":"<p>Prosimy o wsparcie finansowe Ubogich, kt\u00f3rymi opiekuje si\u0119 nasze stowarzyszenie poprzez przekazanie 1,5% podatku na: Stowarzyszenie Mi\u0142osierdzia \u015bw. Wincentego a Paulo 95-200 Pabianice, ul. Zamkowa 39 KRS 0000175353 z dopiskiem w rubryce Cel szczeg\u00f3\u0142owy:&#46;&#46;&#46;<\/p>\n","protected":false},"author":1,"featured_media":0,"parent":0,"menu_order":0,"comment_status":"closed","ping_status":"closed","template":"","meta":{"jetpack_post_was_ever_published":false,"footnotes":""},"class_list":["post-849","page","type-page","status-publish","hentry"],"jetpack_sharing_enabled":true,"jetpack_shortlink":"https:\/\/wp.me\/PakDx7-dH","_links":{"self":[{"href":"https:\/\/pabianice.misjonarze.pl\/index.php?rest_route=\/wp\/v2\/pages\/849","targetHints":{"allow":["GET"]}}],"collection":[{"href":"https:\/\/pabianice.misjonarze.pl\/index.php?rest_route=\/wp\/v2\/pages"}],"about":[{"href":"https:\/\/pabianice.misjonarze.pl\/index.php?rest_route=\/wp\/v2\/types\/page"}],"author":[{"embeddable":true,"href":"https:\/\/pabianice.misjonarze.pl\/index.php?rest_route=\/wp\/v2\/users\/1"}],"replies":[{"embeddable":true,"href":"https:\/\/pabianice.misjonarze.pl\/index.php?rest_route=%2Fwp%2Fv2%2Fcomments&post=849"}],"version-history":[{"count":9,"href":"https:\/\/pabianice.misjonarze.pl\/index.php?rest_route=\/wp\/v2\/pages\/849\/revisions"}],"predecessor-version":[{"id":7886,"href":"https:\/\/pabianice.misjonarze.pl\/index.php?rest_route=\/wp\/v2\/pages\/849\/revisions\/7886"}],"wp:attachment":[{"href":"https:\/\/pabianice.misjonarze.pl\/index.php?rest_route=%2Fwp%2Fv2%2Fmedia&parent=849"}],"curies":[{"name":"wp","href":"https:\/\/api.w.org\/{rel}","templated":true}]}}