{"id":830,"date":"2018-10-04T14:56:36","date_gmt":"2018-10-04T14:56:36","guid":{"rendered":"http:\/\/pabianice.misjonarze.pl\/?page_id=830"},"modified":"2018-10-04T14:56:36","modified_gmt":"2018-10-04T14:56:36","slug":"nie-jestes-bogiem","status":"publish","type":"page","link":"https:\/\/pabianice.misjonarze.pl\/?page_id=830","title":{"rendered":"Nie jeste\u015b Bogiem&#8230;"},"content":{"rendered":"<p><strong>Gdyby ka\u017cdy po osiemnastce, czy dajmy na to po maturze, mia\u0142 podpisa\u0107 takie zobowi\u0105zanie \u2013 \u017ce jest \u015bwiadom wszystkiego, czym mo\u017ce mu grozi\u0107 dalsze, doros\u0142e \u017cycie \u2013 to kto by si\u0119 na to zdecydowa\u0142?<\/strong><\/p>\n<p>fragment ksi\u0105\u017cki \u201eB\u00f3g da\u0142 mi kopa w\u00a0g\u00f3r\u0119\u201d, wywiadu z\u00a0mam\u0105 Ja\u015bka Meli<\/p>\n<p>&nbsp;<\/p>\n<div id=\"attachment_831\" style=\"width: 310px\" class=\"wp-caption alignright\"><img data-recalc-dims=\"1\" loading=\"lazy\" decoding=\"async\" aria-describedby=\"caption-attachment-831\" class=\"wp-image-831 size-medium\" src=\"https:\/\/i0.wp.com\/pabianice.misjonarze.pl\/wp-content\/uploads\/urszula-mela-300x169.jpeg?resize=300%2C169\" alt=\"\" width=\"300\" height=\"169\" srcset=\"https:\/\/i0.wp.com\/pabianice.misjonarze.pl\/wp-content\/uploads\/urszula-mela.jpeg?resize=300%2C169&amp;ssl=1 300w, https:\/\/i0.wp.com\/pabianice.misjonarze.pl\/wp-content\/uploads\/urszula-mela.jpeg?resize=150%2C84&amp;ssl=1 150w, https:\/\/i0.wp.com\/pabianice.misjonarze.pl\/wp-content\/uploads\/urszula-mela.jpeg?resize=768%2C432&amp;ssl=1 768w, https:\/\/i0.wp.com\/pabianice.misjonarze.pl\/wp-content\/uploads\/urszula-mela.jpeg?resize=1024%2C576&amp;ssl=1 1024w, https:\/\/i0.wp.com\/pabianice.misjonarze.pl\/wp-content\/uploads\/urszula-mela.jpeg?resize=725%2C408&amp;ssl=1 725w, https:\/\/i0.wp.com\/pabianice.misjonarze.pl\/wp-content\/uploads\/urszula-mela.jpeg?w=1920&amp;ssl=1 1920w\" sizes=\"auto, (max-width: 300px) 100vw, 300px\" \/><p id=\"caption-attachment-831\" class=\"wp-caption-text\">Urszula Mela, mama Janka Meli<\/p><\/div>\n<p><strong>Powiedzia\u0142a\u015b kiedy\u015b: warto sobie odpu\u015bci\u0107, \u017ce\u00a0nie jest si\u0119 Bogiem.<\/strong><\/p>\n<p>Ksi\u0105dz Jacek Dziel, kt\u00f3ry\u00a0organizowa\u0142 wspomniane obchody w\u00a0Markowicach, wszystko musia\u0142 ogarn\u0105\u0107 i\u00a0wszystkiego przypilnowa\u0107, przez co dostawa\u0142 \u015bwira \u2013 zwierzy\u0142 si\u0119 z\u00a0tego w\u00a0rozmowie z\u00a0jakim\u015b znajomym, chyba te\u017c duchownym. A\u00a0on na\u00a0to: \u201eUspok\u00f3j si\u0119, Jacek, to, co najwa\u017cniejsze, ju\u017c si\u0119 wydarzy\u0142o\u201d. I\u00a0to jest to.<\/p>\n<p>&nbsp;<\/p>\n<p><strong>Podejrzewam, \u017ce\u00a0ta \u015bwiadomo\u015b\u0107 pomaga r\u00f3wnie\u017c w\u00a0twojej pracy psychologa: obowi\u0105zuje ci\u0119 jaka\u015b odpowiedzialno\u015b\u0107 za\u00a0drugiego cz\u0142owieka, ale\u00a0nie d\u017awigasz brzemienia w\u00a0postaci przekonania, \u017ce\u00a0oto jeste\u015b pani\u0105 czyjego\u015b \u017cycia.<\/strong><\/p>\n<p>Oczywi\u015bcie wa\u017cne jest, \u017ceby\u00a0si\u0119 stara\u0107, dawa\u0107 z\u00a0siebie wszystko. Staram si\u0119 jednak zachowa\u0107 proporcje. Mam \u015bwiadomo\u015b\u0107, \u017ce\u00a0nigdy nie wiem wszystkiego o\u00a0\u017cyciu cz\u0142owieka, kt\u00f3ry\u00a0do mnie przychodzi, o\u00a0r\u00f3\u017cnych okoliczno\u015bciach, i\u00a0w\u00a0wielu sprawach mog\u0119 si\u0119 myli\u0107. Gdybym\u00a0nios\u0142a w\u00a0sobie przymus, \u017ce\u00a0musz\u0119 absolutnie wszystko przewidzie\u0107, odkry\u0107 i\u00a0zanalizowa\u0107, to\u00a0na zdrowy rozum nie powinnam w\u00a0og\u00f3le i\u015b\u0107 do\u00a0pracy. Bo wszechwiedza jest niemo\u017cliwa do\u00a0osi\u0105gni\u0119cia. Zawsze pozostaje ryzyko, \u017ce\u00a0pope\u0142ni\u0119 b\u0142\u0105d i\u00a0niechc\u0105cy kogo\u015b skrzywdz\u0119. My\u015bl\u0119, \u017ce\u00a0decyzja na\u00a0\u017cycie, zgoda na\u00a0\u017cycie jest te\u017c zgod\u0105 na\u00a0to, \u017ce\u00a0\u2013 cho\u0107 nie chc\u0119 \u2013 b\u0119d\u0119 innych krzywdzi\u0107. To\u00a0jest dopiero trudne! Strasznie trudne jest na\u00a0przyk\u0142ad patrze\u0107 na\u00a0w\u0142asne dzieci i\u00a0widzie\u0107, jak ponosz\u0105 konsekwencje moich\u00a0b\u0142\u0119d\u00f3w, bo czego\u015b nie potrafi\u0142am im da\u0107, nauczy\u0107.<\/p>\n<p>&nbsp;<\/p>\n<p><strong>Co ci\u0119 ratuje w\u00a0takich chwilach?<\/strong><\/p>\n<p>Tylko wiara. Przekonanie, \u017ce\u00a0B\u00f3g to\u00a0wszystko widzi i\u00a0jak dla mnie ma przygotowan\u0105 dobr\u0105 \u015bcie\u017ck\u0119, tak dla nich r\u00f3wnie\u017c. Widzi, co si\u0119 dzieje, opiekuje si\u0119 nimi, potrafi wype\u0142ni\u0107 luki, jakie pozostawi\u0142am. (\u2026)<\/p>\n<p>&nbsp;<\/p>\n<p><strong>Ciekawego sformu\u0142owania u\u017cy\u0142a\u015b \u2013 \u201ezgoda na\u00a0\u017cycie\u201d. To\u00a0zgoda na\u00a0przyj\u0119cie tego, co przyjdzie?<\/strong><\/p>\n<p>Jest taka historia, kt\u00f3ra\u00a0dotyczy pierwszej wyprawy Ja\u015bka na\u00a0biegun. Po\u00a0p\u00f3\u0142tora roku przygotowa\u0144 wszystko widzieli\u015bmy w\u00a0jasnych barwach: Jasiek by\u0142 w\u00a0dobrej kondycji, pojawiali si\u0119 ludzie ch\u0119tni do\u00a0pomocy, og\u00f3lnie zapowiada\u0142o si\u0119 super. Przyszed\u0142 moment, gdy\u00a0z\u00a0fundacji Marka Kami\u0144skiego przys\u0142ano papiery, kt\u00f3re musieli\u015bmy z\u00a0m\u0119\u017cem podpisa\u0107 \u2013 zgod\u0119 na\u00a0udzia\u0142 syna w\u00a0wyprawie. Wydawa\u0142o si\u0119 nam oczywiste, \u017ce\u00a0podpiszemy, czysta formalno\u015b\u0107. Wzi\u0119\u0142am dokument i\u00a0czytam: \u201e\u2026przyjmuj\u0105c do\u00a0wiadomo\u015bci, \u017ce\u00a0opr\u00f3cz zwyk\u0142ych niebezpiecze\u0144stw mo\u017ce go spotka\u0107: utoni\u0119cie, zamarzni\u0119cie, atak bia\u0142ego nied\u017awiedzia\u2026\u201d \u2013 i\u00a0dalej w\u00a0ten dese\u0144, nie pami\u0119tam, co tam jeszcze by\u0142o. My\u015bl\u0119: rany, co ze\u00a0mnie za\u00a0matka? Wysy\u0142a\u0107 dziecko w\u00a0tak\u0105 groz\u0119, i\u00a0to dziecko, kt\u00f3re tyle przesz\u0142o! To\u00a0by\u0142 straszny moment.<\/p>\n<p>Zacz\u0119\u0142am si\u0119 zastanawia\u0107 i\u00a0dosz\u0142am do\u00a0tego, \u017ce\u00a0przede wszystkim nie wysy\u0142am Ja\u015bka, tylko wyra\u017cam zgod\u0119 \u2013 to\u00a0on chce i\u015b\u0107. Pytanie jest zatem inne: czy znajd\u0119 wystarczaj\u0105cy argument, \u017ceby\u00a0mu zabroni\u0107? I\u00a0jak mia\u0142by brzmie\u0107 ten argument? \u201eBo to\u00a0niebezpieczne\u201d. Wiecznie si\u0119 potykamy o\u00a0kwesti\u0119 bezpiecze\u0144stwa.<\/p>\n<p>&nbsp;<\/p>\n<p>Z\u00a0dalszych rozmy\u015bla\u0144 wysz\u0142a mi konkluzja, \u017ce\u00a0to nie ca\u0142kiem od\u00a0nied\u017awiedzia zale\u017cy, czy ze\u017cre Ja\u015bka, czy nie ze\u017cre; nad\u00a0nim jest jeszcze Pan B\u00f3g, kt\u00f3ry\u00a0mo\u017ce go na\u00a0Ja\u015bkowej drodze postawi\u0107 albo nie. A\u00a0skoro B\u00f3g wyrwa\u0142 Ja\u015bka z\u00a0tego transformatora \u2013 gdzie powinien by\u0142 umrze\u0107, bo ludzie normalnie nie prze\u017cywaj\u0105 takich pora\u017ce\u0144 \u2013 to\u00a0znaczy, \u017ce\u00a0go chroni i\u00a0chce go gdzie\u015b dalej poprowadzi\u0107.<\/p>\n<p>Pomy\u015bla\u0142am te\u017c sobie: gdyby\u00a0ka\u017cdy po\u00a0osiemnastce, czy dajmy na\u00a0to po\u00a0maturze, mia\u0142 podpisa\u0107 takie zobowi\u0105zanie \u2013 \u017ce\u00a0jest \u015bwiadom wszystkiego, czym mo\u017ce mu grozi\u0107 dalsze, doros\u0142e \u017cycie \u2013 to\u00a0kto by\u00a0si\u0119 na\u00a0to zdecydowa\u0142? \u201eJa, ni\u017cej podpisany, decyduj\u0119 si\u0119 na\u00a0\u017cycie, z\u00a0ca\u0142\u0105 \u015bwiadomo\u015bci\u0105, \u017ce\u00a0mo\u017ce mnie spotka\u0107: \u015bmier\u0107 bliskiej osoby, moja \u015bmiertelna choroba, czyja\u015b \u015bmiertelna choroba, zdrada, rozw\u00f3d, trzecia wojna \u015bwiatowa, pow\u00f3d\u017a, po\u017car, trz\u0119sienie ziemi\u2026\u201d \u2013 podpisa\u0142aby\u015b lekk\u0105 r\u0119k\u0105? Nie, zaraz wystara\u0142aby\u015b si\u0119 o\u00a0aneks: \u201ePod warunkiem, \u017ce\u2026\u201d, \u201eNie \u017cycz\u0119 sobie\u2026\u201d i\u00a0tak dalej. Taka nasza natura, \u017ce\u00a0unikamy trudno\u015bci, chcemy, \u017ceby\u00a0by\u0142o tylko dobrze. (\u2026)<\/p>\n<p>&nbsp;<\/p>\n<p><strong>Jak wiemy, w\u00a0ko\u0144cu t\u0119 zgod\u0119 podpisali\u015bcie. A\u00a0gdy Jasiek rusza\u0142, czy spotkali\u015bcie si\u0119 z\u00a0opiniami os\u00f3b postronnych, co to\u00a0za wyrodni rodzice \u2013 posy\u0142a\u0107 na\u00a0biegun niepe\u0142nosprawne dziecko? Uznano ci\u0119 za\u00a0matk\u0119 wariatk\u0119?<\/strong><\/p>\n<p>Oczywi\u015bcie, \u017ce\u00a0tak. Najwi\u0119cej czytali\u015bmy o\u00a0sobie na\u00a0forach internetowych. Wtedy jeszcze je czytali\u015bmy. R\u00f3\u017cne opinie si\u0119 pojawia\u0142y. \u017be trzeba nas poda\u0107 do\u00a0s\u0105du, odebra\u0107 prawa rodzicielskie\u2026 Os\u0105dzano nas bardzo ostro. (\u2026) \u017be jeste\u015bmy nieodpowiedzialni i\u00a0post\u0119pujemy tak, jak nie wolno. I\u00a0to by\u0142o dla mnie bardzo trudne. (\u2026)<\/p>\n<p>Ja w\u00a0dzieci\u0144stwie mia\u0142am chyba z\u00a0sze\u015b\u0107 razy rozbit\u0105 g\u0142ow\u0119, a\u00a0rodzice bynajmniej mnie nie zaniedbywali.<\/p>\n<p>Obci\u0105\u017canie rodzic\u00f3w odpowiedzialno\u015bci\u0105 za\u00a0wszystko, co si\u0119 przydarza dzieciom, jest bardzo podst\u0119pne \u2013 na\u00a0wiele sposob\u00f3w rozwala rodzin\u0119. Ca\u0142y czas zadajesz sobie pytanie: rodzicu, rodzicu, gdzie jest twoje\u00a0dziecko? Czy wiesz, co teraz robi? I\u00a0\u0142atwo wpa\u015b\u0107 w\u00a0p\u0119tl\u0119, kt\u00f3ra\u00a0ka\u017ce non stop pilnowa\u0107, wietrzy\u0107 niebezpiecze\u0144stwa. Niby to\u00a0wygl\u0105da racjonalnie, odpowiedzialnie. Ale\u00a0odwr\u00f3\u0107 i\u00a0popatrz z\u00a0drugiej strony: czy siedzenie 24 godziny na\u00a0dob\u0119 przy w\u0142asnym dziecku jest mo\u017cliwe? Zw\u0142aszcza je\u015bli masz wi\u0119cej ni\u017c jedno? I\u00a0jeszcze, nie daj Bo\u017ce, musisz co\u015b zarabia\u0107, czyli pracowa\u0107?<\/p>\n<p>&nbsp;<\/p>\n<p><strong>Musisz te\u017c czasem spa\u0107\u2026<\/strong><\/p>\n<p>O\u00a0tym ju\u017c nie wspomn\u0119.<\/p>\n<p>L\u0119k rodzic\u00f3w jest te\u017c jedn\u0105 z\u00a0rzeczy, kt\u00f3re najbardziej niszcz\u0105 dziecko. Dlatego uwa\u017cam, \u017ce\u00a0doro\u015bli maj\u0105 zakichany obowi\u0105zek pracowa\u0107 nad\u00a0swoim l\u0119kiem. Nie wolno czyni\u0107 w\u0142asnego l\u0119ku panem, bo to\u00a0przynosi \u015bmier\u0107. Wiesz, jak niemowlak uczy si\u0119 granic? Na\u00a0pewno nieraz widzia\u0142a\u015b tak\u0105 scenk\u0119: gdy\u00a0dziecko zaczyna raczkowa\u0107, zdarza si\u0119, \u017ce\u00a0wpe\u0142\u017anie g\u0142ow\u0105 w\u00a0\u015bcian\u0119. Oczywi\u015bcie rozp\u0142acze si\u0119. Je\u015bli go nie ruszysz, pop\u0142acze, przestanie i\u00a0odpe\u0142znie od\u00a0tej \u015bciany. Ale\u00a0potem co zrobi? Wejdzie na\u00a0ni\u0105 drugi raz. Bo chce i\u015b\u0107 w\u00a0t\u0119 stron\u0119, a\u00a0jeszcze nie wie, \u017ce\u00a0\u015bciana si\u0119 sama nie odsunie.<\/p>\n<p>Za\u00a0trzecim, czwartym razem zacznie to\u00a0pojmowa\u0107 i\u00a0odpu\u015bci sobie. Ale\u00a0\u017ceby si\u0119 tego nauczy\u0107, musi najpierw sprawdzi\u0107 do\u015bwiadczalnie. Natura tak to\u00a0m\u0105drze wymy\u015bli\u0142a, \u017ce\u00a0raczkuj\u0105ce dziecko nie ma takiej mocy ani p\u0119du, \u017ceby\u00a0zrobi\u0107 sobie wi\u0119ksz\u0105 krzywd\u0119. Porusza si\u0119 na\u00a0tyle wolno, \u017ce\u00a0najwy\u017cej lekko si\u0119 stuknie. Je\u017celi jednak przestraszony rodzic, widz\u0105c dziecko pe\u0142zn\u0105ce na\u00a0\u015bcian\u0119, natychmiast je zabierze, to\u00a0maluch si\u0119 niczego nie nauczy. I\u00a0za kt\u00f3rym\u015b razem w\u00a0przysz\u0142o\u015bci, gdy\u00a0wyj\u0105tkowo rodzic go nie upilnuje, walnie g\u0142ow\u0105 w\u00a0\u015bcian\u0119 z\u00a0ca\u0142ej si\u0142y \u2013 a\u00a0b\u0119dzie ju\u017c wi\u0119kszy, silniejszy, szybszy \u2013 i\u00a0wtedy dopiero zrobi sobie prawdziw\u0105 krzywd\u0119.<\/p>\n<p>&nbsp;<\/p>\n<p>&nbsp;<\/p>\n<p style=\"text-align: right;\">Stacja7.pl<\/p>\n","protected":false},"excerpt":{"rendered":"<p>Gdyby ka\u017cdy po osiemnastce, czy dajmy na to po maturze, mia\u0142 podpisa\u0107 takie zobowi\u0105zanie \u2013 \u017ce jest \u015bwiadom wszystkiego, czym mo\u017ce mu grozi\u0107 dalsze, doros\u0142e \u017cycie \u2013 to kto by si\u0119 na to zdecydowa\u0142?&#46;&#46;&#46;<\/p>\n","protected":false},"author":1,"featured_media":0,"parent":0,"menu_order":0,"comment_status":"closed","ping_status":"closed","template":"","meta":{"footnotes":""},"class_list":["post-830","page","type-page","status-publish","hentry"],"jetpack_sharing_enabled":true,"jetpack_shortlink":"https:\/\/wp.me\/PakDx7-do","_links":{"self":[{"href":"https:\/\/pabianice.misjonarze.pl\/index.php?rest_route=\/wp\/v2\/pages\/830","targetHints":{"allow":["GET"]}}],"collection":[{"href":"https:\/\/pabianice.misjonarze.pl\/index.php?rest_route=\/wp\/v2\/pages"}],"about":[{"href":"https:\/\/pabianice.misjonarze.pl\/index.php?rest_route=\/wp\/v2\/types\/page"}],"author":[{"embeddable":true,"href":"https:\/\/pabianice.misjonarze.pl\/index.php?rest_route=\/wp\/v2\/users\/1"}],"replies":[{"embeddable":true,"href":"https:\/\/pabianice.misjonarze.pl\/index.php?rest_route=%2Fwp%2Fv2%2Fcomments&post=830"}],"version-history":[{"count":1,"href":"https:\/\/pabianice.misjonarze.pl\/index.php?rest_route=\/wp\/v2\/pages\/830\/revisions"}],"predecessor-version":[{"id":832,"href":"https:\/\/pabianice.misjonarze.pl\/index.php?rest_route=\/wp\/v2\/pages\/830\/revisions\/832"}],"wp:attachment":[{"href":"https:\/\/pabianice.misjonarze.pl\/index.php?rest_route=%2Fwp%2Fv2%2Fmedia&parent=830"}],"curies":[{"name":"wp","href":"https:\/\/api.w.org\/{rel}","templated":true}]}}