{"id":813,"date":"2018-10-04T12:40:47","date_gmt":"2018-10-04T12:40:47","guid":{"rendered":"http:\/\/pabianice.misjonarze.pl\/?page_id=813"},"modified":"2018-10-04T12:40:47","modified_gmt":"2018-10-04T12:40:47","slug":"o-wodzie-swieconej","status":"publish","type":"page","link":"https:\/\/pabianice.misjonarze.pl\/?page_id=813","title":{"rendered":"O wodzie \u015bwi\u0119conej"},"content":{"rendered":"<p><strong>Przy wej\u015bciu do ko\u015bcio\u0142a czynimy znak krzy\u017ca wod\u0105 \u015bwi\u0119con\u0105, Podczas wizyty duszpasterskiej ksi\u0105dz, po modlitwie b\u0142ogos\u0142awie\u0144stwa, kropi mieszkanie wod\u0105 \u015bwi\u0119con\u0105. \u015awi\u0119ci si\u0119 pokarmy na Wielkanoc, przedmioty kultu religijnego, na wsi &#8211; s\u0105sieki, w kt\u00f3rych uk\u0142ada si\u0119 zbo\u017ce zwo\u017cone po \u017cniwach&#8230; Czym si\u0119 r\u00f3\u017cni ta woda od zwyk\u0142ej wody? Jak w\u0142a\u015bciwie postrzega\u0107 obrz\u0119d pokropienia wod\u0105 \u015bwi\u0119con\u0105, aby nie by\u0142 on rozumiany magicznie?&#8230;<\/strong><\/p>\n<p><img data-recalc-dims=\"1\" loading=\"lazy\" decoding=\"async\" class=\"size-medium wp-image-814 alignright\" src=\"https:\/\/i0.wp.com\/pabianice.misjonarze.pl\/wp-content\/uploads\/woda-swiecona-300x199.jpg?resize=300%2C199\" alt=\"\" width=\"300\" height=\"199\" srcset=\"https:\/\/i0.wp.com\/pabianice.misjonarze.pl\/wp-content\/uploads\/woda-swiecona.jpg?resize=300%2C199&amp;ssl=1 300w, https:\/\/i0.wp.com\/pabianice.misjonarze.pl\/wp-content\/uploads\/woda-swiecona.jpg?resize=150%2C99&amp;ssl=1 150w, https:\/\/i0.wp.com\/pabianice.misjonarze.pl\/wp-content\/uploads\/woda-swiecona.jpg?w=677&amp;ssl=1 677w\" sizes=\"auto, (max-width: 300px) 100vw, 300px\" \/>Na pocz\u0105tek sprostowanie: \u201ewoda \u015bwi\u0119cona\u201d to popularna nazwa wody pob\u0142ogos\u0142awionej przez kap\u0142ana, kt\u00f3ra u\u017cywana jest w obrz\u0119dach b\u0142ogos\u0142awie\u0144stw i po\u015bwi\u0119ce\u0144. Nie ma ona mocy sama w sobie, nie wi\u0105\u017ce si\u0119 te\u017c z ni\u0105 \u017cadne magiczne znaczenie, cho\u0107 jej przeznaczenie domaga si\u0119 z ludzkiej strony nale\u017cytego szacunku.<\/p>\n<p>Jedna z modlitw b\u0142ogos\u0142awie\u0144stwa wody ma nast\u0119puj\u0105c\u0105 tre\u015b\u0107: \u201e Panie, Ojcze \u015awi\u0119ty, Tw\u00f3j Syn nas odkupi\u0142, a przez chrzest obdarzy\u0142 nowym \u017cyciem z wody i Ducha \u015awi\u0119tego. Wejrzyj na nas i spraw, aby\u015bmy pokrzepieni t\u0105 wod\u0105, odnowili si\u0119 na duchu i ciele i s\u0142u\u017cyli Tobie czystym sercem. Przez Chrystusa Pana naszego.\u201d Jak podaje Ceremonia\u0142 B\u0142ogos\u0142awie\u0144stw, po tej modlitwie celebrans mo\u017ce doda\u0107, kropi\u0105c zebranych pob\u0142ogos\u0142awion\u0105 wod\u0105, s\u0142owa: \u201eNiech ta woda przypomni nam przyj\u0119ty chrzest i nasz\u0105 przynale\u017cno\u015b\u0107 do Chrystusa, kt\u00f3ry nas odkupi\u0142 przez swoj\u0105 M\u0119k\u0119 i Zmartwychwstanie\u201d.<\/p>\n<p>Warto si\u0119 na chwil\u0119 zatrzyma\u0107 na tej formule, poniewa\u017c wyja\u015bnia ona i przybli\u017ca w znacz\u0105cy spos\u00f3b sens tego obrz\u0119du: jest to przypomnienie momentu przyj\u0119cia chrztu \u015bwi\u0119tego i zobowi\u0105za\u0144 ze\u0144 p\u0142yn\u0105cych. W sakramencie chrztu \u015bwi\u0119tego chrze\u015bcijanin niejako zostaje zanurzony w \u015bmierci, na spos\u00f3b mistyczny umiera z Chrystusem, dokonuje si\u0119 w nim obmycie z grzechu pierworodnego \u2013 i razem z Nim zmartwychwstaje jako nowy cz\u0142owiek. Jest to moment kluczowy i tak wa\u017cny, \u017ce wszystko, co dzieje si\u0119 potem, przez ca\u0142e \u017cycie, ma by\u0107 jedynie trosk\u0105, aby ten wyb\u00f3r umocni\u0107, rozwin\u0105\u0107 i wydoskonali\u0107.<\/p>\n<p>Ca\u0142a rzeczywisto\u015b\u0107, potencja\u0142, jaki w cz\u0142owieku jest ukryty, ma temu s\u0142u\u017cy\u0107. Tak\u017ce \u015bwiat materii, kt\u00f3rym cz\u0142owiek ma si\u0119 rozumnie pos\u0142ugiwa\u0107. Te dwa aspekty: odnowienie ducha i przypomnienie sobie przynale\u017cno\u015b\u0107 do Chrystusa zawarte s\u0105 w ka\u017cdym obrz\u0119dzie b\u0142ogos\u0142awie\u0144stwa. Woda, ze wzgl\u0119du na swoj\u0105 naturaln\u0105 symbolik\u0119 (\u017cycie, oczyszczenie, obmycie), przenosi w sobie te znaczenia i je sakralizuje, podnosi na wy\u017cszy poziom istnienia \u2013 poprzez bezpo\u015brednie odniesienie do Stw\u00f3rcy. Jej pob\u0142ogos\u0142awienie, a wi\u0119c wy\u0142\u0105czenie z codziennego, powszechnego u\u017cytku i oddanie na w\u0142asno\u015b\u0107 Bogu, ten wymiar jeszcze bardziej precyzuje. Niesie to w sobie kolejne wa\u017cne znaczenie. Przez to, \u017ce staje si\u0119 ona szczeg\u00f3lnym znakiem obecno\u015bci Boga, chroni dom, osob\u0119 przed dzia\u0142aniem z\u0142ego ducha \u2013 jest zewn\u0119trznym wyznaniem wiary i widzialnym opowiedzeniem si\u0119 za Nim, a odrzuceniem szatana. Ma zatem wa\u017cn\u0105 rol\u0119 egzorcyzmuj\u0105c\u0105 \u2013 oczywi\u015bcie w po\u0142\u0105czeniu z wiar\u0105 i modlitw\u0105.<\/p>\n<p>Ko\u015bci\u00f3\u0142 b\u0142ogos\u0142awi rzeczy: mieszkanie, przedmioty, pokarmy itp., ale w\u0142a\u015bciwym adresatem b\u0142ogos\u0142awie\u0144stwa jest zawsze cz\u0142owiek. Przedmioty maj\u0105 jedynie pom\u00f3c, \u201epo\u015bredniczy\u0107\u201d w osobowym spotkaniu Bosko \u2013 ludzkim. Nie nabieraj\u0105 jakiej\u015b szczeg\u00f3lnej mocy, same w sobie nie mog\u0105 pom\u00f3c w procesie zbawienia, ale s\u0105 wa\u017cne o tyle, o ile towarzyszy im wiara w moc i dzia\u0142anie Bo\u017ce. Takie pojmowanie obrz\u0119du pokropienia wod\u0105 \u015bwi\u0119con\u0105 jest to wa\u017cne, bo chroni przed magicznym traktowaniem pob\u0142ogos\u0142awionych rzeczy, patrzeniem na nie jak swego rodzaju amulety, czy talizmany.<\/p>\n<div>\n<p>Ks. Pawe\u0142 Siedlanowski<\/p><\/div>\n","protected":false},"excerpt":{"rendered":"<p>Przy wej\u015bciu do ko\u015bcio\u0142a czynimy znak krzy\u017ca wod\u0105 \u015bwi\u0119con\u0105, Podczas wizyty duszpasterskiej ksi\u0105dz, po modlitwie b\u0142ogos\u0142awie\u0144stwa, kropi mieszkanie wod\u0105 \u015bwi\u0119con\u0105. \u015awi\u0119ci si\u0119 pokarmy na Wielkanoc, przedmioty kultu religijnego, na wsi &#8211; s\u0105sieki, w kt\u00f3rych&#46;&#46;&#46;<\/p>\n","protected":false},"author":1,"featured_media":0,"parent":0,"menu_order":0,"comment_status":"closed","ping_status":"closed","template":"","meta":{"jetpack_post_was_ever_published":false,"footnotes":""},"class_list":["post-813","page","type-page","status-publish","hentry"],"jetpack_sharing_enabled":true,"jetpack_shortlink":"https:\/\/wp.me\/PakDx7-d7","_links":{"self":[{"href":"https:\/\/pabianice.misjonarze.pl\/index.php?rest_route=\/wp\/v2\/pages\/813","targetHints":{"allow":["GET"]}}],"collection":[{"href":"https:\/\/pabianice.misjonarze.pl\/index.php?rest_route=\/wp\/v2\/pages"}],"about":[{"href":"https:\/\/pabianice.misjonarze.pl\/index.php?rest_route=\/wp\/v2\/types\/page"}],"author":[{"embeddable":true,"href":"https:\/\/pabianice.misjonarze.pl\/index.php?rest_route=\/wp\/v2\/users\/1"}],"replies":[{"embeddable":true,"href":"https:\/\/pabianice.misjonarze.pl\/index.php?rest_route=%2Fwp%2Fv2%2Fcomments&post=813"}],"version-history":[{"count":1,"href":"https:\/\/pabianice.misjonarze.pl\/index.php?rest_route=\/wp\/v2\/pages\/813\/revisions"}],"predecessor-version":[{"id":815,"href":"https:\/\/pabianice.misjonarze.pl\/index.php?rest_route=\/wp\/v2\/pages\/813\/revisions\/815"}],"wp:attachment":[{"href":"https:\/\/pabianice.misjonarze.pl\/index.php?rest_route=%2Fwp%2Fv2%2Fmedia&parent=813"}],"curies":[{"name":"wp","href":"https:\/\/api.w.org\/{rel}","templated":true}]}}