{"id":729,"date":"2018-10-02T08:29:33","date_gmt":"2018-10-02T08:29:33","guid":{"rendered":"http:\/\/pabianice.misjonarze.pl\/?page_id=729"},"modified":"2021-03-06T18:17:07","modified_gmt":"2021-03-06T16:17:07","slug":"5-pierwszych-sobot-miesiaca","status":"publish","type":"page","link":"https:\/\/pabianice.misjonarze.pl\/?page_id=729","title":{"rendered":"5 pierwszych sob\u00f3t miesi\u0105ca"},"content":{"rendered":"<p style=\"text-align: center;\" align=\"JUSTIFY\"><img data-recalc-dims=\"1\" loading=\"lazy\" decoding=\"async\" class=\"aligncenter wp-image-2424 size-full\" src=\"https:\/\/i0.wp.com\/pabianice.misjonarze.pl\/wp-content\/uploads\/5-sob%C3%B3t.jpg?resize=512%2C384&#038;ssl=1\" alt=\"\" width=\"512\" height=\"384\" srcset=\"https:\/\/i0.wp.com\/pabianice.misjonarze.pl\/wp-content\/uploads\/5-sob%C3%B3t.jpg?w=512&amp;ssl=1 512w, https:\/\/i0.wp.com\/pabianice.misjonarze.pl\/wp-content\/uploads\/5-sob%C3%B3t.jpg?resize=300%2C225&amp;ssl=1 300w, https:\/\/i0.wp.com\/pabianice.misjonarze.pl\/wp-content\/uploads\/5-sob%C3%B3t.jpg?resize=150%2C113&amp;ssl=1 150w\" sizes=\"auto, (max-width: 512px) 100vw, 512px\" \/><\/p>\n<p align=\"JUSTIFY\"><span style=\"font-family: arial, helvetica, sans-serif; font-size: 14pt;\"><strong>Istot\u0105 tego nabo\u017ce\u0144stwa jest wynagrodzenie za grzechy pope\u0142nione przeciwko Niepokalanemu Sercu Naj\u015bwi\u0119tszej Maryi Panny. Obra\u017caj\u0105 one Boga i Jej Niepokalane Serce, s\u0105 pogard\u0105 wobec Bo\u017cej mi\u0142o\u015bci oraz powodem piekielnych m\u0105k ludzi, za kt\u00f3rych umar\u0142 Jej Syn. Pragnie Ona ocali\u0107 jak najwi\u0119cej os\u00f3b, dlatego przychodzi, aby ostrzec przed konsekwencjami grzechu, aby ocali\u0107 grzesznik\u00f3w od piek\u0142a, aby sk\u0142oni\u0107 ich do nawr\u00f3cenia. Maryja chce naszego zaanga\u017cowania w t\u0119 misj\u0119.<\/strong><\/span><\/p>\n<p align=\"JUSTIFY\"><span style=\"font-family: arial, helvetica, sans-serif; font-size: 14pt;\">S\u0142owa Jezusa do s. \u0141ucji:<strong><em><span style=\"color: #ff0000;\"> &#8222;Jest pi\u0119\u0107 rodzaj\u00f3w obelg i blu\u017anierstw wypowiadanych przeciwko Niepokalanemu Sercu Maryi.\u00a0 Pierwsze &#8211; blu\u017anierstwa przeciw Niepokalanemu Pocz\u0119ciu.\u00a0 Drugie &#8211; przeciwko Jej Dziewictwu.\u00a0 Trzecie &#8211; przeciwko Bo\u017cemu Macierzy\u0144stwu, kiedy jednocze\u015bnie uznaje si\u0119 J\u0105 wy\u0142\u0105cznie jako Matk\u0119 cz\u0142owieka.\u00a0 Czwarte &#8211; blu\u017anierstwa tych, kt\u00f3rzy staraj\u0105 si\u0119 otwarcie zaszczepi\u0107 w sercach dzieci oboj\u0119tno\u015b\u0107, wzgard\u0119, a nawet nienawi\u015b\u0107 do tej Niepokalanej Matki.\u00a0 Pi\u0105te &#8211; blu\u017anierstwa tych, kt\u00f3rzy ur\u0105gaj\u0105 Jej bezpo\u015brednio w Jej \u015bwi\u0119tych wizerunkach.\u00a0 Oto, droga c\u00f3rko, motyw, kt\u00f3ry kaza\u0142 Niepokalanemu Sercu Maryi prosi\u0107 Mnie o ten ma\u0142y akt wynagrodzenia.\u00a0 A poza wzgl\u0119dem dla Niej chcia\u0142em poruszy\u0107 Moje mi\u0142osierdzie, aby przebaczy\u0142o tym duszom, kt\u00f3re mia\u0142y nieszcz\u0119\u015bcie J\u0105 obrazi\u0107.\u00a0 Co do ciebie, zabiegaj nieustannie swymi modlitwami i ofiarami, aby poruszy\u0107 Mnie do okazania tym biednym duszom mi\u0142osierdzia.&#8221;<\/span><\/em><\/strong><\/span><\/p>\n<p align=\"JUSTIFY\"><span style=\"font-family: arial, helvetica, sans-serif; font-size: 14pt;\"><img data-recalc-dims=\"1\" loading=\"lazy\" decoding=\"async\" class=\"size-medium wp-image-730 alignleft\" src=\"https:\/\/i0.wp.com\/pabianice.misjonarze.pl\/wp-content\/uploads\/i-soboty-225x300.png?resize=225%2C300\" alt=\"\" width=\"225\" height=\"300\" srcset=\"https:\/\/i0.wp.com\/pabianice.misjonarze.pl\/wp-content\/uploads\/i-soboty.png?resize=225%2C300&amp;ssl=1 225w, https:\/\/i0.wp.com\/pabianice.misjonarze.pl\/wp-content\/uploads\/i-soboty.png?resize=113%2C150&amp;ssl=1 113w, https:\/\/i0.wp.com\/pabianice.misjonarze.pl\/wp-content\/uploads\/i-soboty.png?w=300&amp;ssl=1 300w\" sizes=\"auto, (max-width: 225px) 100vw, 225px\" \/><\/span><\/p>\n<p align=\"JUSTIFY\"><span style=\"font-family: arial, helvetica, sans-serif; font-size: 14pt;\">Nabo\u017ce\u0144stwo pierwszych sob\u00f3t miesi\u0105ca to forma pomocy grzesznikom, zaproponowana przez Jezusa za po\u015brednictwem Maryi. Przez to nabo\u017ce\u0144stwo mo\u017cemy przeprasza\u0107 Boga i wynagradza\u0107 za grzechy obra\u017caj\u0105ce Niepokalane Serce Maryi, a gdy b\u0119dziemy t\u0119 modlitw\u0119 praktykowa\u0107, tak\u017ce w naszych sercach wzro\u015bnie mi\u0142o\u015b\u0107 ku Bogu i bli\u017anim.<\/span><\/p>\n<p align=\"JUSTIFY\"><span style=\"font-family: arial, helvetica, sans-serif; font-size: 14pt;\">Cztery warunki nabo\u017ce\u0144stwa pi\u0119ciu pierwszych sob\u00f3t miesi\u0105ca:<\/span><\/p>\n<p align=\"JUSTIFY\"><span style=\"font-family: arial, helvetica, sans-serif; font-size: 14pt;\">Naj\u015bwi\u0119tsza Panna i Jezus ukazali si\u0119 siostrze \u0141ucji dnia 10 grudnia 1925 r., aby opisa\u0107 nabo\u017ce\u0144stwo wynagradzaj\u0105ce grzechy pope\u0142nione przeciw Niepokalanemu Sercu Maryi. W jego ramach powinni\u015bmy:<\/span><\/p>\n<p align=\"JUSTIFY\"><span style=\"font-family: arial, helvetica, sans-serif; font-size: 14pt;\">1. W pierwsze soboty miesi\u0105ca przyst\u0105pi\u0107 do spowiedzi z intencj\u0105 wynagrodzenia za grzechy pope\u0142nione przeciw Niepokalanemu Sercu Maryi. Mo\u017cna tak\u017ce skorzysta\u0107 z sakramentu pojednania wcze\u015bniej (np. w pierwszy pi\u0105tek), oby w tym dniu by\u0107 w stanie \u0142aski u\u015bwi\u0119caj\u0105cej, bez grzechu ci\u0119\u017ckiego.\u00a0 Do spowiedzi nale\u017cy przyst\u0105pi\u0107 z intencj\u0105 zado\u015b\u0107uczynienia za zniewagi pod adresem Naj\u015bwi\u0119tszej Maryi Panny, kt\u00f3r\u0105 mo\u017cna wzbudzi\u0107 np. w czasie przygotowywania si\u0119 do tego sakramentu.<\/span><\/p>\n<p align=\"JUSTIFY\"><span style=\"font-family: arial, helvetica, sans-serif; font-size: 14pt;\">2. Przyjmowa\u0107 Komuni\u0119 \u015bw. przez pi\u0119\u0107 pierwszych sob\u00f3t miesi\u0105ca w powy\u017cszej intencji.<\/span><\/p>\n<p align=\"JUSTIFY\"><span style=\"font-family: arial, helvetica, sans-serif; font-size: 14pt;\">3. Odm\u00f3wi\u0107 pi\u0119\u0107 tajemnic r\u00f3\u017ca\u0144cowych.<\/span><\/p>\n<p align=\"JUSTIFY\"><span style=\"font-family: arial, helvetica, sans-serif; font-size: 14pt;\">4. Przez pi\u0119tna\u015bcie minut rozwa\u017ca\u0107 tajemnice r\u00f3\u017ca\u0144cowe ofiaruj\u0105c t\u0119 medytacj\u0119 w wymienionej intencji (bardzo pomocne w rozwa\u017caniu jest czasopismo <a href=\"http:\/\/www.rozaniec.eu\/\">\u201eR\u00f3\u017caniec\u201d<\/a>)<\/span><\/p>\n<p align=\"JUSTIFY\"><span style=\"font-family: arial, helvetica, sans-serif; font-size: 14pt;\">Niezb\u0119dnym warunkiem dobrego odprawienia nabo\u017ce\u0144stwa jest nastawienie, z jakim te praktyki wype\u0142niamy, co Jezus podkre\u015bli\u0142 w objawieniu 15 lutego 1926 r.:<\/span><\/p>\n<p align=\"JUSTIFY\"><span style=\"color: #ff0000; font-family: arial, helvetica, sans-serif; font-size: 14pt;\"><strong><em>\u201eTo jest prawda, moja c\u00f3rko, \u017ce wiele dusz zaczyna, lecz ma\u0142o kto ko\u0144czy i ci, kt\u00f3rzy ko\u0144cz\u0105, maj\u0105 za cel otrzyma\u0107 przyrzeczone \u0142aski. Ja jednak wol\u0119, \u017ceby odprawiali pi\u0119\u0107 pierwszych sob\u00f3t miesi\u0105ca w celu wynagrodzenia Niepokalanemu Sercu mojej Matki Niebieskiej, ni\u017c \u017ceby odprawia\u0107 pi\u0119tna\u015bcie bezdusznie i z oboj\u0119tno\u015bci\u0105.\u201d<\/em><\/strong><\/span><\/p>\n<p align=\"JUSTIFY\"><span style=\"font-family: arial, helvetica, sans-serif; font-size: 14pt;\">Nabo\u017ce\u0144stwo pierwszosobotnie mo\u017cna r\u00f3wnie\u017c odprawia\u0107 w niedziele, je\u015bli kto\u015b nie jest w stanie spe\u0142ni\u0107 wszystkich warunk\u00f3w w sobot\u0119.\u00a0 Istotna jest intencja wynagradzaj\u0105ca.\u00a0 Maryja powiedzia\u0142a do s. \u0141ucji: <span style=\"color: #ff0000;\"><strong><em>&#8222;Duszom, kt\u00f3re w ten spos\u00f3b staraj\u0105 si\u0119 mi wynagrodzi\u0107, obiecuj\u0119 towarzyszy\u0107 w godzinie \u015bmierci z wszystkimi \u0142askami potrzebnymi do zbawienia.&#8221;<\/em><\/strong><\/span><\/span><\/p>\n<p style=\"text-align: center;\" align=\"JUSTIFY\"><strong>wi\u0119cej na stronie <a href=\"http:\/\/www.sekretariatfatimski.pl\">www.sekretariatfatimski.pl<\/a><\/strong><\/p>\n","protected":false},"excerpt":{"rendered":"<p>Istot\u0105 tego nabo\u017ce\u0144stwa jest wynagrodzenie za grzechy pope\u0142nione przeciwko Niepokalanemu Sercu Naj\u015bwi\u0119tszej Maryi Panny. Obra\u017caj\u0105 one Boga i Jej Niepokalane Serce, s\u0105 pogard\u0105 wobec Bo\u017cej mi\u0142o\u015bci oraz powodem piekielnych m\u0105k ludzi, za kt\u00f3rych umar\u0142&#46;&#46;&#46;<\/p>\n","protected":false},"author":1,"featured_media":0,"parent":0,"menu_order":0,"comment_status":"closed","ping_status":"closed","template":"","meta":{"jetpack_post_was_ever_published":false,"footnotes":""},"class_list":["post-729","page","type-page","status-publish","hentry"],"jetpack_sharing_enabled":true,"jetpack_shortlink":"https:\/\/wp.me\/PakDx7-bL","_links":{"self":[{"href":"https:\/\/pabianice.misjonarze.pl\/index.php?rest_route=\/wp\/v2\/pages\/729","targetHints":{"allow":["GET"]}}],"collection":[{"href":"https:\/\/pabianice.misjonarze.pl\/index.php?rest_route=\/wp\/v2\/pages"}],"about":[{"href":"https:\/\/pabianice.misjonarze.pl\/index.php?rest_route=\/wp\/v2\/types\/page"}],"author":[{"embeddable":true,"href":"https:\/\/pabianice.misjonarze.pl\/index.php?rest_route=\/wp\/v2\/users\/1"}],"replies":[{"embeddable":true,"href":"https:\/\/pabianice.misjonarze.pl\/index.php?rest_route=%2Fwp%2Fv2%2Fcomments&post=729"}],"version-history":[{"count":7,"href":"https:\/\/pabianice.misjonarze.pl\/index.php?rest_route=\/wp\/v2\/pages\/729\/revisions"}],"predecessor-version":[{"id":4187,"href":"https:\/\/pabianice.misjonarze.pl\/index.php?rest_route=\/wp\/v2\/pages\/729\/revisions\/4187"}],"wp:attachment":[{"href":"https:\/\/pabianice.misjonarze.pl\/index.php?rest_route=%2Fwp%2Fv2%2Fmedia&parent=729"}],"curies":[{"name":"wp","href":"https:\/\/api.w.org\/{rel}","templated":true}]}}