{"id":686,"date":"2018-09-30T19:43:38","date_gmt":"2018-09-30T19:43:38","guid":{"rendered":"http:\/\/pabianice.misjonarze.pl\/?page_id=686"},"modified":"2023-03-25T08:03:41","modified_gmt":"2023-03-25T07:03:41","slug":"duchowa-adopcja-2","status":"publish","type":"page","link":"https:\/\/pabianice.misjonarze.pl\/?page_id=686","title":{"rendered":"Duchowa adopcja dziecka pocz\u0119tego"},"content":{"rendered":"<p><img data-recalc-dims=\"1\" loading=\"lazy\" decoding=\"async\" class=\"size-medium wp-image-687 alignleft\" src=\"https:\/\/i0.wp.com\/pabianice.misjonarze.pl\/wp-content\/uploads\/2018\/09\/duchowa-adopcja-300x225.jpg?resize=300%2C225\" alt=\"\" width=\"300\" height=\"225\" srcset=\"https:\/\/i0.wp.com\/pabianice.misjonarze.pl\/wp-content\/uploads\/2018\/09\/duchowa-adopcja.jpg?resize=300%2C225&amp;ssl=1 300w, https:\/\/i0.wp.com\/pabianice.misjonarze.pl\/wp-content\/uploads\/2018\/09\/duchowa-adopcja.jpg?resize=768%2C576&amp;ssl=1 768w, https:\/\/i0.wp.com\/pabianice.misjonarze.pl\/wp-content\/uploads\/2018\/09\/duchowa-adopcja.jpg?resize=1024%2C768&amp;ssl=1 1024w, https:\/\/i0.wp.com\/pabianice.misjonarze.pl\/wp-content\/uploads\/2018\/09\/duchowa-adopcja.jpg?resize=725%2C544&amp;ssl=1 725w, https:\/\/i0.wp.com\/pabianice.misjonarze.pl\/wp-content\/uploads\/2018\/09\/duchowa-adopcja.jpg?w=1600&amp;ssl=1 1600w\" sizes=\"auto, (max-width: 300px) 100vw, 300px\" \/><\/p>\n<p style=\"text-align: justify;\"><span style=\"font-family: arial, helvetica, sans-serif; font-size: 14pt;\">Duchowa adopcja powsta\u0142a po objawieniach w Fatimie, staj\u0105c si\u0119 odpowiedzi\u0105 na wezwanie Matki Bo\u017cej do modlitwy r\u00f3\u017ca\u0144cowej, pokuty i zado\u015b\u0107uczynienia za grzechy, kt\u00f3re najbardziej rani\u0105 Jej Niepokalane Serce. Pierwszy o\u015brodek adopcji duchowej w Polsce powsta\u0142 przy ko\u015bciele Ojc\u00f3w Paulin\u00f3w w Warszawie.<\/span><\/p>\n<p style=\"text-align: justify;\"><span style=\"font-family: arial, helvetica, sans-serif; font-size: 14pt;\">Duchowa adopcja jest to modlitwa w intencji dziecka zagro\u017conego zabiciem w \u0142onie matki i jego rodzic\u00f3w. Trwa dziewi\u0119\u0107 miesi\u0119cy i polega na codziennym odmawianiu jednej tajemnicy r\u00f3\u017ca\u0144cowej oraz specjalnej modlitwy w intencji dziecka oraz rodzic\u00f3w.<\/span><\/p>\n<p style=\"text-align: justify;\"><span style=\"font-family: arial, helvetica, sans-serif; font-size: 14pt;\">Je\u015bli zapomnia\u0142o si\u0119 o modlitwie przez kilka dni, adopcj\u0119 o ten czas nale\u017cy przed\u0142u\u017cy\u0107. Je\u015bli nie odmawiali\u015bmy modlitw przez czas d\u0142u\u017cszy (np. tydzie\u0144) \u2013 konieczne jest ponowienie duchowej adopcji.<\/span><\/p>\n<p style=\"text-align: justify;\"><span style=\"font-family: arial, helvetica, sans-serif; font-size: 14pt;\">Do tych modlitw mo\u017cna do\u0142\u0105czy\u0107 dowolnie wybrane postanowienia, kt\u00f3re nie s\u0105 jednak obowi\u0105zkowe. Te postanowienia to np.: cz\u0119sta spowied\u017a i Komunia \u015aw., adoracja Naj\u015bwi\u0119tszego Sakramentu, czytanie Pisma \u015aw., post o chlebie i wodzie, walka z na\u0142ogami, pomoc potrzebuj\u0105cym, dodatkowe modlitwy itp. Nie nale\u017cy przedsi\u0119bra\u0107 postanowie\u0144, kt\u00f3rych realizacja mo\u017ce okaza\u0107 si\u0119 nierealna. Duchow\u0105 adopcj\u0119 mo\u017ce podejmowa\u0107 ka\u017cdy z wyj\u0105tkiem dzieci, kt\u00f3re mog\u0105 to czyni\u0107 tylko pod opiek\u0105 i kierunkiem rodzic\u00f3w.<\/span><\/p>\n<p style=\"text-align: justify;\"><span style=\"font-family: arial, helvetica, sans-serif; font-size: 14pt;\">W powy\u017cszy spos\u00f3b mo\u017cna adoptowa\u0107 tylko jedno dziecko ka\u017cdorazowo. Nie wiemy kim jest adoptowane przez nas dziecko, cho\u0107 w Niebie z pewno\u015bci\u0105 je poznamy. Teraz to jednak B\u00f3g wybiera p\u0142e\u0107, ras\u0119, narodowo\u015b\u0107 dziecka maj\u0105c z pewno\u015bci\u0105 na uwadze to, ile modlitwy potrzebne jest konkretnemu dziecku i nasze \u2013 w tym wzgl\u0119dzie \u2013 mo\u017cliwo\u015bci i ch\u0119ci. Po zdecydowaniu si\u0119 na duchow\u0105 adopcj\u0119 nale\u017cy z\u0142o\u017cy\u0107 prywatne przyrzeczenie. Powinno si\u0119 tego dokona\u0107 przed wizerunkiem Ukrzy\u017cowanego lub Matki Naj\u015bwi\u0119tszej.<\/span><\/p>\n<p style=\"text-align: justify;\"><span style=\"text-decoration: underline;\"><span style=\"font-family: arial, helvetica, sans-serif; font-size: 14pt;\">Tre\u015b\u0107 przyrzeczenia:<\/span><\/span><\/p>\n<p style=\"text-align: justify;\"><em><span style=\"font-family: arial, helvetica, sans-serif; font-size: 14pt;\">\u201eWys\u0142awiam Ci\u0119, Ojcze, Panie nieba i ziemi,<\/span><\/em><br \/>\n<em><span style=\"font-family: arial, helvetica, sans-serif; font-size: 14pt;\">\u017ce zakry\u0142e\u015b te rzeczy przed m\u0105drymi i roztropnymi,<\/span><\/em><br \/>\n<em><span style=\"font-family: arial, helvetica, sans-serif; font-size: 14pt;\">a objawi\u0142e\u015b je prostaczkom.<\/span><\/em><br \/>\n<em><span style=\"font-family: arial, helvetica, sans-serif; font-size: 14pt;\">Tak, Ojcze, gdy\u017c takie by\u0142o Twoje upodobanie\u201d.<\/span><\/em><br \/>\n<em><span style=\"font-family: arial, helvetica, sans-serif; font-size: 14pt;\">\u201eNaj\u015bwi\u0119tsza Panno, Bogarodzico Maryjo,<\/span><\/em><br \/>\n<em><span style=\"font-family: arial, helvetica, sans-serif; font-size: 14pt;\">wszyscy Anio\u0142owie i \u015awi\u0119ci.<\/span><\/em><br \/>\n<em><span style=\"font-family: arial, helvetica, sans-serif; font-size: 14pt;\">Wiedziony\/a pragnieniem niesienia pomocy w obronie<\/span><\/em><br \/>\n<em><span style=\"font-family: arial, helvetica, sans-serif; font-size: 14pt;\">nienarodzonych, ja (N.N.), postanawiam mocno i przyrzekam,<\/span><\/em><br \/>\n<em><span style=\"font-family: arial, helvetica, sans-serif; font-size: 14pt;\">ze od dnia (\u2026) bior\u0119 w Duchow\u0105 Adopcj\u0119 jedno dziecko,<\/span><\/em><br \/>\n<em><span style=\"font-family: arial, helvetica, sans-serif; font-size: 14pt;\">kt\u00f3rego imi\u0119 jedynie Bogu jest wiadome,<\/span><\/em><br \/>\n<em><span style=\"font-family: arial, helvetica, sans-serif; font-size: 14pt;\">aby przez dziewi\u0119\u0107 miesi\u0119cy, ka\u017cdego dnia, modli\u0107 si\u0119<\/span><\/em><br \/>\n<em><span style=\"font-family: arial, helvetica, sans-serif; font-size: 14pt;\">o uratowanie jego \u017cycia<\/span><\/em><br \/>\n<em><span style=\"font-family: arial, helvetica, sans-serif; font-size: 14pt;\">oraz o sprawiedliwe i prawe \u017cycie po urodzeniu.<\/span><\/em><\/p>\n<p style=\"text-align: justify;\"><em><span style=\"font-family: arial, helvetica, sans-serif; font-size: 14pt;\">Tymi modlitwami b\u0119d\u0105:<\/span><\/em><br \/>\n<em><span style=\"font-family: arial, helvetica, sans-serif; font-size: 14pt;\">\u2013 jedna tajemnica R\u00f3\u017ca\u0144ca;<\/span><\/em><br \/>\n<em><span style=\"font-family: arial, helvetica, sans-serif; font-size: 14pt;\">\u2013 modlitwa, kt\u00f3ra dzi\u015b po raz pierwszy odm\u00f3wi\u0119;<\/span><\/em><br \/>\n<em><span style=\"font-family: arial, helvetica, sans-serif; font-size: 14pt;\">\u2013 ewentualne dobrowolne postanowienie(a):<\/span><\/em><\/p>\n<p style=\"text-align: justify;\"><em><span style=\"font-family: arial, helvetica, sans-serif; font-size: 14pt;\">\u2026\u2026\u2026\u2026\u2026\u2026\u2026\u2026\u2026\u2026\u2026\u201d<\/span><\/em><\/p>\n<p style=\"text-align: justify;\"><span style=\"text-decoration: underline;\"><span style=\"font-family: arial, helvetica, sans-serif; font-size: 14pt;\">Modlitwa codzienna:<\/span><\/span><\/p>\n<p style=\"text-align: justify;\"><em><span style=\"font-family: arial, helvetica, sans-serif; font-size: 14pt;\">Panie Jezu, za wstawiennictwem Twojej Matki Maryi, kt\u00f3ra urodzi\u0142a Ci\u0119 z mi\u0142o\u015bci\u0105 oraz za wstawiennictwem \u015bw. J\u00f3zefa, cz\u0142owieka zawierzenia, kt\u00f3ry opiekowa\u0142 si\u0119 Tob\u0105 po urodzeniu, prosz\u0119 Ci\u0119 w intencji tego nienarodzonego dziecka, kt\u00f3re duchowo adoptowa\u0142em\/am, a kt\u00f3re znajduje si\u0119 w niebezpiecze\u0144stwie zag\u0142ady. Prosz\u0119, daj jego rodzicom mi\u0142o\u015b\u0107 i odwag\u0119, aby swoje dziecko pozostawili przy \u017cyciu, kt\u00f3re Ty sam mu przeznaczy\u0142e\u015b. Amen.<\/span><\/em><\/p>\n<p style=\"text-align: justify;\"><em><span style=\"font-family: arial, helvetica, sans-serif; font-size: 14pt;\">Po wype\u0142nieniu tych postanowie\u0144, po dziewi\u0119ciu miesi\u0105cach, mo\u017cemy mie\u0107 pewno\u015b\u0107, \u017ce przyczynili\u015bmy si\u0119 do uratowania jednego, konkretnego cz\u0142owieka.<\/span><\/em><\/p>\n<p style=\"text-align: justify;\">Wi\u0119cej na <a href=\"https:\/\/www.duchowa-adopcja.pl\/\" target=\"_blank\" rel=\"noopener\">https:\/\/www.duchowa-adopcja.pl<\/a><\/p>\n<p style=\"text-align: justify;\">Dla podejmuj\u0105cych dzie\u0142o Duchowej Adopcji jest dost\u0119pna aplikacja na urz\u0105dzenia mobilne o nazwie <a href=\"https:\/\/www.adoptujzycie.pl\/\" target=\"_blank\" rel=\"noopener\">Adoptuj \u017bycie<\/a>.<\/p>\n<p style=\"text-align: justify;\">Centralny O\u015brodek Krzewienia Duchowej Adopcji \u2013 Jasna G\u00f3ra<\/p>\n<p style=\"text-align: justify;\">ul. Ks. A. Kordeckiego 2<br \/>\n42 \u2013 225 Cz\u0119stochowa<\/p>\n<p style=\"text-align: justify;\">\n","protected":false},"excerpt":{"rendered":"<p>Duchowa adopcja powsta\u0142a po objawieniach w Fatimie, staj\u0105c si\u0119 odpowiedzi\u0105 na wezwanie Matki Bo\u017cej do modlitwy r\u00f3\u017ca\u0144cowej, pokuty i zado\u015b\u0107uczynienia za grzechy, kt\u00f3re najbardziej rani\u0105 Jej Niepokalane Serce. Pierwszy o\u015brodek adopcji duchowej w Polsce&#46;&#46;&#46;<\/p>\n","protected":false},"author":1,"featured_media":0,"parent":0,"menu_order":0,"comment_status":"closed","ping_status":"closed","template":"","meta":{"jetpack_post_was_ever_published":false,"footnotes":""},"class_list":["post-686","page","type-page","status-publish","hentry"],"jetpack_sharing_enabled":true,"jetpack_shortlink":"https:\/\/wp.me\/PakDx7-b4","_links":{"self":[{"href":"https:\/\/pabianice.misjonarze.pl\/index.php?rest_route=\/wp\/v2\/pages\/686","targetHints":{"allow":["GET"]}}],"collection":[{"href":"https:\/\/pabianice.misjonarze.pl\/index.php?rest_route=\/wp\/v2\/pages"}],"about":[{"href":"https:\/\/pabianice.misjonarze.pl\/index.php?rest_route=\/wp\/v2\/types\/page"}],"author":[{"embeddable":true,"href":"https:\/\/pabianice.misjonarze.pl\/index.php?rest_route=\/wp\/v2\/users\/1"}],"replies":[{"embeddable":true,"href":"https:\/\/pabianice.misjonarze.pl\/index.php?rest_route=%2Fwp%2Fv2%2Fcomments&post=686"}],"version-history":[{"count":9,"href":"https:\/\/pabianice.misjonarze.pl\/index.php?rest_route=\/wp\/v2\/pages\/686\/revisions"}],"predecessor-version":[{"id":7143,"href":"https:\/\/pabianice.misjonarze.pl\/index.php?rest_route=\/wp\/v2\/pages\/686\/revisions\/7143"}],"wp:attachment":[{"href":"https:\/\/pabianice.misjonarze.pl\/index.php?rest_route=%2Fwp%2Fv2%2Fmedia&parent=686"}],"curies":[{"name":"wp","href":"https:\/\/api.w.org\/{rel}","templated":true}]}}