{"id":629,"date":"2018-09-30T15:58:25","date_gmt":"2018-09-30T15:58:25","guid":{"rendered":"http:\/\/pabianice.misjonarze.pl\/?page_id=629"},"modified":"2021-05-12T12:04:05","modified_gmt":"2021-05-12T10:04:05","slug":"kontakt","status":"publish","type":"page","link":"https:\/\/pabianice.misjonarze.pl\/?page_id=629","title":{"rendered":"Kontakt"},"content":{"rendered":"<p><span style=\"font-family: arial, helvetica, sans-serif; font-size: 14pt;\">Z parafi\u0105 Naj\u015bwi\u0119tszej Maryi Panny R\u00f3\u017ca\u0144cowej w Pabianicach mo\u017cna skontaktowa\u0107 si\u0119 poprzez:<\/span><\/p>\n<ul>\n<li><span style=\"font-family: arial, helvetica, sans-serif; font-size: 14pt;\">Telefon (+48) 42\/ 215 28 23<\/span><\/li>\n<li><span style=\"font-family: arial, helvetica, sans-serif; font-size: 14pt;\">Poczt\u0105 tradycyjn\u0105:\u00a0\u00a0<\/span><\/li>\n<\/ul>\n<p><em><span style=\"font-family: arial, helvetica, sans-serif; font-size: 14pt;\">Parafia NMP R\u00f3\u017ca\u0144cowej<\/span><\/em><br \/>\n<em><span style=\"font-family: arial, helvetica, sans-serif; font-size: 14pt;\">ul. Zamkowa 39<\/span><\/em><br \/>\n<em><span style=\"font-family: arial, helvetica, sans-serif; font-size: 14pt;\">95-200 Pabianice<\/span><\/em><\/p>\n<ul>\n<li><span style=\"font-family: arial, helvetica, sans-serif; font-size: 14pt;\">W sprawach kancelaryjnych, duszpasterskich itp. poczt\u0105 elektroniczn\u0105 <a href=\"mailto:duszpasterstwo@misjonarze.pl\">duszpasterstwo[at]misjonarze.pl<\/a><\/span><\/li>\n<li><span style=\"font-family: arial, helvetica, sans-serif; font-size: 14pt;\">W sprawach administracyjnych <a href=\"mailto:pabianice@misjonarze.pl\">pabianice[at]misjonarze.pl<\/a><\/span><\/li>\n<\/ul>\n<div><\/div>\n<div style=\"text-align: justify;\"><span style=\"font-family: arial, helvetica, sans-serif; font-size: 14pt;\">W celu uzyskania aktu chrztu (lub innego dokumentu) osoby zamieszka\u0142ej z dala od Pabianic, prosimy o wys\u0142anie poczt\u0105 elektroniczn\u0105 lub tradycyjn\u0105 wniosku o wydanie dokumentu z podaniem danych, tj. imienia i nazwiska, daty urodzenia oraz rok chrztu, oraz adresu, pod kt\u00f3ry ma by\u0107 wys\u0142any dokument. Wniosek pisemny powinien by\u0107 opatrzony w\u0142asnor\u0119cznym, czytelnym podpisem.\u00a0 <\/span><\/div>\n<div style=\"text-align: justify;\"><span style=\"font-family: arial, helvetica, sans-serif; font-size: 14pt;\">Prosimy te\u017c o udost\u0119pnienie w li\u015bcie numeru swojego telefonu w celu ew. kontaktu (np. dla uzupe\u0142niania danych).\u00a0 <\/span><\/div>\n<div><\/div>\n<div style=\"text-align: justify;\"><span style=\"font-family: arial, helvetica, sans-serif; font-size: 14pt;\">Wszystkie dane przetwarzamy zgodnie z RODO.<\/span><\/div>\n<div><\/div>\n<div><\/div>\n<div><span style=\"font-family: arial, helvetica, sans-serif; font-size: 14pt;\">Ewentualnie prosimy o wystawienie upowa\u017cnienia dla osoby, kt\u00f3ra zechcia\u0142by odebra\u0107 ww. dokument z czytelnym podpisem osoby, kt\u00f3ra ubiega si\u0119 o ten dokument,<\/span><\/div>\n<div><\/div>\n<div><\/div>\n<div>\n<div><em><span style=\"font-size: 14pt; font-family: arial, helvetica, sans-serif;\">Kancelaria parafialna<\/span><\/em><\/div>\n<div><em><span style=\"font-size: 14pt; font-family: arial, helvetica, sans-serif;\">Parafia NMP R\u00f3\u017ca\u0144cowej<\/span><\/em><\/div>\n<div><em><span style=\"font-size: 14pt; font-family: arial, helvetica, sans-serif;\">ul. Zamkowa 39<\/span><\/em><\/div>\n<div><em><span style=\"font-size: 14pt; font-family: arial, helvetica, sans-serif;\">95-200 Pabianice<\/span><\/em><\/div>\n<\/div>\n<p>&nbsp;<\/p>\n<p><span style=\"font-family: arial, helvetica, sans-serif; font-size: 14pt;\">Konto parafii: Bank Pekao SA 72 1240 3044 1111 0000 2958 0039<\/span><\/p>\n","protected":false},"excerpt":{"rendered":"<p>Z parafi\u0105 Naj\u015bwi\u0119tszej Maryi Panny R\u00f3\u017ca\u0144cowej w Pabianicach mo\u017cna skontaktowa\u0107 si\u0119 poprzez: Telefon (+48) 42\/ 215 28 23 Poczt\u0105 tradycyjn\u0105:\u00a0\u00a0 Parafia NMP R\u00f3\u017ca\u0144cowej ul. Zamkowa 39 95-200 Pabianice W sprawach kancelaryjnych, duszpasterskich itp. poczt\u0105&#46;&#46;&#46;<\/p>\n","protected":false},"author":1,"featured_media":0,"parent":0,"menu_order":0,"comment_status":"closed","ping_status":"closed","template":"","meta":{"jetpack_post_was_ever_published":false,"footnotes":""},"class_list":["post-629","page","type-page","status-publish","hentry"],"jetpack_sharing_enabled":true,"jetpack_shortlink":"https:\/\/wp.me\/PakDx7-a9","_links":{"self":[{"href":"https:\/\/pabianice.misjonarze.pl\/index.php?rest_route=\/wp\/v2\/pages\/629","targetHints":{"allow":["GET"]}}],"collection":[{"href":"https:\/\/pabianice.misjonarze.pl\/index.php?rest_route=\/wp\/v2\/pages"}],"about":[{"href":"https:\/\/pabianice.misjonarze.pl\/index.php?rest_route=\/wp\/v2\/types\/page"}],"author":[{"embeddable":true,"href":"https:\/\/pabianice.misjonarze.pl\/index.php?rest_route=\/wp\/v2\/users\/1"}],"replies":[{"embeddable":true,"href":"https:\/\/pabianice.misjonarze.pl\/index.php?rest_route=%2Fwp%2Fv2%2Fcomments&post=629"}],"version-history":[{"count":19,"href":"https:\/\/pabianice.misjonarze.pl\/index.php?rest_route=\/wp\/v2\/pages\/629\/revisions"}],"predecessor-version":[{"id":4597,"href":"https:\/\/pabianice.misjonarze.pl\/index.php?rest_route=\/wp\/v2\/pages\/629\/revisions\/4597"}],"wp:attachment":[{"href":"https:\/\/pabianice.misjonarze.pl\/index.php?rest_route=%2Fwp%2Fv2%2Fmedia&parent=629"}],"curies":[{"name":"wp","href":"https:\/\/api.w.org\/{rel}","templated":true}]}}