{"id":6021,"date":"2022-06-05T18:09:35","date_gmt":"2022-06-05T16:09:35","guid":{"rendered":"https:\/\/pabianice.misjonarze.pl\/?page_id=6021"},"modified":"2022-06-05T18:09:35","modified_gmt":"2022-06-05T16:09:35","slug":"i-komunia-swieta-8-05-2022","status":"publish","type":"page","link":"https:\/\/pabianice.misjonarze.pl\/?page_id=6021","title":{"rendered":"I Komunia \u015bwi\u0119ta 8.05 2022"},"content":{"rendered":"<p align=\"left\"><span style=\"color: #800000;\"><span style=\"font-family: arial, helvetica, sans-serif;\"><span style=\"font-size: large;\">I Komunia \u015bwi\u0119ta mia\u0142a miejsce w naszej parafii 8 maja 2022.\u00a0 Dzieci podzielone zosta\u0142y na trzy grupy. St\u0105d uroczysto\u015bci odby\u0142y si\u0119 na Mszach \u015bwi\u0119tych o godz. 9.30 (SP 5 i SP 15), o godz. 11.00 (<\/span><\/span><span style=\"font-size: 14pt;\">SP 1, SP w Bychlewie, SP 13, ZS oraz dzieci z innych szk\u00f3\u0142) <\/span><\/span><span style=\"color: #800000;\"><span style=\"font-family: arial, helvetica, sans-serif;\"><span style=\"font-size: large;\">i o godz. 12.30 (SP im. \u015bw. Wincentego a Paulo).<\/span><\/span><\/span><\/p>\n<p align=\"left\"><span style=\"color: #800000;\"><span style=\"font-family: arial, helvetica, sans-serif;\"><span style=\"font-size: large;\">Galeria zawiera zdj\u0119cia z wszystkich trzech Mszy.<\/span><\/span><\/span><\/p>\n<p align=\"left\"><code id=\"envira_shortcode_5966\"><\/code><\/p>\n","protected":false},"excerpt":{"rendered":"<p>I Komunia \u015bwi\u0119ta mia\u0142a miejsce w naszej parafii 8 maja 2022.\u00a0 Dzieci podzielone zosta\u0142y na trzy grupy. St\u0105d uroczysto\u015bci odby\u0142y si\u0119 na Mszach \u015bwi\u0119tych o godz. 9.30 (SP 5 i SP 15), o godz.&#46;&#46;&#46;<\/p>\n","protected":false},"author":1,"featured_media":0,"parent":0,"menu_order":0,"comment_status":"closed","ping_status":"closed","template":"","meta":{"footnotes":""},"class_list":["post-6021","page","type-page","status-publish","hentry"],"jetpack_sharing_enabled":true,"jetpack_shortlink":"https:\/\/wp.me\/PakDx7-1z7","_links":{"self":[{"href":"https:\/\/pabianice.misjonarze.pl\/index.php?rest_route=\/wp\/v2\/pages\/6021","targetHints":{"allow":["GET"]}}],"collection":[{"href":"https:\/\/pabianice.misjonarze.pl\/index.php?rest_route=\/wp\/v2\/pages"}],"about":[{"href":"https:\/\/pabianice.misjonarze.pl\/index.php?rest_route=\/wp\/v2\/types\/page"}],"author":[{"embeddable":true,"href":"https:\/\/pabianice.misjonarze.pl\/index.php?rest_route=\/wp\/v2\/users\/1"}],"replies":[{"embeddable":true,"href":"https:\/\/pabianice.misjonarze.pl\/index.php?rest_route=%2Fwp%2Fv2%2Fcomments&post=6021"}],"version-history":[{"count":1,"href":"https:\/\/pabianice.misjonarze.pl\/index.php?rest_route=\/wp\/v2\/pages\/6021\/revisions"}],"predecessor-version":[{"id":6022,"href":"https:\/\/pabianice.misjonarze.pl\/index.php?rest_route=\/wp\/v2\/pages\/6021\/revisions\/6022"}],"wp:attachment":[{"href":"https:\/\/pabianice.misjonarze.pl\/index.php?rest_route=%2Fwp%2Fv2%2Fmedia&parent=6021"}],"curies":[{"name":"wp","href":"https:\/\/api.w.org\/{rel}","templated":true}]}}