{"id":590,"date":"2018-09-30T15:48:10","date_gmt":"2018-09-30T15:48:10","guid":{"rendered":"http:\/\/pabianice.misjonarze.pl\/?page_id=590"},"modified":"2020-07-11T11:47:04","modified_gmt":"2020-07-11T09:47:04","slug":"sakrament-chorych","status":"publish","type":"page","link":"https:\/\/pabianice.misjonarze.pl\/?page_id=590","title":{"rendered":"Namaszczenie Chorych"},"content":{"rendered":"<h6><span style=\"font-family: arial, helvetica, sans-serif; font-size: 14pt; color: #ff0000;\">W sytuacjach nag\u0142ych kap\u0142an odwiedza chorego na zg\u0142oszenie skierowane do parafii.<\/span><\/h6>\n<h6><span style=\"color: #ff0000;\"><span style=\"font-family: arial, helvetica, sans-serif; font-size: 14pt;\">Chorych przebywaj\u0105cych w pabianickim szpitalu obs\u0142uguje ksi\u0105dz kapelan z parafii \u015bw. Maksymiliana Kolbego w Pabianicach. <\/span><span style=\"font-family: arial, helvetica, sans-serif; font-size: 14pt;\">tel. <span class=\"skype_c2c_print_container notranslate\">42\/215-89-99 i 514-191-832.<\/span><\/span><\/span><\/h6>\n<p>&nbsp;<\/p>\n<p style=\"text-align: justify;\"><span style=\"font-family: arial, helvetica, sans-serif; font-size: 14pt;\"><img data-recalc-dims=\"1\" loading=\"lazy\" decoding=\"async\" class=\"alignleft wp-image-2125 size-medium\" src=\"https:\/\/i0.wp.com\/pabianice.misjonarze.pl\/wp-content\/uploads\/sakrament-chorych-300x192.jpg?resize=300%2C192\" alt=\"\" width=\"300\" height=\"192\" srcset=\"https:\/\/i0.wp.com\/pabianice.misjonarze.pl\/wp-content\/uploads\/sakrament-chorych.jpg?resize=300%2C192&amp;ssl=1 300w, https:\/\/i0.wp.com\/pabianice.misjonarze.pl\/wp-content\/uploads\/sakrament-chorych.jpg?resize=150%2C96&amp;ssl=1 150w, https:\/\/i0.wp.com\/pabianice.misjonarze.pl\/wp-content\/uploads\/sakrament-chorych.jpg?w=624&amp;ssl=1 624w\" sizes=\"auto, (max-width: 300px) 100vw, 300px\" \/>Sakrament chorych ustanowiony zosta\u0142 przez Jezusa s\u0142owami: <em>Choruje kto\u015b w\u015br\u00f3d was? Niech sprowadzi kap\u0142an\u00f3w Ko\u015bcio\u0142a, by si\u0119 modlili nad nim i nama\u015bcili go olejem w imi\u0119 Pana.<span class=\"werset\">\u00a0<\/span>A modlitwa pe\u0142na wiary b\u0119dzie dla chorego ratunkiem i Pan go pod\u017awignie, a je\u015bliby pope\u0142ni\u0142 grzechy, b\u0119d\u0105 mu odpuszczone<\/em> (Jk 5, 14-15).<\/span><\/p>\n<p style=\"text-align: justify;\"><span style=\"font-family: arial, helvetica, sans-serif; font-size: 14pt;\">Formu\u0142a udzielania namaszczenia brzmi: <em>Przez to \u015bwi\u0119te namaszczenie niech Pan w swoim niesko\u0144czonym mi\u0142osierdziu wspomo\u017ce ciebie \u0142ask\u0105 Ducha \u015awi\u0119tego. Amen.\u00a0 Pan, kt\u00f3ry odpuszcza ci grzechy, niech cie wybawi i \u0142askawie pod\u017awignie. Amen.<\/em><\/span><\/p>\n<p style=\"text-align: justify;\"><span style=\"font-family: arial, helvetica, sans-serif; font-size: 14pt;\">Prosz\u0119 nie ba\u0107 si\u0119 wezwa\u0107 ksi\u0119dza do chorego.\u00a0 Dajmy Jezusowi i choremu szans\u0119.\u00a0 Niech Pan b\u0119dzie Cyrenejczykiem, kt\u00f3ry wraz z chorym poniesie krzy\u017c jego s\u0142abo\u015bci.<\/span><\/p>\n<p style=\"text-align: justify;\"><span style=\"font-family: arial, helvetica, sans-serif; font-size: 14pt;\">Ze s\u0142\u00f3w ustanowienia jasno wynika, \u017ce sakrament chorych ma by\u0107 dla chorego wzmocnieniem, a je\u015bli jest taka wola Bo\u017ca, to tak\u017ce uzdrowieniem nie tylko duszy, ale i cia\u0142a. Sakrament ten nies\u0142usznie nazywany jest ostatnim namaszczeniem.\u00a0 Wzi\u0119\u0142o si\u0119 to z tego, \u017ce cz\u0119sto wzywano kap\u0142ana do chorego w stanie agonalnym.\u00a0 Tymczasem sakramentu tego nale\u017cy udzieli\u0107 wszystkim, kt\u00f3rych dotkn\u0119\u0142a powa\u017cna choroba.\u00a0 Zaleca si\u0119 te\u017c, aby przyjmowa\u0142y ten sakrament osoby udaj\u0105ce si\u0119 na operacje.\u00a0 Tak\u017ce starszym zaleca si\u0119 przyjmowanie namaszczenia chorych raz w roku.<\/span><\/p>\n<p style=\"text-align: justify;\"><span style=\"font-family: arial, helvetica, sans-serif; font-size: 14pt;\">Prosz\u0119 nie ba\u0107 si\u0119 wezwa\u0107 ksi\u0119dza do chorego.\u00a0 Dajmy Jezusowi i choremu szans\u0119.\u00a0 Niech Pan b\u0119dzie Cyrenejczykiem, kt\u00f3ry wraz z chorym poniesie krzy\u017c jego s\u0142abo\u015bci.<\/span><\/p>\n","protected":false},"excerpt":{"rendered":"<p>W sytuacjach nag\u0142ych kap\u0142an odwiedza chorego na zg\u0142oszenie skierowane do parafii. Chorych przebywaj\u0105cych w pabianickim szpitalu obs\u0142uguje ksi\u0105dz kapelan z parafii \u015bw. Maksymiliana Kolbego w Pabianicach. tel. 42\/215-89-99 i 514-191-832. &nbsp; Sakrament chorych ustanowiony&#46;&#46;&#46;<\/p>\n","protected":false},"author":1,"featured_media":0,"parent":0,"menu_order":0,"comment_status":"closed","ping_status":"closed","template":"","meta":{"footnotes":""},"class_list":["post-590","page","type-page","status-publish","hentry"],"jetpack_sharing_enabled":true,"jetpack_shortlink":"https:\/\/wp.me\/PakDx7-9w","_links":{"self":[{"href":"https:\/\/pabianice.misjonarze.pl\/index.php?rest_route=\/wp\/v2\/pages\/590","targetHints":{"allow":["GET"]}}],"collection":[{"href":"https:\/\/pabianice.misjonarze.pl\/index.php?rest_route=\/wp\/v2\/pages"}],"about":[{"href":"https:\/\/pabianice.misjonarze.pl\/index.php?rest_route=\/wp\/v2\/types\/page"}],"author":[{"embeddable":true,"href":"https:\/\/pabianice.misjonarze.pl\/index.php?rest_route=\/wp\/v2\/users\/1"}],"replies":[{"embeddable":true,"href":"https:\/\/pabianice.misjonarze.pl\/index.php?rest_route=%2Fwp%2Fv2%2Fcomments&post=590"}],"version-history":[{"count":5,"href":"https:\/\/pabianice.misjonarze.pl\/index.php?rest_route=\/wp\/v2\/pages\/590\/revisions"}],"predecessor-version":[{"id":2977,"href":"https:\/\/pabianice.misjonarze.pl\/index.php?rest_route=\/wp\/v2\/pages\/590\/revisions\/2977"}],"wp:attachment":[{"href":"https:\/\/pabianice.misjonarze.pl\/index.php?rest_route=%2Fwp%2Fv2%2Fmedia&parent=590"}],"curies":[{"name":"wp","href":"https:\/\/api.w.org\/{rel}","templated":true}]}}