{"id":582,"date":"2018-09-30T15:46:06","date_gmt":"2018-09-30T15:46:06","guid":{"rendered":"http:\/\/pabianice.misjonarze.pl\/?page_id=582"},"modified":"2020-12-31T05:32:50","modified_gmt":"2020-12-31T03:32:50","slug":"chrzest","status":"publish","type":"page","link":"https:\/\/pabianice.misjonarze.pl\/?page_id=582","title":{"rendered":"Chrzest"},"content":{"rendered":"<p><img data-recalc-dims=\"1\" loading=\"lazy\" decoding=\"async\" class=\"size-medium wp-image-1040 alignleft\" src=\"https:\/\/i0.wp.com\/pabianice.misjonarze.pl\/wp-content\/uploads\/DSC_2135-300x200.jpg?resize=300%2C200\" alt=\"\" width=\"300\" height=\"200\" srcset=\"https:\/\/i0.wp.com\/pabianice.misjonarze.pl\/wp-content\/uploads\/DSC_2135.jpg?resize=300%2C200&amp;ssl=1 300w, https:\/\/i0.wp.com\/pabianice.misjonarze.pl\/wp-content\/uploads\/DSC_2135.jpg?resize=150%2C100&amp;ssl=1 150w, https:\/\/i0.wp.com\/pabianice.misjonarze.pl\/wp-content\/uploads\/DSC_2135.jpg?resize=768%2C512&amp;ssl=1 768w, https:\/\/i0.wp.com\/pabianice.misjonarze.pl\/wp-content\/uploads\/DSC_2135.jpg?resize=1024%2C683&amp;ssl=1 1024w, https:\/\/i0.wp.com\/pabianice.misjonarze.pl\/wp-content\/uploads\/DSC_2135.jpg?resize=725%2C483&amp;ssl=1 725w, https:\/\/i0.wp.com\/pabianice.misjonarze.pl\/wp-content\/uploads\/DSC_2135.jpg?w=2000&amp;ssl=1 2000w, https:\/\/i0.wp.com\/pabianice.misjonarze.pl\/wp-content\/uploads\/DSC_2135.jpg?w=3000&amp;ssl=1 3000w\" sizes=\"auto, (max-width: 300px) 100vw, 300px\" \/><span style=\"font-family: arial, helvetica, sans-serif; font-size: 18pt; color: #ff0000;\">Sakrament chrztu \u015bwi\u0119tego udzielany jest w pierwsz\u0105 i trzeci\u0105 niedziel\u0119 ka\u017cdego miesi\u0105ca na Mszy \u015awi\u0119tej o godz. 12.30.<\/span><\/p>\n<p style=\"text-align: justify;\"><span style=\"font-size: 14pt; color: #333399;\"><span style=\"font-family: arial, helvetica, sans-serif;\">Zapraszamy do kancelarii parafialnej 3-4 tygodnie wcze\u015bniej, aby zg\u0142osi\u0107 chrzest.\u00a0 Prosimy o przyniesienie ze sob\u0105 aktu urodzenia dziecka z Urz\u0119du Stanu Cywilnego oraz danych <a href=\"https:\/\/pabianice.misjonarze.pl\/?page_id=2916\">rodzic\u00f3w chrzestnych<\/a> (imi\u0119 i nazwisko, data urodzenia, wyznanie, adres <strong>zamieszkania<\/strong>), a tak\u017ce <\/span>za\u015bwiadczenie z parafii zamieszkania, \u017ce dana osoba mo\u017ce pe\u0142ni\u0107 funkcj\u0119 matki lub ojca chrzestnego.<\/span><\/p>\n<p style=\"text-align: justify;\"><span style=\"font-family: arial, helvetica, sans-serif; font-size: 14pt; color: #333399;\">Rodzicami chrzestnymi dziecka mog\u0105 by\u0107 tylko katolicy \u2013 osoby wierz\u0105ce oraz mog\u0105ce przyst\u0119powa\u0107 do sakrament\u00f3w. Rodzicami chrzestnymi nie mog\u0105 by\u0107 osoby, kt\u00f3re nie przyj\u0119\u0142y sakramentu bierzmowania oraz ci, kt\u00f3rzy \u017cyj\u0105 w zwi\u0105zkach niesakramentalnych.<\/span><\/p>\n<p style=\"text-align: justify;\"><span style=\"font-family: arial, helvetica, sans-serif; font-size: 14pt; color: #333399;\">Rodzice dziecka oraz chrzestni proszeni s\u0105 o wys\u0142uchanie nauki przed chrztem (w pi\u0105tek przed niedziel\u0105 chrzt\u00f3w o godzinie 19.00 w salce na plebanii).<\/span><\/p>\n<p><a href=\"http:\/\/pabianice.misjonarze.pl\/?page_id=2135\"><span style=\"font-family: arial, helvetica, sans-serif; font-size: 18pt;\">Mamo, tato, b\u0142ogos\u0142awisz swoje dziecko?<\/span><\/a><\/p>\n<p>&nbsp;<\/p>\n<div style=\"text-align: justify;\"><span style=\"font-size: 14pt; font-family: arial, helvetica, sans-serif;\">W celu uzyskania aktu chrztu osoby zamieszka\u0142ej z dala od Pabianic, prosimy o wys\u0142anie tradycyjn\u0105 poczt\u0105 na poni\u017cszy adres wniosku o wydanie aktu chrztu z podaniem danych (imi\u0119 i nazwisko, data urodzenia, rok chrztu) oraz powodu, dla kt\u00f3rego dokument ma by\u0107 wystawiony. \u00a0Wniosek powinien by\u0107 opatrzony w\u0142asnor\u0119cznym, czytelnym podpisem oraz zawiera\u0107 adres, pod kt\u00f3ry ma by\u0107 wys\u0142any dokument.\u00a0 Prosimy te\u017c o udost\u0119pnienie w li\u015bcie numeru swojego telefonu.<\/span><\/div>\n<div><span style=\"font-family: arial, helvetica, sans-serif; font-size: 14pt;\">Ewentualnie prosz\u0119 o wystawienie upowa\u017cnienia dla osoby, kt\u00f3ra zechcia\u0142by odebra\u0107 ww. dokument, tj. z numerem ID i podpisem osoby , kt\u00f3ra ubiega si\u0119 o ten dokument,<\/span><\/div>\n<div><\/div>\n<div>\n<div><\/div>\n<div><span style=\"font-size: 12pt;\">Kancelaria parafialna<\/span><\/div>\n<div><span style=\"font-size: 12pt;\">Parafia NMP R\u00f3\u017ca\u0144cowej<\/span><\/div>\n<div><span style=\"font-size: 12pt;\">ul. Zamkowa 39<\/span><\/div>\n<div><span style=\"font-size: 12pt;\">95-200 Pabianice<\/span><\/div>\n<\/div>\n<div><\/div>\n<div><\/div>\n","protected":false},"excerpt":{"rendered":"<p>Sakrament chrztu \u015bwi\u0119tego udzielany jest w pierwsz\u0105 i trzeci\u0105 niedziel\u0119 ka\u017cdego miesi\u0105ca na Mszy \u015awi\u0119tej o godz. 12.30. Zapraszamy do kancelarii parafialnej 3-4 tygodnie wcze\u015bniej, aby zg\u0142osi\u0107 chrzest.\u00a0 Prosimy o przyniesienie ze sob\u0105 aktu&#46;&#46;&#46;<\/p>\n","protected":false},"author":1,"featured_media":0,"parent":0,"menu_order":0,"comment_status":"closed","ping_status":"closed","template":"","meta":{"footnotes":""},"class_list":["post-582","page","type-page","status-publish","hentry"],"jetpack_sharing_enabled":true,"jetpack_shortlink":"https:\/\/wp.me\/PakDx7-9o","_links":{"self":[{"href":"https:\/\/pabianice.misjonarze.pl\/index.php?rest_route=\/wp\/v2\/pages\/582","targetHints":{"allow":["GET"]}}],"collection":[{"href":"https:\/\/pabianice.misjonarze.pl\/index.php?rest_route=\/wp\/v2\/pages"}],"about":[{"href":"https:\/\/pabianice.misjonarze.pl\/index.php?rest_route=\/wp\/v2\/types\/page"}],"author":[{"embeddable":true,"href":"https:\/\/pabianice.misjonarze.pl\/index.php?rest_route=\/wp\/v2\/users\/1"}],"replies":[{"embeddable":true,"href":"https:\/\/pabianice.misjonarze.pl\/index.php?rest_route=%2Fwp%2Fv2%2Fcomments&post=582"}],"version-history":[{"count":15,"href":"https:\/\/pabianice.misjonarze.pl\/index.php?rest_route=\/wp\/v2\/pages\/582\/revisions"}],"predecessor-version":[{"id":3702,"href":"https:\/\/pabianice.misjonarze.pl\/index.php?rest_route=\/wp\/v2\/pages\/582\/revisions\/3702"}],"wp:attachment":[{"href":"https:\/\/pabianice.misjonarze.pl\/index.php?rest_route=%2Fwp%2Fv2%2Fmedia&parent=582"}],"curies":[{"name":"wp","href":"https:\/\/api.w.org\/{rel}","templated":true}]}}