{"id":580,"date":"2018-09-30T15:45:39","date_gmt":"2018-09-30T15:45:39","guid":{"rendered":"http:\/\/pabianice.misjonarze.pl\/?page_id=580"},"modified":"2019-09-22T19:23:36","modified_gmt":"2019-09-22T17:23:36","slug":"sakramenty","status":"publish","type":"page","link":"https:\/\/pabianice.misjonarze.pl\/?page_id=580","title":{"rendered":"Sakramenty"},"content":{"rendered":"<p><img data-recalc-dims=\"1\" loading=\"lazy\" decoding=\"async\" class=\"aligncenter wp-image-1299 size-full\" src=\"https:\/\/i0.wp.com\/pabianice.misjonarze.pl\/wp-content\/uploads\/sakramenty.jpg?resize=465%2C151\" alt=\"\" width=\"465\" height=\"151\" srcset=\"https:\/\/i0.wp.com\/pabianice.misjonarze.pl\/wp-content\/uploads\/sakramenty.jpg?w=465&amp;ssl=1 465w, https:\/\/i0.wp.com\/pabianice.misjonarze.pl\/wp-content\/uploads\/sakramenty.jpg?resize=150%2C49&amp;ssl=1 150w, https:\/\/i0.wp.com\/pabianice.misjonarze.pl\/wp-content\/uploads\/sakramenty.jpg?resize=300%2C97&amp;ssl=1 300w\" sizes=\"auto, (max-width: 465px) 100vw, 465px\" \/><\/p>\n<p><span style=\"font-family: arial, helvetica, sans-serif; font-size: 14pt;\">Katechizm Ko\u015bcio\u0142a Katolickiego naucza:<\/span><\/p>\n<blockquote><p><span style=\"font-family: arial, helvetica, sans-serif; font-size: 14pt;\">Sakramenty Nowego Prawa zosta\u0142y ustanowione przez Chrystusa. Jest ich siedem: chrzest, bierzmowanie, Eucharystia, pokuta, namaszczenie chorych, sakrament \u015bwi\u0119ce\u0144 i ma\u0142\u017ce\u0144stwo. Sakramenty te obejmuj\u0105 wszystkie etapy i wszystkie wa\u017cne momenty \u017cycia chrze\u015bcijanina: sprawiaj\u0105 narodzenie i rozw\u00f3j chrze\u015bcija\u0144skiego \u017cycia wiary, uzdrowienie i dar pos\u0142ania. Wida\u0107 w tym pewne podobie\u0144stwo, jakie istnieje mi\u0119dzy etapami \u017cycia naturalnego a etapami \u017cycia duchowego (KKK 1210).<\/span><\/p><\/blockquote>\n<p>&nbsp;<\/p>\n<ul>\n<li><a href=\"http:\/\/pabianice.misjonarze.pl\/?page_id=582\"><span style=\"font-family: arial, helvetica, sans-serif; font-size: 14pt;\">Chrzest<\/span><\/a><\/li>\n<li><a href=\"http:\/\/pabianice.misjonarze.pl\/?page_id=584\"><span style=\"font-family: arial, helvetica, sans-serif; font-size: 14pt;\">Bierzmowanie<\/span><\/a><\/li>\n<li><a href=\"http:\/\/pabianice.misjonarze.pl\/?page_id=586\"><span style=\"font-family: arial, helvetica, sans-serif; font-size: 14pt;\">I Komunia \u015bwi\u0119ta<\/span><\/a><\/li>\n<li><a href=\"http:\/\/pabianice.misjonarze.pl\/?page_id=588\"><span style=\"font-family: arial, helvetica, sans-serif; font-size: 14pt;\">Spowied\u017a<\/span><\/a><\/li>\n<li><a href=\"http:\/\/pabianice.misjonarze.pl\/?page_id=590\"><span style=\"font-family: arial, helvetica, sans-serif; font-size: 14pt;\">Sakrament chorych<\/span><\/a><\/li>\n<li><a href=\"http:\/\/pabianice.misjonarze.pl\/?page_id=592\"><span style=\"font-family: arial, helvetica, sans-serif; font-size: 14pt;\">Kap\u0142a\u0144stwo<\/span><\/a><\/li>\n<li><a href=\"http:\/\/pabianice.misjonarze.pl\/?page_id=594\"><span style=\"font-family: arial, helvetica, sans-serif; font-size: 14pt;\">Ma\u0142\u017ce\u0144stwo<\/span><\/a><\/li>\n<\/ul>\n","protected":false},"excerpt":{"rendered":"<p>Katechizm Ko\u015bcio\u0142a Katolickiego naucza: Sakramenty Nowego Prawa zosta\u0142y ustanowione przez Chrystusa. Jest ich siedem: chrzest, bierzmowanie, Eucharystia, pokuta, namaszczenie chorych, sakrament \u015bwi\u0119ce\u0144 i ma\u0142\u017ce\u0144stwo. Sakramenty te obejmuj\u0105 wszystkie etapy i wszystkie wa\u017cne momenty \u017cycia&#46;&#46;&#46;<\/p>\n","protected":false},"author":1,"featured_media":0,"parent":0,"menu_order":0,"comment_status":"closed","ping_status":"closed","template":"","meta":{"footnotes":""},"class_list":["post-580","page","type-page","status-publish","hentry"],"jetpack_sharing_enabled":true,"jetpack_shortlink":"https:\/\/wp.me\/PakDx7-9m","_links":{"self":[{"href":"https:\/\/pabianice.misjonarze.pl\/index.php?rest_route=\/wp\/v2\/pages\/580","targetHints":{"allow":["GET"]}}],"collection":[{"href":"https:\/\/pabianice.misjonarze.pl\/index.php?rest_route=\/wp\/v2\/pages"}],"about":[{"href":"https:\/\/pabianice.misjonarze.pl\/index.php?rest_route=\/wp\/v2\/types\/page"}],"author":[{"embeddable":true,"href":"https:\/\/pabianice.misjonarze.pl\/index.php?rest_route=\/wp\/v2\/users\/1"}],"replies":[{"embeddable":true,"href":"https:\/\/pabianice.misjonarze.pl\/index.php?rest_route=%2Fwp%2Fv2%2Fcomments&post=580"}],"version-history":[{"count":8,"href":"https:\/\/pabianice.misjonarze.pl\/index.php?rest_route=\/wp\/v2\/pages\/580\/revisions"}],"predecessor-version":[{"id":2114,"href":"https:\/\/pabianice.misjonarze.pl\/index.php?rest_route=\/wp\/v2\/pages\/580\/revisions\/2114"}],"wp:attachment":[{"href":"https:\/\/pabianice.misjonarze.pl\/index.php?rest_route=%2Fwp%2Fv2%2Fmedia&parent=580"}],"curies":[{"name":"wp","href":"https:\/\/api.w.org\/{rel}","templated":true}]}}