{"id":4973,"date":"2021-08-25T19:59:33","date_gmt":"2021-08-25T17:59:33","guid":{"rendered":"https:\/\/pabianice.misjonarze.pl\/?page_id=4973"},"modified":"2021-08-25T19:59:33","modified_gmt":"2021-08-25T17:59:33","slug":"bl-piotr-renat-rogue","status":"publish","type":"page","link":"https:\/\/pabianice.misjonarze.pl\/?page_id=4973","title":{"rendered":"B\u0142. Piotr Renat Rogue"},"content":{"rendered":"<p style=\"text-align: justify;\" align=\"justify\"><span style=\"font-family: arial, helvetica, sans-serif; font-size: 14pt;\"><a href=\"https:\/\/i0.wp.com\/pabianice.misjonarze.pl\/wp-content\/uploads\/rogue.jpg?ssl=1\" rel=\"lightbox[4973]\"><img data-recalc-dims=\"1\" loading=\"lazy\" decoding=\"async\" class=\"aligncenter wp-image-4974 size-full\" src=\"https:\/\/i0.wp.com\/pabianice.misjonarze.pl\/wp-content\/uploads\/rogue.jpg?resize=292%2C512&#038;ssl=1\" alt=\"\" width=\"292\" height=\"512\" srcset=\"https:\/\/i0.wp.com\/pabianice.misjonarze.pl\/wp-content\/uploads\/rogue.jpg?w=292&amp;ssl=1 292w, https:\/\/i0.wp.com\/pabianice.misjonarze.pl\/wp-content\/uploads\/rogue.jpg?resize=171%2C300&amp;ssl=1 171w, https:\/\/i0.wp.com\/pabianice.misjonarze.pl\/wp-content\/uploads\/rogue.jpg?resize=86%2C150&amp;ssl=1 86w\" sizes=\"auto, (max-width: 292px) 100vw, 292px\" \/><\/a>Piotr Renat Rogue urodzi\u0142 si\u0119 11 czerwca 1758 r. w Cannes we Francji i tego samego dnia zosta\u0142 ochrzczony w miejscowej katedrze. W dzieci\u0144stwie straci\u0142 ojca. Matka otoczy\u0142a go troskliw\u0105 opiek\u0105 i zapewni\u0142a mu prawdziwe chrze\u015bcija\u0144skie wychowanie. Pierwsze nauki pobiera\u0142 w Kolegium Saint-Yves i tam tez odby\u0142 studia klasyczne.<\/span><\/p>\n<p style=\"text-align: justify;\" align=\"justify\"><span style=\"font-family: arial, helvetica, sans-serif; font-size: 14pt;\">Od 1776 r. uczy\u0142 si\u0119 w seminarium diecezjalnym prowadzonym przez ksi\u0119\u017cy ze Zgromadzenia Misji, ale prze\u0142o\u017ceni zgodzili si\u0119, aby mieszka\u0142 w domu rodzinnym z matk\u0105. Zaraz po \u015bwi\u0119ceniach kap\u0142a\u0144skich w 1782 r. biskup zamianowa\u0142 go kapelanem domu rekolekcyjnego, gdzie ka\u017cdego roku przeprowadza\u0142 pi\u0119tna\u015bcie serii o\u015bmiodniowych rekolekcji. Wyg\u0142asza\u0142 konferencje, prowadzi\u0142 wsp\u00f3lne modlitwy i ca\u0142e godziny sp\u0119dza\u0142 w konfesjonale. To wszystko przyczyni\u0142o si\u0119 do pog\u0142\u0119bienia jego \u017cycia wewn\u0119trznego.<\/span><\/p>\n<p style=\"text-align: justify;\" align=\"justify\"><span style=\"font-family: arial, helvetica, sans-serif; font-size: 14pt;\">Spe\u0142niane funkcje pozwala\u0142y mu na rozwa\u017canie do\u015bwiadcze\u0144 wyniesionych z seminarium, w kt\u00f3rym obserwowa\u0142 \u017cycie misjonarzy. Postanowi\u0142 przy\u0142\u0105czy\u0107 si\u0119 do nich. Wzywa\u0142 go do tego g\u0142os za\u0142o\u017cyciela \u015awi\u0119tego Wincentego a Paulo.<\/span><\/p>\n<p style=\"text-align: justify;\" align=\"justify\"><span style=\"font-family: arial, helvetica, sans-serif; font-size: 14pt;\">Zmusza\u0142o go to do opuszczenia matki, kt\u00f3ra po\u015bwi\u0119ci\u0142a mu ca\u0142e \u017cycie. M\u0119\u017cnie zni\u00f3s\u0142 to rozstanie i 25 pa\u017adziernika 1786 r. wst\u0105pi\u0142 do tego zgromadzenia w Pary\u017cu. W tamtych czasach liczy\u0142o ono we Francji ponad 450 ksi\u0119\u017cy w 78 wsp\u00f3lnotach domowych, kt\u00f3rzy kierowali licznymi seminariami i g\u0142osili misje w parafiach wiejskich. Prowadzili bardzo surowe \u017cycie. Mo\u017cna powiedzie\u0107, \u017ce czas formacji w Seminarium Internum (nowicjacie) by\u0142 prawdziwym przygotowaniem na m\u0119cze\u0144stwo. Jego dyrektorem by\u0142 dawny prefekt apostolski w Algierii, kt\u00f3ry wierno\u015b\u0107 Chrystusowi i Ko\u015bcio\u0142owi przyp\u0142aci\u0142 ci\u0119\u017ckim wi\u0119zieniem. Po nim nast\u0105pi\u0142 ks. Franciszek Regis Clet, p\u00f3\u017aniejszy m\u0119czennik za wiar\u0119 w Chinach. Sekretarzem generalnym Zgromadzenia by\u0142 Ludwik J\u00f3zef Fran\u00e7ois, stracony p\u00f3\u017aniej przez w\u0142adze rewolucji francuskiej.<\/span><\/p>\n<p style=\"text-align: justify;\" align=\"justify\"><span style=\"font-family: arial, helvetica, sans-serif; font-size: 14pt;\">Po zako\u0144czeniu nowicjatu Piotr Renat zosta\u0142 skierowany do rodzinnej miejscowo\u015bci Cannes. Pracowa\u0142 w seminarium, w kt\u00f3rym przed laty przygotowywa\u0142 si\u0119 do kap\u0142a\u0144stwa. Tam zasta\u0142a go rewolucja. Nasta\u0142 czas \u015bwiadczenia o wierno\u015bci Ko\u015bcio\u0142owi i Zgromadzeniu.<\/span><\/p>\n<p style=\"text-align: justify;\" align=\"justify\"><span style=\"font-family: arial, helvetica, sans-serif; font-size: 14pt;\">Gdy rewolucyjna Konstytucja Cywilna wymaga\u0142a z\u0142o\u017cenia przysi\u0119gi na wierno\u015b\u0107 w\u0142adzom, organizowa\u0142 spotkania ksi\u0119\u017cy dla wykazania, \u017ce takiej przysi\u0119gi nie mo\u017cna pogodzi\u0107 z wierno\u015bci\u0105 wierze katolickiej. Przekonywa\u0142 wprowadzanych w b\u0142\u0105d i w\u0105tpi\u0105cych, podtrzymywa\u0142 na duchu pora\u017conych l\u0119kiem.<\/span><\/p>\n<p style=\"text-align: justify;\" align=\"justify\"><span style=\"font-family: arial, helvetica, sans-serif; font-size: 14pt;\">By\u0142 \u015bwiadkiem aresztowania biskupa i zast\u0105pienia go kandydatem, kt\u00f3ry z\u0142o\u017cy\u0142 przysi\u0119g\u0119. Prze\u017cy\u0142 zamkni\u0119cie seminarium i cierpienia licznych ksi\u0119\u017cy. Z rado\u015bci\u0105 odczytywa\u0142 dokument papie\u017ca Piusa VI pot\u0119piaj\u0105cy Konstytucj\u0119 Cywiln\u0105 Kleru, jako heretyck\u0105 i zmierzaj\u0105c\u0105 do zniszczenia wiary katolickiej. Sk\u0142oni\u0142 miejscowego proboszcza do ratowania si\u0119 ucieczk\u0105, ale sam pozosta\u0142 w Cannes, aby z ukrycia s\u0142u\u017cy\u0107 parafianom.<\/span><\/p>\n<p style=\"text-align: justify;\" align=\"justify\"><span style=\"font-family: arial, helvetica, sans-serif; font-size: 14pt;\">Nara\u017cony na aresztowanie cz\u0119sto zmienia\u0142 mieszkanie. Swoje obowi\u0105zki m\u00f3g\u0142 spe\u0142nia\u0107 tylko nocami. Pewnej nocy jednak, gdy ni\u00f3s\u0142 Komuni\u0119 \u015bw. wiernym, zosta\u0142 uj\u0119ty przez w\u0142adze. Te okoliczno\u015bci aresztowania sprawi\u0142y, \u017ce nazwano go m\u0119czennikiem Eucharystii. Sze\u015b\u0107dziesi\u0105t dziewi\u0119\u0107 dni sp\u0119dzi\u0142 w wi\u0119zieniu. Po parodii procesu skazano go na \u015bmier\u0107 i 3 marca 1796 r. wykonano wyrok na gilotynie.<\/span><\/p>\n<p style=\"text-align: justify;\" align=\"justify\"><span style=\"font-family: arial, helvetica, sans-serif; font-size: 14pt;\">Dnia 10 maja 1934 r. papie\u017c Pius XI zaliczy\u0142 go w poczet b\u0142ogos\u0142awionych. Jego liturgiczne wspomnienie obchodzi si\u0119 2 wrze\u015bnia wsp\u00f3lnie z b\u0142ogos\u0142awionymi m\u0119czennikami: Ludwikiem J\u00f3zefem Fran\u00e7ois, Janem Henrykiem Gruyerem, Miko\u0142ajem Colinem i Janem Karolem Caronem, kt\u00f3rzy r\u00f3wnie\u017c oddali \u017cycie w czasie rewolucji francuskiej.<\/span><\/p>\n<p align=\"justify\"><strong>\u00a9 \u201cDziedzictwo \u2013\u00a0\u015awi\u0119ci i B\u0142ogos\u0142awieni Rodziny Wincenty\u0144skiej<\/strong>\u201d Alberto Vernaschi CM,\u00a0<em>T\u0142umaczenie z j\u0119zyka w\u0142oskiego Ks. W\u0142adys\u0142aw Bomba CM, Wydanie III (uzupe\u0142nione) \u2013 WITKM Krak\u00f3w 2014 r.<\/em><\/p>\n","protected":false},"excerpt":{"rendered":"<p>Piotr Renat Rogue urodzi\u0142 si\u0119 11 czerwca 1758 r. w Cannes we Francji i tego samego dnia zosta\u0142 ochrzczony w miejscowej katedrze. W dzieci\u0144stwie straci\u0142 ojca. Matka otoczy\u0142a go troskliw\u0105 opiek\u0105 i zapewni\u0142a mu&#46;&#46;&#46;<\/p>\n","protected":false},"author":1,"featured_media":0,"parent":0,"menu_order":0,"comment_status":"closed","ping_status":"closed","template":"","meta":{"footnotes":""},"class_list":["post-4973","page","type-page","status-publish","hentry"],"jetpack_sharing_enabled":true,"jetpack_shortlink":"https:\/\/wp.me\/PakDx7-1id","_links":{"self":[{"href":"https:\/\/pabianice.misjonarze.pl\/index.php?rest_route=\/wp\/v2\/pages\/4973","targetHints":{"allow":["GET"]}}],"collection":[{"href":"https:\/\/pabianice.misjonarze.pl\/index.php?rest_route=\/wp\/v2\/pages"}],"about":[{"href":"https:\/\/pabianice.misjonarze.pl\/index.php?rest_route=\/wp\/v2\/types\/page"}],"author":[{"embeddable":true,"href":"https:\/\/pabianice.misjonarze.pl\/index.php?rest_route=\/wp\/v2\/users\/1"}],"replies":[{"embeddable":true,"href":"https:\/\/pabianice.misjonarze.pl\/index.php?rest_route=%2Fwp%2Fv2%2Fcomments&post=4973"}],"version-history":[{"count":1,"href":"https:\/\/pabianice.misjonarze.pl\/index.php?rest_route=\/wp\/v2\/pages\/4973\/revisions"}],"predecessor-version":[{"id":4975,"href":"https:\/\/pabianice.misjonarze.pl\/index.php?rest_route=\/wp\/v2\/pages\/4973\/revisions\/4975"}],"wp:attachment":[{"href":"https:\/\/pabianice.misjonarze.pl\/index.php?rest_route=%2Fwp%2Fv2%2Fmedia&parent=4973"}],"curies":[{"name":"wp","href":"https:\/\/api.w.org\/{rel}","templated":true}]}}