{"id":4963,"date":"2021-08-25T13:53:35","date_gmt":"2021-08-25T11:53:35","guid":{"rendered":"https:\/\/pabianice.misjonarze.pl\/?page_id=4963"},"modified":"2021-08-25T13:53:35","modified_gmt":"2021-08-25T11:53:35","slug":"bl-marek-antoni-durando","status":"publish","type":"page","link":"https:\/\/pabianice.misjonarze.pl\/?page_id=4963","title":{"rendered":"B\u0142. Marek Antoni Durando"},"content":{"rendered":"<section class=\"elementor-section elementor-top-section elementor-element elementor-element-a60425d elementor-section-boxed elementor-section-height-default elementor-section-height-default exad-glass-effect-no exad-sticky-section-no\" data-id=\"a60425d\" data-element_type=\"section\" data-settings=\"{&quot;_ha_eqh_enable&quot;:false}\">\n<div class=\"elementor-container elementor-column-gap-default\">\n<div class=\"elementor-row\">\n<div class=\"elementor-column elementor-col-66 elementor-top-column elementor-element elementor-element-92bcfc3 exad-glass-effect-no exad-sticky-section-no\" data-id=\"92bcfc3\" data-element_type=\"column\">\n<div class=\"elementor-column-wrap elementor-element-populated\">\n<div class=\"elementor-widget-wrap\">\n<div class=\"elementor-element elementor-element-6a56696 exad-sticky-section-no exad-glass-effect-no elementor-widget elementor-widget-text-editor\" data-id=\"6a56696\" data-element_type=\"widget\" data-widget_type=\"text-editor.default\">\n<div class=\"elementor-widget-container\">\n<div class=\"elementor-text-editor elementor-clearfix\">\n<p class=\"p1\" style=\"text-align: justify;\"><span class=\"s1\" style=\"font-family: arial, helvetica, sans-serif; font-size: 14pt;\"><a href=\"https:\/\/i0.wp.com\/pabianice.misjonarze.pl\/wp-content\/uploads\/durando03.jpg?ssl=1\" rel=\"lightbox[4963]\"><img data-recalc-dims=\"1\" loading=\"lazy\" decoding=\"async\" class=\"aligncenter wp-image-4964 size-medium\" src=\"https:\/\/i0.wp.com\/pabianice.misjonarze.pl\/wp-content\/uploads\/durando03.jpg?resize=300%2C247&#038;ssl=1\" alt=\"\" width=\"300\" height=\"247\" srcset=\"https:\/\/i0.wp.com\/pabianice.misjonarze.pl\/wp-content\/uploads\/durando03.jpg?resize=300%2C247&amp;ssl=1 300w, https:\/\/i0.wp.com\/pabianice.misjonarze.pl\/wp-content\/uploads\/durando03.jpg?resize=1024%2C844&amp;ssl=1 1024w, https:\/\/i0.wp.com\/pabianice.misjonarze.pl\/wp-content\/uploads\/durando03.jpg?resize=150%2C124&amp;ssl=1 150w, https:\/\/i0.wp.com\/pabianice.misjonarze.pl\/wp-content\/uploads\/durando03.jpg?resize=768%2C633&amp;ssl=1 768w, https:\/\/i0.wp.com\/pabianice.misjonarze.pl\/wp-content\/uploads\/durando03.jpg?resize=1536%2C1266&amp;ssl=1 1536w, https:\/\/i0.wp.com\/pabianice.misjonarze.pl\/wp-content\/uploads\/durando03.jpg?resize=2048%2C1688&amp;ssl=1 2048w, https:\/\/i0.wp.com\/pabianice.misjonarze.pl\/wp-content\/uploads\/durando03.jpg?resize=725%2C598&amp;ssl=1 725w\" sizes=\"auto, (max-width: 300px) 100vw, 300px\" \/><\/a>Urodzi\u0142 si\u0119\u00a022 maja 1801 r.\u00a0w Mondovi (W\u0142ochy). W dzieci\u0144stwie jego \u017cyciem religijnym kierowa\u0142a matka, gdy\u017c ojciec przej\u0119ty ideami laickimi uwa\u017ca\u0142 si\u0119 za agnostyka. W pi\u0119tnastym roku \u017cycia marzy\u0142 o wyje\u017adzie na misje do Chin i\u00a0dlatego wst\u0105pi\u0142 do Zgromadzenia Misji. Po trzech latach z\u0142o\u017cy\u0142 \u015bluby w tym zgromadzeniu i 12 czerwca 1824 r. przyj\u0105\u0142 \u015bwi\u0119cenia kap\u0142a\u0144skie. Zamiast do Chin prze\u0142o\u017ceni skierowali go do g\u0142oszenia misji ludowych w licznych parafiach p\u00f3\u0142nocnych W\u0142och. Zamieszka\u0142 najpierw w domu w Monferrato, a nast\u0119pnie w Turynie, gdzie pozosta\u0142 a\u017c do \u015bmierci. Na misjach odnosi\u0142 znacz\u0105ce sukcesy. W\u00a0kronice zapisano, \u017ce\u00a0<i>na prowadzone przez niego misje wierni przybywali z daleka i s\u0142uchali go w niezwyk\u0142ym skupieniu.<\/i><\/span><\/p>\n<p class=\"p1\" style=\"text-align: justify;\"><span style=\"font-family: arial, helvetica, sans-serif; font-size: 14pt;\"><span class=\"s1\">W latach p\u00f3\u017aniejszych cz\u0119sto zapraszano go do g\u0142oszenia rekolekcji dla duchownych. Zas\u0142yn\u0105\u0142 jako roztropny kierownik duchowy. Z jego pos\u0142ugi korzystali ksi\u0119\u017ca, a tak\u017ce zakonnice i osoby \u015bwieckie pragn\u0105ce prowadzi\u0107 \u017cycie doskona\u0142o\u015bci chrze\u015bcija\u0144skiej i\u00a0zaanga\u017cowane w dzia\u0142alno\u015b\u0107 spo\u0142eczn\u0105.\u00a0<\/span>W 1837 r., w trzydziestym sz\u00f3stym roku \u017cycia zosta\u0142 wizytatorem (prze\u0142o\u017conym prowincjalnym) prowincji tury\u0144skiej Zgromadzenia Misji i spe\u0142nia\u0142 t\u0119 pos\u0142ug\u0119 do ko\u0144ca \u017cycia. W tym czasie sprowadzi\u0142 do W\u0142och siostry mi\u0142osierdzia, kt\u00f3re opiekowa\u0142y si\u0119 chorymi w licznych szpitalach wojskowych i cywilnych. Upowszechnia\u0142 te\u017c w\u015br\u00f3d dziewcz\u0105t Stowarzyszenie Cudownego Medalika, w kt\u00f3rym budzi\u0142y si\u0119 liczne powo\u0142ania do si\u00f3str.<\/span><\/p>\n<\/div>\n<\/div>\n<\/div>\n<\/div>\n<\/div>\n<\/div>\n<\/div>\n<\/div>\n<\/section>\n<section class=\"elementor-section elementor-top-section elementor-element elementor-element-2d9b4db elementor-section-boxed elementor-section-height-default elementor-section-height-default exad-glass-effect-no exad-sticky-section-no\" data-id=\"2d9b4db\" data-element_type=\"section\" data-settings=\"{&quot;_ha_eqh_enable&quot;:false}\">\n<div class=\"elementor-container elementor-column-gap-default\">\n<div class=\"elementor-row\">\n<div class=\"elementor-column elementor-col-100 elementor-top-column elementor-element elementor-element-9156258 exad-glass-effect-no exad-sticky-section-no\" data-id=\"9156258\" data-element_type=\"column\">\n<div class=\"elementor-column-wrap elementor-element-populated\">\n<div class=\"elementor-widget-wrap\">\n<div class=\"elementor-element elementor-element-2e030e7 exad-sticky-section-no exad-glass-effect-no elementor-widget elementor-widget-text-editor\" data-id=\"2e030e7\" data-element_type=\"widget\" data-widget_type=\"text-editor.default\">\n<div class=\"elementor-widget-container\">\n<div class=\"elementor-text-editor elementor-clearfix\">\n<p class=\"p1\" style=\"text-align: justify;\"><span style=\"font-family: arial, helvetica, sans-serif; font-size: 14pt;\"><span class=\"s2\">Popiera\u0142 i przyczynia\u0142 si\u0119 do rozwoju powsta\u0142ego w Lyonie w\u00a01822 r. Dzie\u0142a Rozkrzewiania Wiary. W 1855 r. otworzy\u0142 w\u00a0Genui Kolegium Brignole-Sale-Negroni, w kt\u00f3rym przygotowywali si\u0119 kandydaci na misje zagraniczne (<i>ad gentes<\/i>).\u00a0<\/span>W 1865 r. za\u0142o\u017cy\u0142 \u017ce\u0144skie Zgromadzenie M\u0119ki Jezusa z Nazaretu. Siostry zwane powszechnie nazaretankami zajmowa\u0142y si\u0119 opuszczon\u0105 m\u0142odzie\u017c\u0105 oraz s\u0142u\u017cy\u0142y ubogim chorym w ich domach rodzinnych. Przyjmowa\u0142 r\u00f3wnie\u017c kandydatki, kt\u00f3re z\u00a0braku warunk\u00f3w materialnych nie mog\u0142y wst\u0119powa\u0107 do tradycyjnych zgromadze\u0144.<\/span><\/p>\n<p class=\"p1\" style=\"text-align: justify;\"><span class=\"s1\" style=\"font-family: arial, helvetica, sans-serif; font-size: 14pt;\">Marek Antoni Durando zmar\u0142 10 grudnia 1880 r. w siedemdziesi\u0105tym dziewi\u0105tym roku \u017cycia. Po \u015bmierci nazwano go\u00a0<i>w\u0142oskim \u015awi\u0119tym Wincentym<\/i>. W 1926 r. jego cia\u0142o z\u0142o\u017cono w sanktuarium M\u0119ki Pa\u0144skiej przy ko\u015bciele Nawiedzenia NMP w Turynie.<\/span><\/p>\n<p class=\"p1\" style=\"text-align: justify;\"><span style=\"font-family: arial, helvetica, sans-serif; font-size: 14pt;\"><span class=\"s2\">Jego proces beatyfikacyjny rozpocz\u0119ty w 1928 r. trwa\u0142 do 2001 r.<\/span><span class=\"s1\">\u00a0i zako\u0144czy\u0142 si\u0119 20 pa\u017adziernika 2002 r. zaliczeniem go w\u00a0poczet b\u0142ogos\u0142awionych przez papie\u017ca Jana Paw\u0142a II. Liturgiczne wspomnienie b\u0142ogos\u0142awionego wyznaczono na\u00a0<strong>10 grudnia.<\/strong><\/span><\/span><\/p>\n<p class=\"p3\" style=\"text-align: justify;\"><span class=\"s1\" style=\"font-family: arial, helvetica, sans-serif; font-size: 14pt;\"><b>Przes\u0142anie<\/b><\/span><\/p>\n<p class=\"p1\" style=\"text-align: justify;\"><span class=\"s1\" style=\"font-family: arial, helvetica, sans-serif; font-size: 14pt;\"><strong>Zapa\u0142 misyjny.<\/strong>\u00a0Jak wspomniano, wst\u0105pi\u0142 do Zgromadzenia Misji z nadziej\u0105 na wyjazd do Chin dla g\u0142oszenia tam Ewangelii. Gdy jego marzenia nie spe\u0142ni\u0142y si\u0119, po\u015bwi\u0119ci\u0142 si\u0119 g\u0142oszeniu misji ludowych w parafiach Piemontu i w znacznej mierze przyczyni\u0142 si\u0119 do rozkwitu tej formy duszpasterstwa. Obdarzony cnot\u0105 roztropno\u015bci sta\u0142 si\u0119 znanym kierownikiem duchowym dla wielu os\u00f3b duchownych i \u015bwieckich, a\u00a0tak\u017ce doprowadzi\u0142 do Boga wielu niewierz\u0105cych.<\/span><\/p>\n<p class=\"p1\" style=\"text-align: justify;\"><span class=\"s2\" style=\"font-family: arial, helvetica, sans-serif; font-size: 14pt;\">Upowszechnia\u0142 na terenie W\u0142och Dzie\u0142o Rozkrzewiania Wiary. Jako prze\u0142o\u017cony prowincjalny posy\u0142a\u0142 licznych swoich wsp\u00f3\u0142braci do g\u0142oszenia Ewangelii w krajach misyjnych. Przyczyni\u0142 si\u0119 te\u017c do powstania przy domu misjonarskim w Genui Kolegium Brignole-Sale-Negroni, w kt\u00f3rym kandydaci na misje zagraniczne zdobywali wiedz\u0119 i\u00a0nale\u017cyt\u0105 formacj\u0119.<\/span><\/p>\n<p class=\"p1\" style=\"text-align: justify;\"><span class=\"s2\" style=\"font-family: arial, helvetica, sans-serif; font-size: 14pt;\"><strong>Umi\u0142owanie ubogich.<\/strong><i>\u00a0<\/i>Jako prawdziwy syn \u015bw. Wincentego a\u00a0Paulo Marek Antoni zawsze troszczy\u0142 si\u0119 o\u00a0ubogich. Opowiada si\u0119, \u017ce podczas pewnych misji przeznaczy\u0142 na zakup m\u0105ki kukurydzianej dla biednych wszystkie ofiary z\u0142o\u017cone na rzecz zgromadzenia. Gdy zosta\u0142 prze\u0142o\u017conym prowincjalnym, sprowadzi\u0142 do W\u0142och siostry mi\u0142osierdzia dla s\u0142u\u017cenia ubogim chorym. Sam przez wiele lat spe\u0142nia\u0142 funkcje ich dyrektora. W tym samym czasie zak\u0142ada\u0142 stowarzyszenia mi\u0142osierdzia i o\u015brodki pomocy. Kierowa\u0142y nimi siostry i Panie Mi\u0142osierdzia. Przy ich pomocy powstawa\u0142y ochronki i sieroci\u0144ce dla biednych dzieci oraz pracownie, w kt\u00f3rych dziewcz\u0119ta mog\u0142y uczy\u0107 si\u0119 i wykonywa\u0107 r\u00f3\u017cne prace, co pozwala\u0142o im zarabia\u0107 na utrzymanie w\u0142asne i bliskich. Gdy za\u0142o\u017cy\u0142 Zgromadzenie Si\u00f3str M\u0119ki Jezusa z Nazaretu, powierzy\u0142 im trosk\u0119 o ubogich chorych w ich domach.<\/span><\/p>\n<p class=\"p1\" style=\"text-align: justify;\"><span class=\"s1\" style=\"font-family: arial, helvetica, sans-serif; font-size: 14pt;\"><strong>Prze\u0142o\u017cony zgromadzenia i kierownik duchowy.<\/strong>\u00a0Przez czterdzie\u015bci trzy lata ks. Durando spe\u0142nia\u0142 obowi\u0105zki prze\u0142o\u017conego tury\u0144skiej prowincji Zgromadzenia Misji. By\u0142y to trudne czasy niepokoj\u00f3w spo\u0142ecznych. Likwidowano niekt\u00f3re domy i konfiskowano dobra zgromadzenia. R\u00f3wnie\u017c w samej wsp\u00f3lnocie wyst\u0119powa\u0142y osoby g\u0142osz\u0105ce pogl\u0105dy liberalne i\u00a0d\u0105\u017c\u0105ce do wprowadzania znacznej swobody obyczaj\u00f3w. W tej sytuacji, kieruj\u0105c si\u0119 dobroci\u0105, ale i\u00a0stanowczo\u015bci\u0105, potrafi\u0142 zachowa\u0107 wewn\u0119trzn\u0105 jedno\u015b\u0107 i\u00a0\u017cywotno\u015b\u0107 zgromadzenia, a tak\u017ce ratowa\u0107 je w obliczu praw zwalczaj\u0105cych instytucje ko\u015bcielne.<\/span><\/p>\n<p class=\"p1\" style=\"text-align: justify;\"><span class=\"s1\" style=\"font-family: arial, helvetica, sans-serif; font-size: 14pt;\">Obowi\u0105zki prze\u0142o\u017conego uniemo\u017cliwia\u0142y mu g\u0142oszenie Ewangelii na misjach ludowych. G\u0142osi\u0142 wtedy konferencje i\u00a0prowadzi\u0142 rekolekcje dla ksi\u0119\u017cy i kleryk\u00f3w. Jako roztropny kierownik duchowy zwr\u00f3ci\u0142 na siebie uwag\u0119 arcybiskupa Turynu, kt\u00f3ry powierza\u0142 mu liczne odpowiedzialne obowi\u0105zki, a zgromadzeniu umo\u017cliwia\u0142 tworzenie nowych dzie\u0142. Wspomaga\u0142 swoimi radami tury\u0144skie zgromadzenia Si\u00f3str \u015awi\u0119tego J\u00f3zefa, Si\u00f3str \u015awi\u0119tej Anny, kapucynek w nowopowsta\u0142ym klasztorze \u015awi\u0119tej Klary oraz Si\u00f3str \u015awi\u0119tej Magdaleny za\u0142o\u017conych przez markiz\u0119 di Barolo.<\/span><\/p>\n<p class=\"p1\" style=\"text-align: justify;\"><span class=\"s1\" style=\"font-family: arial, helvetica, sans-serif; font-size: 14pt;\">Marek Antoni z natury nie\u015bmia\u0142y, zawsze kierowa\u0142 si\u0119 prostot\u0105, nigdy nie szuka\u0142 nadzwyczajno\u015bci. Gdy zachodzi\u0142a potrzeba, potrafi\u0142 okaza\u0107 stanowczo\u015b\u0107 i zdecydowanie. Sam o sobie m\u00f3wi\u0142:\u00a0<i>To, co niezwyk\u0142e, wydaje mi si\u0119 podejrzane. Wol\u0119 to, co naturalne i zwyczajne. Szanuj\u0119 prawdziwie ewangeliczne cnoty: pokor\u0119 i umartwienie oraz wierno\u015b\u0107 zasadom. Wszelkie dobro staje si\u0119 doskona\u0142e, je\u017celi bywa spe\u0142niane z prostot\u0105, w ukryciu i bez ostentacji.<\/i><\/span><\/p>\n<p class=\"p1\" style=\"text-align: justify;\"><span style=\"font-family: arial, helvetica, sans-serif; font-size: 14pt;\"><span class=\"s1\"><strong>Nabo\u017ce\u0144stwo do M\u0119ki Pa\u0144skiej.<\/strong>\u00a0Ks. Durando mawia\u0142:\u00a0<i>Kalwaria jest wzniesieniem dla kochaj\u0105cych otwarte rany Jezusa\u00a0<\/i><\/span><i>Ukrzy\u017cowanego; to one s\u0105 prawdziwym schronieniem pobo\u017cnych\u2026 Czy mo\u017cemy by\u0107 oboj\u0119tni wobec mi\u0142o\u015bci, kt\u00f3ra zaprowadzi\u0142a Jezusa Chrystusa na twarde drzewo krzy\u017ca? W cierpieniu i \u015bmierci okaza\u0142 ka\u017cdemu z nas najdoskonalsz\u0105 mi\u0142o\u015b\u0107\u2026 Nasze \u017cycie zawsze powinni\u015bmy rozwa\u017ca\u0107 w \u015bwietle m\u0119ki i \u015bmierci naszego Pana.\u00a0<\/i>Te s\u0142owa pozwalaj\u0105 nie tylko dostrzec prawdziwe nabo\u017ce\u0144stwo Marka Antoniego do M\u0119ki Pa\u0144skiej, ale ukazuj\u0105 tajemnic\u0119 jego mi\u0142o\u015bci ku Zbawicielowi. Konsekwencj\u0105 tego jest umi\u0142owanie ubogich, w\u00a0kt\u00f3rych zawsze widzia\u0142 obraz cierpi\u0105cego Chrystusa. Stanowi to zasadniczy rys jego duchowo\u015bci, kt\u00f3ra znajdowa\u0142a odzwierciedlenie w prawdziwie misjonarskim \u017cyciu i w dzia\u0142alno\u015bci charytatywnej. T\u0119 duchowo\u015b\u0107 zaszczepia\u0142 siostrom za\u0142o\u017conego Zgromadzenia M\u0119ki Jezusa z Nazaretu. Jego zdaniem bowiem ten, kto nale\u017cy do Chrystusa i kto trwa z Nim na Kalwarii, musi troszczy\u0107 si\u0119 o dobro duchowe i materialne swoich bli\u017anich, a zw\u0142aszcza ubogich, kt\u00f3rzy s\u0105 obrazem cierpi\u0105cego Jezusa.<\/span><\/p>\n<p class=\"p1\"><strong>\u00a9 \u201cDziedzictwo \u2013\u00a0\u015awi\u0119ci i B\u0142ogos\u0142awieni Rodziny Wincenty\u0144skiej<\/strong>\u201d Alberto Vernaschi CM,\u00a0<em>T\u0142umaczenie z j\u0119zyka w\u0142oskiego Ks. W\u0142adys\u0142aw Bomba CM, Wydanie III (uzupe\u0142nione) \u2013 WITKM Krak\u00f3w 2014 r.<\/em><\/p>\n<\/div>\n<\/div>\n<\/div>\n<\/div>\n<\/div>\n<\/div>\n<\/div>\n<\/div>\n<\/section>\n","protected":false},"excerpt":{"rendered":"<p>Urodzi\u0142 si\u0119\u00a022 maja 1801 r.\u00a0w Mondovi (W\u0142ochy). W dzieci\u0144stwie jego \u017cyciem religijnym kierowa\u0142a matka, gdy\u017c ojciec przej\u0119ty ideami laickimi uwa\u017ca\u0142 si\u0119 za agnostyka. W pi\u0119tnastym roku \u017cycia marzy\u0142 o wyje\u017adzie na misje do Chin&#46;&#46;&#46;<\/p>\n","protected":false},"author":1,"featured_media":0,"parent":0,"menu_order":0,"comment_status":"closed","ping_status":"closed","template":"","meta":{"footnotes":""},"class_list":["post-4963","page","type-page","status-publish","hentry"],"jetpack_sharing_enabled":true,"jetpack_shortlink":"https:\/\/wp.me\/PakDx7-1i3","_links":{"self":[{"href":"https:\/\/pabianice.misjonarze.pl\/index.php?rest_route=\/wp\/v2\/pages\/4963","targetHints":{"allow":["GET"]}}],"collection":[{"href":"https:\/\/pabianice.misjonarze.pl\/index.php?rest_route=\/wp\/v2\/pages"}],"about":[{"href":"https:\/\/pabianice.misjonarze.pl\/index.php?rest_route=\/wp\/v2\/types\/page"}],"author":[{"embeddable":true,"href":"https:\/\/pabianice.misjonarze.pl\/index.php?rest_route=\/wp\/v2\/users\/1"}],"replies":[{"embeddable":true,"href":"https:\/\/pabianice.misjonarze.pl\/index.php?rest_route=%2Fwp%2Fv2%2Fcomments&post=4963"}],"version-history":[{"count":1,"href":"https:\/\/pabianice.misjonarze.pl\/index.php?rest_route=\/wp\/v2\/pages\/4963\/revisions"}],"predecessor-version":[{"id":4965,"href":"https:\/\/pabianice.misjonarze.pl\/index.php?rest_route=\/wp\/v2\/pages\/4963\/revisions\/4965"}],"wp:attachment":[{"href":"https:\/\/pabianice.misjonarze.pl\/index.php?rest_route=%2Fwp%2Fv2%2Fmedia&parent=4963"}],"curies":[{"name":"wp","href":"https:\/\/api.w.org\/{rel}","templated":true}]}}