{"id":4927,"date":"2021-08-25T07:01:22","date_gmt":"2021-08-25T05:01:22","guid":{"rendered":"https:\/\/pabianice.misjonarze.pl\/?page_id=4927"},"modified":"2021-08-25T07:01:22","modified_gmt":"2021-08-25T05:01:22","slug":"sw-katarzyna-laboure","status":"publish","type":"page","link":"https:\/\/pabianice.misjonarze.pl\/?page_id=4927","title":{"rendered":"\u015aw. Katarzyna Labour\u00e9"},"content":{"rendered":"<p style=\"text-align: justify;\" align=\"JUSTIFY\"><span style=\"font-family: arial, helvetica, sans-serif; font-size: 14pt;\"><a href=\"https:\/\/i0.wp.com\/pabianice.misjonarze.pl\/wp-content\/uploads\/laboure06.jpg?ssl=1\" rel=\"lightbox[4927]\"><img data-recalc-dims=\"1\" loading=\"lazy\" decoding=\"async\" class=\"aligncenter wp-image-4928 size-full\" src=\"https:\/\/i0.wp.com\/pabianice.misjonarze.pl\/wp-content\/uploads\/laboure06.jpg?resize=366%2C508&#038;ssl=1\" alt=\"\" width=\"366\" height=\"508\" srcset=\"https:\/\/i0.wp.com\/pabianice.misjonarze.pl\/wp-content\/uploads\/laboure06.jpg?w=366&amp;ssl=1 366w, https:\/\/i0.wp.com\/pabianice.misjonarze.pl\/wp-content\/uploads\/laboure06.jpg?resize=216%2C300&amp;ssl=1 216w, https:\/\/i0.wp.com\/pabianice.misjonarze.pl\/wp-content\/uploads\/laboure06.jpg?resize=108%2C150&amp;ssl=1 108w\" sizes=\"auto, (max-width: 366px) 100vw, 366px\" \/><\/a>Katarzyna Labour\u00e9 urodzi\u0142a si\u0119 2 maja 1806 roku w ma\u0142ej wiosce Fain &#8211; les &#8211; Moutiers po\u0142o\u017conej nad kana\u0142em burgundzkim &#8211; we Francji. w chwili narodzin Katarzyny rodzina liczy\u0142a o\u015bmioro dzieci. nieco p\u00f3\u017aniej urodzi\u0142y si\u0119 jeszcze dwie dziewczynki. W rodzinie panuje wielka mi\u0142o\u015b\u0107 &#8211; pierwsze miejsce zajmuje B\u00f3g. Co wiecz\u00f3r wszyscy gromadz\u0105 si\u0119 na wsp\u00f3ln\u0105 modlitw\u0119.<\/span><\/p>\n<p style=\"text-align: justify;\" align=\"JUSTIFY\"><span style=\"font-family: arial, helvetica, sans-serif; font-size: 14pt;\">Zm\u0119czona ci\u0119\u017ck\u0105 prac\u0105 Ludwika Labour\u00e9 &#8211; matka Katarzyny &#8211; umiera w wieku 42 lat. pozbawiona macierzy\u0144skiej mi\u0142o\u015bci dziewi\u0119cioletnia Katarzyna powierza si\u0119 bezgranicznej mi\u0142o\u015bci Maryi. M\u00f3wi: &#8222;Ciebie obieram sobie za Matk\u0119&#8221;. Starsza siostra Maria Ludwika pozna\u0142a Siostry Mi\u0142osierdzia (Szarytki) i odnalaz\u0142a tam swoje powo\u0142anie. Katarzyna prowadzi dom i zajmuje si\u0119 gospodarstwem. W 1818 roku przyst\u0119puje do pierwszej Komunii \u015awi\u0119tej. Katarzyna poznaj\u0105c Zgromadzenie Si\u00f3str Mi\u0142osierdzia postanawia p\u00f3j\u015b\u0107 w \u015blady siostry, lecz ojciec na to si\u0119 nie zgadza. Katarzyna jedzie do swojego brata w Pary\u017cu, gdzie prowadzi restauracj\u0119. pe\u0142ni\u0142a tam obowi\u0105zki przez ca\u0142y rok. Potem jedzie do Chatillon. Dowiedziawszy si\u0119, \u017ce w mie\u015bcie jest dom Si\u00f3str Mi\u0142osierdzia, udaje si\u0119 do niego. Coraz bardziej utrwala si\u0119 w niej postanowienie wst\u0105pienia do tego zgromadzenia. Katarzyna postanawia kategorycznie zosta\u0107 siostr\u0105 mi\u0142osierdzia. udaje si\u0119 jej nawet przekona\u0107 ojca. na pocz\u0105tku 1830 roku rozpoczyna sw\u00f3j postulat w Chatillon. Trzy miesi\u0105ce p\u00f3\u017aniej 21 kwietnia 1830 roku przekracza wielk\u0105 bram\u0119 Domu Macierzystego Si\u00f3str Mi\u0142osierdzia w Pary\u017cu przy rue du Bac, by odby\u0107 w nim czas formacji.<\/span><\/p>\n<p style=\"text-align: justify;\" align=\"JUSTIFY\"><span style=\"font-family: arial, helvetica, sans-serif; font-size: 14pt;\"><strong>Pierwsze objawienie<\/strong><\/span><\/p>\n<p style=\"text-align: justify;\" align=\"JUSTIFY\"><span style=\"font-family: arial, helvetica, sans-serif; font-size: 14pt;\">Nowicjuszka Katarzyna opowiada swojemu spowiednikowi to, co przydarzy\u0142o si\u0119 jej w nocy z 18 na 19 lipca 1830 roku: &#8222;Nadszed\u0142 dzie\u0144 uroczysto\u015bci \u015awi\u0119tego Wincentego. W wigili\u0119 nasza dobra siostra Marta skierowa\u0142a do nas pouczenie o nabo\u017ce\u0144stwie do \u015awi\u0119tych, zw\u0142aszcza do Naj\u015bwi\u0119tszej Maryi Panny. Ju\u017c od dawna chcia\u0142am J\u0105 zobaczy\u0107. Zasn\u0119\u0142am my\u015bl\u0105c, \u017ce \u015awi\u0119ty Wincenty uprosi mi t\u0105 \u0142ask\u0119&#8221;. Oko\u0142o wp\u00f3\u0142 do dwunastej w nocy us\u0142ysza\u0142am jak kto\u015b mnie wo\u0142a\u0142 po imieniu. By\u0142o to 4- lub 5- letnie dziecko w bieli i m\u00f3wi\u0142o do mnie: &#8222;Cho\u0107 do kaplicy. Naj\u015bwi\u0119tsza Panna czeka na ciebie&#8221;. Natychmiast pomy\u015bla\u0142am, \u017ce kto\u015b mnie us\u0142yszy. W\u00f3wczas dziecko mi odpowiada: Nie b\u00f3j si\u0119 jest wp\u00f3\u0142 do dwunastej, wszyscy dobrze \u015bpi\u0105. Chod\u017a czekam na ciebie. Ubra\u0142am si\u0119 szybko i posz\u0142am w stron\u0119 dziecka. Posz\u0142am za nim. Wsz\u0119dzie pali\u0142y si\u0119 \u015bwiat\u0142a. Gdy wesz\u0142am do kaplicy, drzwi otwar\u0142y si\u0119 ledwo dziecko dotkn\u0119\u0142o ich palcem. \u015awieczniki by\u0142y zapalone jak na pasterk\u0119. Nie widzia\u0142am jednak Naj\u015bwi\u0119tszej Maryi Panny. Dziecko zaprowadzi\u0142o mnie do prezbiterium, tam ukl\u0119k\u0142am. Oko\u0142o p\u00f3\u0142nocy dziecko powiedzia\u0142o: Oto Naj\u015bwi\u0119tsza Panna. Oto Ona. Us\u0142ysza\u0142am szmer, jakby szelest jedwabnej sukienki. Pi\u0119kna Pani usiad\u0142a w fotelu ksi\u0119dza Dyrektora. W\u00f3wczas jednym skokiem znalaz\u0142am si\u0119 przy Niej, u Jej st\u00f3p na stopniach o\u0142tarza, opieraj\u0105c r\u0119ce na jej kolanach. Trwa\u0142am tak nie wiem jak d\u0142ugo &#8211; powie Katarzyna. Z dalszych relacji wiemy, \u017ce spotkanie trwa\u0142o oko\u0142o dw\u00f3ch godzin.<\/span><\/p>\n<p style=\"text-align: justify;\" align=\"JUSTIFY\">\n<p style=\"text-align: justify;\" align=\"JUSTIFY\"><span style=\"font-family: arial, helvetica, sans-serif; font-size: 14pt;\"><strong>Drugie objawienie<\/strong><\/span><\/p>\n<p style=\"text-align: justify;\" align=\"JUSTIFY\"><span style=\"font-family: arial, helvetica, sans-serif; font-size: 14pt;\">7 listopada 1830 roku: &#8222;By\u0142a sobota przed pierwsz\u0105 niedziel\u0105 Adwentu, godzina 17.30. W czasie modlitwy po przeczytaniu tekstu rozmy\u015blania wyda\u0142o mi si\u0119, \u017ce s\u0142ysz\u0119 szmer od strony ch\u00f3ru. Spojrzawszy w tym kierunku zauwa\u017cy\u0142am Naj\u015bwi\u0119tsz\u0105 Pann\u0119. Sta\u0142\u0105 w jedwabnej sukni w kolorze jutrzenki. Jej stopy spoczywa\u0142y na kuli, kt\u00f3rej widzia\u0142am zaledwie po\u0142ow\u0119, w r\u0119kach wzniesionych na wysoko\u015bci piersi, trzyma\u0142a lekko kul\u0119, oczy wzniesione ku niebu. Jej posta\u0107 by\u0142a niezwykle pi\u0119kna, nie umia\u0142abym jej opisa\u0107. Nagle zauwa\u017cy\u0142am na jej palcach pier\u015bcienie wysadzane klejnotami, z kt\u00f3rych jedne by\u0142y wi\u0119ksze inne mniejsze. Rzuca\u0142y one promienie, jedne pi\u0119kniejsze od drugich. Nie potrafi\u0119 wyrazi\u0107 tego, czego do\u015bwiadczy\u0142am i co widzia\u0142am: pi\u0119kna i niezwyk\u0142ego blasku promieni. G\u0142os wewn\u0119trzny m\u00f3wi\u0142 mi: Te promienie to symbole \u0142ask, jakie udzielam osobom, kt\u00f3re mnie o nie prosz\u0105. Dziecko moje lubi\u0119 udziela\u0107 \u0142ask. Nast\u0119pnie wok\u00f3\u0142 Naj\u015bwi\u0119tszej Panny utworzy\u0142 si\u0119 jakby owalny obraz, gdzie widnia\u0142y s\u0142owa, wypisane z\u0142otymi literami: &#8222;O Maryjo bez grzechu pocz\u0119ta, m\u00f3dl si\u0119 za nami, kt\u00f3rzy si\u0119 do Ciebie uciekamy&#8221;. I da\u0142 si\u0119 s\u0142ysze\u0107 g\u0142os: Postaraj si\u0119 o wybicie Medalika na ten wz\u00f3r. Wszystkie osoby, kt\u00f3re b\u0119d\u0105 go nosi\u0107, otrzymaj\u0105 wiele \u0142ask. \u0141aski b\u0119d\u0105 obfite dla tych, kt\u00f3rzy b\u0119d\u0105 go nosi\u0107 z ufno\u015bci\u0105. W jednej chwili wyda\u0142o mi si\u0119, \u017ce obraz si\u0119 odwr\u00f3ci\u0142. Zobaczy\u0142am drug\u0105 stron\u0119 Medalika: litera &#8222;M&#8221; z krzy\u017cem powy\u017cej, ni\u017cej dwa serca, jedno otoczone koron\u0105, a drugie przebite mieczem, wok\u00f3\u0142 by\u0142o dwana\u015bcie gwiazd. Oto misja, jaka B\u00f3g chcia\u0142 powierzy\u0107 siostrze Katarzynie &#8211; og\u0142osi\u0107 \u015bwiatu przywilej Niepokalanego Pocz\u0119cia Maryi. Pomimo r\u00f3\u017cnych problem\u00f3w udaje si\u0119 wybi\u0107 pierwsze Medaliki w maju 1832 roku.<\/span><\/p>\n<p><span style=\"font-family: arial, helvetica, sans-serif; font-size: 14pt;\">Chyba \u017cadne \u017cycie zakonne nie by\u0142o tak zwyk\u0142e i tak proste, jak \u017cycie siostry Katarzyny. Modli\u0142a si\u0119, by\u0142a pos\u0142uszna, uleg\u0142a. Nikt nie wiedzia\u0142 o jej objawieniach. Zaraz po przywdzianiu sukni Siostry Mi\u0142osierdzia opuszcza Dom Macierzysty. Prze\u0142o\u017ceni przeznaczaj\u0105 j\u0105 do Przytu\u0142ku w Enghien. Pozostanie tam do ko\u0144ca swego \u017cycia. Rok 1876 siostra Katarzyna m\u00f3wi: Mam 70 lat nie ujrz\u0119 ju\u017c nast\u0119pnego roku.<\/span><\/p>\n<p style=\"text-align: justify;\" align=\"JUSTIFY\"><span style=\"font-family: arial, helvetica, sans-serif; font-size: 14pt;\">To czas by m\u00f3wi\u0107. Naj\u015bwi\u0119tsza Panna zwalnia j\u0105 z sekretu. 31 grudnia 1876 roku, po przyj\u0119ciu Sakrament\u00f3w, siostra Katarzyna jakby zasn\u0119\u0142a. 3. stycznia 1877 roku siostry i starcy z przytu\u0142ku, oraz wielki t\u0142um przyby\u0142y, aby odda\u0107 ho\u0142d tej, kt\u00f3ra bardzo ich kocha\u0142a. Pochowano j\u0105 w kaplicy Reuilly. 21 marca 1933 roku znaleziono jej cia\u0142o nietkni\u0119te. Przeniesiono na rue du Bac &#8211; do Kaplicy Objawie\u0144 &#8211; tam spoczywa do dzisiaj. 27 lipca 1947 roku Ojciec \u015awi\u0119ty Pius XII zaliczy\u0142 j\u0105 do grona \u015awi\u0119tych. Nazwa\u0142 wtedy siostr\u0119 Katarzyn\u0119 &#8211; \u015awi\u0119t\u0105 Milczenia.<\/span><\/p>\n<p style=\"text-align: justify;\" align=\"JUSTIFY\">\n<div style=\"width: 310px\" class=\"wp-caption aligncenter\"><img data-recalc-dims=\"1\" loading=\"lazy\" decoding=\"async\" id=\"mce-3345\" src=\"https:\/\/i0.wp.com\/radoslaw.home.pl\/kreator\/attachments\/Image\/relikwie%3D20laboure.jpg?resize=300%2C225\" alt=\"\" width=\"300\" height=\"225\" \/><p class=\"wp-caption-text\">Nienaruszone cia\u0142o \u015awi\u0119tej Katarzyny w kaplicy na rue du Bac w Pary\u017cu<\/p><\/div>\n<p style=\"text-align: justify;\" align=\"JUSTIFY\"><span style=\"font-family: arial, helvetica, sans-serif; font-size: 14pt;\">\u00a0<\/span><\/p>\n","protected":false},"excerpt":{"rendered":"<p>Katarzyna Labour\u00e9 urodzi\u0142a si\u0119 2 maja 1806 roku w ma\u0142ej wiosce Fain &#8211; les &#8211; Moutiers po\u0142o\u017conej nad kana\u0142em burgundzkim &#8211; we Francji. w chwili narodzin Katarzyny rodzina liczy\u0142a o\u015bmioro dzieci. nieco p\u00f3\u017aniej urodzi\u0142y&#46;&#46;&#46;<\/p>\n","protected":false},"author":1,"featured_media":0,"parent":0,"menu_order":0,"comment_status":"closed","ping_status":"closed","template":"","meta":{"jetpack_post_was_ever_published":false,"footnotes":""},"class_list":["post-4927","page","type-page","status-publish","hentry"],"jetpack_sharing_enabled":true,"jetpack_shortlink":"https:\/\/wp.me\/PakDx7-1ht","_links":{"self":[{"href":"https:\/\/pabianice.misjonarze.pl\/index.php?rest_route=\/wp\/v2\/pages\/4927","targetHints":{"allow":["GET"]}}],"collection":[{"href":"https:\/\/pabianice.misjonarze.pl\/index.php?rest_route=\/wp\/v2\/pages"}],"about":[{"href":"https:\/\/pabianice.misjonarze.pl\/index.php?rest_route=\/wp\/v2\/types\/page"}],"author":[{"embeddable":true,"href":"https:\/\/pabianice.misjonarze.pl\/index.php?rest_route=\/wp\/v2\/users\/1"}],"replies":[{"embeddable":true,"href":"https:\/\/pabianice.misjonarze.pl\/index.php?rest_route=%2Fwp%2Fv2%2Fcomments&post=4927"}],"version-history":[{"count":1,"href":"https:\/\/pabianice.misjonarze.pl\/index.php?rest_route=\/wp\/v2\/pages\/4927\/revisions"}],"predecessor-version":[{"id":4929,"href":"https:\/\/pabianice.misjonarze.pl\/index.php?rest_route=\/wp\/v2\/pages\/4927\/revisions\/4929"}],"wp:attachment":[{"href":"https:\/\/pabianice.misjonarze.pl\/index.php?rest_route=%2Fwp%2Fv2%2Fmedia&parent=4927"}],"curies":[{"name":"wp","href":"https:\/\/api.w.org\/{rel}","templated":true}]}}