{"id":4924,"date":"2021-08-25T06:55:18","date_gmt":"2021-08-25T04:55:18","guid":{"rendered":"https:\/\/pabianice.misjonarze.pl\/?page_id=4924"},"modified":"2021-08-25T06:55:18","modified_gmt":"2021-08-25T04:55:18","slug":"sw-justyn-de-jacobis","status":"publish","type":"page","link":"https:\/\/pabianice.misjonarze.pl\/?page_id=4924","title":{"rendered":"\u015aw. Justyn de Jacobis"},"content":{"rendered":"<p style=\"text-align: justify;\" align=\"JUSTIFY\"><span style=\"font-family: arial, helvetica, sans-serif; font-size: 14pt;\"><a href=\"https:\/\/i0.wp.com\/pabianice.misjonarze.pl\/wp-content\/uploads\/justyn-de-jacobis03.jpg?ssl=1\" rel=\"lightbox[4924]\"><img data-recalc-dims=\"1\" loading=\"lazy\" decoding=\"async\" class=\"aligncenter wp-image-4925 size-medium\" src=\"https:\/\/i0.wp.com\/pabianice.misjonarze.pl\/wp-content\/uploads\/justyn-de-jacobis03.jpg?resize=195%2C300&#038;ssl=1\" alt=\"\" width=\"195\" height=\"300\" srcset=\"https:\/\/i0.wp.com\/pabianice.misjonarze.pl\/wp-content\/uploads\/justyn-de-jacobis03.jpg?resize=195%2C300&amp;ssl=1 195w, https:\/\/i0.wp.com\/pabianice.misjonarze.pl\/wp-content\/uploads\/justyn-de-jacobis03.jpg?resize=97%2C150&amp;ssl=1 97w, https:\/\/i0.wp.com\/pabianice.misjonarze.pl\/wp-content\/uploads\/justyn-de-jacobis03.jpg?w=664&amp;ssl=1 664w\" sizes=\"auto, (max-width: 195px) 100vw, 195px\" \/><\/a>Justyn de Jacobis urodzi\u0142 si\u0119 9 pa\u017adziernika 1800 roku w Sanfele na po\u0142udniu W\u0142och. Pochodzi\u0142 z bardzo liczne) rodziny &#8211; mia\u0142 trzyna\u015bcioro rodze\u0144stwa. Jego rodzice &#8211; Jan Chrzciciel de Jacobis i J\u00f3zefina Mucci wychowali go w prawdziwie chrze\u015bcija\u0144skie) atmosferze. Na chrzcie otrzyma\u0142 podw\u00f3jne imi\u0119: Justyn Sebastian. Jego matka mia\u0142a powa\u017cny wp\u0142yw na kszta\u0142towanie wiary Justyna, zaszczepiaj\u0105c w jego dusz\u0119 chrze\u015bcija\u0144skie cnoty, g\u0142\u00f3wnie pobo\u017cno\u015bci i nabo\u017ce\u0144stwa do Niepokalanej. W dziewi\u0105tym roku \u017cycia przyj\u0105\u0142 i Komuni\u0119 \u015bw. W tym samym dniu zosta\u0142 mu udzielony sakrament bierzmowania.<\/span><\/p>\n<p><span style=\"font-family: arial, helvetica, sans-serif; font-size: 14pt;\">W 1812 roku wraz z ca\u0142a rodzina przeni\u00f3s\u0142 si\u0119 do Neapolu. Tam jego ojcem duchownym zosta\u0142 karmelita o. Cacace. W czasie trwania nauki szkolnej Justyn zaprzyja\u017ani\u0142 si\u0119 z Wincentym Spaccapietr\u0105, kt\u00f3ry p\u00f3\u017aniej wst\u0105pi\u0142 razem z nim do Zgromadzenia Misji, zostaj\u0105c w latach p\u00f3\u017aniejszych arcybiskupem Smyrny.<\/span><\/p>\n<p><span style=\"font-family: arial, helvetica, sans-serif; font-size: 14pt;\">W 1818 roku Justyn zostaje przyj\u0119ty do Zgromadzenia Misji. 18 pa\u017adziernika 1820 roku sk\u0142ada \u015bluby \u015bwi\u0119te, a po zako\u0144czeniu studi\u00f3w udaje si\u0119 na polecenie prze\u0142o\u017conych do miasta Oria, gdzie misjonarscy klerycy przygotowywali si\u0119 do \u015bwi\u0119ce\u0144 kap\u0142a\u0144skich. 7 grudnia 1823 roku otrzymuje z r\u0105k bp. Triggiano tonsur\u0119 i cztery pierwsze mniejsze \u015bwi\u0119cenia. 20 grudnia tego samego roku w ko\u015bciele si\u00f3str Benedyktynek przyjmuje subdiakonat, a 13 marca 1824 roku w kaplicy seminaryjnej diakonat. 12 czerwca tego roku arcybiskup Brundyzjum udziela mu \u015bwi\u0119ce\u0144 kap\u0142a\u0144skich.<\/span><\/p>\n<p><span style=\"font-family: arial, helvetica, sans-serif; font-size: 14pt;\">Pierwsze sze\u015b\u0107 lat kap\u0142a\u0144stwa sp\u0119dzi\u0142 Justyn pracuj\u0105c w diecezji Oria, prowadz\u0105c rekolekcje w okolicznych wioskach. W Monopol, gdzie przeniesiono go po sze\u015bciu latach, wsp\u00f3lnie z innym kap\u0142anem i dwoma bra\u0107mi mia\u0142 za\u0142o\u017cy\u0107 dom misjonarski . Tam nie tylko pracowa\u0142 w ko\u015bciele, ale odwiedza\u0142 te\u017c chorych i ubogich, potrzebuj\u0105cych pomocy materialnej i duchowej.<\/span><\/p>\n<p><span style=\"font-family: arial, helvetica, sans-serif; font-size: 14pt;\">16 lutego 1834 roku na pro\u015bb\u0119 prze\u0142o\u017conych Justyn de Jacobis opu\u015bci\u0142 Monopol i uda\u0142 si\u0119 do Lecci (Lekki). Tam przebywa\u0142 dwa lata. By\u0142 jakby ojcem duchownym mieszka\u0144c\u00f3w tej miejscowo\u015bci &#8211; \u015bwieckich i innych kap\u0142an\u00f3w . Misjom ludowym ks. de Jacobis oddawa\u0142 si\u0119 z rado\u015bci\u0105, mi\u0142o\u015bci\u0105 i zapa\u0142em od pocz\u0105tku swojej kap\u0142a\u0144skiej pos\u0142ugi. &#8222;Wszystkie swe duchowe si\u0142y wk\u0142ada\u0142 w ewangelizacj\u0119 nie zapominaj\u0105c r\u00f3wnocze\u015bnie i o modlitwie gor\u0119cej do Boga o pomno\u017cenie i wzrost tych z\u0142otych ziarenek S\u0142owa Bo\u017cego w duszach ludzkich, kt\u00f3re w nich s\u0142owem i przyk\u0142adem sia\u0142 i jego towarzysze i on sam&#8221;.<\/span><\/p>\n<p><span style=\"font-family: arial, helvetica, sans-serif; font-size: 14pt;\">14 maja 1836 roku ks. Justyn de Jacobis z polecenia prze\u0142o\u017conych opu\u015bci\u0142 Lecce i uda\u0142 si\u0119 do Neapolu, gdzie mianowano go dyrektorem seminarium. Znajdowa\u0142o si\u0119 ono wtedy w domu pod wezwaniem \u015bw. Miko\u0142aja z Tolentynu, przy ulicy Wiktora Emanuela. W Neapolu w\u0142\u0105czy\u0142 si\u0119 z ca\u0142ym heroizmem w akcj\u0119 niesienia pomocy duchowej chorym i umieraj\u0105cym na choler\u0119, kt\u00f3ra w latach 1836-37 poch\u0142on\u0119\u0142a tu wiele tysi\u0119cy ofiar.<\/span><\/p>\n<p><span style=\"font-family: arial, helvetica, sans-serif; font-size: 14pt;\">W 1837 roku Justyn de Jacobis zosta\u0142 mianowany superiorem domu pod wezwaniem Matki Bo\u017cej. Mia\u0142 wtedy 37 lat. W tym czasie powzi\u0105\u0142 on mocna my\u015bl po\u015bwi\u0119cenia si\u0119 pracy na misjach zagranicznych. Napisa\u0142 list do prze\u0142o\u017conego generalnego Zgromadzenia Misji, w kt\u00f3rym poprosi\u0142 o pozwolenie na wyjazd do Afryki. Jednocze\u015bnie na r\u0119ce prze\u0142o\u017conego generalnego przysz\u0142a z Rzymu, od prefekta Kongregacji Propagandy Wiary propozycja obj\u0119cia przez Zgromadzenie XX. Misjonarzy misji katolickiej w Etiopii.<\/span><\/p>\n<p><span style=\"font-family: arial, helvetica, sans-serif; font-size: 14pt;\">4 lutego 1839 roku ks. Justyn de Jacobis opu\u015bci\u0142 Neapol, aby rozpocz\u0119\u0107 prac\u0119 misyjn\u0105 w Etiopii. 24 maja tego\u017c roku wraz z ks. Ludwikiem Montuorirn i dwoma innymi ksi\u0119\u017cmi udaj\u0105cymi si\u0119 na misje do Syrii ks. Justyn wsiad\u0142 na okr\u0119t udaj\u0105cy si\u0119 do Afryki. Po pi\u0119ciu miesi\u0105cach dotar\u0142 do celu swojej podr\u00f3\u017cy.<\/span><br \/>\n<span style=\"font-family: arial, helvetica, sans-serif; font-size: 14pt;\">Po przybyciu do Abisynii ca\u0142y rok 1840 po\u015bwi\u0119ci\u0142 na przygotowanie si\u0119 do nawracania jej mieszka\u0144c\u00f3w, poprzez modlitw\u0119, studium narzeczy abisy\u0144skich, historii kraju i tamtejszych zwyczaj\u00f3w. Wiedzia\u0142, \u017ce nie ca\u0142kiem w\u0142a\u015bciwa metoda ewangelizacji, prowadzona wcze\u015bniej przez misjonarzy w Etiopii, przynios\u0142a do\u015b\u0107 mierne rezultaty, skutecznie jednak zniech\u0119caj\u0105c wielu tubylc\u00f3w do ko\u015bcio\u0142a rzymskiego. Jaka pierwsze zadanie do wype\u0142nienia, postawi\u0142 przed sob\u0105 usuni\u0119cie naros\u0142ych przez lata uprzedze\u0144 i niech\u0119ci do Ko\u015bcio\u0142a katolickiego i jego przedstawicieli. Nast\u0119pnie postanowi\u0142 podkre\u015bla\u0107 w czasie swoich kontakt\u00f3w z lud\u017ami znaczenie ich zwyczaj\u00f3w, tradycji plemiennych i w\u0142\u0105cza\u0107 je stopniowo w liturgi\u0119 i inne momenty dnia.<\/span><\/p>\n<p><span style=\"font-family: arial, helvetica, sans-serif; font-size: 14pt;\">Powzi\u0105\u0142 poza tym postanowienie, aby wsp\u00f3lnie z grup\u0119 Abisy\u0144czyk\u00f3w uda\u0107 si\u0119 do Rzymu. Wraz z 23 wykszta\u0142conymi lud\u017ami z Etiopii pojecha\u0142 do Wiecznego Miasta, gdzie zosta\u0142 przyj\u0119ty na prywatnej audiencji przez papie\u017ca Grzegorza XVI. Niekt\u00f3rzy z bior\u0105cych udzia\u0142 w tej pielgrzymce, zgodnie z przewidywaniami ks. de Jacobis, stali si\u0119 wkr\u00f3tce gorliwymi propagatorami wiary katolickiej w swoich \u015brodowiskach.<\/span><\/p>\n<p><span style=\"font-family: arial, helvetica, sans-serif; font-size: 14pt;\">W apostolskiej dzia\u0142alno\u015bci ks. Justyna przeszkadza\u0142 mu heretycki biskup Abisynii Abuna Salarna, chc\u0105c usun\u0105\u0107 go na zawsze z granic Etiopii. Justyn nie zra\u017ca\u0142 si\u0119 jednak ci\u0105g\u0142ymi atakami z jego strony. Przez swoj\u0105 niezwyk\u0142\u0105 ofiarno\u015b\u0107 i \u017car serca potrafi\u0142 zjedna\u0107 sobie serca wielu Abisy\u0144czyk\u00f3w. &#8222;Wsz\u0119dzie w tych miejscach, gdzie si\u0119 nawraca\u0142a wi\u0119ksza ilo\u015b\u0107 ludzi, zak\u0142ada\u0142 nasz aposto\u0142 abisy\u0144ski katolickie ochronki i szko\u0142y, w kt\u00f3rych gromadzi\u0142y si\u0119 dzieci nawr\u00f3conych Abisy\u0144czyk\u00f3w i pod kierunkiem krajowych katechist\u00f3w i nauczycieli \u0107wiczy\u0142y si\u0119 w pisaniu i czytaniu, a przede wszystkim w poznawaniu prawdziwej religii. Justyn de Jacobis zak\u0142ada\u0142 tak\u017ce domy dla misjonarzy. W Guala za\u0142o\u017cy\u0142 r\u00f3wnie\u017c wy\u017csza szko\u0142\u0119 i zak\u0142ad, gdzie gromadzi\u0142 i wychowywa\u0142 osobi\u015bcie m\u0142odych ludzi, pragn\u0105cych po\u015bwi\u0119ci\u0107 si\u0119 na s\u0142u\u017cb\u0119 Bo\u017c\u0105.<\/span><\/p>\n<p style=\"text-align: justify;\" align=\"JUSTIFY\"><span style=\"font-family: arial, helvetica, sans-serif; font-size: 14pt;\">16 lipca 1847 roku Pius IX wy\u015bwi\u0119ci\u0142 Justyna na biskupa mianuj\u0105c go ordynariuszem Nilopolu i wikariuszem apostolskim Abisynii. Wkr\u00f3tce biskup de Jacobis zgromadzi\u0142 wok\u00f3\u0142 siebie uczni\u00f3w, kt\u00f3rych poci\u0105ga\u0142 przyk\u0142adem swojego \u017cycia &#8211; pe\u0142nego czynu i pokory. W\u015br\u00f3d nich by\u0142 b\u0142. Abba Micha\u0142 Ghebre, zakonnik i uczony doktor abisy\u0144ska, kt\u00f3ry wiar\u0119 w Chrystusa przypiecz\u0119towa\u0142 m\u0119cze\u0144stwem oraz Abba Tekle Hatmanot, diakon, wy\u015bwi\u0119cony p\u00f3\u017aniej na kap\u0142ana, kt\u00f3ry sta\u0142 si\u0119 nieod\u0142\u0105cznym towarzyszem Justyna i pierwszym biografem swego mistrza.<\/span><\/p>\n<p><span style=\"font-family: arial, helvetica, sans-serif; font-size: 14pt;\">W 1855 roku w Abisynii wybuch\u0142o powstanie. Na tron wst\u0105pi\u0142 cesarz Teodor I &#8211; wcze\u015bniej zwyczajny \u017co\u0142nierz w armii etiopskiej. Po obj\u0119ciu w\u0142adzy cesarz \u00f3w przeprowadzi\u0142 gruntowne reformy. Niestety, na miejsce religii katolickiej zamierza\u0142 wprowadzi\u0107 z powrotem stara religi\u0119 eutychia\u0144ska, z kt\u00f3ra walczy\u0142 wiele lat Justyn de Jacobis. Cesarz, wsp\u00f3lnie z heretyckim biskupem Salamy u\u0142o\u017cy\u0142 heretyckie &#8222;credo&#8221;, kt\u00f3re narzuci\u0142 wszystkim rodakom. Biskup de Jacobis zosta\u0142 aresztowany i uwi\u0119ziony.<\/span><\/p>\n<p><span style=\"font-family: arial, helvetica, sans-serif; font-size: 14pt;\">Przebywa\u0142 w wi\u0119zieniu 5 miesi\u0119cy. Biskup Salama skaza\u0142 go na wygnanie z granic Abisynii . \u017bo\u0142nierze eksportuj\u0105cy go do granic pa\u0144stwa wiedz\u0105c, \u017ce jest niewinny, doprowadzili go tylko do Matamma i tam zostawili. Bp Justyn uda\u0142 si\u0119 do Halai, gdzie zamieszka\u0142 u swoich wiernych. Dowiedziawszy si\u0119 o uwi\u0119zieniu pos\u0142a francuskiego, uda\u0142 si\u0119 do miejsca jego pobytu. Tam ponownie go schwytano i kazano przetransportowa\u0107 do Takonda. 22 dni trzymano go zamkni\u0119tego w stajni pomi\u0119dzy zwierz\u0119tami. Wykupili go stamt\u0105d jego uczniowie. Justyn uda\u0142 si\u0119 do Moncullo.<\/span><\/p>\n<p><span style=\"font-family: arial, helvetica, sans-serif; font-size: 14pt;\">Pobyty w wi\u0119zieniu wyczerpa\u0142y go jednak do tego stopnia, \u017ce zacz\u0105\u0142 podupada\u0107 na zdrowiu. Zaatakowa\u0142a go tak\u017ce febra. 29 lipca 1860 roku po odprawieniu Mszy \u015bw. wyruszy\u0142 do Halai. W drodze, 31 lipca, karawana na pro\u015bb\u0119 biskupa zatrzyma\u0142a si\u0119 na skraju przepi\u0119knej doliny Alghedien. Czuj\u0105c zbli\u017caj\u0105c\u0105 si\u0119 \u015bmier\u0107, Justyn wyspowiada\u0142 si\u0119 i po\u017cegna\u0142 si\u0119 ze wszystkimi.<\/span><\/p>\n<p><span style=\"font-family: arial, helvetica, sans-serif; font-size: 14pt;\">Po przyj\u0119ciu ostatniego namaszczenia poprosi\u0142, aby pozostawiono go samego. O godzinie 15.00 skona\u0142. Jego doczesne szcz\u0105tki spocz\u0119\u0142y w ko\u015bci\u00f3\u0142ku Hebo.<\/span><\/p>\n<p><span style=\"font-family: arial, helvetica, sans-serif; font-size: 14pt;\">25 czerwca 1939 roku papie\u017c Pius XII og\u0142osi\u0142 go b\u0142ogos\u0142awionym, za\u015b 26 pa\u017adziernika 1975 roku kanonizowa\u0142 go Pawe\u0142 VI.<\/span><\/p>\n","protected":false},"excerpt":{"rendered":"<p>Justyn de Jacobis urodzi\u0142 si\u0119 9 pa\u017adziernika 1800 roku w Sanfele na po\u0142udniu W\u0142och. Pochodzi\u0142 z bardzo liczne) rodziny &#8211; mia\u0142 trzyna\u015bcioro rodze\u0144stwa. Jego rodzice &#8211; Jan Chrzciciel de Jacobis i J\u00f3zefina Mucci wychowali&#46;&#46;&#46;<\/p>\n","protected":false},"author":1,"featured_media":0,"parent":0,"menu_order":0,"comment_status":"closed","ping_status":"closed","template":"","meta":{"footnotes":""},"class_list":["post-4924","page","type-page","status-publish","hentry"],"jetpack_sharing_enabled":true,"jetpack_shortlink":"https:\/\/wp.me\/PakDx7-1hq","_links":{"self":[{"href":"https:\/\/pabianice.misjonarze.pl\/index.php?rest_route=\/wp\/v2\/pages\/4924","targetHints":{"allow":["GET"]}}],"collection":[{"href":"https:\/\/pabianice.misjonarze.pl\/index.php?rest_route=\/wp\/v2\/pages"}],"about":[{"href":"https:\/\/pabianice.misjonarze.pl\/index.php?rest_route=\/wp\/v2\/types\/page"}],"author":[{"embeddable":true,"href":"https:\/\/pabianice.misjonarze.pl\/index.php?rest_route=\/wp\/v2\/users\/1"}],"replies":[{"embeddable":true,"href":"https:\/\/pabianice.misjonarze.pl\/index.php?rest_route=%2Fwp%2Fv2%2Fcomments&post=4924"}],"version-history":[{"count":1,"href":"https:\/\/pabianice.misjonarze.pl\/index.php?rest_route=\/wp\/v2\/pages\/4924\/revisions"}],"predecessor-version":[{"id":4926,"href":"https:\/\/pabianice.misjonarze.pl\/index.php?rest_route=\/wp\/v2\/pages\/4924\/revisions\/4926"}],"wp:attachment":[{"href":"https:\/\/pabianice.misjonarze.pl\/index.php?rest_route=%2Fwp%2Fv2%2Fmedia&parent=4924"}],"curies":[{"name":"wp","href":"https:\/\/api.w.org\/{rel}","templated":true}]}}