{"id":4310,"date":"2021-03-17T12:26:04","date_gmt":"2021-03-17T10:26:04","guid":{"rendered":"https:\/\/pabianice.misjonarze.pl\/?page_id=4310"},"modified":"2021-03-17T12:27:41","modified_gmt":"2021-03-17T10:27:41","slug":"4310-2","status":"publish","type":"page","link":"https:\/\/pabianice.misjonarze.pl\/?page_id=4310","title":{"rendered":"Litania do b\u0142ogos\u0142awionej Bronis\u0142awy"},"content":{"rendered":"<p><span style=\"font-family: Arial; font-size: 14pt;\"><img data-recalc-dims=\"1\" loading=\"lazy\" decoding=\"async\" class=\"alignright wp-image-4311 size-medium\" src=\"https:\/\/i0.wp.com\/pabianice.misjonarze.pl\/wp-content\/uploads\/bronislawa02.jpg?resize=224%2C300&#038;ssl=1\" alt=\"\" width=\"224\" height=\"300\" srcset=\"https:\/\/i0.wp.com\/pabianice.misjonarze.pl\/wp-content\/uploads\/bronislawa02.jpg?resize=224%2C300&amp;ssl=1 224w, https:\/\/i0.wp.com\/pabianice.misjonarze.pl\/wp-content\/uploads\/bronislawa02.jpg?resize=112%2C150&amp;ssl=1 112w, https:\/\/i0.wp.com\/pabianice.misjonarze.pl\/wp-content\/uploads\/bronislawa02.jpg?w=298&amp;ssl=1 298w\" sizes=\"auto, (max-width: 224px) 100vw, 224px\" \/><\/span><\/p>\n<p><span style=\"font-family: Arial; font-size: 14pt;\">Kyrie eleison. Chryste eleison. Kyrie eleison.<br \/>\nChryste, us\u0142ysz nas.<br \/>\nChryste, wys\u0142uchaj nas.<br \/>\nOjcze z nieba Bo\u017ce, zmi\u0142uj si\u0119 nad nami.<br \/>\nSynu, Odkupicielu \u015bwiata, Bo\u017ce,<br \/>\nDuchu \u015awi\u0119ty, Bo\u017ce,<br \/>\n\u015awi\u0119ta Tr\u00f3jco, jedyny Bo\u017ce,<br \/>\n<\/span><\/p>\n<p>&nbsp;<\/p>\n<p><span style=\"font-family: Arial; font-size: 14pt;\">B\u0142ogos\u0142awiona Bronis\u0142awo, m\u00f3dl si\u0119 za nami.<br \/>\nB\u0142ogos\u0142awiona Bronis\u0142awo, Oblubienico Jezusa Ukrzy\u017cowanego,<br \/>\nB\u0142ogos\u0142awiona Bronis\u0142awo, Wierna S\u0142u\u017cebnico Niepokalanej,<br \/>\nB\u0142ogos\u0142awiona Bronis\u0142awo, Ozdobo Zakonu Norberta\u0144skiego,<br \/>\nStra\u017cniczko klasztoru zwierzynieckiego,<br \/>\nDrogowskazie \u015bwi\u0119to\u015bci,<br \/>\n\u015awi\u0105tynio \u017cywej wiary,<br \/>\nPochodnio Bo\u017cej mi\u0142o\u015bci,<br \/>\nWzorze pokory i pos\u0142usze\u0144stwa,<br \/>\nZwierciad\u0142o ludzkiej godno\u015bci,<br \/>\nPrzyk\u0142adzie dobrowolnego ub\u00f3stwa,<br \/>\nLilio czysto\u015bci,<br \/>\nPokutuj\u0105ca za grzechy \u015bwiata,<br \/>\nNauczycielko cierpliwo\u015bci,<br \/>\nLekarko chorych,<br \/>\nObrono dobrej s\u0142awy,<br \/>\nMatko sierot i os\u00f3b samotnych,<br \/>\nAposto\u0142ko pojednania i braterstwa,<br \/>\nPrzyjaci\u00f3\u0142ko m\u0142odzie\u017cy i ludzi dobrej woli,<br \/>\nOpiekunko ludu krakowskiego,<br \/>\nPatronko Narodu Polskiego,<\/span><\/p>\n<p><span style=\"font-family: Arial; font-size: 14pt;\">Zrozumienie sensu \u017cycia, upro\u015b nam u Boga.<br \/>\nUmiej\u0119tno\u015b\u0107 odczytywania znak\u00f3w czasu,<br \/>\nPok\u00f3j i sprawiedliwo\u015b\u0107,<br \/>\n\u017byczliwo\u015b\u0107 i mi\u0142o\u015b\u0107 dla bli\u017anich,<br \/>\nZdolno\u015b\u0107 do ofiar i po\u015bwiece\u0144,<br \/>\nRoztropno\u015b\u0107 w dzia\u0142aniu,<br \/>\nProstolinijno\u015b\u0107 w postepowaniu,<br \/>\nOdpowiedzialno\u015b\u0107 za otrzymane zdolno\u015bci,<br \/>\nWierno\u015b\u0107 \u017cyciowemu powo\u0142aniu,<br \/>\nWra\u017cliwo\u015b\u0107 na sprawy zbawienia,<br \/>\n\u0141ask\u0119 chrze\u015bcija\u0144skiej \u015bmierci,<\/span><\/p>\n<p><span style=\"font-family: Arial; font-size: 14pt;\"><br \/>\nM\u00f3dl si\u0119 za nami B\u0142ogos\u0142awiona Bronis\u0142awo,<br \/>\nAby\u015bmy si\u0119 stali godnymi obietnic Chrystusowych.<\/span><\/p>\n<p style=\"text-align: justify;\" align=\"left\"><span style=\"font-family: Arial; font-size: 14pt;\"><br \/>\nM\u00f3dlmy si\u0119:\u00a0 Panie Jezu Chryste, kt\u00f3ry powiedzia\u0142e\u015b: &#8222;Je\u015bli kto chce i\u015b\u0107 za Mn\u0105, niech si\u0119 zaprze siebie samego, niech we\u017amie krzy\u017c sw\u00f3j i niech Mnie na\u015bladuje&#8221;, udziel nam \u0142aski, aby\u015bmy za przyk\u0142adem b\u0142ogos\u0142awionej Bronis\u0142awy d\u017awigali krzy\u017ce naszego \u017cycia z pe\u0142nym poddaniem si\u0119 Twojej \u015awi\u0119tej Woli, kt\u00f3ra nas wiedzie do wiecznych rado\u015bci, gdzie Ty \u017cyjesz i kr\u00f3lujesz, B\u00f3g na wieki wiek\u00f3w.\u00a0 Amen.<\/span><\/p>\n","protected":false},"excerpt":{"rendered":"<p>Kyrie eleison. Chryste eleison. Kyrie eleison. Chryste, us\u0142ysz nas. Chryste, wys\u0142uchaj nas. Ojcze z nieba Bo\u017ce, zmi\u0142uj si\u0119 nad nami. Synu, Odkupicielu \u015bwiata, Bo\u017ce, Duchu \u015awi\u0119ty, Bo\u017ce, \u015awi\u0119ta Tr\u00f3jco, jedyny Bo\u017ce, &nbsp; B\u0142ogos\u0142awiona Bronis\u0142awo,&#46;&#46;&#46;<\/p>\n","protected":false},"author":1,"featured_media":0,"parent":0,"menu_order":0,"comment_status":"closed","ping_status":"closed","template":"","meta":{"footnotes":""},"class_list":["post-4310","page","type-page","status-publish","hentry"],"jetpack_sharing_enabled":true,"jetpack_shortlink":"https:\/\/wp.me\/PakDx7-17w","_links":{"self":[{"href":"https:\/\/pabianice.misjonarze.pl\/index.php?rest_route=\/wp\/v2\/pages\/4310","targetHints":{"allow":["GET"]}}],"collection":[{"href":"https:\/\/pabianice.misjonarze.pl\/index.php?rest_route=\/wp\/v2\/pages"}],"about":[{"href":"https:\/\/pabianice.misjonarze.pl\/index.php?rest_route=\/wp\/v2\/types\/page"}],"author":[{"embeddable":true,"href":"https:\/\/pabianice.misjonarze.pl\/index.php?rest_route=\/wp\/v2\/users\/1"}],"replies":[{"embeddable":true,"href":"https:\/\/pabianice.misjonarze.pl\/index.php?rest_route=%2Fwp%2Fv2%2Fcomments&post=4310"}],"version-history":[{"count":2,"href":"https:\/\/pabianice.misjonarze.pl\/index.php?rest_route=\/wp\/v2\/pages\/4310\/revisions"}],"predecessor-version":[{"id":4314,"href":"https:\/\/pabianice.misjonarze.pl\/index.php?rest_route=\/wp\/v2\/pages\/4310\/revisions\/4314"}],"wp:attachment":[{"href":"https:\/\/pabianice.misjonarze.pl\/index.php?rest_route=%2Fwp%2Fv2%2Fmedia&parent=4310"}],"curies":[{"name":"wp","href":"https:\/\/api.w.org\/{rel}","templated":true}]}}