{"id":4302,"date":"2021-03-16T12:44:11","date_gmt":"2021-03-16T10:44:11","guid":{"rendered":"https:\/\/pabianice.misjonarze.pl\/?page_id=4302"},"modified":"2021-03-16T12:44:28","modified_gmt":"2021-03-16T10:44:28","slug":"litania-do-swietego-stanislawa-kostki","status":"publish","type":"page","link":"https:\/\/pabianice.misjonarze.pl\/?page_id=4302","title":{"rendered":"Litania do \u015awi\u0119tego Stanis\u0142awa Kostki"},"content":{"rendered":"<p><span style=\"font-family: Arial; font-size: 14pt;\"><img data-recalc-dims=\"1\" loading=\"lazy\" decoding=\"async\" class=\"alignright wp-image-4303 size-medium\" src=\"https:\/\/i0.wp.com\/pabianice.misjonarze.pl\/wp-content\/uploads\/stanislaw-kostka.jpg?resize=217%2C300&#038;ssl=1\" alt=\"\" width=\"217\" height=\"300\" srcset=\"https:\/\/i0.wp.com\/pabianice.misjonarze.pl\/wp-content\/uploads\/stanislaw-kostka.jpg?resize=217%2C300&amp;ssl=1 217w, https:\/\/i0.wp.com\/pabianice.misjonarze.pl\/wp-content\/uploads\/stanislaw-kostka.jpg?resize=109%2C150&amp;ssl=1 109w, https:\/\/i0.wp.com\/pabianice.misjonarze.pl\/wp-content\/uploads\/stanislaw-kostka.jpg?w=371&amp;ssl=1 371w\" sizes=\"auto, (max-width: 217px) 100vw, 217px\" \/><\/span><\/p>\n<p><span style=\"font-family: Arial; font-size: 14pt;\">Kyrie eleison. Chryste eleison. Kyrie eleison.<br \/>\nChryste, us\u0142ysz nas.<br \/>\nChryste, wys\u0142uchaj nas.<br \/>\nOjcze z nieba Bo\u017ce, zmi\u0142uj si\u0119 nad nami.<br \/>\nSynu, Odkupicielu \u015bwiata, Bo\u017ce,<br \/>\nDuchu \u015awi\u0119ty, Bo\u017ce,<br \/>\n\u015awi\u0119ta Tr\u00f3jco, jedyny Bo\u017ce,<\/span><\/p>\n<p><span style=\"font-family: Arial; font-size: 14pt;\">\u015awi\u0119ta Maryjo, Kr\u00f3lowo wyznawc\u00f3w, m\u00f3dl si\u0119 za nami.<br \/>\n\u015awi\u0119ty Stanis\u0142awie, mi\u0142o\u015bci\u0105 Bosk\u0105 zawsze pa\u0142aj\u0105cy,<br \/>\n\u015awi\u0119ty Stanis\u0142awie, gorliwy czcicielu Naj\u015bwi\u0119tszego Sakramentu O\u0142tarza,<br \/>\n\u015awi\u0119ty Stanis\u0142awie, ukochany synu Naj\u015bwi\u0119tszej Maryi Panny,<br \/>\n\u015awi\u0119ty Stanis\u0142awie, pobo\u017cny s\u0142ugo \u015awi\u0119tej Barbary,<br \/>\n\u015awi\u0119ty Stanis\u0142awie, \u0142askawy obro\u0144co konaj\u0105cych,<br \/>\n\u015awi\u0119ty Stanis\u0142awie, wybrana ozdobo Towarzystwa Jezusowego,<br \/>\n\u015awi\u0119ty Stanis\u0142awie, m\u0119\u017cny siebie samego zwyci\u0119zco,<br \/>\n\u015awi\u0119ty Stanis\u0142awie, dzielny pogromco duch\u00f3w piekielnych,<br \/>\n\u015awi\u0119ty Stanis\u0142awie, wspania\u0142omy\u015blny wzgardzicielu \u015bwiata,<br \/>\n\u015awi\u0119ty Stanis\u0142awie, niewzruszona w\u015br\u00f3d prze\u015bladowania opoko,<br \/>\n\u015awi\u0119ty Stanis\u0142awie, ja\u015bniej\u0105ce zwierciad\u0142o nabo\u017ce\u0144stwa,<br \/>\n\u015awi\u0119ty Stanis\u0142awie, doskona\u0142y wzorze pos\u0142usze\u0144stwa,<br \/>\n\u015awi\u0119ty Stanis\u0142awie, mistrzu skromno\u015bci i \u015bwi\u0105tobliwo\u015bci,<br \/>\n\u015awi\u0119ty Stanis\u0142awie, pi\u0119kny kwiecie czysto\u015bci,<br \/>\n\u015awi\u0119ty Stanis\u0142awie, gorliwy w dope\u0142nianiu powo\u0142ania Boskiego,<br \/>\n\u015awi\u0119ty Stanis\u0142awie, zwyci\u0119zco w\u0142asnych zmys\u0142\u00f3w,<br \/>\n\u015awi\u0119ty Stanis\u0142awie, kt\u00f3ry\u015b \u015bwi\u0119tej ze chrztu niewinno\u015bci a\u017c da \u015bmierci dochowa\u0142,<br \/>\n\u015awi\u0119ty Stanis\u0142awie, kt\u00f3rego anio\u0142owie niebiescy Cia\u0142em Naj\u015bwi\u0119tszym karmili,<br \/>\n\u015awi\u0119ty Stanis\u0142awie, kt\u00f3remu Maryja Dzieci\u0119 Jezus na r\u0119ku z\u0142o\u017cy\u0142a,<br \/>\n\u015awi\u0119ty Stanis\u0142awie, kt\u00f3ry\u015b nieprzyjaciela dusz znakiem Krzy\u017ca \u015bwi\u0119tego odp\u0119dzi\u0142,<br \/>\n\u015awi\u0119ty Stanis\u0142awie, kt\u00f3ry\u015b godzin\u0119 \u015bmierci swej przepowiedzia\u0142,<br \/>\n\u015awi\u0119ty Stanis\u0142awie, kt\u00f3rego s\u0142awa wielkiej \u015bwi\u0105tobliwo\u015bci s\u0142ynie po ca\u0142ym \u015bwiecie,<br \/>\n\u015awi\u0119ty Stanis\u0142awie, kt\u00f3ry\u015b ojczyzn\u0119 swoj\u0105 z r\u00f3\u017cnych przyg\u00f3d i niebezpiecze\u0144stw wyratowa\u0142,<br \/>\n\u015awi\u0119ty Stanis\u0142awie, opiekunie m\u0142odzie\u017cy niewinnej,<\/span><\/p>\n<p><span style=\"font-family: Arial; font-size: 14pt;\"><br \/>\nAby\u015bmy cnoty Twoje na\u015bladowali, upro\u015b nam u Boga.<br \/>\nAby\u015bmy bez Sakrament\u00f3w \u015bwi\u0119tych z tego \u015bwiata nie schodzili,<br \/>\nAby\u015bmy natchnieniom Boskim powolnymi byli,<br \/>\nAby\u015bmy pokusy czarta, \u015bwiata i cia\u0142a zwyci\u0119\u017cali,<br \/>\nAby\u015bmy zawsze bogobojnie \u017cyli,<br \/>\nAby\u015bmy zbawienia wiecznego dost\u0105pi\u0107 mogli,<\/span><\/p>\n<p><span style=\"font-family: Arial; font-size: 14pt;\"><br \/>\nBaranku Bo\u017cy, kt\u00f3ry g\u0142adzisz grzechy \u015bwiata, przepu\u015b\u0107 nam Panie.<br \/>\nBaranku Bo\u017cy, kt\u00f3ry g\u0142adzisz grzechy \u015bwiata, wys\u0142uchaj nas Panie.<br \/>\nBaranku Bo\u017cy, kt\u00f3ry g\u0142adzisz grzechy \u015bwiata, zmi\u0142uj si\u0119 nad nami.<\/span><\/p>\n<p>M\u00f3dl si\u0119 za nami \u015awi\u0119ty Stanis\u0142awie,<br \/>\nAby\u015bmy si\u0119 stali godnymi obietnic Chrystusowych.<\/p>\n<p style=\"text-align: justify;\"><span style=\"font-family: Arial; font-size: 14pt;\"><br \/>\nM\u00f3dlmy si\u0119:\u00a0 Bo\u017ce, kt\u00f3ry\u015b w\u015br\u00f3d rozlicznych cud\u00f3w swej m\u0105dro\u015bci tak\u017ce i tego dokona\u0142, i\u017ce\u015b w m\u0142odocianym nawet wieku \u0142ask\u0119 dojrza\u0142ej \u015bwi\u0119to\u015bci da\u0107 raczy\u0142, spraw, prosimy Ci\u0119, aby\u015bmy za przyk\u0142adem \u015awi\u0119tego Stanis\u0142awa Kostki zbawiennie z czasu \u017cycia korzystali i skwapliwie do wiecznego zd\u0105\u017cali pokoju. Przez Chrystusa Pana naszego. Amen.<\/span><\/p>\n","protected":false},"excerpt":{"rendered":"<p>Kyrie eleison. Chryste eleison. Kyrie eleison. Chryste, us\u0142ysz nas. Chryste, wys\u0142uchaj nas. Ojcze z nieba Bo\u017ce, zmi\u0142uj si\u0119 nad nami. Synu, Odkupicielu \u015bwiata, Bo\u017ce, Duchu \u015awi\u0119ty, Bo\u017ce, \u015awi\u0119ta Tr\u00f3jco, jedyny Bo\u017ce, \u015awi\u0119ta Maryjo, Kr\u00f3lowo&#46;&#46;&#46;<\/p>\n","protected":false},"author":1,"featured_media":0,"parent":0,"menu_order":0,"comment_status":"closed","ping_status":"closed","template":"","meta":{"footnotes":""},"class_list":["post-4302","page","type-page","status-publish","hentry"],"jetpack_sharing_enabled":true,"jetpack_shortlink":"https:\/\/wp.me\/PakDx7-17o","_links":{"self":[{"href":"https:\/\/pabianice.misjonarze.pl\/index.php?rest_route=\/wp\/v2\/pages\/4302","targetHints":{"allow":["GET"]}}],"collection":[{"href":"https:\/\/pabianice.misjonarze.pl\/index.php?rest_route=\/wp\/v2\/pages"}],"about":[{"href":"https:\/\/pabianice.misjonarze.pl\/index.php?rest_route=\/wp\/v2\/types\/page"}],"author":[{"embeddable":true,"href":"https:\/\/pabianice.misjonarze.pl\/index.php?rest_route=\/wp\/v2\/users\/1"}],"replies":[{"embeddable":true,"href":"https:\/\/pabianice.misjonarze.pl\/index.php?rest_route=%2Fwp%2Fv2%2Fcomments&post=4302"}],"version-history":[{"count":2,"href":"https:\/\/pabianice.misjonarze.pl\/index.php?rest_route=\/wp\/v2\/pages\/4302\/revisions"}],"predecessor-version":[{"id":4305,"href":"https:\/\/pabianice.misjonarze.pl\/index.php?rest_route=\/wp\/v2\/pages\/4302\/revisions\/4305"}],"wp:attachment":[{"href":"https:\/\/pabianice.misjonarze.pl\/index.php?rest_route=%2Fwp%2Fv2%2Fmedia&parent=4302"}],"curies":[{"name":"wp","href":"https:\/\/api.w.org\/{rel}","templated":true}]}}