{"id":4271,"date":"2021-03-12T12:09:26","date_gmt":"2021-03-12T10:09:26","guid":{"rendered":"https:\/\/pabianice.misjonarze.pl\/?page_id=4271"},"modified":"2021-03-12T12:09:26","modified_gmt":"2021-03-12T10:09:26","slug":"litania-do-swietego-norberta","status":"publish","type":"page","link":"https:\/\/pabianice.misjonarze.pl\/?page_id=4271","title":{"rendered":"Litania do \u015awi\u0119tego Norberta"},"content":{"rendered":"<p><span style=\"font-family: Arial; font-size: 14pt;\"><img data-recalc-dims=\"1\" loading=\"lazy\" decoding=\"async\" class=\"alignright wp-image-4272 size-medium\" src=\"https:\/\/i0.wp.com\/pabianice.misjonarze.pl\/wp-content\/uploads\/norbert.jpg?resize=247%2C300&#038;ssl=1\" alt=\"\" width=\"247\" height=\"300\" srcset=\"https:\/\/i0.wp.com\/pabianice.misjonarze.pl\/wp-content\/uploads\/norbert.jpg?resize=247%2C300&amp;ssl=1 247w, https:\/\/i0.wp.com\/pabianice.misjonarze.pl\/wp-content\/uploads\/norbert.jpg?resize=123%2C150&amp;ssl=1 123w, https:\/\/i0.wp.com\/pabianice.misjonarze.pl\/wp-content\/uploads\/norbert.jpg?w=421&amp;ssl=1 421w\" sizes=\"auto, (max-width: 247px) 100vw, 247px\" \/><\/span><\/p>\n<p><span style=\"font-family: Arial; font-size: 14pt;\">Kyrie eleison. Chryste eleison. Kyrie eleison.<br \/>\nChryste, us\u0142ysz nas.<br \/>\nChryste, wys\u0142uchaj nas.<br \/>\nOjcze z nieba Bo\u017ce, zmi\u0142uj si\u0119 nad nami.<br \/>\nSynu, Odkupicielu \u015bwiata, Bo\u017ce,<br \/>\nDuchu \u015awi\u0119ty, Bo\u017ce,<br \/>\n\u015awi\u0119ta Tr\u00f3jco, jedyny Bo\u017ce,<\/span><\/p>\n<p><span style=\"font-family: Arial; font-size: 14pt;\">\u015awi\u0119ta Maryjo, m\u00f3dl si\u0119 za nami.<br \/>\nKr\u00f3lowo Wyznawc\u00f3w,<br \/>\n\u015awi\u0119ty Norbercie,<br \/>\n\u015awi\u0119ty Norbercie, cudem uchroniony od \u015bmierci,<br \/>\n\u015awi\u0119ty Norbercie, wyrwany z drogi zatracenia,<br \/>\n\u015awi\u0119ty Norbercie, owocu \u0142aski Bo\u017cej,<br \/>\n\u015awi\u0119ty Norbercie, oddany \u017cyciu pokutnemu,<br \/>\n\u015awi\u0119ty Norbercie, \u017carliwy w modlitwie,<br \/>\n\u015awi\u0119ty Norbercie, m\u0119\u017cu surowych obyczaj\u00f3w,<\/span><\/p>\n<p><span style=\"font-family: Arial; font-size: 14pt;\">\u015awi\u0119ty Norbercie, oddany surowej ascezie,<br \/>\n\u015awi\u0119ty Norbercie, gardz\u0105cy zaszczytami \u015bwiata<br \/>\n\u015awi\u0119ty Norbercie, w\u0119drowny apostole,<br \/>\n\u015awi\u0119ty Norbercie, p\u0142omienny kaznodziejo,<br \/>\n\u015awi\u0119ty Norbercie, wytrwa\u0142y siewco s\u0142owa Bo\u017cego,<br \/>\n\u015awi\u0119ty Norbercie, g\u0142osz\u0105cy pokut\u0119 i nawr\u00f3cenie,<br \/>\n\u015awi\u0119ty Norbercie, nawo\u0142uj\u0105cy do zmiany obyczaj\u00f3w,<br \/>\n\u015awi\u0119ty Norbercie, niestrudzony misjonarzu,<br \/>\n\u015awi\u0119ty Norbercie, pe\u0142en troski o zbawienie dusz,<br \/>\n\u015awi\u0119ty Norbercie, oddany pracy apostolskiej,<br \/>\n\u015awi\u0119ty Norbercie, reformatorze \u017cycia kleru i wiernych,<br \/>\n\u015awi\u0119ty Norbercie, zwalczaj\u0105cy b\u0142\u0119dnowierstwo,<br \/>\n\u015awi\u0119ty Norbercie, zwalczaj\u0105cy wrog\u00f3w Ko\u015bcio\u0142a,<br \/>\n\u015awi\u0119ty Norbercie, obro\u0144co Ko\u015bcio\u0142a i jego praw,<br \/>\n\u015awi\u0119ty Norbercie, gorliwy o sprawy Bo\u017ce,<br \/>\n\u015awi\u0119ty Norbercie, niedo\u015bcigniony przyk\u0142adzie pokory,<br \/>\n\u015awi\u0119ty Norbercie, wzorze czysto\u015bci,<br \/>\n\u015awi\u0119ty Norbercie, przyk\u0142adzie pos\u0142usze\u0144stwa,<br \/>\n\u015awi\u0119ty Norbercie, mi\u0142o\u015bniku ewangelicznego ub\u00f3stwa,<br \/>\n\u015awi\u0119ty Norbercie, wielki czcicielu Eucharystii,<br \/>\n\u015awi\u0119ty Norbercie, za\u0142o\u017cycielu zakonu,<br \/>\n\u015awi\u0119ty Norbercie, niestrudzony w pracy duszpasterskiej,<br \/>\n\u015awi\u0119ty Norbercie, promotorze \u017cycia zakonnego,<br \/>\n\u015awi\u0119ty Norbercie, wzorze kap\u0142an\u00f3w i biskup\u00f3w,<br \/>\n\u015awi\u0119ty Norbercie, pokorny i gorliwy w s\u0142u\u017cbie Bo\u017cej,<br \/>\n\u015awi\u0119ty Norbercie, wierny Synu Ko\u015bcio\u0142a,<br \/>\n\u015awi\u0119ty Norbercie, Ojcze ubogich,<br \/>\n\u015awi\u0119ty Norbercie, ja\u015bniej\u0105cy duchem Mi\u0142osierdzia Bo\u017cego,<br \/>\n\u015awi\u0119ty Norbercie, wielki Cudotw\u00f3rco Bo\u017cy,<br \/>\n\u015awi\u0119ty Norbercie, mo\u017cny Or\u0119downiku przed Bogiem,<br \/>\n\u015awi\u0119ty Norbercie, cierpliwy w przedsi\u0119wzi\u0119ciach,<br \/>\n\u015awi\u0119ty Norbercie, nasz mo\u017cny Patronie,<\/span><\/p>\n<p><span style=\"font-family: Arial; font-size: 14pt;\"><br \/>\nBaranku Bo\u017cy, kt\u00f3ry g\u0142adzisz grzechy \u015bwiata, przepu\u015b\u0107 nam Panie.<br \/>\nBaranku Bo\u017cy, kt\u00f3ry g\u0142adzisz grzechy \u015bwiata, wys\u0142uchaj nas Panie.<br \/>\nBaranku Bo\u017cy, kt\u00f3ry g\u0142adzisz grzechy \u015bwiata, zmi\u0142uj si\u0119 nad nami.<\/p>\n<p><\/span><\/p>\n<p><span style=\"font-family: Arial; font-size: 14pt;\">M\u00f3dl si\u0119 za nami \u015awi\u0119ty Norbercie,<br \/>\nAby\u015bmy si\u0119 stali godnymi obietnic Chrystusowych.<br \/>\n<\/span><\/p>\n<p style=\"text-align: justify;\"><span style=\"font-family: Arial; font-size: 14pt;\"><br \/>\nM\u00f3dlmy si\u0119:\u00a0 Bo\u017ce, Ty sprawi\u0142e\u015b, \u017ce \u015awi\u0119ty Norbert, biskup, odznacza\u0142 si\u0119 w s\u0142u\u017cbie Ko\u015bcio\u0142a duchem modlitwy i pastersk\u0105 gorliwo\u015bci\u0105, daj, aby lud Tw\u00f3j, za jego wstawiennictwem cieszy\u0142 si\u0119 pasterzami wed\u0142ug Serca Twojego Syna, a naszego Pana Jezusa Chrystusa.\u00a0\u00a0 Amen.<\/span><\/p>\n","protected":false},"excerpt":{"rendered":"<p>Kyrie eleison. Chryste eleison. Kyrie eleison. Chryste, us\u0142ysz nas. Chryste, wys\u0142uchaj nas. Ojcze z nieba Bo\u017ce, zmi\u0142uj si\u0119 nad nami. Synu, Odkupicielu \u015bwiata, Bo\u017ce, Duchu \u015awi\u0119ty, Bo\u017ce, \u015awi\u0119ta Tr\u00f3jco, jedyny Bo\u017ce, \u015awi\u0119ta Maryjo, m\u00f3dl&#46;&#46;&#46;<\/p>\n","protected":false},"author":1,"featured_media":0,"parent":0,"menu_order":0,"comment_status":"closed","ping_status":"closed","template":"","meta":{"footnotes":""},"class_list":["post-4271","page","type-page","status-publish","hentry"],"jetpack_sharing_enabled":true,"jetpack_shortlink":"https:\/\/wp.me\/PakDx7-16T","_links":{"self":[{"href":"https:\/\/pabianice.misjonarze.pl\/index.php?rest_route=\/wp\/v2\/pages\/4271","targetHints":{"allow":["GET"]}}],"collection":[{"href":"https:\/\/pabianice.misjonarze.pl\/index.php?rest_route=\/wp\/v2\/pages"}],"about":[{"href":"https:\/\/pabianice.misjonarze.pl\/index.php?rest_route=\/wp\/v2\/types\/page"}],"author":[{"embeddable":true,"href":"https:\/\/pabianice.misjonarze.pl\/index.php?rest_route=\/wp\/v2\/users\/1"}],"replies":[{"embeddable":true,"href":"https:\/\/pabianice.misjonarze.pl\/index.php?rest_route=%2Fwp%2Fv2%2Fcomments&post=4271"}],"version-history":[{"count":1,"href":"https:\/\/pabianice.misjonarze.pl\/index.php?rest_route=\/wp\/v2\/pages\/4271\/revisions"}],"predecessor-version":[{"id":4273,"href":"https:\/\/pabianice.misjonarze.pl\/index.php?rest_route=\/wp\/v2\/pages\/4271\/revisions\/4273"}],"wp:attachment":[{"href":"https:\/\/pabianice.misjonarze.pl\/index.php?rest_route=%2Fwp%2Fv2%2Fmedia&parent=4271"}],"curies":[{"name":"wp","href":"https:\/\/api.w.org\/{rel}","templated":true}]}}