{"id":4266,"date":"2021-03-12T11:26:51","date_gmt":"2021-03-12T09:26:51","guid":{"rendered":"https:\/\/pabianice.misjonarze.pl\/?page_id=4266"},"modified":"2021-03-12T11:26:51","modified_gmt":"2021-03-12T09:26:51","slug":"litania-o-swietej-marii-magdalenie","status":"publish","type":"page","link":"https:\/\/pabianice.misjonarze.pl\/?page_id=4266","title":{"rendered":"Litania o \u015awi\u0119tej Marii Magdalenie"},"content":{"rendered":"<p><span style=\"font-family: Arial; font-size: 14pt;\"><img data-recalc-dims=\"1\" loading=\"lazy\" decoding=\"async\" class=\"alignright wp-image-4267 size-medium\" src=\"https:\/\/i0.wp.com\/pabianice.misjonarze.pl\/wp-content\/uploads\/maria-magdalena.jpg?resize=246%2C300&#038;ssl=1\" alt=\"\" width=\"246\" height=\"300\" srcset=\"https:\/\/i0.wp.com\/pabianice.misjonarze.pl\/wp-content\/uploads\/maria-magdalena.jpg?resize=246%2C300&amp;ssl=1 246w, https:\/\/i0.wp.com\/pabianice.misjonarze.pl\/wp-content\/uploads\/maria-magdalena.jpg?resize=123%2C150&amp;ssl=1 123w, https:\/\/i0.wp.com\/pabianice.misjonarze.pl\/wp-content\/uploads\/maria-magdalena.jpg?w=492&amp;ssl=1 492w\" sizes=\"auto, (max-width: 246px) 100vw, 246px\" \/><\/span><\/p>\n<p>&nbsp;<\/p>\n<p><span style=\"font-family: Arial; font-size: 14pt;\">Kyrie eleison. Chryste eleison. Kyrie eleison<br \/>\nChryste, us\u0142ysz nas.<br \/>\nChryste, wys\u0142uchaj nas.<br \/>\nOjcze z nieba Bo\u017ce, zmi\u0142uj si\u0119 nad nami.<br \/>\nSynu, Odkupicielu \u015bwiata, Bo\u017ce,<br \/>\nDuchu \u015awi\u0119ty, Bo\u017ce,<br \/>\n\u015awi\u0119ta Tr\u00f3jco, jedyny Bo\u017ce,<\/span><\/p>\n<p>&nbsp;<\/p>\n<p><span style=\"font-family: Arial; font-size: 14pt;\">O Jezu, kt\u00f3ry przyszed\u0142e\u015b na \u015bwiat dla zbawienia grzesznik\u00f3w, zmi\u0142uj si\u0119 nad nami.<br \/>\nO Jezu, kt\u00f3ry nawr\u00f3ci\u0142e\u015b do Siebie grzeszn\u0105 Mari\u0119 Magdalen\u0119,<br \/>\nO Jezu, kt\u00f3ry zrani\u0142e\u015b serce Marii Magdaleny \u017calem i mi\u0142o\u015bci\u0105,<br \/>\nO Jezu, kt\u00f3ry dopu\u015bci\u0142e\u015b Mari\u0119 Magdalen\u0119 do swoich n\u00f3g w domu Szymona,<br \/>\nO Jezu, kt\u00f3ry pozwoli\u0142e\u015b Magdalenie obmy\u0107 swe nogi \u0142zami i w\u0142osami,<br \/>\nO Jezu, kt\u00f3ry przyj\u0105\u0142e\u015b od Magdaleny namaszczenie przed \u015bmierci\u0105,<br \/>\nO Jezu, kt\u00f3ry broni\u0142e\u015b Magdalen\u0119 przed zarzutami faryzeusza,<br \/>\nO Jezu, kt\u00f3ry odpu\u015bci\u0142e\u015b Magdalenie wszystkie jej grzechy,<br \/>\nO Jezu, kt\u00f3ry natchn\u0105\u0142e\u015b Magdalen\u0119 do pilnego s\u0142uchania Twych nauk,<br \/>\nO Jezu, kt\u00f3ry pozwoli\u0142e\u015b Magdalenie by\u0107 uczestniczk\u0105 przy Twej M\u0119ce,<br \/>\nO Jezu, kt\u00f3ry pierwsz\u0105 Magdalen\u0119 przywiod\u0142e\u015b do Swego Grobu,<br \/>\nO Jezu, kt\u00f3ry ukaza\u0142e\u015b si\u0119 Magdalenie po swym Zmartwychwstaniu,<br \/>\nO Jezu, kt\u00f3ry przy Grobie da\u0142e\u015b si\u0119 pozna\u0107 Magdalenie s\u0142owem: Mario,<br \/>\nO Jezu, kt\u00f3ry b\u0142ogos\u0142awi\u0142e\u015b Magdalen\u0119 przed odej\u015bciem do nieba,<br \/>\nO Jezu, kt\u00f3ry zapali\u0142e\u015b Magdalen\u0119 gorliwo\u015bci\u0105 szerzenia Ewangelii,<br \/>\nO Jezu, kt\u00f3ry obdarzy\u0142e\u015b Magdalen\u0119 moc\u0105 czynienia cud\u00f3w,<br \/>\nO Jezu, kt\u00f3ry przywiod\u0142e\u015b Magdalen\u0119 do umi\u0142owania pustyni,<br \/>\nO Jezu, kt\u00f3ry przyj\u0105\u0142e\u015b srog\u0105 pokut\u0119 Magdaleny,<br \/>\nO Jezu, kt\u00f3ry odpu\u015bci\u0142e\u015b Magdalenie grzechy m\u0142odo\u015bci,<br \/>\nO Jezu, kt\u00f3ry obdarzy\u0142e\u015b Magdalen\u0119 pociech\u0105 duszy,<br \/>\nO Jezu, kt\u00f3ry przyj\u0105\u0142e\u015b do swej chwa\u0142y pokutuj\u0105c\u0105 Magdalen\u0119,<br \/>\nO Jezu, kt\u00f3ry da\u0142e\u015b Magdalen\u0119 za wz\u00f3r dla pokutuj\u0105cych,<br \/>\nO Jezu, kt\u00f3ry rozs\u0142awi\u0142e\u015b po \u015bwiecie imi\u0119 Magdaleny,<br \/>\nO Jezu, kt\u00f3ry da\u0142e\u015b Magdalen\u0119 grzesznikom za patronk\u0119,<br \/>\nO Jezu, kt\u00f3ry otworzy\u0142e\u015b Swe Naj\u015bwi\u0119tsze Serce dla wszystkich grzesznik\u00f3w,<\/p>\n<p><\/span><\/p>\n<p><span style=\"font-family: Arial; font-size: 14pt;\">Baranku Bo\u017cy, kt\u00f3ry g\u0142adzisz grzechy \u015bwiata, przepu\u015b\u0107 nam Panie.<br \/>\nBaranku Bo\u017cy, kt\u00f3ry g\u0142adzisz grzechy \u015bwiata, wys\u0142uchaj nas Panie.<br \/>\nBaranku Bo\u017cy, kt\u00f3ry g\u0142adzisz grzechy \u015bwiata, zmi\u0142uj si\u0119 nad nami.<\/p>\n<p>Maria Magdalena obra\u0142a najlepsz\u0105 cz\u0105stk\u0119.<br \/>\nKt\u00f3rej na wieki nie b\u0119dzie pozbawiona.<\/p>\n<p><\/span><\/p>\n<p><span style=\"font-family: Arial; font-size: 14pt;\">M\u00f3dlmy si\u0119: Panie Jezu Chryste, prosimy Ci\u0119 pokornie, niech nas wspomaga przed Tob\u0105 wstawiennictwo \u015awi\u0119tej Marii Magdaleny.\u00a0 Kt\u00f3ry \u017cyjesz i kr\u00f3lujesz na wieki wiek\u00f3w.\u00a0 Amen.<\/span><\/p>\n","protected":false},"excerpt":{"rendered":"<p>&nbsp; Kyrie eleison. Chryste eleison. Kyrie eleison Chryste, us\u0142ysz nas. Chryste, wys\u0142uchaj nas. Ojcze z nieba Bo\u017ce, zmi\u0142uj si\u0119 nad nami. Synu, Odkupicielu \u015bwiata, Bo\u017ce, Duchu \u015awi\u0119ty, Bo\u017ce, \u015awi\u0119ta Tr\u00f3jco, jedyny Bo\u017ce, &nbsp; O&#46;&#46;&#46;<\/p>\n","protected":false},"author":1,"featured_media":0,"parent":0,"menu_order":0,"comment_status":"closed","ping_status":"closed","template":"","meta":{"footnotes":""},"class_list":["post-4266","page","type-page","status-publish","hentry"],"jetpack_sharing_enabled":true,"jetpack_shortlink":"https:\/\/wp.me\/PakDx7-16O","_links":{"self":[{"href":"https:\/\/pabianice.misjonarze.pl\/index.php?rest_route=\/wp\/v2\/pages\/4266","targetHints":{"allow":["GET"]}}],"collection":[{"href":"https:\/\/pabianice.misjonarze.pl\/index.php?rest_route=\/wp\/v2\/pages"}],"about":[{"href":"https:\/\/pabianice.misjonarze.pl\/index.php?rest_route=\/wp\/v2\/types\/page"}],"author":[{"embeddable":true,"href":"https:\/\/pabianice.misjonarze.pl\/index.php?rest_route=\/wp\/v2\/users\/1"}],"replies":[{"embeddable":true,"href":"https:\/\/pabianice.misjonarze.pl\/index.php?rest_route=%2Fwp%2Fv2%2Fcomments&post=4266"}],"version-history":[{"count":1,"href":"https:\/\/pabianice.misjonarze.pl\/index.php?rest_route=\/wp\/v2\/pages\/4266\/revisions"}],"predecessor-version":[{"id":4268,"href":"https:\/\/pabianice.misjonarze.pl\/index.php?rest_route=\/wp\/v2\/pages\/4266\/revisions\/4268"}],"wp:attachment":[{"href":"https:\/\/pabianice.misjonarze.pl\/index.php?rest_route=%2Fwp%2Fv2%2Fmedia&parent=4266"}],"curies":[{"name":"wp","href":"https:\/\/api.w.org\/{rel}","templated":true}]}}