{"id":4218,"date":"2021-03-10T13:05:39","date_gmt":"2021-03-10T11:05:39","guid":{"rendered":"https:\/\/pabianice.misjonarze.pl\/?page_id=4218"},"modified":"2021-03-10T13:05:39","modified_gmt":"2021-03-10T11:05:39","slug":"litania-do-swietej-lidii","status":"publish","type":"page","link":"https:\/\/pabianice.misjonarze.pl\/?page_id=4218","title":{"rendered":"Litania do \u015awi\u0119tej Lidii"},"content":{"rendered":"<p><span style=\"font-family: arial, helvetica, sans-serif; font-size: 14pt;\"><img data-recalc-dims=\"1\" loading=\"lazy\" decoding=\"async\" class=\"alignright wp-image-4219 size-medium\" src=\"https:\/\/i0.wp.com\/pabianice.misjonarze.pl\/wp-content\/uploads\/lidia03.jpg?resize=230%2C300&#038;ssl=1\" alt=\"\" width=\"230\" height=\"300\" srcset=\"https:\/\/i0.wp.com\/pabianice.misjonarze.pl\/wp-content\/uploads\/lidia03.jpg?resize=230%2C300&amp;ssl=1 230w, https:\/\/i0.wp.com\/pabianice.misjonarze.pl\/wp-content\/uploads\/lidia03.jpg?resize=115%2C150&amp;ssl=1 115w, https:\/\/i0.wp.com\/pabianice.misjonarze.pl\/wp-content\/uploads\/lidia03.jpg?w=336&amp;ssl=1 336w\" sizes=\"auto, (max-width: 230px) 100vw, 230px\" \/><\/span><\/p>\n<p><span style=\"font-family: arial, helvetica, sans-serif; font-size: 14pt;\">Kyrie eleison. Chryste eleison. Kyrie eleison.<br \/>\nChryste, us\u0142ysz nas.<br \/>\nChryste, wys\u0142uchaj nas.<br \/>\nOjcze z nieba Bo\u017ce, zmi\u0142uj si\u0119 nad nami.<br \/>\nSynu, Odkupicielu \u015bwiata, Bo\u017ce,<br \/>\nDuchu \u015awi\u0119ty, Bo\u017ce,<br \/>\n\u015awi\u0119ta Tr\u00f3jco, jedyny Bo\u017ce,<\/span><\/p>\n<p><span style=\"font-family: arial, helvetica, sans-serif; font-size: 14pt;\"><span style=\"font-family: arial, helvetica, sans-serif;\"><span style=\"font-size: 18.6667px;\">\u015awi\u0119ta<\/span><\/span>\u00a0Maryjo, <span style=\"font-family: arial, helvetica, sans-serif;\"><span style=\"font-size: 18.6667px;\">m\u00f3dl<\/span><\/span>\u00a0<span style=\"font-family: arial, helvetica, sans-serif;\"><span style=\"font-size: 18.6667px;\">si\u0119<\/span><\/span> za nami.<br \/>\n<span style=\"font-family: arial, helvetica, sans-serif;\"><span style=\"font-size: 18.6667px;\">Kr\u00f3lowo<\/span><\/span>\u00a0<span style=\"font-family: arial, helvetica, sans-serif;\"><span style=\"font-size: 18.6667px;\">Wyznawc\u00f3w<\/span><\/span><br \/>\n<span style=\"font-family: arial, helvetica, sans-serif;\"><span style=\"font-size: 18.6667px;\">\u015awi\u0119ta<\/span><\/span> Lidio<br \/>\n<span style=\"font-family: arial, helvetica, sans-serif;\"><span style=\"font-size: 18.6667px;\">Boj\u0105ca<\/span><\/span>\u00a0<span style=\"font-family: arial, helvetica, sans-serif;\"><span style=\"font-size: 18.6667px;\">si\u0119<\/span><\/span> Boga<br \/>\n<span style=\"font-family: arial, helvetica, sans-serif;\"><span style=\"font-size: 18.6667px;\">Pochodz\u0105ca<\/span><\/span> z <span style=\"font-family: arial, helvetica, sans-serif;\"><span style=\"font-size: 18.6667px;\">zamo\u017cnego<\/span><\/span> rodu<br \/>\nGorliwa w\u00a0<span style=\"font-family: arial, helvetica, sans-serif;\"><span style=\"font-size: 18.6667px;\">pobo\u017cno\u015bci<\/span><\/span><br \/>\nMieszkanko Tiatyry<br \/>\nSprzedawczyni purpury<br \/>\n<span style=\"font-family: arial, helvetica, sans-serif;\"><span style=\"font-size: 18.6667px;\">Uwa\u017cnie<\/span><\/span>\u00a0<span style=\"font-family: arial, helvetica, sans-serif;\"><span style=\"font-size: 18.6667px;\">ws\u0142uchuj\u0105ca<\/span><\/span>\u00a0<span style=\"font-family: arial, helvetica, sans-serif;\"><span style=\"font-size: 18.6667px;\">si\u0119<\/span><\/span> w <span style=\"font-family: arial, helvetica, sans-serif;\"><span style=\"font-size: 18.6667px;\">S\u0142owa<\/span><\/span>\u00a0<span style=\"font-family: arial, helvetica, sans-serif;\"><span style=\"font-size: 18.6667px;\">Bo\u017ce<\/span><\/span><br \/>\nOtwarta na <span style=\"font-family: arial, helvetica, sans-serif;\"><span style=\"font-size: 18.6667px;\">dzia\u0142anie<\/span><\/span> \u0142aski<br \/>\n<span style=\"font-family: arial, helvetica, sans-serif;\"><span style=\"font-size: 18.6667px;\">Przyjmuj\u0105ca<\/span><\/span> chrzest z <span style=\"font-family: arial, helvetica, sans-serif;\"><span style=\"font-size: 18.6667px;\">r\u0119ki<\/span><\/span>\u00a0<span style=\"font-family: arial, helvetica, sans-serif;\"><span style=\"font-size: 18.6667px;\">Aposto\u0142a<\/span><\/span>\u00a0<span style=\"font-family: arial, helvetica, sans-serif;\"><span style=\"font-size: 18.6667px;\">Narod\u00f3w<\/span><\/span><br \/>\nUczennico <span style=\"font-family: arial, helvetica, sans-serif;\"><span style=\"font-size: 18.6667px;\">\u015awi\u0119tego<\/span><\/span>\u00a0<span style=\"font-family: arial, helvetica, sans-serif;\"><span style=\"font-size: 18.6667px;\">Paw\u0142a<\/span><\/span>\u00a0<span style=\"font-family: arial, helvetica, sans-serif;\"><span style=\"font-size: 18.6667px;\">Aposto\u0142a<\/span><\/span><br \/>\nOddana sercem Jezusowi<br \/>\n<span style=\"font-family: arial, helvetica, sans-serif;\"><span style=\"font-size: 18.6667px;\">Wprowadzaj\u0105ca<\/span><\/span> Chrystusa do swego domu<br \/>\n<span style=\"font-family: arial, helvetica, sans-serif;\"><span style=\"font-size: 18.6667px;\">Odznaczaj\u0105ca<\/span><\/span>\u00a0<span style=\"font-family: arial, helvetica, sans-serif;\"><span style=\"font-size: 18.6667px;\">si\u0119<\/span><\/span>\u00a0<span style=\"font-family: arial, helvetica, sans-serif;\"><span style=\"font-size: 18.6667px;\">niezwyk\u0142\u0105<\/span><\/span>\u00a0<span style=\"font-family: arial, helvetica, sans-serif;\"><span style=\"font-size: 18.6667px;\">go\u015bcinno\u015bci\u0105<\/span><\/span><br \/>\n<span style=\"font-family: arial, helvetica, sans-serif;\"><span style=\"font-size: 18.6667px;\">Gromadz\u0105ca<\/span><\/span> drugich na modlitwie<br \/>\nGorliwa wyznawczyni Chrystusa<br \/>\n<span style=\"font-family: arial, helvetica, sans-serif;\"><span style=\"font-size: 18.6667px;\">Pe\u0142na<\/span><\/span>\u00a0<span style=\"font-family: arial, helvetica, sans-serif;\"><span style=\"font-size: 18.6667px;\">ofiarno\u015bci<\/span><\/span> dla dzie\u0142\u00a0<span style=\"font-family: arial, helvetica, sans-serif;\"><span style=\"font-size: 18.6667px;\">Bo\u017cych<\/span><\/span><br \/>\nNiezwykle ofiarna dla potrzeb\u00a0<span style=\"font-family: arial, helvetica, sans-serif;\"><span style=\"font-size: 18.6667px;\">Ko\u015bcio\u0142a<\/span><\/span><br \/>\n<span style=\"font-family: arial, helvetica, sans-serif;\"><span style=\"font-size: 18.6667px;\">Wspieraj\u0105ca<\/span><\/span>\u00a0<span style=\"font-family: arial, helvetica, sans-serif;\"><span style=\"font-size: 18.6667px;\">Aposto\u0142\u00f3w<\/span><\/span> w ich potrzebach<br \/>\n<span style=\"font-family: arial, helvetica, sans-serif;\"><span style=\"font-size: 18.6667px;\">Przyk\u0142adzie<\/span><\/span>\u00a0<span style=\"font-family: arial, helvetica, sans-serif;\"><span style=\"font-size: 18.6667px;\">mi\u0142o\u015bci<\/span><\/span> Boga i\u00a0<span style=\"font-family: arial, helvetica, sans-serif;\"><span style=\"font-size: 18.6667px;\">bli\u017aniego<\/span><\/span><br \/>\nNiezawodna w <span style=\"font-family: arial, helvetica, sans-serif;\"><span style=\"font-size: 18.6667px;\">wierno\u015bci<\/span><\/span> Panu<br \/>\n<span style=\"font-family: arial, helvetica, sans-serif;\"><span style=\"font-size: 18.6667px;\">Pe\u0142na<\/span><\/span>\u00a0<span style=\"font-family: arial, helvetica, sans-serif;\"><span style=\"font-size: 18.6667px;\">ufno\u015bci<\/span><\/span> w Bogu<br \/>\nWzorze <span style=\"font-family: arial, helvetica, sans-serif;\"><span style=\"font-size: 18.6667px;\">czysto\u015bci<\/span><\/span>\u00a0<span style=\"font-family: arial, helvetica, sans-serif;\"><span style=\"font-size: 18.6667px;\">obyczaj\u00f3w<\/span><\/span><br \/>\n<span style=\"font-family: arial, helvetica, sans-serif;\"><span style=\"font-size: 18.6667px;\">Przyk\u0142adzie<\/span><\/span>\u00a0<span style=\"font-family: arial, helvetica, sans-serif;\"><span style=\"font-size: 18.6667px;\">gorliwo\u015bci<\/span><\/span> i\u00a0<span style=\"font-family: arial, helvetica, sans-serif;\"><span style=\"font-size: 18.6667px;\">po\u015bwiecenia<\/span><\/span><br \/>\nPatronko oddanych Chrystusowi<br \/>\n<span style=\"font-family: arial, helvetica, sans-serif;\"><span style=\"font-size: 18.6667px;\">Nieugi\u0119ta<\/span><\/span> w\u00a0<span style=\"font-family: arial, helvetica, sans-serif;\"><span style=\"font-size: 18.6667px;\">przeciwno\u015bciach<\/span><\/span><br \/>\n<span style=\"font-family: arial, helvetica, sans-serif;\"><span style=\"font-size: 18.6667px;\">Pe\u0142na<\/span><\/span>\u00a0<span style=\"font-family: arial, helvetica, sans-serif;\"><span style=\"font-size: 18.6667px;\">rado\u015bci<\/span><\/span> w <span style=\"font-family: arial, helvetica, sans-serif;\"><span style=\"font-size: 18.6667px;\">s\u0142u\u017cbie<\/span><\/span> Pana<br \/>\n<span style=\"font-family: arial, helvetica, sans-serif;\"><span style=\"font-size: 18.6667px;\">Aposto\u0142ko<\/span><\/span> Ewangelii Chrystusowej<br \/>\n<span style=\"font-family: arial, helvetica, sans-serif;\"><span style=\"font-size: 18.6667px;\">Or\u0119downiczko<\/span><\/span> nasza przed Bogiem<br \/>\n<\/span><\/p>\n<p><span style=\"font-family: arial, helvetica, sans-serif; font-size: 14pt;\">Baranku <span style=\"font-family: arial, helvetica, sans-serif;\"><span style=\"font-size: 18.6667px;\">Bo\u017cy<\/span><\/span>, <span style=\"font-family: arial, helvetica, sans-serif;\"><span style=\"font-size: 18.6667px;\">kt\u00f3ry<\/span><\/span>\u00a0<span style=\"font-family: arial, helvetica, sans-serif;\"><span style=\"font-size: 18.6667px;\">g\u0142adzisz<\/span><\/span> grzechy <span style=\"font-family: arial, helvetica, sans-serif;\"><span style=\"font-size: 18.6667px;\">\u015bwiata<\/span><\/span>, <span style=\"font-family: arial, helvetica, sans-serif;\"><span style=\"font-size: 18.6667px;\">przepu\u015b\u0107<\/span><\/span> nam Panie.<br \/>\nBaranku <span style=\"font-family: arial, helvetica, sans-serif;\"><span style=\"font-size: 18.6667px;\">Bo\u017cy<\/span><\/span>, <span style=\"font-family: arial, helvetica, sans-serif;\"><span style=\"font-size: 18.6667px;\">kt\u00f3ry<\/span><\/span>\u00a0<span style=\"font-family: arial, helvetica, sans-serif;\"><span style=\"font-size: 18.6667px;\">g\u0142adzisz<\/span><\/span> grzechy <span style=\"font-family: arial, helvetica, sans-serif;\"><span style=\"font-size: 18.6667px;\">\u015bwiata<\/span><\/span>, <span style=\"font-family: arial, helvetica, sans-serif;\"><span style=\"font-size: 18.6667px;\">wys\u0142uchaj<\/span><\/span> nas Panie.<br \/>\nBaranku <span style=\"font-family: arial, helvetica, sans-serif;\"><span style=\"font-size: 18.6667px;\">Bo\u017cy<\/span><\/span>, <span style=\"font-family: arial, helvetica, sans-serif;\"><span style=\"font-size: 18.6667px;\">kt\u00f3ry<\/span><\/span>\u00a0<span style=\"font-family: arial, helvetica, sans-serif;\"><span style=\"font-size: 18.6667px;\">g\u0142adzisz<\/span><\/span> grzechy <span style=\"font-family: arial, helvetica, sans-serif;\"><span style=\"font-size: 18.6667px;\">\u015bwiata<\/span><\/span>, <span style=\"font-family: arial, helvetica, sans-serif;\"><span style=\"font-size: 18.6667px;\">zmi\u0142uj<\/span><\/span>\u00a0<span style=\"font-family: arial, helvetica, sans-serif;\"><span style=\"font-size: 18.6667px;\">si\u0119<\/span><\/span> nad nami.<\/span><\/p>\n<p><span style=\"font-family: arial, helvetica, sans-serif; font-size: 14pt;\"><br \/>\n<span style=\"font-family: arial, helvetica, sans-serif;\"><span style=\"font-size: 18.6667px;\">M\u00f3dl<\/span><\/span>\u00a0<span style=\"font-family: arial, helvetica, sans-serif;\"><span style=\"font-size: 18.6667px;\">si\u0119<\/span><\/span> za nami <span style=\"font-family: arial, helvetica, sans-serif;\"><span style=\"font-size: 18.6667px;\">\u015awi\u0119ta<\/span><\/span> Lidio,<br \/>\n<span style=\"font-family: arial, helvetica, sans-serif;\"><span style=\"font-size: 18.6667px;\">Aby\u015bmy<\/span><\/span>\u00a0<span style=\"font-family: arial, helvetica, sans-serif;\"><span style=\"font-size: 18.6667px;\">si\u0119<\/span><\/span> stali godnymi obietnic Chrystusowych.<\/p>\n<p><\/span><\/p>\n<p style=\"text-align: justify;\"><span style=\"font-family: arial, helvetica, sans-serif; font-size: 14pt;\"><span style=\"font-family: arial, helvetica, sans-serif;\"><span style=\"font-size: 18.6667px;\">M\u00f3dlmy<\/span><\/span>\u00a0<span style=\"font-family: arial, helvetica, sans-serif;\"><span style=\"font-size: 18.6667px;\">si\u0119<\/span><\/span>:\u00a0 Panie, <span style=\"font-family: arial, helvetica, sans-serif;\"><span style=\"font-size: 18.6667px;\">ze\u015blij<\/span><\/span> na nas Ducha tej wiedzy i <span style=\"font-family: arial, helvetica, sans-serif;\"><span style=\"font-size: 18.6667px;\">mi\u0142o\u015bci<\/span><\/span> do Ciebie, <span style=\"font-family: arial, helvetica, sans-serif;\"><span style=\"font-size: 18.6667px;\">kt\u00f3rym<\/span><\/span>\u00a0<span style=\"font-family: arial, helvetica, sans-serif;\"><span style=\"font-size: 18.6667px;\">nape\u0142ni\u0142e\u015b<\/span><\/span> Twoj\u0105 <span style=\"font-family: arial, helvetica, sans-serif;\"><span style=\"font-size: 18.6667px;\">s\u0142u\u017cebnic\u0119<\/span><\/span>\u00a0<span style=\"font-family: arial, helvetica, sans-serif;\"><span style=\"font-size: 18.6667px;\">\u015awi\u0119t\u0105<\/span><\/span> Lidi\u0119, wspomagaj nas, <span style=\"font-family: arial, helvetica, sans-serif;\"><span style=\"font-size: 18.6667px;\">aby\u015bmy<\/span><\/span> za jej <span style=\"font-family: arial, helvetica, sans-serif;\"><span style=\"font-size: 18.6667px;\">przyk\u0142adem<\/span><\/span>\u00a0<span style=\"font-family: arial, helvetica, sans-serif;\"><span style=\"font-size: 18.6667px;\">s\u0142u\u017cyli<\/span><\/span> Tobie szczerze <span style=\"font-family: arial, helvetica, sans-serif;\"><span style=\"font-size: 18.6667px;\">ca\u0142ym<\/span><\/span> sercem i czyst\u0105 dusz\u0105, a <span style=\"font-family: arial, helvetica, sans-serif;\"><span style=\"font-size: 18.6667px;\">pomna\u017caj\u0105c<\/span><\/span> nasz\u0105 <span style=\"font-family: arial, helvetica, sans-serif;\"><span style=\"font-size: 18.6667px;\">wiar\u0119<\/span><\/span> i <span style=\"font-family: arial, helvetica, sans-serif;\"><span style=\"font-size: 18.6667px;\">mi\u0142o\u015b\u0107<\/span><\/span>, podobali <span style=\"font-family: arial, helvetica, sans-serif;\"><span style=\"font-size: 18.6667px;\">si\u0119<\/span><\/span> Tobie.\u00a0 <span style=\"font-family: arial, helvetica, sans-serif;\"><span style=\"font-size: 18.6667px;\">Kt\u00f3ry<\/span><\/span> \u017cyjesz i <span style=\"font-family: arial, helvetica, sans-serif;\"><span style=\"font-size: 18.6667px;\">kr\u00f3lujesz<\/span><\/span> na wieki <span style=\"font-family: arial, helvetica, sans-serif;\"><span style=\"font-size: 18.6667px;\">wiek\u00f3w<\/span><\/span>.\u00a0 Amen.<\/span><\/p>\n","protected":false},"excerpt":{"rendered":"<p>Kyrie eleison. Chryste eleison. Kyrie eleison. Chryste, us\u0142ysz nas. Chryste, wys\u0142uchaj nas. Ojcze z nieba Bo\u017ce, zmi\u0142uj si\u0119 nad nami. Synu, Odkupicielu \u015bwiata, Bo\u017ce, Duchu \u015awi\u0119ty, Bo\u017ce, \u015awi\u0119ta Tr\u00f3jco, jedyny Bo\u017ce, \u015awi\u0119ta\u00a0Maryjo, m\u00f3dl\u00a0si\u0119 za&#46;&#46;&#46;<\/p>\n","protected":false},"author":1,"featured_media":0,"parent":0,"menu_order":0,"comment_status":"closed","ping_status":"closed","template":"","meta":{"footnotes":""},"class_list":["post-4218","page","type-page","status-publish","hentry"],"jetpack_sharing_enabled":true,"jetpack_shortlink":"https:\/\/wp.me\/PakDx7-162","_links":{"self":[{"href":"https:\/\/pabianice.misjonarze.pl\/index.php?rest_route=\/wp\/v2\/pages\/4218","targetHints":{"allow":["GET"]}}],"collection":[{"href":"https:\/\/pabianice.misjonarze.pl\/index.php?rest_route=\/wp\/v2\/pages"}],"about":[{"href":"https:\/\/pabianice.misjonarze.pl\/index.php?rest_route=\/wp\/v2\/types\/page"}],"author":[{"embeddable":true,"href":"https:\/\/pabianice.misjonarze.pl\/index.php?rest_route=\/wp\/v2\/users\/1"}],"replies":[{"embeddable":true,"href":"https:\/\/pabianice.misjonarze.pl\/index.php?rest_route=%2Fwp%2Fv2%2Fcomments&post=4218"}],"version-history":[{"count":1,"href":"https:\/\/pabianice.misjonarze.pl\/index.php?rest_route=\/wp\/v2\/pages\/4218\/revisions"}],"predecessor-version":[{"id":4220,"href":"https:\/\/pabianice.misjonarze.pl\/index.php?rest_route=\/wp\/v2\/pages\/4218\/revisions\/4220"}],"wp:attachment":[{"href":"https:\/\/pabianice.misjonarze.pl\/index.php?rest_route=%2Fwp%2Fv2%2Fmedia&parent=4218"}],"curies":[{"name":"wp","href":"https:\/\/api.w.org\/{rel}","templated":true}]}}