{"id":4214,"date":"2021-03-10T10:02:52","date_gmt":"2021-03-10T08:02:52","guid":{"rendered":"https:\/\/pabianice.misjonarze.pl\/?page_id=4214"},"modified":"2021-03-31T07:05:11","modified_gmt":"2021-03-31T05:05:11","slug":"litania-do-swietego-leonarda","status":"publish","type":"page","link":"https:\/\/pabianice.misjonarze.pl\/?page_id=4214","title":{"rendered":"Litania do \u015awi\u0119tego Leonarda"},"content":{"rendered":"<p><span style=\"font-family: Arial; font-size: 14pt;\"><a href=\"https:\/\/i0.wp.com\/pabianice.misjonarze.pl\/wp-content\/uploads\/leonard02.jpg?ssl=1\" rel=\"lightbox[4214]\"><img data-recalc-dims=\"1\" loading=\"lazy\" decoding=\"async\" class=\"alignright wp-image-4443 size-medium\" src=\"https:\/\/i0.wp.com\/pabianice.misjonarze.pl\/wp-content\/uploads\/leonard02.jpg?resize=225%2C300&#038;ssl=1\" alt=\"\" width=\"225\" height=\"300\" srcset=\"https:\/\/i0.wp.com\/pabianice.misjonarze.pl\/wp-content\/uploads\/leonard02.jpg?resize=225%2C300&amp;ssl=1 225w, https:\/\/i0.wp.com\/pabianice.misjonarze.pl\/wp-content\/uploads\/leonard02.jpg?resize=768%2C1024&amp;ssl=1 768w, https:\/\/i0.wp.com\/pabianice.misjonarze.pl\/wp-content\/uploads\/leonard02.jpg?resize=113%2C150&amp;ssl=1 113w, https:\/\/i0.wp.com\/pabianice.misjonarze.pl\/wp-content\/uploads\/leonard02.jpg?resize=725%2C966&amp;ssl=1 725w, https:\/\/i0.wp.com\/pabianice.misjonarze.pl\/wp-content\/uploads\/leonard02.jpg?w=1000&amp;ssl=1 1000w\" sizes=\"auto, (max-width: 225px) 100vw, 225px\" \/><\/a><\/span><\/p>\n<p><span style=\"font-family: Arial; font-size: 14pt;\">Kyrie eleison. Chryste eleison. Kyrie eleison.<br \/>\nChryste, us\u0142ysz nas.<br \/>\nChryste, wys\u0142uchaj nas.<br \/>\nOjcze z nieba Bo\u017ce, zmi\u0142uj si\u0119 nad nami.<br \/>\nSynu, Odkupicielu \u015bwiata, Bo\u017ce,<br \/>\nDuchu \u015awi\u0119ty, Bo\u017ce,<br \/>\n\u015awi\u0119ta Tr\u00f3jco, jedyny Bo\u017ce,<\/span><\/p>\n<p>&nbsp;<\/p>\n<p><span style=\"font-family: Arial; font-size: 14pt;\">\u015awi\u0119ty Leonardzie, wierny s\u0142ugo Maryi, m\u00f3dl si\u0119 za nami.<br \/>\n\u015awi\u0119ty Leonardzie, ub\u00f3stwa apostolskiego wzorze,<br \/>\n\u015awi\u0119ty Leonardzie, ojcze ubogich,<br \/>\n\u015awi\u0119ty Leonardzie, miedzy ubogimi dobrowolnie najubo\u017cszy,<br \/>\n\u015awi\u0119ty Leonardzie, przyk\u0142adzie pokory,<br \/>\n\u015awi\u0119ty Leonardzie, gardz\u0105cy s\u0142u\u017cb\u0105 kr\u00f3la doczesnego dla tym gorliwszej s\u0142u\u017cby Kr\u00f3lowi nad Kr\u00f3lami,<br \/>\n\u015awi\u0119ty Leonardzie, wielki mi\u0142o\u015bniku samotno\u015bci i umartwienia,<br \/>\n\u015awi\u0119ty Leonardzie, zbawienia dusz ludzkich jedynie pragn\u0105cy,<br \/>\n\u015awi\u0119ty Leonardzie, w pracach dla zbawienia bli\u017aniego niestrudzony,<br \/>\n\u015awi\u0119ty Leonardzie, gorliwy opiekunie wi\u0119\u017ani\u00f3w,<br \/>\n\u015awi\u0119ty Leonardzie, miedzy niewiernymi niestrudzony g\u0142osicielu Chrystusa,<br \/>\n\u015awi\u0119ty Leonardzie, m\u0119\u017cu Bo\u017cy, s\u0142owem i przyk\u0142adem do mi\u0142o\u015bci Chrystusa zach\u0119caj\u0105cy,<br \/>\n\u015awi\u0119ty Leonardzie, kt\u00f3ry\u015b kraje swoje s\u0142owem Bo\u017cym nape\u0142ni\u0142,<br \/>\n\u015awi\u0119ty Leonardzie, w nawalno\u015bciach pokus \u015bwiatowych m\u0119\u017cna podporo,<br \/>\n\u015awi\u0119ty Leonardzie, rodz\u0105cych w bole\u015bciach skuteczny or\u0119downiku,<br \/>\n\u015awi\u0119ty Leonardzie, w \u017cyciu i po \u015bmierci niezliczonymi cudami s\u0142yn\u0105cy,<br \/>\n\u015awi\u0119ty Leonardzie, wiar\u0105 sw\u0105 nad mocami piekielnymi panuj\u0105cy,<br \/>\n\u015awi\u0119ty Leonardzie, we wszystkich chorobach tkliwy opiekunie,<br \/>\n\u015awi\u0119ty Leonardzie, wiernych swoich czcicieli dobroczy\u0144co i opiekunie,<br \/>\n\u015awi\u0119ty Leonardzie, na ziemi naszej w Tyszowcach od wiek\u00f3w czczony,<\/span><\/p>\n<p><span style=\"font-family: Arial; font-size: 14pt;\"><br \/>\nBaranku Bo\u017cy, kt\u00f3ry g\u0142adzisz grzechy \u015bwiata, przepu\u015b\u0107 nam Panie.<br \/>\nBaranku Bo\u017cy, kt\u00f3ry g\u0142adzisz grzechy \u015bwiata, wys\u0142uchaj nas Panie.<br \/>\nBaranku Bo\u017cy, kt\u00f3ry g\u0142adzisz grzechy \u015bwiata, zmi\u0142uj si\u0119 nad nami.<\/span><\/p>\n<p><span style=\"font-family: Arial; font-size: 14pt;\"><br \/>\nM\u00f3dl si\u0119 za nami \u015awi\u0119ty Leonardzie,<br \/>\nAby\u015bmy si\u0119 stali godnymi obietnic Chrystusowych.<\/span><\/p>\n<p style=\"text-align: justify;\"><span style=\"font-family: Arial; font-size: 14pt;\"><br \/>\nM\u00f3dlmy si\u0119:\u00a0\u00a0 Wszechmog\u0105cy wieczny Bo\u017ce, kt\u00f3ry\u015b nam da\u0142 w \u017cyciu i czynach \u015awi\u0119tego Leonarda wz\u00f3r pokory i mi\u0142o\u015bci bli\u017aniego, racz wys\u0142ucha\u0107 nas niegodnych, aby s\u0142uga Tw\u00f3j na ziemi naszej od wiek\u00f3w czczony, nie wypuszcza\u0142 ze swej opieki wiernego ludu polskiego.\u00a0 Przez Chrystusa, Pana naszego.<br \/>\n<\/span><\/p>\n<p style=\"text-align: justify;\"><span style=\"font-family: Arial; font-size: 14pt;\">lub:<\/span><\/p>\n<p style=\"text-align: justify;\"><span style=\"font-family: Arial; font-size: 14pt;\"><br \/>\nBo\u017ce, kt\u00f3ry\u015b \u015awi\u0119temu Leonardowi udzieli\u0142 cudownej mocy wyzwalania wi\u0119\u017ani\u00f3w z kajdan, za Jego po\u015brednictwem i przez Jego zas\u0142ugi prosimy Ci\u0119, racz nas wybawi\u0107 z wi\u0119z\u00f3w grzech\u00f3w naszych i od niewoli szata\u0144skiej zachowaj nas na wieki.\u00a0 Przez Chrystusa, Pana naszego.\u00a0 Amen.<\/span><\/p>\n","protected":false},"excerpt":{"rendered":"<p>Kyrie eleison. Chryste eleison. Kyrie eleison. Chryste, us\u0142ysz nas. Chryste, wys\u0142uchaj nas. Ojcze z nieba Bo\u017ce, zmi\u0142uj si\u0119 nad nami. Synu, Odkupicielu \u015bwiata, Bo\u017ce, Duchu \u015awi\u0119ty, Bo\u017ce, \u015awi\u0119ta Tr\u00f3jco, jedyny Bo\u017ce, &nbsp; \u015awi\u0119ty Leonardzie,&#46;&#46;&#46;<\/p>\n","protected":false},"author":1,"featured_media":0,"parent":0,"menu_order":0,"comment_status":"closed","ping_status":"closed","template":"","meta":{"footnotes":""},"class_list":["post-4214","page","type-page","status-publish","hentry"],"jetpack_sharing_enabled":true,"jetpack_shortlink":"https:\/\/wp.me\/PakDx7-15Y","_links":{"self":[{"href":"https:\/\/pabianice.misjonarze.pl\/index.php?rest_route=\/wp\/v2\/pages\/4214","targetHints":{"allow":["GET"]}}],"collection":[{"href":"https:\/\/pabianice.misjonarze.pl\/index.php?rest_route=\/wp\/v2\/pages"}],"about":[{"href":"https:\/\/pabianice.misjonarze.pl\/index.php?rest_route=\/wp\/v2\/types\/page"}],"author":[{"embeddable":true,"href":"https:\/\/pabianice.misjonarze.pl\/index.php?rest_route=\/wp\/v2\/users\/1"}],"replies":[{"embeddable":true,"href":"https:\/\/pabianice.misjonarze.pl\/index.php?rest_route=%2Fwp%2Fv2%2Fcomments&post=4214"}],"version-history":[{"count":2,"href":"https:\/\/pabianice.misjonarze.pl\/index.php?rest_route=\/wp\/v2\/pages\/4214\/revisions"}],"predecessor-version":[{"id":4444,"href":"https:\/\/pabianice.misjonarze.pl\/index.php?rest_route=\/wp\/v2\/pages\/4214\/revisions\/4444"}],"wp:attachment":[{"href":"https:\/\/pabianice.misjonarze.pl\/index.php?rest_route=%2Fwp%2Fv2%2Fmedia&parent=4214"}],"curies":[{"name":"wp","href":"https:\/\/api.w.org\/{rel}","templated":true}]}}