{"id":4026,"date":"2021-02-17T12:24:24","date_gmt":"2021-02-17T10:24:24","guid":{"rendered":"https:\/\/pabianice.misjonarze.pl\/?page_id=4026"},"modified":"2021-02-17T12:24:24","modified_gmt":"2021-02-17T10:24:24","slug":"litania-do-swietego-jana-kantego","status":"publish","type":"page","link":"https:\/\/pabianice.misjonarze.pl\/?page_id=4026","title":{"rendered":"Litania do \u015awi\u0119tego Jana Kantego"},"content":{"rendered":"<p><span style=\"font-family: Arial; font-size: 14pt;\"><img data-recalc-dims=\"1\" loading=\"lazy\" decoding=\"async\" class=\"alignright wp-image-4006 size-full\" src=\"https:\/\/i0.wp.com\/pabianice.misjonarze.pl\/wp-content\/uploads\/jan-kanty.jpg?resize=200%2C250&#038;ssl=1\" alt=\"\" width=\"200\" height=\"250\" srcset=\"https:\/\/i0.wp.com\/pabianice.misjonarze.pl\/wp-content\/uploads\/jan-kanty.jpg?w=200&amp;ssl=1 200w, https:\/\/i0.wp.com\/pabianice.misjonarze.pl\/wp-content\/uploads\/jan-kanty.jpg?resize=120%2C150&amp;ssl=1 120w\" sizes=\"auto, (max-width: 200px) 100vw, 200px\" \/><\/span><\/p>\n<p><span style=\"font-family: Arial; font-size: 14pt;\">Kyrie eleison. Chryste eleison. Kyrie eleison.<br \/>\nChryste, us\u0142ysz nas<br \/>\nChryste, wys\u0142uchaj nas<br \/>\nOjcze z nieba Bo\u017ce, zmi\u0142uj si\u0119 nad nami<br \/>\nSynu, Odkupicielu \u015bwiata, Bo\u017ce,<br \/>\nDuchu \u015awi\u0119ty, Bo\u017ce,<br \/>\n\u015awi\u0119ta Tr\u00f3jco, jedyny Bo\u017ce,<\/span><\/p>\n<p><span style=\"font-family: Arial; font-size: 14pt;\">\u015awi\u0119ta Maryjo, m\u00f3dl si\u0119 za nami.<br \/>\n\u015awi\u0119ty Janie Kanty,<br \/>\nWierny S\u0142ugo Jezusa Chrystusa,<br \/>\n\u017barliwy wyznawco i g\u0142osicielu Ewangelii Chrystusowej,<br \/>\nCzcicielu Meki Pa\u0144skiej,<br \/>\nWzorowy pasterzu owczarni Jezusa Chrystusa,<br \/>\nCzcicielu Naj\u015bwi\u0119tszej Bogarodzicy,<br \/>\nCzcicielu \u015awi\u0119tej Anny,<br \/>\nGorliwy na\u015bladowco \u015awi\u0119tych,<br \/>\nMi\u0142o\u015bniku dusz odkupionych Krwi\u0105 Chrystusowa,<br \/>\nOzdobo i patronie stanu kap\u0142a\u0144skiego,<br \/>\nOjcze ubogich,<br \/>\nWzorze chrze\u015bcija\u0144skiej dobroci,<br \/>\nNauczycielu i wzorze mi\u0142osierdzia ewangelicznego,<br \/>\nObro\u0144co pokrzywdzonych,<br \/>\nUcieczko strapionych,<br \/>\nOpiekunie wi\u0119\u017ani\u00f3w,<br \/>\nPatronie i opiekunie pielgrzym\u00f3w,<br \/>\nWielki cudotw\u00f3rco,<br \/>\nUzdrawiaj\u0105cy chorych,<br \/>\nPrzywracaj\u0105cy wzrok niewidomym,<br \/>\nPorcie ocalenia dla ton\u0105cych,<br \/>\nPociecho i ratunku umieraj\u0105cych,<br \/>\nG\u0142osicielu sprawiedliwo\u015bci Bo\u017cej,<br \/>\nOr\u0119downiku za grzesznikami przed Bogiem,<br \/>\nPatronie naszej Ojczyzny,<br \/>\nPatronie miasta Krakowa,<br \/>\nOzdobo Akademii Krakowskiej,<br \/>\n\u015awietlany wzorze stanu profesorskiego,<br \/>\nPatronie stanu nauczycielskiego,<br \/>\nOpiekunie naukami si\u0119 zajmuj\u0105cych,<br \/>\nNauczycielu prawdy,<br \/>\nUcieczko we wszystkich potrzebach,<br \/>\nCiesz\u0105cy si\u0119 z wybranymi w niebie,<\/span><\/p>\n<p><span style=\"font-family: Arial; font-size: 14pt;\">B\u0105d\u017a nam mi\u0142o\u015bciw, prosimy Ci\u0119 Panie.<br \/>\nB\u0105d\u017a nam mi\u0142o\u015bciw, wys\u0142uchaj nas Panie.<\/span><\/p>\n<p><span style=\"font-family: Arial; font-size: 14pt;\"><br \/>\n<\/span><span style=\"font-family: Arial; font-size: 14pt;\">Aby nam B\u00f3g mi\u0142osierny daru m\u0105dro\u015bci chrze\u015bcija\u0144skiej udzieli\u0107 raczy\u0142, \u015awi\u0119ty Janie Kanty, przyczyn si\u0119 za nami.<br \/>\nAby w nas ducha czynnej mi\u0142o\u015bci ku braciom odnowi\u0107 raczy\u0142,<br \/>\nAby dusze nasze \u0142ask\u0105 u\u015bwi\u0119cenia nape\u0142ni\u0107 raczy\u0142,<br \/>\nAby nas od niebezpiecze\u0144stw duchowych zachowa\u0107 raczy\u0142,<br \/>\nAby nas w nieszcz\u0119\u015bciach i do\u015bwiadczeniach doczesnych poratowa\u0107 raczy\u0142,<br \/>\nAby w Ko\u015bciele \u015bwi\u0119tym ducha mi\u0142o\u015bci braterskiej i jedno\u015bci utwierdzi\u0107 i pomno\u017cy\u0107 raczy\u0142,<br \/>\nAby Ojczyzn\u0119 nasz\u0105 zachowa\u0142 w pokoju i b\u0142ogos\u0142awi\u0107 jej raczy\u0142,<br \/>\nAby rodziny nasze we wzajemnej wierno\u015bci i mi\u0142o\u015bci umocni\u0107 raczy\u0142,<br \/>\nAby dzieci i m\u0142odzie\u017c szczeg\u00f3ln\u0105 opiek\u0105 otoczy\u0107 raczy\u0142,<br \/>\nAby m\u0142odzie\u017c akademick\u0105 w wierno\u015bci Ewangelii i chrze\u015bcija\u0144skiej postawie utwierdzi\u0107 raczy\u0142,<br \/>\nAby jej ducha m\u0105dro\u015bci i wierno\u015bci prawdzie udzieli\u0107 raczy\u0142,<br \/>\nAby B\u00f3g Wszechmog\u0105cy wszystkich wiernych \u0142ask\u0105 wytrwania, a b\u0142\u0105dz\u0105cych \u0142ask\u0105 nawr\u00f3cenia i pokuty obdarowa\u0107 raczy\u0142,<\/span><\/p>\n<p><span style=\"font-family: Arial; font-size: 14pt;\">Baranku Bo\u017cy, kt\u00f3ry g\u0142adzisz grzechy \u015bwiata, przepu\u015b\u0107 nam Panie.<br \/>\nBaranku Bo\u017cy, kt\u00f3ry g\u0142adzisz grzechy \u015bwiata, wys\u0142uchaj nas Panie.<br \/>\nBaranku Bo\u017cy, kt\u00f3ry g\u0142adzisz grzechy \u015bwiata, zmi\u0142uj si\u0119 nad nami.<\/span><\/p>\n<p><span style=\"font-family: Arial; font-size: 14pt;\">M\u00f3dl si\u0119 za nami \u015awi\u0119ty Janie Kanty,<br \/>\nAby\u015bmy si\u0119 stali godnymi obietnic Chrystusowych.<\/span><\/p>\n<p><span style=\"font-family: Arial; font-size: 14pt;\"><br \/>\nM\u00f3dlmy si\u0119:\u00a0 Bo\u017ce Ojcze mi\u0142osierny, prosimy Ci\u0119 przez przyczyn\u0119 \u015awi\u0119tego Jana Kantego kap\u0142ana, wys\u0142uchaj naszych pr\u00f3\u015bb i racz obdarzy\u0107 \u0142ask\u0105 i b\u0142ogos\u0142awie\u0144stwem wszystkich, kt\u00f3rzy si\u0119 z ufno\u015bci\u0105 do Ciebie zwracaj\u0105. Przez Chrystusa Pana naszego.\u00a0 Amen.<\/span><\/p>\n","protected":false},"excerpt":{"rendered":"<p>Kyrie eleison. Chryste eleison. Kyrie eleison. Chryste, us\u0142ysz nas Chryste, wys\u0142uchaj nas Ojcze z nieba Bo\u017ce, zmi\u0142uj si\u0119 nad nami Synu, Odkupicielu \u015bwiata, Bo\u017ce, Duchu \u015awi\u0119ty, Bo\u017ce, \u015awi\u0119ta Tr\u00f3jco, jedyny Bo\u017ce, \u015awi\u0119ta Maryjo, m\u00f3dl&#46;&#46;&#46;<\/p>\n","protected":false},"author":1,"featured_media":0,"parent":0,"menu_order":0,"comment_status":"closed","ping_status":"closed","template":"","meta":{"footnotes":""},"class_list":["post-4026","page","type-page","status-publish","hentry"],"jetpack_sharing_enabled":true,"jetpack_shortlink":"https:\/\/wp.me\/PakDx7-12W","_links":{"self":[{"href":"https:\/\/pabianice.misjonarze.pl\/index.php?rest_route=\/wp\/v2\/pages\/4026","targetHints":{"allow":["GET"]}}],"collection":[{"href":"https:\/\/pabianice.misjonarze.pl\/index.php?rest_route=\/wp\/v2\/pages"}],"about":[{"href":"https:\/\/pabianice.misjonarze.pl\/index.php?rest_route=\/wp\/v2\/types\/page"}],"author":[{"embeddable":true,"href":"https:\/\/pabianice.misjonarze.pl\/index.php?rest_route=\/wp\/v2\/users\/1"}],"replies":[{"embeddable":true,"href":"https:\/\/pabianice.misjonarze.pl\/index.php?rest_route=%2Fwp%2Fv2%2Fcomments&post=4026"}],"version-history":[{"count":1,"href":"https:\/\/pabianice.misjonarze.pl\/index.php?rest_route=\/wp\/v2\/pages\/4026\/revisions"}],"predecessor-version":[{"id":4027,"href":"https:\/\/pabianice.misjonarze.pl\/index.php?rest_route=\/wp\/v2\/pages\/4026\/revisions\/4027"}],"wp:attachment":[{"href":"https:\/\/pabianice.misjonarze.pl\/index.php?rest_route=%2Fwp%2Fv2%2Fmedia&parent=4026"}],"curies":[{"name":"wp","href":"https:\/\/api.w.org\/{rel}","templated":true}]}}