{"id":3957,"date":"2021-02-13T14:58:40","date_gmt":"2021-02-13T12:58:40","guid":{"rendered":"https:\/\/pabianice.misjonarze.pl\/?page_id=3957"},"modified":"2021-02-13T14:58:40","modified_gmt":"2021-02-13T12:58:40","slug":"litania-do-swietej-beaty","status":"publish","type":"page","link":"https:\/\/pabianice.misjonarze.pl\/?page_id=3957","title":{"rendered":"Litania do \u015awi\u0119tej Beaty"},"content":{"rendered":"<p><span style=\"font-family: Arial; font-size: 14pt;\"><img data-recalc-dims=\"1\" loading=\"lazy\" decoding=\"async\" class=\"alignright wp-image-3961 size-medium\" src=\"https:\/\/i0.wp.com\/pabianice.misjonarze.pl\/wp-content\/uploads\/beata.jpg?resize=191%2C300&#038;ssl=1\" alt=\"\" width=\"191\" height=\"300\" srcset=\"https:\/\/i0.wp.com\/pabianice.misjonarze.pl\/wp-content\/uploads\/beata.jpg?resize=191%2C300&amp;ssl=1 191w, https:\/\/i0.wp.com\/pabianice.misjonarze.pl\/wp-content\/uploads\/beata.jpg?resize=96%2C150&amp;ssl=1 96w, https:\/\/i0.wp.com\/pabianice.misjonarze.pl\/wp-content\/uploads\/beata.jpg?w=194&amp;ssl=1 194w\" sizes=\"auto, (max-width: 191px) 100vw, 191px\" \/><\/span><\/p>\n<p><span style=\"font-family: Arial; font-size: 14pt;\">Kyrie eleison. Chryste eleison. Kyrie eleison.<br \/>\nChryste, us\u0142ysz nas.<br \/>\nChryste, wys\u0142uchaj nas.<br \/>\nOjcze z nieba Bo\u017ce, zmi\u0142uj si\u0119 nad nami.<br \/>\nSynu, Odkupicielu \u015bwiata, Bo\u017ce<br \/>\nDuchu \u015awi\u0119ty, Bo\u017ce<br \/>\n\u015awi\u0119ta Tr\u00f3jco, jedyny Bo\u017ce<br \/>\n<\/span><\/p>\n<p><span style=\"font-family: Arial; font-size: 14pt;\">\u015awi\u0119ta Maryjo, Kr\u00f3lowo M\u0119czennik\u00f3w, m\u00f3dl si\u0119 za nami<br \/>\n\u015awi\u0119ta Beato,<br \/>\n\u015awi\u0119ta Beato, oblubienico Chrystusa,<br \/>\n\u015awi\u0119ta Beato, ozdobo Ko\u015bcio\u0142a Bo\u017cego,<br \/>\n\u015awi\u0119ta Beato, wierna s\u0142u\u017cebnico Boga,<br \/>\n\u015awi\u0119ta Beato, pe\u0142na ufno\u015bci w Bogu,<br \/>\n\u015awi\u0119ta Beato, pa\u0142aj\u0105ca mi\u0142o\u015bci\u0105 Boga i bli\u017aniego,<br \/>\n\u015awi\u0119ta Beato, na\u015bladowczyni Chrystusa,<br \/>\n\u015awi\u0119ta Beato, wytrwa\u0142a w modlitwie i umartwieniu,<br \/>\n\u015awi\u0119ta Beato, gorliwa w d\u0105\u017ceniu do \u015bwi\u0119to\u015bci,<br \/>\n\u015awi\u0119ta Beato, wzorze chrze\u015bcija\u0144skiej pobo\u017cno\u015bci,<br \/>\n\u015awi\u0119ta Beato, przyk\u0142adzie gorliwo\u015bci i po\u015bwi\u0119cenia,<br \/>\n\u015awi\u0119ta Beato, wzorze \u017cycia chrze\u015bcija\u0144skiego,<br \/>\n\u015awi\u0119ta Beato, niezachwiana w wierze,<br \/>\n\u015awi\u0119ta Beato, ja\u015bniej\u0105ca wiar\u0105 i pobo\u017cno\u015bci\u0105,<br \/>\n\u015awi\u0119ta Beato, prze\u015bladowana za wierno\u015b\u0107 Chrystusowi,<br \/>\n\u015awi\u0119ta Beato, um\u0119czona za wytrwa\u0142o\u015b\u0107 w wierze,<br \/>\n\u015awi\u0119ta Beato, odwa\u017cna w pokonywaniu niebezpiecze\u0144stw,<br \/>\n\u015awi\u0119ta Beato, niestrudzona aposto\u0142ko Kr\u00f3lestwa Bo\u017cego,<br \/>\n\u015awi\u0119ta Beato, przyk\u0142adzie \u015bwi\u0119to\u015bci i wiary,<br \/>\n\u015awi\u0119ta Beato, pocieszycielko smutnych i strapionych,<br \/>\n\u015awi\u0119ta Beato, gorliwa w nawracaniu grzesznik\u00f3w,<br \/>\n\u015awi\u0119ta Beato, pe\u0142ni\u0105ca uczynki mi\u0142osierdzia,<br \/>\n\u015awi\u0119ta Beato, wytrwa\u0142a w przedsi\u0119wzi\u0119ciach,<br \/>\n\u015awi\u0119ta Beato, przemo\u017cna or\u0119downiczko u Boga,<br \/>\n<\/span><\/p>\n<p><span style=\"font-family: Arial; font-size: 14pt;\">Baranku Bo\u017cy, kt\u00f3ry g\u0142adzisz grzechy \u015bwiata, przepu\u015b\u0107 nam, Panie<br \/>\nBaranku Bo\u017cy, kt\u00f3ry g\u0142adzisz grzechy \u015bwiata, wys\u0142uchaj nas, Panie.<br \/>\nBaranku Bo\u017cy, kt\u00f3ry g\u0142adzisz grzechy \u015bwiata, zmi\u0142uj si\u0119 nad nami.<\/span><\/p>\n<p>&nbsp;<\/p>\n<p><span style=\"font-family: Arial; font-size: 14pt;\">M\u00f3dlmy si\u0119:\u00a0 Bo\u017ce, Ty ukazujesz Swoj\u0105 moc w ludzkiej s\u0142abo\u015bci, od Ciebie \u015awi\u0119ta Beata otrzyma\u0142a si\u0142\u0119 do zniesienia m\u0119cze\u0144stwa, niech wszystkim, kt\u00f3rzy raduj\u0105 si\u0119 jej chwa\u0142\u0105, zawsze wyprasza \u0142ask\u0119 do przezwyci\u0119\u017cania pokus.\u00a0 Przez Chrystusa, Pana naszego.\u00a0 Amen.<\/span><\/p>\n","protected":false},"excerpt":{"rendered":"<p>Kyrie eleison. Chryste eleison. Kyrie eleison. Chryste, us\u0142ysz nas. Chryste, wys\u0142uchaj nas. Ojcze z nieba Bo\u017ce, zmi\u0142uj si\u0119 nad nami. Synu, Odkupicielu \u015bwiata, Bo\u017ce Duchu \u015awi\u0119ty, Bo\u017ce \u015awi\u0119ta Tr\u00f3jco, jedyny Bo\u017ce \u015awi\u0119ta Maryjo, Kr\u00f3lowo&#46;&#46;&#46;<\/p>\n","protected":false},"author":1,"featured_media":0,"parent":0,"menu_order":0,"comment_status":"closed","ping_status":"closed","template":"","meta":{"footnotes":""},"class_list":["post-3957","page","type-page","status-publish","hentry"],"jetpack_sharing_enabled":true,"jetpack_shortlink":"https:\/\/wp.me\/PakDx7-11P","_links":{"self":[{"href":"https:\/\/pabianice.misjonarze.pl\/index.php?rest_route=\/wp\/v2\/pages\/3957","targetHints":{"allow":["GET"]}}],"collection":[{"href":"https:\/\/pabianice.misjonarze.pl\/index.php?rest_route=\/wp\/v2\/pages"}],"about":[{"href":"https:\/\/pabianice.misjonarze.pl\/index.php?rest_route=\/wp\/v2\/types\/page"}],"author":[{"embeddable":true,"href":"https:\/\/pabianice.misjonarze.pl\/index.php?rest_route=\/wp\/v2\/users\/1"}],"replies":[{"embeddable":true,"href":"https:\/\/pabianice.misjonarze.pl\/index.php?rest_route=%2Fwp%2Fv2%2Fcomments&post=3957"}],"version-history":[{"count":2,"href":"https:\/\/pabianice.misjonarze.pl\/index.php?rest_route=\/wp\/v2\/pages\/3957\/revisions"}],"predecessor-version":[{"id":3962,"href":"https:\/\/pabianice.misjonarze.pl\/index.php?rest_route=\/wp\/v2\/pages\/3957\/revisions\/3962"}],"wp:attachment":[{"href":"https:\/\/pabianice.misjonarze.pl\/index.php?rest_route=%2Fwp%2Fv2%2Fmedia&parent=3957"}],"curies":[{"name":"wp","href":"https:\/\/api.w.org\/{rel}","templated":true}]}}