{"id":3953,"date":"2021-02-13T11:31:05","date_gmt":"2021-02-13T09:31:05","guid":{"rendered":"https:\/\/pabianice.misjonarze.pl\/?page_id=3953"},"modified":"2021-02-13T11:31:05","modified_gmt":"2021-02-13T09:31:05","slug":"litania-do-swietej-barbary","status":"publish","type":"page","link":"https:\/\/pabianice.misjonarze.pl\/?page_id=3953","title":{"rendered":"Litania do \u015awi\u0119tej Barbary"},"content":{"rendered":"<p><span style=\"font-family: Arial; font-size: 14pt;\"><img data-recalc-dims=\"1\" loading=\"lazy\" decoding=\"async\" class=\"alignright wp-image-3954 size-full\" src=\"https:\/\/i0.wp.com\/pabianice.misjonarze.pl\/wp-content\/uploads\/barbara.jpg?resize=169%2C300&#038;ssl=1\" alt=\"\" width=\"169\" height=\"300\" srcset=\"https:\/\/i0.wp.com\/pabianice.misjonarze.pl\/wp-content\/uploads\/barbara.jpg?w=169&amp;ssl=1 169w, https:\/\/i0.wp.com\/pabianice.misjonarze.pl\/wp-content\/uploads\/barbara.jpg?resize=85%2C150&amp;ssl=1 85w\" sizes=\"auto, (max-width: 169px) 100vw, 169px\" \/><\/span><\/p>\n<p><span style=\"font-family: Arial; font-size: 14pt;\">Kyrie eleison. Chryste eleison. Kyrie eleison<br \/>\nChryste, us\u0142ysz nas<br \/>\nChryste, wys\u0142uchaj nas<br \/>\nOjcze z nieba Bo\u017ce, zmi\u0142uj si\u0119 nad nami<br \/>\nSynu, Odkupicielu \u015bwiata, Bo\u017ce<br \/>\nDuchu \u015awi\u0119ty, Bo\u017ce<br \/>\n\u015awi\u0119ta Tr\u00f3jco, jedyny Bo\u017ce<br \/>\n<\/span><\/p>\n<p><span style=\"font-family: Arial; font-size: 14pt;\">Aby\u015b nam bez Sakrament\u00f3w schodzi\u0107 z tego \u015bwiata nie dopu\u015bci\u0142a,\u00a0<span style=\"color: #000000;\">przyczy\u0144 si\u0119 za nami<\/span><br \/>\nAby\u015b nam ul\u017cenie chor\u00f3b i cierpliwo\u015b\u0107 w nich uprosi\u0142a,<br \/>\nAby\u015b nam zjedna\u0142a \u0142ask\u0119 ostateczn\u0105,<br \/>\nAby\u015b nam konaj\u0105cym przytomn\u0105 by\u0142\u0105,<br \/>\nAby\u015b si\u0119 za nami przyczyni\u0142a na s\u0105dzie Boskim,<br \/>\nAby\u015b nas od \u015bmierci wiecznej wyprosi\u0142a,<br \/>\nAby\u015b po \u015bmierci nam i wszystkim braciom i siostrom bractwa odpoczynek wieczny zjedna\u0142a,<br \/>\nAby\u015b dusz naszych, wszystkich braci i si\u00f3str naszych od m\u0105k czy\u015b\u0107cowych zachowanie wyb\u0142aga\u0142a,<br \/>\nPrzez zas\u0142ugi Twoje,<br \/>\nPrzez bole\u015b\u0107 Twoj\u0105 w m\u0119cze\u0144stwie okrutnym przyj\u0119t\u0105,<br \/>\nPrzez niewinn\u0105 \u015bmier\u0107 Twoj\u0105,<br \/>\nPrzez zas\u0142ug\u0119, za pomoc\u0105 kt\u00f3rej Chrystus Ci\u0119 nawiedzi\u0142 i uzdrowi\u0142,<br \/>\nPrzez wszelkie dobroczynno\u015bci Chrystusowe uczynione dla Ciebie,<br \/>\nPrzez wszelakie ku Bogu ch\u0119ci Twoje,<br \/>\nWielce uwielbiona przez Boga,<\/span><\/p>\n<p><span style=\"font-family: Arial; font-size: 14pt;\"><br \/>\nBaranku Bo\u017cy, kt\u00f3ry g\u0142adzisz grzechy \u015bwiata, przepu\u015b\u0107 nam Panie<br \/>\nBaranku Bo\u017cy, kt\u00f3ry g\u0142adzisz grzechy \u015bwiata, wys\u0142uchaj nas Panie<br \/>\nBaranku Bo\u017cy, kt\u00f3ry g\u0142adzisz grzechy \u015bwiata, zmi\u0142uj si\u0119 nad nami<\/span><\/p>\n<p><span style=\"font-family: Arial; font-size: 14pt;\">Ojcze nasz&#8230;<\/span><\/p>\n<p><span style=\"font-family: Arial; font-size: 14pt;\">Zdrowa\u015b Maryjo&#8230;<\/span><\/p>\n<p>&nbsp;<\/p>\n<p><span style=\"font-family: Arial; font-size: 14pt;\">Panie, wys\u0142uchaj modlitwy nasze,<br \/>\nA wo\u0142anie nasze niech do Ciebie przyjdzie<\/span><\/p>\n<p><span style=\"font-family: Arial; font-size: 14pt;\"><br \/>\nM\u00f3dlmy si\u0119:\u00a0 Bo\u017ce Wszechmog\u0105cy, udziel nam Twego mi\u0142osierdzia, kt\u00f3re \u015bwi\u0119tej dziewicy i m\u0119czennicy Barbarze okaza\u0142e\u015b, aby\u015bmy za przyczyn\u0105 jej chwalebnych zas\u0142ug, od nag\u0142ej \u015bmierci byli wolnymi i w godzin\u0119 \u015bmierci naszej dost\u0105pi\u0107 mogli \u0142aski przyj\u0119cia Sakrament\u00f3w \u015bwi\u0119tych.\u00a0 Przez Chrystusa Pana naszego. Amen.<\/span><\/p>\n","protected":false},"excerpt":{"rendered":"<p>Kyrie eleison. Chryste eleison. Kyrie eleison Chryste, us\u0142ysz nas Chryste, wys\u0142uchaj nas Ojcze z nieba Bo\u017ce, zmi\u0142uj si\u0119 nad nami Synu, Odkupicielu \u015bwiata, Bo\u017ce Duchu \u015awi\u0119ty, Bo\u017ce \u015awi\u0119ta Tr\u00f3jco, jedyny Bo\u017ce Aby\u015b nam bez&#46;&#46;&#46;<\/p>\n","protected":false},"author":1,"featured_media":0,"parent":0,"menu_order":0,"comment_status":"closed","ping_status":"closed","template":"","meta":{"footnotes":""},"class_list":["post-3953","page","type-page","status-publish","hentry"],"jetpack_sharing_enabled":true,"jetpack_shortlink":"https:\/\/wp.me\/PakDx7-11L","_links":{"self":[{"href":"https:\/\/pabianice.misjonarze.pl\/index.php?rest_route=\/wp\/v2\/pages\/3953","targetHints":{"allow":["GET"]}}],"collection":[{"href":"https:\/\/pabianice.misjonarze.pl\/index.php?rest_route=\/wp\/v2\/pages"}],"about":[{"href":"https:\/\/pabianice.misjonarze.pl\/index.php?rest_route=\/wp\/v2\/types\/page"}],"author":[{"embeddable":true,"href":"https:\/\/pabianice.misjonarze.pl\/index.php?rest_route=\/wp\/v2\/users\/1"}],"replies":[{"embeddable":true,"href":"https:\/\/pabianice.misjonarze.pl\/index.php?rest_route=%2Fwp%2Fv2%2Fcomments&post=3953"}],"version-history":[{"count":1,"href":"https:\/\/pabianice.misjonarze.pl\/index.php?rest_route=\/wp\/v2\/pages\/3953\/revisions"}],"predecessor-version":[{"id":3955,"href":"https:\/\/pabianice.misjonarze.pl\/index.php?rest_route=\/wp\/v2\/pages\/3953\/revisions\/3955"}],"wp:attachment":[{"href":"https:\/\/pabianice.misjonarze.pl\/index.php?rest_route=%2Fwp%2Fv2%2Fmedia&parent=3953"}],"curies":[{"name":"wp","href":"https:\/\/api.w.org\/{rel}","templated":true}]}}