{"id":3943,"date":"2021-02-13T11:08:49","date_gmt":"2021-02-13T09:08:49","guid":{"rendered":"https:\/\/pabianice.misjonarze.pl\/?page_id=3943"},"modified":"2021-02-13T11:10:38","modified_gmt":"2021-02-13T09:10:38","slug":"litania-do-swietej-anny","status":"publish","type":"page","link":"https:\/\/pabianice.misjonarze.pl\/?page_id=3943","title":{"rendered":"Litania do \u015awi\u0119tej Anny"},"content":{"rendered":"<p><span style=\"font-family: Arial; font-size: 14pt;\"><img data-recalc-dims=\"1\" loading=\"lazy\" decoding=\"async\" class=\"alignright wp-image-3945 size-medium\" src=\"https:\/\/i0.wp.com\/pabianice.misjonarze.pl\/wp-content\/uploads\/anna.jpg?resize=202%2C300&#038;ssl=1\" alt=\"\" width=\"202\" height=\"300\" srcset=\"https:\/\/i0.wp.com\/pabianice.misjonarze.pl\/wp-content\/uploads\/anna.jpg?resize=202%2C300&amp;ssl=1 202w, https:\/\/i0.wp.com\/pabianice.misjonarze.pl\/wp-content\/uploads\/anna.jpg?resize=101%2C150&amp;ssl=1 101w, https:\/\/i0.wp.com\/pabianice.misjonarze.pl\/wp-content\/uploads\/anna.jpg?w=404&amp;ssl=1 404w\" sizes=\"auto, (max-width: 202px) 100vw, 202px\" \/><\/span><\/p>\n<p><span style=\"font-family: Arial; font-size: 14pt;\">Kyrie eleison. Chryste eleison. Kyrie eleison.<br \/>\nChryste, us\u0142ysz nas.<br \/>\nChryste, wys\u0142uchaj nas.<br \/>\nOjcze z nieba Bo\u017ce, zmi\u0142uj si\u0119 nad nami.<br \/>\nSynu, Odkupicielu \u015bwiata, Bo\u017ce<br \/>\nDuchu \u015awi\u0119ty, Bo\u017ce<br \/>\n\u015awi\u0119ta Tr\u00f3jco, jedyny Bo\u017ce<br \/>\n<\/span><\/p>\n<p><span style=\"font-family: Arial; font-size: 14pt;\">\u015awi\u0119ta Maryjo, m\u00f3dl si\u0119 za nami<br \/>\n\u015awi\u0119ta Anno, Matko Naj\u015bwi\u0119tszej Maryi Panny,<br \/>\n\u015awi\u0119ta Anno, s\u0142u\u017cebnico Ojca Przedwiecznego,<br \/>\n\u015awi\u0119ta Anno, Matko Rodzicielki Syna Bo\u017cego,<br \/>\n\u015awi\u0119ta Anno, \u015bwi\u0105tynio Ducha \u015awi\u0119tego,<br \/>\n\u015awi\u0119ta Anno, piastunko Jezusa i Maryi,<br \/>\n\u015awi\u0119ta Anno, naczynie wybrane Opatrzno\u015bci Bo\u017cej,<br \/>\n\u015awi\u0119ta Anno, mi\u0142o\u015bci\u0105 Bo\u017c\u0105 pa\u0142aj\u0105ca,<br \/>\n\u015awi\u0119ta Anno, chlubo wszystkich niewiast,<br \/>\n\u015awi\u0119ta Anno, przyk\u0142adzie wiernych \u017con,<br \/>\n\u015awi\u0119ta Anno, wzorze wszystkich matek,<br \/>\n\u015awi\u0119ta Anno, cicha i pokorna,<br \/>\n\u015awi\u0119ta Anno, Matko sprawiedliwa,<br \/>\n\u015awi\u0119ta Anno, wzorze wychowania dzieci dla Boga,<br \/>\n\u015awi\u0119ta Anno, wzorze cichego \u017cycia domowego,<br \/>\n\u015awi\u0119ta Anno, aniele cierpliwo\u015bci i wyrozumia\u0142o\u015bci,<br \/>\n\u015awi\u0119ta Anno, mistrzyni modlitwy i ofiary,<br \/>\n\u015awi\u0119ta Anno, nauczycielko prawdy i mi\u0142o\u015bci,<br \/>\n\u015awi\u0119ta Anno, nadziejo chorych i nieszcz\u0119\u015bliwych,<br \/>\n\u015awi\u0119ta Anno, obrono sierot i wd\u00f3w,<br \/>\n\u015awi\u0119ta Anno, pociecho ubogich i opuszczonych,<br \/>\n\u015awi\u0119ta Anno, ucieczko b\u0142\u0105dz\u0105cych,<br \/>\n\u015awi\u0119ta Anno, opiekunko \u017cniwnych p\u00f3l,<br \/>\n\u015awi\u0119ta Anno, przemo\u017cna Or\u0119downiczko u Boga,<br \/>\n<\/span><\/p>\n<p><span style=\"font-family: Arial; font-size: 14pt;\">Prosimy Ci\u0119, \u015bwi\u0119ta Anno,<br \/>\nAby\u015b wszystkim rodzinom katolickim pok\u00f3j i zgod\u0119 wyjedna\u0142a, wys\u0142uchaj nas, \u015awi\u0119ta Anno<br \/>\nAby\u015b wszystkich powo\u0142anych do s\u0142u\u017cby Bo\u017cej wspiera\u0142a,<br \/>\nAby\u015b wszystkich, kt\u00f3rzy w trudnych warunkach pracuj\u0105, wspomaga\u0142a,<br \/>\nAby\u015b podr\u00f3\u017cuj\u0105cych od wypadk\u00f3w zachowa\u0142a,<br \/>\nAby\u015b wszystkim czcicielom Twoim nieustannie pomaga\u0142a,<br \/>\nAby\u015b nam w godzin\u0119 \u015bmierci z pomoc\u0105 przyby\u0142a,<br \/>\n<\/span><\/p>\n<p><span style=\"font-family: Arial; font-size: 14pt;\">Baranku Bo\u017cy, kt\u00f3ry g\u0142adzisz grzechy \u015bwiata,- przepu\u015b\u0107 nam, Panie<br \/>\nBaranku Bo\u017cy, kt\u00f3ry g\u0142adzisz grzechy \u015bwiata,- wys\u0142uchaj nas, Panie<br \/>\nBaranku Bo\u017cy, kt\u00f3ry g\u0142adzisz grzechy \u015bwiata,- zmi\u0142uj si\u0119 nad nami<\/span><\/p>\n<p><span style=\"font-family: Arial; font-size: 14pt;\">M\u00f3dl si\u0119 za nami, \u015awi\u0119ta Anno,<br \/>\nAby\u015bmy si\u0119 stali godnymi obietnic Chrystusowych.<\/span><\/p>\n<p><span style=\"font-family: Arial; font-size: 14pt;\">M\u00f3dlmy si\u0119: Bo\u017ce, kt\u00f3ry wybra\u0142e\u015b \u015awi\u0119t\u0105 Ann\u0119 na Matk\u0119 Rodzicielki Twego Jednorodzonego Syna, spraw \u0142askawie, aby\u015bmy za Jej przyk\u0142adem. s\u0142u\u017cyli Tobie z mi\u0142o\u015bci\u0105 i osi\u0105gn\u0119li wieczne zbawienie. Przez Chrystusa Pana naszego. Amen.<\/span><\/p>\n","protected":false},"excerpt":{"rendered":"<p>Kyrie eleison. Chryste eleison. Kyrie eleison. Chryste, us\u0142ysz nas. Chryste, wys\u0142uchaj nas. Ojcze z nieba Bo\u017ce, zmi\u0142uj si\u0119 nad nami. Synu, Odkupicielu \u015bwiata, Bo\u017ce Duchu \u015awi\u0119ty, Bo\u017ce \u015awi\u0119ta Tr\u00f3jco, jedyny Bo\u017ce \u015awi\u0119ta Maryjo, m\u00f3dl&#46;&#46;&#46;<\/p>\n","protected":false},"author":1,"featured_media":0,"parent":0,"menu_order":0,"comment_status":"closed","ping_status":"closed","template":"","meta":{"footnotes":""},"class_list":["post-3943","page","type-page","status-publish","hentry"],"jetpack_sharing_enabled":true,"jetpack_shortlink":"https:\/\/wp.me\/PakDx7-11B","_links":{"self":[{"href":"https:\/\/pabianice.misjonarze.pl\/index.php?rest_route=\/wp\/v2\/pages\/3943","targetHints":{"allow":["GET"]}}],"collection":[{"href":"https:\/\/pabianice.misjonarze.pl\/index.php?rest_route=\/wp\/v2\/pages"}],"about":[{"href":"https:\/\/pabianice.misjonarze.pl\/index.php?rest_route=\/wp\/v2\/types\/page"}],"author":[{"embeddable":true,"href":"https:\/\/pabianice.misjonarze.pl\/index.php?rest_route=\/wp\/v2\/users\/1"}],"replies":[{"embeddable":true,"href":"https:\/\/pabianice.misjonarze.pl\/index.php?rest_route=%2Fwp%2Fv2%2Fcomments&post=3943"}],"version-history":[{"count":3,"href":"https:\/\/pabianice.misjonarze.pl\/index.php?rest_route=\/wp\/v2\/pages\/3943\/revisions"}],"predecessor-version":[{"id":3947,"href":"https:\/\/pabianice.misjonarze.pl\/index.php?rest_route=\/wp\/v2\/pages\/3943\/revisions\/3947"}],"wp:attachment":[{"href":"https:\/\/pabianice.misjonarze.pl\/index.php?rest_route=%2Fwp%2Fv2%2Fmedia&parent=3943"}],"curies":[{"name":"wp","href":"https:\/\/api.w.org\/{rel}","templated":true}]}}