{"id":3915,"date":"2021-02-12T11:56:46","date_gmt":"2021-02-12T09:56:46","guid":{"rendered":"https:\/\/pabianice.misjonarze.pl\/?page_id=3915"},"modified":"2022-07-29T14:49:15","modified_gmt":"2022-07-29T12:49:15","slug":"litania-do-swietego-andrzeja-boboli","status":"publish","type":"page","link":"https:\/\/pabianice.misjonarze.pl\/?page_id=3915","title":{"rendered":"Litania do \u015awi\u0119tego Andrzeja Boboli"},"content":{"rendered":"<p><span style=\"font-family: Arial; font-size: 14pt;\"><img data-recalc-dims=\"1\" loading=\"lazy\" decoding=\"async\" class=\"aligncenter wp-image-3917 size-medium\" src=\"https:\/\/i0.wp.com\/pabianice.misjonarze.pl\/wp-content\/uploads\/andrzej-bobola.jpg?resize=210%2C300&#038;ssl=1\" alt=\"\" width=\"210\" height=\"300\" srcset=\"https:\/\/i0.wp.com\/pabianice.misjonarze.pl\/wp-content\/uploads\/andrzej-bobola.jpg?resize=210%2C300&amp;ssl=1 210w, https:\/\/i0.wp.com\/pabianice.misjonarze.pl\/wp-content\/uploads\/andrzej-bobola.jpg?resize=105%2C150&amp;ssl=1 105w, https:\/\/i0.wp.com\/pabianice.misjonarze.pl\/wp-content\/uploads\/andrzej-bobola.jpg?w=413&amp;ssl=1 413w\" sizes=\"auto, (max-width: 210px) 100vw, 210px\" \/><\/span><\/p>\n<p><span style=\"font-family: arial, helvetica, sans-serif; font-size: 14pt;\">Kyrie eleison, Christe eleison, Kyrie eleison<\/span><br \/>\n<span style=\"font-family: arial, helvetica, sans-serif; font-size: 14pt;\">Chryste, us\u0142ysz nas, Chryste, wys\u0142uchaj nas.<\/span><br \/>\n<span style=\"font-family: arial, helvetica, sans-serif; font-size: 14pt;\">Ojcze z\u00a0nieba Bo\u017ce, zmi\u0142uj si\u0119 nad nami<\/span><br \/>\n<span style=\"font-family: arial, helvetica, sans-serif; font-size: 14pt;\">Synu, Odkupicielu \u015bwiata, Bo\u017ce, zmi\u0142uj si\u0119 nad nami<\/span><br \/>\n<span style=\"font-family: arial, helvetica, sans-serif; font-size: 14pt;\">Duchu \u015awi\u0119ty, Bo\u017ce,<\/span><br \/>\n<span style=\"font-family: arial, helvetica, sans-serif; font-size: 14pt;\">\u015awi\u0119ta Tr\u00f3jco, jedyny Bo\u017ce, zmi\u0142uj si\u0119 nad nami.<\/span><\/p>\n<p><span style=\"font-family: arial, helvetica, sans-serif; font-size: 14pt;\">\u015awi\u0119ta Maryjo, m\u00f3dl si\u0119 za nami<\/span><br \/>\n<span style=\"font-family: arial, helvetica, sans-serif; font-size: 14pt;\">\u015aw. Andrzeju Bobolo, m\u00f3dl si\u0119 za nami.<\/span><br \/>\n<span style=\"font-family: arial, helvetica, sans-serif; font-size: 14pt;\">\u015aw. Andrzeju, wierny na\u015bladowco Dobrego Pasterza, m\u00f3dl si\u0119 za nami<\/span><br \/>\n<span style=\"font-family: arial, helvetica, sans-serif; font-size: 14pt;\">\u015aw. Andrzeju, nape\u0142niony duchem Bo\u017cym, m\u00f3dl si\u0119 za nami<\/span><br \/>\n<span style=\"font-family: arial, helvetica, sans-serif; font-size: 14pt;\">\u015aw. Andrzeju, czcicielu Niepokalanie Pocz\u0119tej Maryi Panny, m\u00f3dl si\u0119 za nami<\/span><br \/>\n<span style=\"font-family: arial, helvetica, sans-serif; font-size: 14pt;\">\u015aw. Andrzeju, duchowy synu \u015bwi\u0119tego Ignacego Loyoli, m\u00f3dl si\u0119 za nami<\/span><br \/>\n<span style=\"font-family: arial, helvetica, sans-serif; font-size: 14pt;\">\u015aw. Andrzeju, mi\u0142uj\u0105cy Boga i\u00a0bli\u017anich a\u017c do oddania swego \u017cycia, m\u00f3dl si\u0119 za nami<\/span><br \/>\n<span style=\"font-family: arial, helvetica, sans-serif; font-size: 14pt;\">\u015aw. Andrzeju, w\u00a0\u017cyciu codziennym oddany Bogu i\u00a0bli\u017anim, m\u00f3dl si\u0119 za nami<\/span><br \/>\n<span style=\"font-family: arial, helvetica, sans-serif; font-size: 14pt;\">\u015aw. Andrzeju, zjednoczony z\u00a0Bogiem przez nieustann\u0105 modlitw\u0119, m\u00f3dl si\u0119 za nami<\/span><br \/>\n<span style=\"font-family: arial, helvetica, sans-serif; font-size: 14pt;\">\u015aw. Andrzeju, wzorze doskona\u0142o\u015bci chrze\u015bcija\u0144skiej, m\u00f3dl si\u0119 za nami<\/span><br \/>\n<span style=\"font-family: arial, helvetica, sans-serif; font-size: 14pt;\">\u015aw. Andrzeju, Apostole Polesia, m\u00f3dl si\u0119 za nami<\/span><br \/>\n<span style=\"font-family: arial, helvetica, sans-serif; font-size: 14pt;\">\u015aw. Andrzeju, powo\u0142any przez Boga do jednoczenia rozdzielonych si\u00f3str i\u00a0braci, m\u00f3dl si\u0119 za nami<\/span><br \/>\n<span style=\"font-family: arial, helvetica, sans-serif; font-size: 14pt;\">\u015aw. Andrzeju, gorliwy nauczycielu dzieci i\u00a0ludzi religijnie zaniedbanych, m\u00f3dl si\u0119 za nami<\/span><br \/>\n<span style=\"font-family: arial, helvetica, sans-serif; font-size: 14pt;\">\u015aw. Andrzeju, niezachwiany w\u00a0wierze mimo gr\u00f3\u017ab i\u00a0tortur, m\u00f3dl si\u0119 za nami<\/span><br \/>\n<span style=\"font-family: arial, helvetica, sans-serif; font-size: 14pt;\">\u015aw. Andrzeju, wytrwa\u0142y w\u00a0najwi\u0119kszych cierpieniach, m\u00f3dl si\u0119 za nami<\/span><br \/>\n<span style=\"font-family: arial, helvetica, sans-serif; font-size: 14pt;\">\u015aw. Andrzeju, m\u0119czenniku za jedno\u015b\u0107 chrze\u015bcijan, m\u00f3dl si\u0119 za nami<\/span><br \/>\n<span style=\"font-family: arial, helvetica, sans-serif; font-size: 14pt;\">\u015aw. Andrzeju, m\u0119czenniku i\u00a0apostole, m\u00f3dl si\u0119 za nami<\/span><br \/>\n<span style=\"font-family: arial, helvetica, sans-serif; font-size: 14pt;\">\u015aw. Andrzeju, aposto\u0142uj\u0105cy po \u015bmierci w\u0119dr\u00f3wk\u0105 relikwii um\u0119czonego cia\u0142a, m\u00f3dl si\u0119 za nami<\/span><br \/>\n<span style=\"font-family: arial, helvetica, sans-serif; font-size: 14pt;\">\u015aw: Andrzeju, ws\u0142awiony przez Boga wielkimi cudami, m\u00f3dl si\u0119 za nami<\/span><br \/>\n<span style=\"font-family: arial, helvetica, sans-serif; font-size: 14pt;\">\u015aw. Andrzeju, chlubo naszej Ojczyzny, m\u00f3dl si\u0119 za nami<\/span><br \/>\n<span style=\"font-family: arial, helvetica, sans-serif; font-size: 14pt;\">\u015aw. Andrzeju, wielki Or\u0119downiku Polski, m\u00f3dl si\u0119 za nami<\/span><br \/>\n<span style=\"font-family: arial, helvetica, sans-serif; font-size: 14pt;\">\u015aw: Andrzeju, proroku zmartwychwstania Polski po trzecim rozbiorze, m\u00f3dl si\u0119 za nami<\/span><br \/>\n<span style=\"font-family: arial, helvetica, sans-serif; font-size: 14pt;\">\u015aw. Andrzeju, nasz wielki Patronie, m\u00f3dl si\u0119 za nami.<\/span><\/p>\n<p><span style=\"font-family: arial, helvetica, sans-serif; font-size: 14pt;\">Aby\u015bmy wszyscy chrze\u015bcijanie stanowili jedno, \u00a0upro\u015b nam u\u00a0Boga<\/span><br \/>\n<span style=\"font-family: arial, helvetica, sans-serif; font-size: 14pt;\">Aby\u015bmy nigdy od naszej wiary nie odst\u0105pili, upro\u015b nam u\u00a0Boga<\/span><br \/>\n<span style=\"font-family: arial, helvetica, sans-serif; font-size: 14pt;\">Aby\u015bmy \u017cadnego grzechu ci\u0119\u017ckiego nie pope\u0142nili, upro\u015b nam u\u00a0Boga<\/span><br \/>\n<span style=\"font-family: arial, helvetica, sans-serif; font-size: 14pt;\">Aby\u015bmy za pope\u0142nione winy szczer\u0105 pokut\u0119 czynili, upro\u015b nam u\u00a0Boga<\/span><br \/>\n<span style=\"font-family: arial, helvetica, sans-serif; font-size: 14pt;\">Aby\u015bmy dla naszego zbawienia gorliwie z\u00a0\u0142ask\u0105 Bo\u017c\u0105 wsp\u00f3\u0142pracowali, upro\u015b nam u\u00a0Boga<\/span><br \/>\n<span style=\"font-family: arial, helvetica, sans-serif; font-size: 14pt;\">Aby\u015bmy Bogu wiernie s\u0142u\u017cyli, upro\u015b nam u\u00a0Boga<\/span><br \/>\n<span style=\"font-family: arial, helvetica, sans-serif; font-size: 14pt;\">Aby\u015bmy Naj\u015bwi\u0119tsz\u0105 Maryj\u0119 Pann\u0119 jako Matk\u0119 mi\u0142owali, upro\u015b nam u\u00a0Boga<\/span><br \/>\n<span style=\"font-family: arial, helvetica, sans-serif; font-size: 14pt;\">Aby\u015bmy w\u00a0znoszeniu wszelkich przeciwno\u015bci wytrwali, upro\u015b nam u\u00a0Boga<\/span><br \/>\n<span style=\"font-family: arial, helvetica, sans-serif; font-size: 14pt;\">Aby\u015bmy\u00a0Tob\u0105 nieustannie Bogu chwa\u0142\u0119 oddawali, upro\u015b nam u\u00a0Boga.<\/span><\/p>\n<p><span style=\"font-family: arial, helvetica, sans-serif; font-size: 14pt;\">Baranku Bo\u017cy, kt\u00f3ry g\u0142adzisz grzechy \u015bwiata, przepu\u015b\u0107 nam Panie<\/span><br \/>\n<span style=\"font-family: arial, helvetica, sans-serif; font-size: 14pt;\">Baranku Bo\u017cy, kt\u00f3ry g\u0142adzisz grzechy \u015bwiata, wys\u0142uchaj nas Panie<\/span><br \/>\n<span style=\"font-family: arial, helvetica, sans-serif; font-size: 14pt;\">Baranku Bo\u017cy, kt\u00f3ry g\u0142adzisz grzechy \u015bwiata, zmi\u0142uj si\u0119 nad nami.<\/span><\/p>\n<p><span style=\"font-family: arial, helvetica, sans-serif; font-size: 14pt;\">M\u00f3dl si\u0119 za nami \u015bwi\u0119ty Andrzeju Bobolo<\/span><br \/>\n<span style=\"font-family: arial, helvetica, sans-serif; font-size: 14pt;\">Aby\u015bmy si\u0119 stali godni obietnic Chrystusowych.<\/span><\/p>\n<p><span style=\"font-family: arial, helvetica, sans-serif; font-size: 14pt;\">M\u00f3dlmy si\u0119.<\/span><br \/>\n<span style=\"font-family: arial, helvetica, sans-serif; font-size: 14pt;\">Bo\u017ce, nasz Ojcze, Ty przez \u015bmier\u0107 umi\u0142owanego Syna chcia\u0142e\u015b zgromadzi\u0107 rozproszone dzieci.<\/span><br \/>\n<span style=\"font-family: arial, helvetica, sans-serif; font-size: 14pt;\">Spraw, aby\u015bmy gorliwie wsp\u00f3\u0142pracowali z\u00a0Twoim dzie\u0142em, za kt\u00f3re odda\u0142 \u017cycie \u015bwi\u0119ty Andrzej Bobola, M\u0119czennik.<\/span><br \/>\n<span style=\"font-family: arial, helvetica, sans-serif; font-size: 14pt;\">Prosimy o\u00a0to przez Chrystusa, Pana naszego. Amen.<\/span><\/p>\n<p>Za: \u201eCuda \u015bw. Andrzeja Boboli\u201d, opracowa\u0142a El\u017cbieta Polak, Wydawnictwo WAM 2017<\/p>\n<p style=\"text-align: justify;\"><em><span style=\"font-size: 14pt;\">\u015awi\u0119ty Andrzeju Bobolo, nasz wielki Patronie, dzi\u0119kujemy Wszechmog\u0105cemu za to, \u017ce do \u015awi\u0119tych Wojciecha i Stanis\u0142awa, patron\u00f3w z pocz\u0105tk\u00f3w naszych dziej\u00f3w, doda\u0142 &#8211; u boku Kr\u00f3lowej Polski &#8211; Ciebie. Twoje \u017cycie dope\u0142ni\u0142o si\u0119 m\u0119cze\u0144stwem w krytycznym okresie pierwszej Rzeczypospolitej, a Twoja \u015bwi\u0119to\u015b\u0107 uznana zosta\u0142a przy ko\u0144cu drugiej Rzeczypospolitej, kt\u00f3rej odrodzenie przepowiedzia\u0142e\u015b. Obecnie w niepodleg\u0142ej Ojczy\u017anie patronujesz odnowie naszego \u017cycia tak osobistego, jak i spo\u0142ecznego, aby wzrasta\u0142a jedno\u015b\u0107 w Polsce, Europie i na \u015bwiecie. Niech Tw\u00f3j patronat zjednoczy nas w mi\u0142o\u015bci przez wiar\u0119 w Jezusa Chrystusa, Twojego i naszego Pana, kt\u00f3ry z Bogiem Ojcem \u017cyje i kr\u00f3luje w jedno\u015bci Ducha \u015awi\u0119tego przez wszystkie wieki wiek\u00f3w.\u00a0 Amen.<\/span><\/em><\/p>\n<p>&nbsp;<\/p>\n","protected":false},"excerpt":{"rendered":"<p>Kyrie eleison, Christe eleison, Kyrie eleison Chryste, us\u0142ysz nas, Chryste, wys\u0142uchaj nas. Ojcze z\u00a0nieba Bo\u017ce, zmi\u0142uj si\u0119 nad nami Synu, Odkupicielu \u015bwiata, Bo\u017ce, zmi\u0142uj si\u0119 nad nami Duchu \u015awi\u0119ty, Bo\u017ce, \u015awi\u0119ta Tr\u00f3jco, jedyny Bo\u017ce,&#46;&#46;&#46;<\/p>\n","protected":false},"author":1,"featured_media":0,"parent":0,"menu_order":0,"comment_status":"closed","ping_status":"closed","template":"","meta":{"footnotes":""},"class_list":["post-3915","page","type-page","status-publish","hentry"],"jetpack_sharing_enabled":true,"jetpack_shortlink":"https:\/\/wp.me\/PakDx7-119","_links":{"self":[{"href":"https:\/\/pabianice.misjonarze.pl\/index.php?rest_route=\/wp\/v2\/pages\/3915","targetHints":{"allow":["GET"]}}],"collection":[{"href":"https:\/\/pabianice.misjonarze.pl\/index.php?rest_route=\/wp\/v2\/pages"}],"about":[{"href":"https:\/\/pabianice.misjonarze.pl\/index.php?rest_route=\/wp\/v2\/types\/page"}],"author":[{"embeddable":true,"href":"https:\/\/pabianice.misjonarze.pl\/index.php?rest_route=\/wp\/v2\/users\/1"}],"replies":[{"embeddable":true,"href":"https:\/\/pabianice.misjonarze.pl\/index.php?rest_route=%2Fwp%2Fv2%2Fcomments&post=3915"}],"version-history":[{"count":5,"href":"https:\/\/pabianice.misjonarze.pl\/index.php?rest_route=\/wp\/v2\/pages\/3915\/revisions"}],"predecessor-version":[{"id":6281,"href":"https:\/\/pabianice.misjonarze.pl\/index.php?rest_route=\/wp\/v2\/pages\/3915\/revisions\/6281"}],"wp:attachment":[{"href":"https:\/\/pabianice.misjonarze.pl\/index.php?rest_route=%2Fwp%2Fv2%2Fmedia&parent=3915"}],"curies":[{"name":"wp","href":"https:\/\/api.w.org\/{rel}","templated":true}]}}