{"id":3905,"date":"2021-02-12T11:18:22","date_gmt":"2021-02-12T09:18:22","guid":{"rendered":"https:\/\/pabianice.misjonarze.pl\/?page_id=3905"},"modified":"2023-07-23T22:42:04","modified_gmt":"2023-07-23T20:42:04","slug":"litania-do-wszystkich-swietych","status":"publish","type":"page","link":"https:\/\/pabianice.misjonarze.pl\/?page_id=3905","title":{"rendered":"Litania do Wszystkich \u015awi\u0119tych"},"content":{"rendered":"<table border=\"0\" cellpadding=\"10\" bgcolor=\"white\">\n<tbody>\n<tr>\n<td align=\"left\">&nbsp;<\/p>\n<h4><span style=\"font-family: Arial; font-size: 14pt;\"><img data-recalc-dims=\"1\" loading=\"lazy\" decoding=\"async\" class=\"alignright wp-image-3906 size-full\" src=\"https:\/\/i0.wp.com\/pabianice.misjonarze.pl\/wp-content\/uploads\/wszyscy-swieci.jpg?resize=295%2C171&#038;ssl=1\" alt=\"\" width=\"295\" height=\"171\" srcset=\"https:\/\/i0.wp.com\/pabianice.misjonarze.pl\/wp-content\/uploads\/wszyscy-swieci.jpg?w=295&amp;ssl=1 295w, https:\/\/i0.wp.com\/pabianice.misjonarze.pl\/wp-content\/uploads\/wszyscy-swieci.jpg?resize=150%2C87&amp;ssl=1 150w\" sizes=\"auto, (max-width: 295px) 100vw, 295px\" \/><span style=\"color: #000000;\">B\u0141AGANIA DO BOGA<\/span><\/span><\/h4>\n<p><span style=\"font-family: Arial; font-size: 14pt; color: #000000;\">Panie, zmi\u0142uj si\u0119 nad nami &#8211; Panie, zmi\u0142uj si\u0119 nad nami<br \/>\nChryste, zmi\u0142uj si\u0119 nad nami &#8211; Chryste, zmi\u0142uj si\u0119 nad nami<br \/>\nPanie, zmi\u0142uj si\u0119 nad nami &#8211; Panie, zmi\u0142uj si\u0119 nad nami<br \/>\nOjcze z nieba, Bo\u017ce, zmi\u0142uj si\u0119 nad nami.<br \/>\nSynu, Odkupicielu \u015bwiata, Bo\u017ce, zmi\u0142uj si\u0119 nad nami.<br \/>\nDuchu \u015awi\u0119ty, Bo\u017ce, zmi\u0142uj si\u0119 nad nami.<br \/>\n\u015awi\u0119ta Tr\u00f3jco, Jedyny Bo\u017ce, zmi\u0142uj si\u0119 nad nami.<\/span><\/p>\n<p>&nbsp;<\/p>\n<h4><span style=\"font-family: Arial; font-size: 14pt; color: #000000;\">WEZWANIA DO \u015aWI\u0118TYCH<\/span><\/h4>\n<p><span style=\"font-family: Arial; font-size: 14pt; color: #000000;\">\u015awi\u0119ta Maryjo, &#8211; m\u00f3dl si\u0119 za nami<br \/>\n\u015awi\u0119ta Bo\u017ca Rodzicielko, &#8211; m\u00f3dl si\u0119 za nami<br \/>\n\u015awi\u0119ta Panno nad pannami, &#8211; m\u00f3dl si\u0119 za nami<br \/>\n\u015awi\u0119ci: Michale, Gabrielu i Rafale &#8211; m\u00f3dlcie si\u0119 za nami<br \/>\nWszyscy \u015bwi\u0119ci Anio\u0142owie &#8211; m\u00f3dlcie si\u0119 za nami<\/span><\/p>\n<p>&nbsp;<\/p>\n<h4><span style=\"font-family: Arial; font-size: 14pt; color: #000000;\">PATRIARCHOWIE I PROROCY<\/span><\/h4>\n<p><span style=\"font-family: Arial; font-size: 14pt; color: #000000;\">\u015awi\u0119ty Abrahamie, m\u00f3dl si\u0119 za nami<br \/>\n\u015awi\u0119ty Moj\u017ceszu, m\u00f3dl si\u0119 za nami<br \/>\n\u015awi\u0119ty Eliaszu, m\u00f3dl si\u0119 za nami<br \/>\n\u015awi\u0119ty Janie Chrzcicielu, m\u00f3dl si\u0119 za nami<br \/>\n\u015awi\u0119ty J\u00f3zefie, m\u00f3dl si\u0119 za nami<br \/>\n\u015awi\u0119ta Anno, m\u00f3dl si\u0119 za nami<br \/>\nWszyscy \u015bwi\u0119ci Patriarchowie i Prorocy, m\u00f3dlcie si\u0119 za nami<\/span><\/p>\n<p>&nbsp;<\/p>\n<h4><span style=\"font-family: Arial; font-size: 14pt; color: #000000;\">APOSTO\u0141OWIE I UCZNIOWIE<\/span><\/h4>\n<p><span style=\"font-family: Arial; font-size: 14pt; color: #000000;\">\u015awi\u0119ci: Piotrze i Pawle, m\u00f3dlcie si\u0119 za nami<br \/>\n\u015awi\u0119ty Andrzeju, m\u00f3dl si\u0119 za nami<br \/>\n\u015awi\u0119ci: Janie i Jakubie, m\u00f3dlcie si\u0119 za nami<br \/>\n\u015awi\u0119ty Tomaszu, m\u00f3dl si\u0119 za nami<br \/>\nWszyscy \u015bwi\u0119ci Aposto\u0142owie, m\u00f3dlcie si\u0119 za nami<br \/>\n\u015awi\u0119ty \u0141ukaszu, m\u00f3dl si\u0119 za nami<br \/>\n\u015awi\u0119ty Marku, m\u00f3dl si\u0119 za nami<br \/>\n\u015awi\u0119ty Barnabo, m\u00f3dl si\u0119 za nami<br \/>\n\u015awi\u0119ta Mario Magdaleno, m\u00f3dl si\u0119 za nami<br \/>\nWszyscy \u015bwi\u0119ci Uczniowie Pa\u0144scy, m\u00f3dlcie si\u0119 za nami<\/span><\/p>\n<p>&nbsp;<\/p>\n<h4><span style=\"font-family: Arial; font-size: 14pt; color: #000000;\">M\u0118CZENNICY<\/span><\/h4>\n<p><span style=\"font-family: Arial; font-size: 14pt; color: #000000;\">\u015awi\u0119ty Szczepanie, m\u00f3dl si\u0119 za nami<br \/>\n\u015awi\u0119ty Ignacy Antioche\u0144ski, m\u00f3dl si\u0119 za nami<br \/>\n\u015awi\u0119ty Polikarpie, m\u00f3dl si\u0119 za nami<br \/>\n\u015awi\u0119ty Wawrzy\u0144cze, m\u00f3dl si\u0119 za nami<br \/>\n\u015awi\u0119ty Cyprianie, m\u00f3dl si\u0119 za nami<br \/>\n\u015awi\u0119ty Bonifacy, m\u00f3dl si\u0119 za nami<br \/>\n\u015awi\u0119ty Wojciechu, m\u00f3dl si\u0119 za nami<br \/>\n\u015awi\u0119ty Stanis\u0142awie, m\u00f3dl si\u0119 za nami<br \/>\n\u015awi\u0119ty Tomaszu Becket, m\u00f3dl si\u0119 za nami<br \/>\n\u015awi\u0119ci: Janie i Tomaszu z Anglii, m\u00f3dlcie si\u0119 za nami<br \/>\n\u015awi\u0119ty Pawle z Japonii, m\u00f3dl si\u0119 za nami<br \/>\n\u015awi\u0119ci: Izaaku i Janie z Ameryki, m\u00f3dlcie si\u0119 za nami<br \/>\n\u015awi\u0119ty Piotrze z Polinezji, m\u00f3dl si\u0119 za nami<br \/>\n\u015awi\u0119ty Karolu z Ugandy, m\u00f3dl si\u0119 za nami<br \/>\n\u015awi\u0119te: Perpetuo i Felicyto, m\u00f3dlcie si\u0119 za nami<br \/>\n\u015awi\u0119ta Agnieszko, m\u00f3dl si\u0119 za nami<br \/>\n\u015awi\u0119ta Mario Goretti, m\u00f3dl si\u0119 za nami<br \/>\nWszyscy \u015bwi\u0119ci M\u0119czennicy, &#8211; m\u00f3dlcie si\u0119 za nami<\/span><\/p>\n<p>&nbsp;<\/p>\n<h4><span style=\"font-family: Arial; font-size: 14pt; color: #000000;\">BISKUPI I DOKTORZY KO\u015aCIO\u0141A<\/span><\/h4>\n<p><span style=\"font-family: Arial; font-size: 14pt; color: #000000;\">\u015awi\u0119ci: Leonie i Grzegorzu, m\u00f3dlcie si\u0119 za nami<br \/>\n\u015awi\u0119ty Ambro\u017cy, m\u00f3dl si\u0119 za nami<br \/>\n\u015awi\u0119ty Hieronimie, m\u00f3dl si\u0119 za nami<br \/>\n\u015awi\u0119ty Augustynie, m\u00f3dl si\u0119 za nami<br \/>\n\u015awi\u0119ty Atanazy, m\u00f3dl si\u0119 za nami<br \/>\n\u015awi\u0119ci: Bazyli i Grzegorzu z Nazjanzu, m\u00f3dlcie si\u0119 za nami<br \/>\n\u015awi\u0119ty Janie Chryzostomie, m\u00f3dl si\u0119 za nami<br \/>\n\u015awi\u0119ty Marcinie, m\u00f3dl si\u0119 za nami<br \/>\n\u015awi\u0119ty Patryku, m\u00f3dl si\u0119 za nami<br \/>\n\u015awi\u0119ci: Cyrylu i Metody, m\u00f3dlcie si\u0119 za nami<br \/>\n\u015awi\u0119ty Karolu Boromeuszu, m\u00f3dl si\u0119 za nami<br \/>\n\u015awi\u0119ty Franciszku Salezy, m\u00f3dl si\u0119 za nami<br \/>\n\u015awi\u0119ty Piusie Dziesi\u0105ty, m\u00f3dl si\u0119 za nami<\/span><\/p>\n<p>&nbsp;<\/p>\n<h4><span style=\"font-family: Arial; font-size: 14pt; color: #000000;\">KAP\u0141ANI I ZAKONNICY<\/span><\/h4>\n<p><span style=\"font-family: Arial; font-size: 14pt; color: #000000;\">\u015awi\u0119ty Antoni, m\u00f3dl si\u0119 za nami<br \/>\n\u015awi\u0119ty Benedykcie, m\u00f3dl si\u0119 za nami<br \/>\n\u015awi\u0119ty Bernardzie, m\u00f3dl si\u0119 za nami<br \/>\n\u015awi\u0119ci Franciszku i Dominiku, m\u00f3dlcie si\u0119 za nami<br \/>\n\u015awi\u0119ty Jacku, m\u00f3dl si\u0119 za nami<br \/>\n\u015awi\u0119ty Tomaszu z Akwinu, m\u00f3dl si\u0119 za nami<br \/>\n\u015awi\u0119ty Ignacy z Loyoli, m\u00f3dl si\u0119 za nami<br \/>\n\u015awi\u0119ty Franciszku Ksawery, m\u00f3dl si\u0119 za nami<br \/>\n\u015awi\u0119ty Stanis\u0142awie Kostko, m\u00f3dl si\u0119 za nami<br \/>\n\u015awi\u0119ty Wincenty a Paulo, m\u00f3dl si\u0119 za nami<br \/>\n\u015awi\u0119ty Janie Mario Vianneyu, m\u00f3dl si\u0119 za nami<br \/>\n\u015awi\u0119ty Janie Bosco,m\u00f3dl si\u0119 za nami<br \/>\n\u015awi\u0119ta Katarzyno Siene\u0144ska, m\u00f3dl si\u0119 za nami<br \/>\n\u015awi\u0119ta Tereso z Avili, m\u00f3dl si\u0119 za nami<br \/>\n\u015awi\u0119ta R\u00f3\u017co z Limy, m\u00f3dl si\u0119 za nami<br \/>\nB\u0142ogos\u0142awiony Czes\u0142awie, m\u00f3dl si\u0119 za nami<\/span><\/p>\n<p>&nbsp;<\/p>\n<h4><span style=\"font-family: Arial; font-size: 14pt; color: #000000;\">\u015aWIECCY<\/span><\/h4>\n<p><span style=\"font-family: Arial; font-size: 14pt; color: #000000;\">\u015awi\u0119ty Ludwiku, m\u00f3dl si\u0119 za nami<br \/>\n\u015awi\u0119ty Kazimierzu, m\u00f3dl si\u0119 za nami<br \/>\n\u015awi\u0119ta Moniko, m\u00f3dl si\u0119 za nami<br \/>\n\u015awi\u0119ta Jadwigo, m\u00f3dl si\u0119 za nami<br \/>\n\u015awi\u0119ta El\u017cbieto W\u0119gierska, m\u00f3dl si\u0119 za nami<br \/>\nWszyscy \u015awi\u0119ci i \u015awi\u0119te Bo\u017ce, m\u00f3dlcie si\u0119 za nami<\/span><\/p>\n<p>&nbsp;<\/p>\n<h4><span style=\"font-family: Arial; font-size: 14pt; color: #000000;\">WEZWANIA DO CHRYSTUSA KR\u00d3LA<\/span><\/h4>\n<p><span style=\"font-family: Arial; font-size: 14pt; color: #000000;\"><br \/>\nA:<br \/>\nB\u0105d\u017a nam mi\u0142o\u015bciw, wybaw nas, Panie.<br \/>\nOd z\u0142a wszelkiego wybaw nas, Panie.<br \/>\nOd grzechu ka\u017cdego wybaw nas, Panie.<br \/>\nOd zasadzek szatana wybaw nas, Panie.<br \/>\nOd gniewu, nienawi\u015bci i wszelkiej z\u0142ej woli wybaw nas, Panie.<br \/>\nOd \u015bmierci wiecznej wybaw nas, Panie.<br \/>\nPrzez Twoje Wcielenie wybaw nas, Panie.<br \/>\nPrzez Twoje Narodzenie wybaw nas, Panie.<br \/>\nPrzez Tw\u00f3j chrzest i post \u015bwi\u0119ty wybaw nas, Panie.<br \/>\nPrzez Tw\u00f3j krzy\u017c i m\u0119k\u0119 wybaw nas, Panie.<br \/>\nPrzez Twoj\u0105 \u015amier\u0107 i z\u0142o\u017cenie do grobu wybaw nas, Panie.<br \/>\nPrzez Twoje \u015awi\u0119te Zmartwychwstanie wybaw nas, Panie.<br \/>\nPrzez Twoje cudowne Wniebowst\u0105pienie wybaw nas, Panie.<br \/>\nPrzez Zes\u0142anie Ducha \u015awi\u0119tego wybaw nas, Panie.<br \/>\nPrzez Twoje przyj\u015bcie w chwale wybaw nas, Panie.<\/span><\/p>\n<p><span style=\"color: #000000;\">albo B:<\/span><br \/>\n<span style=\"font-family: arial, helvetica, sans-serif; font-size: 14pt; color: #000000;\">Chryste, Synu Boga \u017cywego, &#8211; zmi\u0142uj si\u0119 nad nami<\/span><br \/>\n<span style=\"font-family: arial, helvetica, sans-serif; font-size: 14pt; color: #000000;\">Chryste, kt\u00f3ry na ten \u015bwiat przyszed\u0142e\u015b, &#8211; zmi\u0142uj si\u0119 nad nami<\/span><br \/>\n<span style=\"font-family: arial, helvetica, sans-serif; font-size: 14pt; color: #000000;\">Chryste, kt\u00f3ry zosta\u0142e\u015b ukrzy\u017cowany &#8211; zmi\u0142uj si\u0119 nad nami<\/span><br \/>\n<span style=\"font-family: arial, helvetica, sans-serif; font-size: 14pt; color: #000000;\">Chryste, kt\u00f3ry \u015bmier\u0107 za nas przyj\u0105\u0142e\u015b &#8211; zmi\u0142uj si\u0119 nad nami<\/span><br \/>\n<span style=\"font-family: arial, helvetica, sans-serif; font-size: 14pt; color: #000000;\">Chryste, kt\u00f3ry zosta\u0142e\u015b pogrzebany &#8211; zmi\u0142uj si\u0119 nad nami<\/span><br \/>\n<span style=\"font-family: arial, helvetica, sans-serif; font-size: 14pt; color: #000000;\">Chryste, kt\u00f3ry zmartwychwsta\u0142e\u015b &#8211; zmi\u0142uj si\u0119 nad nami<\/span><br \/>\n<span style=\"font-family: arial, helvetica, sans-serif; font-size: 14pt; color: #000000;\">Chryste, kt\u00f3ry wst\u0105pi\u0142e\u015b do nieba &#8211; zmi\u0142uj si\u0119 nad nami<\/span><br \/>\n<span style=\"font-family: arial, helvetica, sans-serif; font-size: 14pt; color: #000000;\">Chryste, kt\u00f3ry zes\u0142a\u0142e\u015b Ducha \u015awi\u0119tego na Aposto\u0142\u00f3w &#8211; zmi\u0142uj si\u0119 nad nami<\/span><br \/>\n<span style=\"font-family: arial, helvetica, sans-serif; font-size: 14pt; color: #000000;\">Chryste, kt\u00f3ry siedzisz po prawicy Ojca &#8211; zmi\u0142uj si\u0119 nad nami<\/span><br \/>\n<span style=\"font-family: arial, helvetica, sans-serif; font-size: 14pt; color: #000000;\">Chryste, kt\u00f3ry przyjdziesz s\u0105dzi\u0107 \u017cywych i umar\u0142ych &#8211; zmi\u0142uj si\u0119 nad nami<\/span><\/p>\n<p>&nbsp;<\/p>\n<h4><\/h4>\n<h4><span style=\"font-family: Arial; font-size: 14pt; color: #000000;\">B\u0141AGANIA W R\u00d3\u017bNYCH POTRZEBACH<\/span><\/h4>\n<p><span style=\"font-family: arial, helvetica, sans-serif; font-size: 14pt; color: #000000;\">A:<\/span><br \/>\n<span style=\"font-family: arial, helvetica, sans-serif; font-size: 14pt; color: #000000;\">Prosimy Ci\u0119, aby\u015b nam odpu\u015bci\u0142 grzechy, &#8211; wys\u0142uchaj nas, Panie.<\/span><br \/>\n<span style=\"font-family: arial, helvetica, sans-serif; font-size: 14pt; color: #000000;\">Prosimy Ci\u0119, aby\u015b nas doprowadzi\u0142 do <span style=\"font-family: Arial;\">prawdziwej<\/span>\u00a0pokuty, &#8211; wys\u0142uchaj nas, Panie.<\/span><br \/>\n<span style=\"font-family: arial, helvetica, sans-serif; font-size: 14pt; color: #000000;\">Prosimy Ci\u0119, aby\u015b nas samych utwierdzi\u0142 i zachowa\u0142 w swojej \u015bwi\u0119tej s\u0142u\u017cbie, &#8211; wys\u0142uchaj nas, Panie.<\/span><br \/>\n<span style=\"font-family: arial, helvetica, sans-serif; font-size: 14pt; color: #000000;\">Prosimy Ci\u0119, aby\u015b naszym dobroczy\u0144com da\u0142 wieczn\u0105 nagrod\u0119, &#8211; wys\u0142uchaj nas, Panie.<\/span><br \/>\n<span style=\"font-family: arial, helvetica, sans-serif; font-size: 14pt; color: #000000;\">Prosimy Ci\u0119, aby\u015b da\u0142 i zachowa\u0142 plony ziemi, &#8211; wys\u0142uchaj nas, Panie.<\/span><\/p>\n<p><span style=\"font-family: arial, helvetica, sans-serif; font-size: 14pt; color: #000000;\">albo B:<\/span><br \/>\n<span style=\"font-family: arial, helvetica, sans-serif; font-size: 14pt; color: #000000;\">Prosimy Ci\u0119, aby\u015b nam okaza\u0142 mi\u0142osierdzie, &#8211; wys\u0142uchaj nas, Panie.<\/span><br \/>\n<span style=\"font-family: arial, helvetica, sans-serif; font-size: 14pt; color: #000000;\">Prosimy Ci\u0119, aby\u015b da\u0142 nam pragnienie nieba, &#8211; wys\u0142uchaj nas, Panie.<\/span><br \/>\n<span style=\"font-family: arial, helvetica, sans-serif; font-size: 14pt; color: #000000;\">Prosimy Ci\u0119, aby\u015b uchroni\u0142 nas, braci, krewnych i dobrodziej\u00f3w od wiekuistego pot\u0119pienia, &#8211; wys\u0142uchaj nas, Panie.<\/span><br \/>\n<span style=\"font-family: arial, helvetica, sans-serif; font-size: 14pt; color: #000000;\">Prosimy Ci\u0119, aby\u015b da\u0142 wszystkim wiernym zmar\u0142ym wieczny odpoczynek, &#8211; wys\u0142uchaj nas, Panie.<\/span><br \/>\n<span style=\"font-family: arial, helvetica, sans-serif; font-size: 14pt; color: #000000;\">Prosimy Ci\u0119, aby\u015b zachowa\u0142 \u015bwiat od chor\u00f3b, g\u0142odu i wojny, &#8211; wys\u0142uchaj nas, Panie.<\/span><br \/>\n<span style=\"font-family: arial, helvetica, sans-serif; font-size: 14pt; color: #000000;\">Prosimy Ci\u0119, aby\u015b da\u0142 wszystkim narodom pok\u00f3j i prawdziw\u0105 zgod\u0119, &#8211; wys\u0142uchaj nas, Panie.<\/span><\/p>\n<p><span style=\"font-family: arial, helvetica, sans-serif; font-size: 14pt; color: #000000;\">zawsze odmawia si\u0119 C:<\/span><br \/>\n<span style=\"font-family: arial, helvetica, sans-serif; font-size: 14pt; color: #000000;\">Prosimy Ci\u0119, aby\u015b strzeg\u0142 Ko\u015bcio\u0142a \u015bwi\u0119tego i nim kierowa\u0142, &#8211; wys\u0142uchaj nas, Panie.<\/span><br \/>\n<span style=\"font-family: arial, helvetica, sans-serif; font-size: 14pt; color: #000000;\">Prosimy Ci\u0119, aby\u015b zachowa\u0142 Ojca \u015bwi\u0119tego i ca\u0142e duchowie\u0144stwo w prawdziwej pobo\u017cno\u015bci, &#8211; wys\u0142uchaj nas, Panie.<\/span><br \/>\n<span style=\"font-family: arial, helvetica, sans-serif; font-size: 14pt; color: #000000;\">Prosimy Ci\u0119, aby\u015b zjednoczy\u0142 wszystkich wierz\u0105cych w Chrystusa, &#8211; wys\u0142uchaj nas, Panie.<\/span><br \/>\n<span style=\"font-family: arial, helvetica, sans-serif; font-size: 14pt; color: #000000;\">Prosimy Ci\u0119, aby\u015b wszystkich ludzi doprowadzi\u0142 do \u015bwiat\u0142a Ewangelii, &#8211; wys\u0142uchaj nas, Panie.<\/span><\/p>\n<p>&nbsp;<\/p>\n<h4><\/h4>\n<h4><span style=\"font-family: Arial; font-size: 14pt; color: #000000;\">ZAKO\u0143CZENIE<\/span><\/h4>\n<p><span style=\"font-family: Arial; font-size: 14pt; color: #000000;\"><br \/>\nChryste, us\u0142ysz nas, Chryste, us\u0142ysz nas.<br \/>\nChryste wys\u0142uchaj nas, Chryste, wys\u0142uchaj nas.<\/span><\/p>\n<p><span style=\"color: #000000; font-family: arial, helvetica, sans-serif; font-size: 14pt;\">M\u00f3dlmy si\u0119. Bo\u017ce, kt\u00f3ry widzisz, \u017ce upadamy wskutek w\u0142asnej s\u0142abo\u015bci, spraw \u0142askawie, aby przyk\u0142ady \u015bwi\u0119tych umocni\u0142y nasz\u0105 mi\u0142o\u015b\u0107 ku Tobie. Przez Chrystusa Pana Naszego.<\/span><br \/>\n<span style=\"color: #000000; font-family: arial, helvetica, sans-serif; font-size: 14pt;\">Amen.<\/span><\/td>\n<\/tr>\n<\/tbody>\n<\/table>\n","protected":false},"excerpt":{"rendered":"<p>&nbsp; B\u0141AGANIA DO BOGA Panie, zmi\u0142uj si\u0119 nad nami &#8211; Panie, zmi\u0142uj si\u0119 nad nami Chryste, zmi\u0142uj si\u0119 nad nami &#8211; Chryste, zmi\u0142uj si\u0119 nad nami Panie, zmi\u0142uj si\u0119 nad nami &#8211; Panie, zmi\u0142uj&#46;&#46;&#46;<\/p>\n","protected":false},"author":1,"featured_media":0,"parent":0,"menu_order":0,"comment_status":"closed","ping_status":"closed","template":"","meta":{"footnotes":""},"class_list":["post-3905","page","type-page","status-publish","hentry"],"jetpack_sharing_enabled":true,"jetpack_shortlink":"https:\/\/wp.me\/PakDx7-10Z","_links":{"self":[{"href":"https:\/\/pabianice.misjonarze.pl\/index.php?rest_route=\/wp\/v2\/pages\/3905","targetHints":{"allow":["GET"]}}],"collection":[{"href":"https:\/\/pabianice.misjonarze.pl\/index.php?rest_route=\/wp\/v2\/pages"}],"about":[{"href":"https:\/\/pabianice.misjonarze.pl\/index.php?rest_route=\/wp\/v2\/types\/page"}],"author":[{"embeddable":true,"href":"https:\/\/pabianice.misjonarze.pl\/index.php?rest_route=\/wp\/v2\/users\/1"}],"replies":[{"embeddable":true,"href":"https:\/\/pabianice.misjonarze.pl\/index.php?rest_route=%2Fwp%2Fv2%2Fcomments&post=3905"}],"version-history":[{"count":4,"href":"https:\/\/pabianice.misjonarze.pl\/index.php?rest_route=\/wp\/v2\/pages\/3905\/revisions"}],"predecessor-version":[{"id":7517,"href":"https:\/\/pabianice.misjonarze.pl\/index.php?rest_route=\/wp\/v2\/pages\/3905\/revisions\/7517"}],"wp:attachment":[{"href":"https:\/\/pabianice.misjonarze.pl\/index.php?rest_route=%2Fwp%2Fv2%2Fmedia&parent=3905"}],"curies":[{"name":"wp","href":"https:\/\/api.w.org\/{rel}","templated":true}]}}