{"id":3897,"date":"2021-02-12T11:01:50","date_gmt":"2021-02-12T09:01:50","guid":{"rendered":"https:\/\/pabianice.misjonarze.pl\/?page_id=3897"},"modified":"2021-02-12T11:04:30","modified_gmt":"2021-02-12T09:04:30","slug":"litania-do-matki-bozej-odmawiana-w-utrapieniach","status":"publish","type":"page","link":"https:\/\/pabianice.misjonarze.pl\/?page_id=3897","title":{"rendered":"Litania do Matki Bo\u017cej odmawiana w utrapieniach"},"content":{"rendered":"<p><span style=\"font-family: Arial; font-size: 14pt;\"><img data-recalc-dims=\"1\" loading=\"lazy\" decoding=\"async\" class=\"alignright wp-image-3899 size-medium\" src=\"https:\/\/i0.wp.com\/pabianice.misjonarze.pl\/wp-content\/uploads\/mb-strapionych.jpg?resize=246%2C300&#038;ssl=1\" alt=\"\" width=\"246\" height=\"300\" srcset=\"https:\/\/i0.wp.com\/pabianice.misjonarze.pl\/wp-content\/uploads\/mb-strapionych.jpg?resize=246%2C300&amp;ssl=1 246w, https:\/\/i0.wp.com\/pabianice.misjonarze.pl\/wp-content\/uploads\/mb-strapionych.jpg?resize=123%2C150&amp;ssl=1 123w, https:\/\/i0.wp.com\/pabianice.misjonarze.pl\/wp-content\/uploads\/mb-strapionych.jpg?w=722&amp;ssl=1 722w\" sizes=\"auto, (max-width: 246px) 100vw, 246px\" \/><\/span><\/p>\n<p><span style=\"font-family: Arial; font-size: 14pt;\">Kyrie eleison. Chryste eleison. Kyrie eleison<br \/>\nChryste, us\u0142ysz nas<br \/>\nChryste, wys\u0142uchaj nas<br \/>\nOjcze z nieba Bo\u017ce, zmi\u0142uj si\u0119 nad nami<br \/>\nSynu, Odkupicielu \u015bwiata, Bo\u017ce,<br \/>\nDuchu \u015awi\u0119ty, Bo\u017ce,<br \/>\n\u015awi\u0119ta Tr\u00f3jco, jedyny Bo\u017ce,<\/span><\/p>\n<p><span style=\"font-family: Arial; font-size: 14pt;\">\u015awi\u0119ta Maryjo, nieszcz\u0119\u015bliwych nadziejo i utrapionych s\u0142odkie pocieszenie, m\u00f3dl si\u0119 za nami<br \/>\nNaj\u015bwi\u0119tsza Matko Chrystusa,<br \/>\nBogurodzico Dziewico,<br \/>\nNajczystsza z Matek,<br \/>\nMatko nienaruszona,<br \/>\nZe wszystkich dziewic najpierwsza,<br \/>\nZawsze Dziewico,<br \/>\n\u0141aski Bo\u017cej pe\u0142na,<br \/>\nC\u00f3ro Kr\u00f3la wiekuistego,<br \/>\nMatko i Oblubienico Chrystusa,<br \/>\n\u015awi\u0105tynio Ducha \u015awi\u0119tego,<br \/>\n\u015awi\u0119ta Maryjo, niebios Kr\u00f3lowo,<br \/>\nPani Anio\u0142\u00f3w,<br \/>\nDrabino do Boga,<br \/>\nBramo Raju,<br \/>\nMatko nasza i Pani,<br \/>\nPrawdziwa nadziejo nasza,<br \/>\nZaufanie wszystkich wierz\u0105cych,<br \/>\n\u015awi\u0119ta Maryjo, pe\u0142na mi\u0142o\u015bci Boga,<br \/>\nW\u0142adczyni nasza,<br \/>\n\u0179r\u00f3d\u0142o s\u0142odyczy,<br \/>\nMatko mi\u0142osierdzia,<br \/>\nMatko Ksi\u0119cia nad wiekami,<br \/>\nMatko rz\u0105dz\u0105ca najszczerzej,<br \/>\nMatko g\u0142\u0119boko wierz\u0105ca,<br \/>\nZmartwychwstanie nasze,<br \/>\n\u015awi\u0119ta Maryjo, wszelkiego stworzenia odnowienie,<br \/>\n\u015awiat\u0142a wiekuistego Rodzico,<br \/>\nKt\u00f3ra\u015b nosi\u0142a Stw\u00f3rc\u0119 wszech\u015bwiata,<br \/>\nW kt\u00f3rej S\u0142owo Cia\u0142em si\u0119 sta\u0142o,<br \/>\nKomnato skarbu Bo\u017cego,<br \/>\nRodzicielko Sprawcy wszechrzeczy,<br \/>\nTajemnic Bo\u017cych Powiernico,<br \/>\nWybawicielko nasza prawdziwa,<br \/>\n\u015awi\u0119ta Maryjo, skarbie wierz\u0105cych,<br \/>\nNajpi\u0119kniejsza Pani,<br \/>\nT\u0119czo pe\u0142na rado\u015bci,<br \/>\nMatko prawdziwego wesela,<br \/>\nDrogo nasza do Pana,<br \/>\nOr\u0119downiczko nasza,<br \/>\n\u015awi\u0119ta Maryjo, Gwiazdo na niebie najja\u015bniejsza,<br \/>\nNad ksi\u0119\u017cyc \u015bwiatlejsza,<br \/>\nBlaskiem s\u0142o\u0144ce przy\u0107miewaj\u0105ca,<br \/>\nMatko Boga wiekuistego,<br \/>\n\u015awi\u0119ta Maryjo, kt\u00f3ra rozpraszasz ciemno\u015bci wiecznej nocy,<br \/>\nKt\u00f3ra niweczysz wyrok naszego pot\u0119pienia,<br \/>\n\u0179r\u00f3d\u0142o prawdziwej m\u0105dro\u015bci,<br \/>\n\u015awiat\u0142o rzetelnej nauki,<br \/>\nRado\u015bci nasza bezcenna,<br \/>\nUpragniona nagrodo,<br \/>\nPo\u017c\u0105danie wzg\u00f3rz wiekuistych,<br \/>\nZwierciad\u0142o, w kt\u00f3rym Boga ogl\u0105damy,<br \/>\nNad wszystkich \u015bwi\u0119tych \u015bwi\u0119ta,<br \/>\nWszelkiej chwa\u0142y najgodniejsza,<br \/>\n\u015awi\u0119ta Maryjo, naj\u0142askawsza Pani,<br \/>\nPocieszycielko szukaj\u0105cych u Ciebie schronienia,<br \/>\nDobroci pe\u0142na,<br \/>\nWe wszelk\u0105 s\u0142odycz obfituj\u0105ca,<br \/>\nWspania\u0142o\u015bci Anio\u0142\u00f3w,<br \/>\nKwiecie Patriarch\u00f3w,<br \/>\nPokoro Prorok\u00f3w,<br \/>\nSkarbie Aposto\u0142\u00f3w,<br \/>\nChwa\u0142o M\u0119czennik\u00f3w,<br \/>\nChlubo kap\u0142an\u00f3w,<br \/>\nOzdobo dziewic,<br \/>\nLilio czysto\u015bci,<br \/>\n\u015awi\u0119ta Maryjo, mi\u0119dzy niewiastami b\u0142ogos\u0142awiona,<br \/>\nRatunku zagubionych,<br \/>\nS\u0142awo sprawiedliwych,<br \/>\nW Bo\u017ce zamys\u0142y wtajemniczona,<br \/>\nZe wszystkich kobiet naj\u015bwi\u0119tsza,<br \/>\nNajja\u015bniejsza Pani,<br \/>\nPer\u0142o Boskiego Oblubie\u0144ca,<br \/>\n\u015awi\u0119ta Maryjo, Pa\u0142acu Chrystusowy,<br \/>\nPanno niepokalana,<br \/>\n\u015awi\u0105tynio Pa\u0144ska,<br \/>\nChwa\u0142o Jerozolimy,<br \/>\nRado\u015bci Izraela,<br \/>\nC\u00f3ro Bo\u017ca,<br \/>\nNajukocha\u0144sza Oblubienico Chrystusa,<br \/>\nGwiazdo morza,<br \/>\n\u015awi\u0119ta Maryjo, wyci\u0105gnij r\u0119k\u0119 Twoj\u0105 i dotknij serc naszych, aby o\u015bwieci\u0107 i wybawi\u0107 nas grzesznik\u00f3w,<br \/>\nDiademie na g\u0142owie Najwy\u017cszego Kr\u00f3la,<br \/>\nCzci najgodniejsza,<br \/>\nPe\u0142na wszelkiej s\u0142odyczy,<br \/>\nZas\u0142ugo na \u017cycie wieczne,<br \/>\nBramo Kr\u00f3lestwa Bo\u017cego,<br \/>\nBramo, przez kt\u00f3r\u0105 wchodzimy do Pana,<br \/>\nR\u00f3\u017co, kt\u00f3ra wiecznie kwitniesz,<br \/>\nKosztowniejsza od ca\u0142ego \u015bwiata,<br \/>\nPonad skarb wszelki upragniona,<br \/>\nNad niebo wy\u017csza,<br \/>\nOd Anio\u0142\u00f3w czystsza,<br \/>\nWesele Archanio\u0142\u00f3w,<br \/>\nWszystkich \u015bwi\u0119tych rozradowanie,<br \/>\nCzci i chwa\u0142o, s\u0142awo i ufno\u015b\u0107 nasza,<\/span><\/p>\n<p><span style=\"font-family: Arial; font-size: 14pt;\"><br \/>\nMaryjo, C\u00f3ro Bo\u017ca, wejrzyj na nas<br \/>\nMaryjo, C\u00f3ro Joachima, kochaj nas<br \/>\nMaryjo, C\u00f3ro Anny, daj nam spocz\u0105\u0107 po smutkach wygnania<\/span><\/p>\n<p>&nbsp;<\/p>\n<p>M\u00f3dlmy si\u0119:\u00a0 Prosimy Ci\u0119, Panie Bo\u017ce, za przyczyn\u0105 B\u0142ogos\u0142awionej i Chwalebnej Bo\u017cej Rodzicielki Maryi wraz ze wszystkimi \u015bwi\u0119tymi, ochraniaj nas od wszelkich przeciwno\u015bci oraz os\u0142aniaj \u0142askawie od zasadzek wrog\u00f3w. Przez Chrystusa Pana naszego.\u00a0 Amen.<\/p>\n","protected":false},"excerpt":{"rendered":"<p>Kyrie eleison. Chryste eleison. Kyrie eleison Chryste, us\u0142ysz nas Chryste, wys\u0142uchaj nas Ojcze z nieba Bo\u017ce, zmi\u0142uj si\u0119 nad nami Synu, Odkupicielu \u015bwiata, Bo\u017ce, Duchu \u015awi\u0119ty, Bo\u017ce, \u015awi\u0119ta Tr\u00f3jco, jedyny Bo\u017ce, \u015awi\u0119ta Maryjo, nieszcz\u0119\u015bliwych&#46;&#46;&#46;<\/p>\n","protected":false},"author":1,"featured_media":0,"parent":0,"menu_order":0,"comment_status":"closed","ping_status":"closed","template":"","meta":{"footnotes":""},"class_list":["post-3897","page","type-page","status-publish","hentry"],"jetpack_sharing_enabled":true,"jetpack_shortlink":"https:\/\/wp.me\/PakDx7-10R","_links":{"self":[{"href":"https:\/\/pabianice.misjonarze.pl\/index.php?rest_route=\/wp\/v2\/pages\/3897","targetHints":{"allow":["GET"]}}],"collection":[{"href":"https:\/\/pabianice.misjonarze.pl\/index.php?rest_route=\/wp\/v2\/pages"}],"about":[{"href":"https:\/\/pabianice.misjonarze.pl\/index.php?rest_route=\/wp\/v2\/types\/page"}],"author":[{"embeddable":true,"href":"https:\/\/pabianice.misjonarze.pl\/index.php?rest_route=\/wp\/v2\/users\/1"}],"replies":[{"embeddable":true,"href":"https:\/\/pabianice.misjonarze.pl\/index.php?rest_route=%2Fwp%2Fv2%2Fcomments&post=3897"}],"version-history":[{"count":5,"href":"https:\/\/pabianice.misjonarze.pl\/index.php?rest_route=\/wp\/v2\/pages\/3897\/revisions"}],"predecessor-version":[{"id":3903,"href":"https:\/\/pabianice.misjonarze.pl\/index.php?rest_route=\/wp\/v2\/pages\/3897\/revisions\/3903"}],"wp:attachment":[{"href":"https:\/\/pabianice.misjonarze.pl\/index.php?rest_route=%2Fwp%2Fv2%2Fmedia&parent=3897"}],"curies":[{"name":"wp","href":"https:\/\/api.w.org\/{rel}","templated":true}]}}