{"id":3885,"date":"2021-02-12T10:39:52","date_gmt":"2021-02-12T08:39:52","guid":{"rendered":"https:\/\/pabianice.misjonarze.pl\/?page_id=3885"},"modified":"2021-02-12T10:39:52","modified_gmt":"2021-02-12T08:39:52","slug":"litania-do-najswietszej-maryi-panny-rozancowej","status":"publish","type":"page","link":"https:\/\/pabianice.misjonarze.pl\/?page_id=3885","title":{"rendered":"Litania do Naj\u015bwi\u0119tszej Maryi Panny R\u00f3\u017ca\u0144cowej"},"content":{"rendered":"<p><span style=\"font-family: Arial; font-size: 14pt;\"><img data-recalc-dims=\"1\" loading=\"lazy\" decoding=\"async\" class=\"alignright wp-image-3887 size-medium\" src=\"https:\/\/i0.wp.com\/pabianice.misjonarze.pl\/wp-content\/uploads\/mb-pompejanska.jpg?resize=235%2C300&#038;ssl=1\" alt=\"\" width=\"235\" height=\"300\" srcset=\"https:\/\/i0.wp.com\/pabianice.misjonarze.pl\/wp-content\/uploads\/mb-pompejanska.jpg?resize=235%2C300&amp;ssl=1 235w, https:\/\/i0.wp.com\/pabianice.misjonarze.pl\/wp-content\/uploads\/mb-pompejanska.jpg?resize=117%2C150&amp;ssl=1 117w, https:\/\/i0.wp.com\/pabianice.misjonarze.pl\/wp-content\/uploads\/mb-pompejanska.jpg?resize=768%2C981&amp;ssl=1 768w, https:\/\/i0.wp.com\/pabianice.misjonarze.pl\/wp-content\/uploads\/mb-pompejanska.jpg?resize=725%2C926&amp;ssl=1 725w, https:\/\/i0.wp.com\/pabianice.misjonarze.pl\/wp-content\/uploads\/mb-pompejanska.jpg?w=802&amp;ssl=1 802w\" sizes=\"auto, (max-width: 235px) 100vw, 235px\" \/><\/span><\/p>\n<p><span style=\"font-family: Arial; font-size: 14pt;\">Kyrie eleison. Chryste eleison. Kyrie eleison.<br \/>\nChryste, us\u0142ysz nas.<br \/>\nChryste, wys\u0142uchaj nas.<br \/>\nOjcze z nieba Bo\u017ce, zmi\u0142uj si\u0119 nad nami.<br \/>\nSynu, Odkupicielu \u015bwiata, Bo\u017ce<br \/>\nDuchu \u015awi\u0119ty, Bo\u017ce<br \/>\n\u015awi\u0119ta Tr\u00f3jco, jedyny Bo\u017ce<br \/>\n<\/span><\/p>\n<p><span style=\"font-family: Arial; font-size: 14pt;\">Maryjo, Or\u0119downiczko R\u00f3\u017ca\u0144ca \u015bwi\u0119tego, m\u00f3dl si\u0119 za nami.<br \/>\nMaryjo, Zwierciad\u0142o czyste, tajemnice \u017cycia i \u015bmierci Syna Boskiego w sobie pokazuj\u0105ce<br \/>\nMaryjo, pi\u0119kna jak ksi\u0119\u017cyc przy okrutnej M\u0119ce Zbawiciela<br \/>\nMaryjo, wybrana jak s\u0142o\u0144ce przy Zmartwychwstaniu Pa\u0144skim<br \/>\nMaryjo, jako ob\u00f3z uszykowany przeciw nieprzyjacio\u0142om Ko\u015bcio\u0142a \u015bwi\u0119tego<br \/>\nMaryjo, T\u0119czo przymierza, maj\u0105ca w sobie rozliczne kolory tajemnic Boskich w R\u00f3\u017ca\u0144cu \u015bwi\u0119tym<br \/>\nMaryjo, Harfo Dawidowa, o strunach dziesi\u0119ciu rozp\u0119dzaj\u0105ca czarty<br \/>\nMaryjo, Drzewo rozkoszne, b\u0142ogos\u0142awiony owoc \u017cywota wydaj\u0105ce<br \/>\nMaryjo, O\u0142tarzu \u015awi\u0119tego \u015awi\u0119tych, o dwudziestu stopniach tajemnic Boskich wystawiony<br \/>\nMaryjo, Zegarze s\u0142oneczny kr\u00f3la Achaza, w pozdrowieniach anielskich si\u0119 cofaj\u0105cy<br \/>\nMaryjo, Arko korabiu Noego, grzesznik\u00f3w od potopu, ognia wiecznego zachowuj\u0105cy, a dwudziestu tajemnicach unosz\u0105cy si\u0119 nad g\u00f3rami<br \/>\nMaryjo, Raju rozkoszy, w liliach i r\u00f3\u017cach M\u0119ki Syna Boskiego w R\u00f3\u017ca\u0144cu \u015bwi\u0119tym wystawiony<br \/>\nMaryjo, z R\u00f3\u017ca\u0144cem \u015bwi\u0119tym dusze ludzkie z m\u0105k czy\u015b\u0107cowych wyci\u0105gaj\u0105ca<br \/>\nMaryjo, R\u00f3\u017ca\u0144cem \u015bwi\u0119tym jako tarcza wiernych s\u0142ug swoich od side\u0142 szata\u0144skich i z\u0142ych przyg\u00f3d zas\u0142aniaj\u0105ca<br \/>\nMaryjo, Panno najczystsza<br \/>\nMaryjo, Matko i Pani nasza<\/span><\/p>\n<p><span style=\"font-family: Arial; font-size: 14pt;\"><br \/>\nBaranku Bo\u017cy, kt\u00f3ry g\u0142adzisz grzechy \u015bwiata, przepu\u015b\u0107 nam Panie.<br \/>\nBaranku Bo\u017cy, kt\u00f3ry g\u0142adzisz grzechy \u015bwiata, wys\u0142uchaj nas Panie.<br \/>\nBaranku Bo\u017cy, kt\u00f3ry g\u0142adzisz grzechy \u015bwiata, zmi\u0142uj si\u0119 nad nami.<\/span><\/p>\n<p><span style=\"font-family: arial, helvetica, sans-serif; font-size: 14pt;\">M\u00f3dl si\u0119 za nami \u015bwi\u0119ta Bo\u017ca Rodzicielko,<\/span><br \/>\n<span style=\"font-family: arial, helvetica, sans-serif; font-size: 14pt;\">Aby\u015bmy si\u0119 stali godnymi obietnic Chrystusowych.<\/span><\/p>\n<p><span style=\"font-family: arial, helvetica, sans-serif; font-size: 14pt;\">Modlitwa:\u00a0 Bo\u017ce, kt\u00f3rego Opatrzno\u015b\u0107 nie myli si\u0119 w Swoim rozporz\u0105dzeniu, pokornie Ci\u0119 prosimy, aby\u015b wszystkie szkodliwe rzeczy od nas oddali\u0142.\u00a0 Przez Pana naszego Jezusa Chrystusa kt\u00f3ry z Tob\u0105 \u017cyje i kr\u00f3luje na wieki wiek\u00f3w.\u00a0 Amen<\/span><\/p>\n","protected":false},"excerpt":{"rendered":"<p>Kyrie eleison. Chryste eleison. Kyrie eleison. Chryste, us\u0142ysz nas. Chryste, wys\u0142uchaj nas. Ojcze z nieba Bo\u017ce, zmi\u0142uj si\u0119 nad nami. Synu, Odkupicielu \u015bwiata, Bo\u017ce Duchu \u015awi\u0119ty, Bo\u017ce \u015awi\u0119ta Tr\u00f3jco, jedyny Bo\u017ce Maryjo, Or\u0119downiczko R\u00f3\u017ca\u0144ca&#46;&#46;&#46;<\/p>\n","protected":false},"author":1,"featured_media":0,"parent":0,"menu_order":0,"comment_status":"closed","ping_status":"closed","template":"","meta":{"footnotes":""},"class_list":["post-3885","page","type-page","status-publish","hentry"],"jetpack_sharing_enabled":true,"jetpack_shortlink":"https:\/\/wp.me\/PakDx7-10F","_links":{"self":[{"href":"https:\/\/pabianice.misjonarze.pl\/index.php?rest_route=\/wp\/v2\/pages\/3885","targetHints":{"allow":["GET"]}}],"collection":[{"href":"https:\/\/pabianice.misjonarze.pl\/index.php?rest_route=\/wp\/v2\/pages"}],"about":[{"href":"https:\/\/pabianice.misjonarze.pl\/index.php?rest_route=\/wp\/v2\/types\/page"}],"author":[{"embeddable":true,"href":"https:\/\/pabianice.misjonarze.pl\/index.php?rest_route=\/wp\/v2\/users\/1"}],"replies":[{"embeddable":true,"href":"https:\/\/pabianice.misjonarze.pl\/index.php?rest_route=%2Fwp%2Fv2%2Fcomments&post=3885"}],"version-history":[{"count":3,"href":"https:\/\/pabianice.misjonarze.pl\/index.php?rest_route=\/wp\/v2\/pages\/3885\/revisions"}],"predecessor-version":[{"id":3891,"href":"https:\/\/pabianice.misjonarze.pl\/index.php?rest_route=\/wp\/v2\/pages\/3885\/revisions\/3891"}],"wp:attachment":[{"href":"https:\/\/pabianice.misjonarze.pl\/index.php?rest_route=%2Fwp%2Fv2%2Fmedia&parent=3885"}],"curies":[{"name":"wp","href":"https:\/\/api.w.org\/{rel}","templated":true}]}}