{"id":3880,"date":"2021-02-12T07:14:17","date_gmt":"2021-02-12T05:14:17","guid":{"rendered":"https:\/\/pabianice.misjonarze.pl\/?page_id=3880"},"modified":"2021-02-12T07:14:17","modified_gmt":"2021-02-12T05:14:17","slug":"litania-do-siedmiu-bolesci-maryi","status":"publish","type":"page","link":"https:\/\/pabianice.misjonarze.pl\/?page_id=3880","title":{"rendered":"Litania do Siedmiu Bole\u015bci Maryi"},"content":{"rendered":"<p><span style=\"font-family: Arial; font-size: 14pt;\">Kyrie eleison. <img data-recalc-dims=\"1\" loading=\"lazy\" decoding=\"async\" class=\"alignright wp-image-3881 size-full\" src=\"https:\/\/i0.wp.com\/pabianice.misjonarze.pl\/wp-content\/uploads\/siedem-bolesci.jpg?resize=178%2C283&#038;ssl=1\" alt=\"\" width=\"178\" height=\"283\" srcset=\"https:\/\/i0.wp.com\/pabianice.misjonarze.pl\/wp-content\/uploads\/siedem-bolesci.jpg?w=178&amp;ssl=1 178w, https:\/\/i0.wp.com\/pabianice.misjonarze.pl\/wp-content\/uploads\/siedem-bolesci.jpg?resize=94%2C150&amp;ssl=1 94w\" sizes=\"auto, (max-width: 178px) 100vw, 178px\" \/>Chryste eleison. Kyrie eleison<br \/>\nChryste, us\u0142ysz nas<br \/>\nChryste, wys\u0142uchaj nas<br \/>\nOjcze z nieba Bo\u017ce, zmi\u0142uj si\u0119 nad nami<br \/>\nSynu, Odkupicielu \u015bwiata, Bo\u017ce<br \/>\nDuchu \u015awi\u0119ty, Bo\u017ce<br \/>\n\u015awi\u0119ta Tr\u00f3jco, jedyny Bo\u017ce<\/span><\/p>\n<p><span style=\"font-family: Arial; font-size: 14pt;\"><br \/>\nMatko zasmuce\u0144, m\u00f3dl si\u0119 za nami<br \/>\nMatko, kt\u00f3rej dusz\u0119 przeszy\u0142 miecz<br \/>\nMatko, kt\u00f3ra uciek\u0142a\u015b z Jezusem do Egiptu<br \/>\nMatko, kt\u00f3ra w smutku szuka\u0142a\u015b Go przez trzy dni<br \/>\nMatko, kt\u00f3ra widzia\u0142a\u015b Go wych\u0142ostanego i ukoronowanego cierniami<br \/>\nMatko, kt\u00f3ra sta\u0142a\u015b przy nim, gdy wisia\u0142 na krzy\u017cu<br \/>\nMatko, kt\u00f3ra wzi\u0119\u0142a\u015b Go w ramiona, gdy umar\u0142<br \/>\nMatko, kt\u00f3ra patrzy\u0142a\u015b na sk\u0142adanie Go w grobie<br \/>\nO Maryjo, Kr\u00f3lowo m\u0119czennik\u00f3w<br \/>\nO Maryjo, pociecho strapionych<br \/>\nO Maryjo, obrono s\u0142abych<br \/>\nO Maryjo, si\u0142o l\u0119kliwych<br \/>\nO Maryjo, \u015bwiat\u0142o\u015bci zrozpaczonych<br \/>\nO Maryjo, opiekunko chorych<\/span><\/p>\n<p><span style=\"font-family: Arial; font-size: 14pt;\"><br \/>\nO Maryjo, ucieczko grzesznik\u00f3w, ocal nas swymi modlitwami<br \/>\nPrzez gorzk\u0105 m\u0119k\u0119 Twego Syna<br \/>\nPrzez b\u00f3l przeszywaj\u0105cy Twoje Serce<br \/>\nPrzez ci\u0119\u017ckie brzemi\u0119 Twej udr\u0119ki<br \/>\nPrzez smutek Tw\u00f3j i opuszczenie<br \/>\nPrzez Twoj\u0105 \u017ca\u0142o\u015b\u0107 matczyn\u0105<br \/>\nPrzez Twoje doskona\u0142e poddanie si\u0119<br \/>\nPrzez Twoje pe\u0142ne zas\u0142ug modlitwy<br \/>\nOd nadmiernego smutku<br \/>\nOd tch\u00f3rzostwa<br \/>\nOd niecierpliwo\u015bci<br \/>\nOd niepokoju i niezadowolenia<br \/>\nOd pos\u0119pno\u015bci i chmurnego usposobienia<br \/>\nOd rozpaczy i niewiary<br \/>\nOd ostatecznego braku skruchy<\/span><\/p>\n<p><span style=\"font-family: Arial; font-size: 14pt;\"><br \/>\nMy, grzesznicy, b\u0142agamy Ci\u0119, wys\u0142uchaj nas<br \/>\nUchro\u0144 nas od nag\u0142ej \u015bmierci<br \/>\nNaucz nas, jak mamy umrze\u0107<br \/>\nWspieraj nas w naszym konaniu<br \/>\nStrze\u017c nas od nieprzyjaci\u00f3\u0142<br \/>\nWied\u017a nas do szcz\u0119\u015bliwego kresu<br \/>\nWyjednaj nam dar wytrwania<br \/>\nWspieraj nas przed trybuna\u0142em sadu<br \/>\nMatko Boga<br \/>\nMatko najbole\u015bniejsza<br \/>\nMatko najbardziej opuszczona<\/span><\/p>\n<p><span style=\"font-family: Arial; font-size: 14pt;\"><br \/>\nBaranku Bo\u017cy, kt\u00f3ry g\u0142adzisz grzechy \u015bwiata, przepu\u015b\u0107 nam Panie<br \/>\nBaranku Bo\u017cy, kt\u00f3ry g\u0142adzisz grzechy \u015bwiata, wys\u0142uchaj nas Panie<br \/>\nBaranku Bo\u017cy, kt\u00f3ry g\u0142adzisz grzechy \u015bwiata, zmi\u0142uj si\u0119 nad nami<\/span><\/p>\n<p><span style=\"font-family: Arial; font-size: 14pt;\"><br \/>\nWspieraj nas, Naj\u015bwi\u0119tsza Panno Maryjo<\/span><\/p>\n<p><span style=\"font-family: Arial; font-size: 14pt;\">W ka\u017cdej porze, w ka\u017cdym miejscu<\/span><\/p>\n<p><span style=\"font-family: Arial; font-size: 14pt;\"><br \/>\nM\u00f3dlmy si\u0119:\u00a0 Jezu Chryste, Bo\u017ce i Cz\u0142owieku, spraw, b\u0142agamy Ci\u0119, aby Twoja umi\u0142owana Matka, Maryja, kt\u00f3rej dusz\u0119 miecz przeszy\u0142 w godzinie Twojej m\u0119ki, mog\u0142a nas broni\u0107 i teraz, i w godzinie naszej \u015bmierci, przez Twoje zas\u0142ugi, Zbawco \u015bwiata, kt\u00f3ry z Ojcem i Duchem \u015awi\u0119tym \u017cyjesz i kr\u00f3lujesz, B\u00f3g na wieki wiek\u00f3w. Amen.<\/span><\/p>\n","protected":false},"excerpt":{"rendered":"<p>Kyrie eleison. Chryste eleison. Kyrie eleison Chryste, us\u0142ysz nas Chryste, wys\u0142uchaj nas Ojcze z nieba Bo\u017ce, zmi\u0142uj si\u0119 nad nami Synu, Odkupicielu \u015bwiata, Bo\u017ce Duchu \u015awi\u0119ty, Bo\u017ce \u015awi\u0119ta Tr\u00f3jco, jedyny Bo\u017ce Matko zasmuce\u0144, m\u00f3dl&#46;&#46;&#46;<\/p>\n","protected":false},"author":1,"featured_media":0,"parent":0,"menu_order":0,"comment_status":"closed","ping_status":"closed","template":"","meta":{"footnotes":""},"class_list":["post-3880","page","type-page","status-publish","hentry"],"jetpack_sharing_enabled":true,"jetpack_shortlink":"https:\/\/wp.me\/PakDx7-10A","_links":{"self":[{"href":"https:\/\/pabianice.misjonarze.pl\/index.php?rest_route=\/wp\/v2\/pages\/3880","targetHints":{"allow":["GET"]}}],"collection":[{"href":"https:\/\/pabianice.misjonarze.pl\/index.php?rest_route=\/wp\/v2\/pages"}],"about":[{"href":"https:\/\/pabianice.misjonarze.pl\/index.php?rest_route=\/wp\/v2\/types\/page"}],"author":[{"embeddable":true,"href":"https:\/\/pabianice.misjonarze.pl\/index.php?rest_route=\/wp\/v2\/users\/1"}],"replies":[{"embeddable":true,"href":"https:\/\/pabianice.misjonarze.pl\/index.php?rest_route=%2Fwp%2Fv2%2Fcomments&post=3880"}],"version-history":[{"count":1,"href":"https:\/\/pabianice.misjonarze.pl\/index.php?rest_route=\/wp\/v2\/pages\/3880\/revisions"}],"predecessor-version":[{"id":3882,"href":"https:\/\/pabianice.misjonarze.pl\/index.php?rest_route=\/wp\/v2\/pages\/3880\/revisions\/3882"}],"wp:attachment":[{"href":"https:\/\/pabianice.misjonarze.pl\/index.php?rest_route=%2Fwp%2Fv2%2Fmedia&parent=3880"}],"curies":[{"name":"wp","href":"https:\/\/api.w.org\/{rel}","templated":true}]}}