{"id":3876,"date":"2021-02-12T07:10:22","date_gmt":"2021-02-12T05:10:22","guid":{"rendered":"https:\/\/pabianice.misjonarze.pl\/?page_id=3876"},"modified":"2021-02-12T07:10:22","modified_gmt":"2021-02-12T05:10:22","slug":"litania-do-imienia-maryi","status":"publish","type":"page","link":"https:\/\/pabianice.misjonarze.pl\/?page_id=3876","title":{"rendered":"Litania do Imienia Maryi"},"content":{"rendered":"<p><span style=\"font-family: Arial; font-size: 14pt;\"><img data-recalc-dims=\"1\" loading=\"lazy\" decoding=\"async\" class=\"alignright wp-image-3877 size-medium\" src=\"https:\/\/i0.wp.com\/pabianice.misjonarze.pl\/wp-content\/uploads\/imie-Maryi.jpg?resize=213%2C300&#038;ssl=1\" alt=\"\" width=\"213\" height=\"300\" srcset=\"https:\/\/i0.wp.com\/pabianice.misjonarze.pl\/wp-content\/uploads\/imie-Maryi.jpg?resize=213%2C300&amp;ssl=1 213w, https:\/\/i0.wp.com\/pabianice.misjonarze.pl\/wp-content\/uploads\/imie-Maryi.jpg?resize=107%2C150&amp;ssl=1 107w, https:\/\/i0.wp.com\/pabianice.misjonarze.pl\/wp-content\/uploads\/imie-Maryi.jpg?w=227&amp;ssl=1 227w\" sizes=\"auto, (max-width: 213px) 100vw, 213px\" \/><\/span><\/p>\n<p><span style=\"font-family: Arial; font-size: 14pt;\">Kyrie eleison. Chryste eleison. Kyrie eleison<br \/>\nChryste, us\u0142ysz nas<br \/>\nChryste, wys\u0142uchaj nas<br \/>\nOjcze z nieba Bo\u017ce, zmi\u0142uj si\u0119 nad nami<br \/>\nSynu, Odkupicielu \u015bwiata, Bo\u017ce<br \/>\nDuchu \u015awi\u0119ty, Bo\u017ce<br \/>\n\u015awi\u0119ta Tr\u00f3jco, jedyny Bo\u017ce<\/span><\/p>\n<p><span style=\"font-family: Arial; font-size: 14pt;\"><br \/>\n\u015awi\u0119ta Maryjo, m\u00f3dl si\u0119 za nami<br \/>\nMaryjo, kt\u00f3rej Imi\u0119 od wiek\u00f3w przez Boga jest wybrane<br \/>\nMaryjo, kt\u00f3rej Imi\u0119 przybli\u017caj\u0105 starotestamentalne symbole i figury<br \/>\nMaryjo, kt\u00f3rej Imi\u0119 znaczy: B\u00f3g z rodzaju mego<br \/>\nMaryjo, kt\u00f3rej Imi\u0119 wskazuje na kr\u00f3lewsk\u0105 i macierzy\u0144sk\u0105 godno\u015b\u0107<br \/>\nMaryjo, kt\u00f3rej Imi\u0119 sta\u0142o si\u0119 \u017ar\u00f3d\u0142em wielorakich \u0142ask dla ludzko\u015bci<br \/>\nMaryjo, kt\u00f3rej Imi\u0119 objawia \u015bwiatu wszechmoc i dobro\u0107 Bo\u017c\u0105<br \/>\nMaryjo, kt\u00f3rej Imi\u0119 zwiastuje grzesznikom Bo\u017ce mi\u0142osierdzie<br \/>\nMaryjo, kt\u00f3rej Imi\u0119 wielbi niebo, ziemia i ca\u0142e stworzenie<br \/>\nMaryjo, kt\u00f3rej Imi\u0119 przewy\u017csza imiona patriarch\u00f3w i prorok\u00f3w<br \/>\nMaryjo, kt\u00f3rej Imi\u0119 jest \u015bwi\u0119tsze od imion wszystkich \u015awi\u0119tych<br \/>\nMaryjo, kt\u00f3rej Imi\u0119 rodzice Joachim i Anna zawsze szanowali<br \/>\nMaryjo, kt\u00f3rej Imi\u0119 Archanio\u0142 Gabriel z mi\u0142o\u015bci\u0105 pozdrowi\u0142<br \/>\nMaryjo, kt\u00f3rej Imi\u0119 \u015awi\u0119ty J\u00f3zef z pokor\u0105 wymawia\u0142<br \/>\nMaryjo, kt\u00f3rej Imi\u0119 wzbudzi\u0142o rado\u015b\u0107 w sercu krewnej El\u017cbiety<br \/>\nMaryjo, kt\u00f3rej Imi\u0119 sam Jezus czci\u0142 i wys\u0142awia\u0142<br \/>\nMaryjo, kt\u00f3rej Imi\u0119 b\u0142ogos\u0142awi\u0105 ludzie dobrej woli<br \/>\nMaryjo, kt\u00f3rej Imi\u0119 adoruj\u0105 w niebie anio\u0142owie i \u015bwi\u0119ci<br \/>\nMaryjo, kt\u00f3rej Imi\u0119 pora\u017ca z\u0142e moce i duchy piekielne<br \/>\nMaryjo, kt\u00f3rej Imi\u0119 jest drogowskazem na \u015bcie\u017ckach zbawienia<br \/>\nMaryjo, kt\u00f3rej Imi\u0119 umacnia wiar\u0119 w\u0105tpi\u0105cych<br \/>\nMaryjo, kt\u00f3rej Imi\u0119 przywraca nadziej\u0119 zrozpaczonym<br \/>\nMaryjo, kt\u00f3rej Imi\u0119 uczy pi\u0119knej mi\u0142o\u015bci i ofiarnej s\u0142u\u017cby<\/span><\/p>\n<p><span style=\"font-family: Arial; font-size: 14pt;\"><br \/>\nDla Imienia Maryi, przepu\u015b\u0107 nam Panie<br \/>\nDla Imienia Maryi, wys\u0142uchaj nas Panie<br \/>\nDla Imienia Maryi, zmi\u0142uj si\u0119 nad nami Panie<br \/>\nDla Imienia Maryi, w chwilach pokus i za\u0142ama\u0144, ratuj nas Panie<br \/>\nDla Imienia Maryi, w chwilach niepowodze\u0144 i pora\u017cek, ratuj nas Panie<br \/>\nDla Imienia Maryi, w czasach cierpie\u0144 i udr\u0119k, ratuj nas Panie<br \/>\nDla Imienia Maryi, w stanach duchowych lenistwa i bezczynno\u015bci, ratuj nas Panie<br \/>\nDla Imienia Maryi, w okresach pr\u00f3b i do\u015bwiadcze\u0144, ratuj nas Panie<br \/>\nDla Imienia Maryi, w ka\u017cdym momencie \u017cycia naszego, ratuj nas Panie<br \/>\nDla Imienia Maryi, w godzinie \u015bmierci naszej, ratuj nas Panie<br \/>\nDla Imienia Maryi, od niepos\u0142usze\u0144stwa natchnieniom i woli Bo\u017cej, zachowaj nas Panie ratuj nas Panie<br \/>\nDla Imienia Maryi, od marnotrawienia \u0142aski Bo\u017cej, ratuj nas Panie<br \/>\nDla Imienia Maryi, od lekcewa\u017cenia \u0142aski Bo\u017cej, ratuj nas Panie<br \/>\nDla Imienia Maryi, od fa\u0142szywego pojmowania wolno\u015bci, ratuj nas Panie<br \/>\nDla Imienia Maryi, od wad, na\u0142og\u00f3w i z\u0142ych sk\u0142onno\u015bci, ratuj nas Panie<br \/>\nDla Imienia Maryi, od po\u017c\u0105dliwo\u015bci cia\u0142a, oczu i pychy \u017cywota, ratuj nas Panie<br \/>\nDla Imienia Maryi, od wszelkiego z\u0142a i przeciwno\u015bci losu, ratuj nas Panie<\/span><\/p>\n<p><span style=\"font-family: Arial; font-size: 14pt;\"><br \/>\nM\u00f3dl si\u0119 za nami Maryjo, Matko Jezusa Chrystusa<br \/>\nAby\u015bmy przez chwal\u0119 Twojego Imienia oddawali cze\u015b\u0107 samemu Bogu<\/span><\/p>\n<p><span style=\"font-family: Arial; font-size: 14pt;\"><br \/>\nM\u00f3dlmy si\u0119:\u00a0 Wszechmog\u0105cy Bo\u017ce, Panie nieba i ziemi, kt\u00f3ry wzywasz ka\u017cdego cz\u0142owieka po imieniu do realizacji wyznaczonego mu przez Ciebie powo\u0142ania \u017cyciowego, spraw prosimy, aby Imi\u0119 Maryi nie tylko by\u0142o powszechnie czczone i szanowane na ca\u0142ej ziemi, ale tak\u017ce by\u015bmy w tym Imieniu znajdowali zawsze si\u0142\u0119 i oparcie oraz skuteczn\u0105 pomoc w naszej doczesnej pielgrzymce do niebieskiej ojczyzny Przez Chrystusa Pana naszego. Amen.<\/span><\/p>\n","protected":false},"excerpt":{"rendered":"<p>Kyrie eleison. Chryste eleison. Kyrie eleison Chryste, us\u0142ysz nas Chryste, wys\u0142uchaj nas Ojcze z nieba Bo\u017ce, zmi\u0142uj si\u0119 nad nami Synu, Odkupicielu \u015bwiata, Bo\u017ce Duchu \u015awi\u0119ty, Bo\u017ce \u015awi\u0119ta Tr\u00f3jco, jedyny Bo\u017ce \u015awi\u0119ta Maryjo, m\u00f3dl&#46;&#46;&#46;<\/p>\n","protected":false},"author":1,"featured_media":0,"parent":0,"menu_order":0,"comment_status":"closed","ping_status":"closed","template":"","meta":{"footnotes":""},"class_list":["post-3876","page","type-page","status-publish","hentry"],"jetpack_sharing_enabled":true,"jetpack_shortlink":"https:\/\/wp.me\/PakDx7-10w","_links":{"self":[{"href":"https:\/\/pabianice.misjonarze.pl\/index.php?rest_route=\/wp\/v2\/pages\/3876","targetHints":{"allow":["GET"]}}],"collection":[{"href":"https:\/\/pabianice.misjonarze.pl\/index.php?rest_route=\/wp\/v2\/pages"}],"about":[{"href":"https:\/\/pabianice.misjonarze.pl\/index.php?rest_route=\/wp\/v2\/types\/page"}],"author":[{"embeddable":true,"href":"https:\/\/pabianice.misjonarze.pl\/index.php?rest_route=\/wp\/v2\/users\/1"}],"replies":[{"embeddable":true,"href":"https:\/\/pabianice.misjonarze.pl\/index.php?rest_route=%2Fwp%2Fv2%2Fcomments&post=3876"}],"version-history":[{"count":1,"href":"https:\/\/pabianice.misjonarze.pl\/index.php?rest_route=\/wp\/v2\/pages\/3876\/revisions"}],"predecessor-version":[{"id":3878,"href":"https:\/\/pabianice.misjonarze.pl\/index.php?rest_route=\/wp\/v2\/pages\/3876\/revisions\/3878"}],"wp:attachment":[{"href":"https:\/\/pabianice.misjonarze.pl\/index.php?rest_route=%2Fwp%2Fv2%2Fmedia&parent=3876"}],"curies":[{"name":"wp","href":"https:\/\/api.w.org\/{rel}","templated":true}]}}