{"id":386,"date":"2018-09-28T10:26:44","date_gmt":"2018-09-28T08:26:44","guid":{"rendered":"http:\/\/radoslaw.home.pl\/autoinstalator\/wordpress1\/?page_id=344"},"modified":"2024-12-17T09:45:12","modified_gmt":"2024-12-17T08:45:12","slug":"kosciol-domowy-2","status":"publish","type":"page","link":"https:\/\/pabianice.misjonarze.pl\/?page_id=386","title":{"rendered":"Ko\u015bci\u00f3\u0142 Domowy"},"content":{"rendered":"<p><img data-recalc-dims=\"1\" loading=\"lazy\" decoding=\"async\" class=\"aligncenter wp-image-345 size-full\" src=\"https:\/\/i0.wp.com\/pabianice.misjonarze.pl\/wp-content\/uploads\/2018\/09\/kosciol-domowy.png?resize=558%2C110\" alt=\"\" width=\"558\" height=\"110\" \/><\/p>\n<p>&nbsp;<\/p>\n<p style=\"text-align: justify;\" align=\"justify\"><span style=\"font-size: 14pt; font-family: arial, helvetica, sans-serif;\"><span style=\"color: #000000;\">W naszej parafii istniej\u0105 2 kr\u0119gi Ko\u015bcio\u0142a Domowego. <\/span><\/span><\/p>\n<p style=\"text-align: justify;\" align=\"justify\"><span style=\"font-size: 14pt; font-family: arial, helvetica, sans-serif;\"><span style=\"color: #000000;\">Pierwszy kr\u0105g tworz\u0105 cztery ma\u0142\u017ce\u0144stwa z dziesi\u0119ciorgiem dzieci.\u00a0 Patronuje im \u015awi\u0119ty Jan Pawe\u0142 II.\u00a0 Kr\u0105g istnieje od 2009 roku.\u00a0 <\/span><\/span><\/p>\n<p style=\"text-align: justify;\" align=\"justify\"><span style=\"font-size: 14pt; font-family: arial, helvetica, sans-serif;\"><span style=\"color: #000000;\">Drugi kr\u0105g tworz\u0105 cztery ma\u0142\u017ce\u0144stwa z o\u015bmiorgiem dzieci. Kr\u0105g istnieje od 2019 roku.<\/span><\/span><\/p>\n<p style=\"text-align: justify;\" align=\"justify\"><span style=\"font-size: 14pt; font-family: arial, helvetica, sans-serif;\"><span style=\"color: #000000;\">Cz\u0142onkowie formuj\u0105 si\u0119 poprzez codzienne praktyki religijne, spotkania miesi\u0119czne oraz coroczne wyjazdy na rekolekcje.\u00a0 W \u0142\u0105czno\u015bci z Archidiecezj\u0105 oraz naszym rejonem kilka razy w roku prze\u017cywamy Dni Wsp\u00f3lnoty.<\/span><\/span><\/p>\n<p style=\"text-align: justify;\" align=\"justify\"><span style=\"font-size: 14pt; font-family: arial, helvetica, sans-serif;\"><span style=\"color: #000000;\">Jednym z owoc\u00f3w formacji w Ruchu \u015awiat\u0142o \u2013 \u017bycie jest zaanga\u017cowanie w \u017cycie parafii i Ruchu.\u00a0 Cz\u0142onkowie naszych kr\u0119g\u00f3w prowadz\u0105 parafialn\u0105 Poradni\u0119 \u017bycia Rodzinnego, wsp\u00f3\u0142tworz\u0105 zesp\u00f3\u0142 wokalny, a w ka\u017cdym roku szkolnym zaanga\u017cowani s\u0105 w prowadzenie spotka\u0144 ewangelizacyjnych dla rodzic\u00f3w dzieci pierwszokomunijnych.\u00a0 Co roku dla dzieci z pabianickich kr\u0119g\u00f3w Domowego Ko\u015bcio\u0142a i dla wszystkich ch\u0119tnych organizuj\u0105 Bal Wszystkich \u015awi\u0119tych.\u00a0Raz w miesi\u0105cu przygotowuj\u0105 opraw\u0119 niedzielnej Eucharystii.<\/span><\/span><\/p>\n<p style=\"text-align: justify;\" align=\"justify\"><span style=\"font-size: 14pt; font-family: arial, helvetica, sans-serif;\"><span style=\"color: #000000;\">D\u0105\u017cenie do realizacji charyzmatu Ruchu \u015awiat\u0142o \u2013 \u017bycie pomaga nam w budowaniu osobistej i rodzinnej relacji z Bogiem.\u00a0 Staramy si\u0119 umacnia\u0107 nasze ma\u0142\u017ce\u0144stwa w mi\u0142o\u015bci, by\u0107 \u015bwiadkami Chrystusa wobec naszych dzieci i bliskich, a tak\u017ce wobec innych ludzi.<\/span><\/span><\/p>\n<p style=\"text-align: justify;\"><span style=\"font-size: 14pt; font-family: arial, helvetica, sans-serif;\"><span style=\"color: #000000;\">Opiekunem Ko\u015bcio\u0142a Domowego s\u0105 ks. Artur <span lang=\"en-US\">Wojcieszak<\/span> CM i ks. Marcin Cyburt CM.<\/span><\/span><\/p>\n","protected":false},"excerpt":{"rendered":"<p>&nbsp; W naszej parafii istniej\u0105 2 kr\u0119gi Ko\u015bcio\u0142a Domowego. Pierwszy kr\u0105g tworz\u0105 cztery ma\u0142\u017ce\u0144stwa z dziesi\u0119ciorgiem dzieci.\u00a0 Patronuje im \u015awi\u0119ty Jan Pawe\u0142 II.\u00a0 Kr\u0105g istnieje od 2009 roku.\u00a0 Drugi kr\u0105g tworz\u0105 cztery ma\u0142\u017ce\u0144stwa z&#46;&#46;&#46;<\/p>\n","protected":false},"author":1,"featured_media":0,"parent":0,"menu_order":0,"comment_status":"closed","ping_status":"closed","template":"","meta":{"jetpack_post_was_ever_published":false,"footnotes":""},"class_list":["post-386","page","type-page","status-publish","hentry"],"jetpack_sharing_enabled":true,"jetpack_shortlink":"https:\/\/wp.me\/PakDx7-6e","_links":{"self":[{"href":"https:\/\/pabianice.misjonarze.pl\/index.php?rest_route=\/wp\/v2\/pages\/386","targetHints":{"allow":["GET"]}}],"collection":[{"href":"https:\/\/pabianice.misjonarze.pl\/index.php?rest_route=\/wp\/v2\/pages"}],"about":[{"href":"https:\/\/pabianice.misjonarze.pl\/index.php?rest_route=\/wp\/v2\/types\/page"}],"author":[{"embeddable":true,"href":"https:\/\/pabianice.misjonarze.pl\/index.php?rest_route=\/wp\/v2\/users\/1"}],"replies":[{"embeddable":true,"href":"https:\/\/pabianice.misjonarze.pl\/index.php?rest_route=%2Fwp%2Fv2%2Fcomments&post=386"}],"version-history":[{"count":10,"href":"https:\/\/pabianice.misjonarze.pl\/index.php?rest_route=\/wp\/v2\/pages\/386\/revisions"}],"predecessor-version":[{"id":8531,"href":"https:\/\/pabianice.misjonarze.pl\/index.php?rest_route=\/wp\/v2\/pages\/386\/revisions\/8531"}],"wp:attachment":[{"href":"https:\/\/pabianice.misjonarze.pl\/index.php?rest_route=%2Fwp%2Fv2%2Fmedia&parent=386"}],"curies":[{"name":"wp","href":"https:\/\/api.w.org\/{rel}","templated":true}]}}