{"id":3855,"date":"2021-02-11T07:52:40","date_gmt":"2021-02-11T05:52:40","guid":{"rendered":"https:\/\/pabianice.misjonarze.pl\/?page_id=3855"},"modified":"2023-03-11T18:49:30","modified_gmt":"2023-03-11T17:49:30","slug":"litania-do-aniola-stroza","status":"publish","type":"page","link":"https:\/\/pabianice.misjonarze.pl\/?page_id=3855","title":{"rendered":"Litania do Anio\u0142a Str\u00f3\u017ca"},"content":{"rendered":"<p><span style=\"font-family: Arial; font-size: 14pt;\"><img data-recalc-dims=\"1\" loading=\"lazy\" decoding=\"async\" class=\"alignright wp-image-3856 size-medium\" src=\"https:\/\/i0.wp.com\/pabianice.misjonarze.pl\/wp-content\/uploads\/aniol-stroz07.jpg?resize=300%2C300&#038;ssl=1\" alt=\"\" width=\"300\" height=\"300\" srcset=\"https:\/\/i0.wp.com\/pabianice.misjonarze.pl\/wp-content\/uploads\/aniol-stroz07.jpg?resize=300%2C300&amp;ssl=1 300w, https:\/\/i0.wp.com\/pabianice.misjonarze.pl\/wp-content\/uploads\/aniol-stroz07.jpg?resize=1024%2C1024&amp;ssl=1 1024w, https:\/\/i0.wp.com\/pabianice.misjonarze.pl\/wp-content\/uploads\/aniol-stroz07.jpg?resize=150%2C150&amp;ssl=1 150w, https:\/\/i0.wp.com\/pabianice.misjonarze.pl\/wp-content\/uploads\/aniol-stroz07.jpg?resize=768%2C768&amp;ssl=1 768w, https:\/\/i0.wp.com\/pabianice.misjonarze.pl\/wp-content\/uploads\/aniol-stroz07.jpg?resize=1536%2C1536&amp;ssl=1 1536w, https:\/\/i0.wp.com\/pabianice.misjonarze.pl\/wp-content\/uploads\/aniol-stroz07.jpg?resize=725%2C725&amp;ssl=1 725w, https:\/\/i0.wp.com\/pabianice.misjonarze.pl\/wp-content\/uploads\/aniol-stroz07.jpg?resize=50%2C50&amp;ssl=1 50w, https:\/\/i0.wp.com\/pabianice.misjonarze.pl\/wp-content\/uploads\/aniol-stroz07.jpg?w=1600&amp;ssl=1 1600w\" sizes=\"auto, (max-width: 300px) 100vw, 300px\" \/>Kyrie eleison.<br \/>\nChryste eleison. Kyrie eleison.<br \/>\nChryste, us\u0142ysz nas.<br \/>\nChryste, wys\u0142uchaj nas.<br \/>\nOjcze z nieba Bo\u017ce, zmi\u0142uj si\u0119 nad nami.<br \/>\nSynu, Odkupicielu \u015bwiata, Bo\u017ce<br \/>\nDuchu \u015awi\u0119ty, Bo\u017ce<br \/>\n\u015awi\u0119ta Tr\u00f3jco, jedyny Bo\u017ce<\/span><\/p>\n<p><span style=\"font-family: Arial; font-size: 14pt;\">\u015awi\u0119ta Maryjo, Kr\u00f3lowo Anielska, m\u00f3dl si\u0119 za nami<br \/>\n\u015awi\u0119ty Aniele, str\u00f3\u017cu m\u00f3j<br \/>\n\u015awi\u0119ty Aniele, przewodniku m\u00f3j<br \/>\n\u015awi\u0119ty Aniele, doradco m\u00f3j<br \/>\n\u015awi\u0119ty Aniele, opiekunie m\u00f3j<br \/>\n\u015awi\u0119ty Aniele, mi\u0142o\u015bniku m\u00f3j<br \/>\n\u015awi\u0119ty Aniele, duchowy bracie m\u00f3j<br \/>\n\u015awi\u0119ty Aniele, nauczycielu m\u00f3j<br \/>\n\u015awi\u0119ty Aniele, pasterzu m\u00f3j<br \/>\n\u015awi\u0119ty Aniele, pomocniku m\u00f3j<br \/>\n\u015awi\u0119ty Aniele, pocieszycielu m\u00f3j<br \/>\n\u015awi\u0119ty Aniele, patronie m\u00f3j<br \/>\n\u015awi\u0119ty Aniele, obro\u0144co m\u00f3j<br \/>\n\u015awi\u0119ty Aniele, wodzu m\u00f3j<br \/>\n\u015awi\u0119ty Aniele, zachowawco m\u00f3j<br \/>\n\u015awi\u0119ty Aniele, od kt\u00f3rego pochodzi natchnienie do dobrego<br \/>\n\u015awi\u0119ty Aniele, o\u015bwiecicielu m\u00f3j<br \/>\n<\/span><\/p>\n<p><span style=\"font-family: Arial; font-size: 14pt;\">Baranku Bo\u017cy, kt\u00f3ry g\u0142adzisz grzechy \u015bwiata, przepu\u015b\u0107 nam, Panie<br \/>\nBaranku Bo\u017cy, kt\u00f3ry g\u0142adzisz grzechy \u015bwiata, wys\u0142uchaj nas, Panie<br \/>\nBaranku Bo\u017cy, kt\u00f3ry g\u0142adzisz grzechy \u015bwiata, zmi\u0142uj si\u0119 nad nami<br \/>\n<\/span><\/p>\n<p><span style=\"font-family: Arial; font-size: 14pt;\">Anio\u0142om swoim B\u00f3g rozkaza\u0142 o tobie<br \/>\nAby ci\u0119 strzegli na wszystkich drogach twoich<\/span><\/p>\n<p><span style=\"font-family: arial, helvetica, sans-serif; font-size: 14pt;\">M\u00f3dlmy si\u0119:\u00a0 Bo\u017ce, kt\u00f3ry w niewymownej dobroci Swojej \u015bwi\u0119tych Anio\u0142\u00f3w dla naszej obrony posy\u0142a\u0107 raczysz, daj nam, pokornie Ci\u0119 prosimy, aby\u015bmy opiek\u0105 ich byli zawsze chronieni i wsp\u00f3lnym z nimi obcowaniem cieszyli si\u0119 wiecznie. Przez Chrystusa, Pana naszego.<\/span><br \/>\n<span style=\"font-family: arial, helvetica, sans-serif; font-size: 14pt;\">Amen.<\/span><\/p>\n","protected":false},"excerpt":{"rendered":"<p>Kyrie eleison. Chryste eleison. Kyrie eleison. Chryste, us\u0142ysz nas. Chryste, wys\u0142uchaj nas. Ojcze z nieba Bo\u017ce, zmi\u0142uj si\u0119 nad nami. Synu, Odkupicielu \u015bwiata, Bo\u017ce Duchu \u015awi\u0119ty, Bo\u017ce \u015awi\u0119ta Tr\u00f3jco, jedyny Bo\u017ce \u015awi\u0119ta Maryjo, Kr\u00f3lowo&#46;&#46;&#46;<\/p>\n","protected":false},"author":1,"featured_media":0,"parent":0,"menu_order":0,"comment_status":"closed","ping_status":"closed","template":"","meta":{"footnotes":""},"class_list":["post-3855","page","type-page","status-publish","hentry"],"jetpack_sharing_enabled":true,"jetpack_shortlink":"https:\/\/wp.me\/PakDx7-10b","_links":{"self":[{"href":"https:\/\/pabianice.misjonarze.pl\/index.php?rest_route=\/wp\/v2\/pages\/3855","targetHints":{"allow":["GET"]}}],"collection":[{"href":"https:\/\/pabianice.misjonarze.pl\/index.php?rest_route=\/wp\/v2\/pages"}],"about":[{"href":"https:\/\/pabianice.misjonarze.pl\/index.php?rest_route=\/wp\/v2\/types\/page"}],"author":[{"embeddable":true,"href":"https:\/\/pabianice.misjonarze.pl\/index.php?rest_route=\/wp\/v2\/users\/1"}],"replies":[{"embeddable":true,"href":"https:\/\/pabianice.misjonarze.pl\/index.php?rest_route=%2Fwp%2Fv2%2Fcomments&post=3855"}],"version-history":[{"count":2,"href":"https:\/\/pabianice.misjonarze.pl\/index.php?rest_route=\/wp\/v2\/pages\/3855\/revisions"}],"predecessor-version":[{"id":7086,"href":"https:\/\/pabianice.misjonarze.pl\/index.php?rest_route=\/wp\/v2\/pages\/3855\/revisions\/7086"}],"wp:attachment":[{"href":"https:\/\/pabianice.misjonarze.pl\/index.php?rest_route=%2Fwp%2Fv2%2Fmedia&parent=3855"}],"curies":[{"name":"wp","href":"https:\/\/api.w.org\/{rel}","templated":true}]}}