{"id":3834,"date":"2021-02-11T07:18:57","date_gmt":"2021-02-11T05:18:57","guid":{"rendered":"https:\/\/pabianice.misjonarze.pl\/?page_id=3834"},"modified":"2021-03-17T12:31:24","modified_gmt":"2021-03-17T10:31:24","slug":"litanie-2","status":"publish","type":"page","link":"https:\/\/pabianice.misjonarze.pl\/?page_id=3834","title":{"rendered":"Litanie"},"content":{"rendered":"<p><img data-recalc-dims=\"1\" loading=\"lazy\" decoding=\"async\" class=\"aligncenter wp-image-3835 size-large\" src=\"https:\/\/i0.wp.com\/pabianice.misjonarze.pl\/wp-content\/uploads\/1612942783881.jpg?resize=1024%2C766&#038;ssl=1\" alt=\"\" width=\"1024\" height=\"766\" srcset=\"https:\/\/i0.wp.com\/pabianice.misjonarze.pl\/wp-content\/uploads\/1612942783881-scaled.jpg?resize=1024%2C766&amp;ssl=1 1024w, https:\/\/i0.wp.com\/pabianice.misjonarze.pl\/wp-content\/uploads\/1612942783881-scaled.jpg?resize=300%2C224&amp;ssl=1 300w, https:\/\/i0.wp.com\/pabianice.misjonarze.pl\/wp-content\/uploads\/1612942783881-scaled.jpg?resize=150%2C112&amp;ssl=1 150w, https:\/\/i0.wp.com\/pabianice.misjonarze.pl\/wp-content\/uploads\/1612942783881-scaled.jpg?resize=768%2C574&amp;ssl=1 768w, https:\/\/i0.wp.com\/pabianice.misjonarze.pl\/wp-content\/uploads\/1612942783881-scaled.jpg?resize=1536%2C1149&amp;ssl=1 1536w, https:\/\/i0.wp.com\/pabianice.misjonarze.pl\/wp-content\/uploads\/1612942783881-scaled.jpg?resize=2048%2C1532&amp;ssl=1 2048w, https:\/\/i0.wp.com\/pabianice.misjonarze.pl\/wp-content\/uploads\/1612942783881-scaled.jpg?resize=725%2C542&amp;ssl=1 725w\" sizes=\"auto, (max-width: 1000px) 100vw, 1000px\" \/><\/p>\n<p style=\"text-align: center;\"><span style=\"font-family: arial, helvetica, sans-serif; font-size: 14pt;\">DO OS\u00d3B BOSKICH<\/span><\/p>\n<ul>\n<li><span style=\"font-family: arial, helvetica, sans-serif; font-size: 14pt;\"><a href=\"https:\/\/pabianice.misjonarze.pl\/?page_id=2892\">Litania do Boga Ojca<\/a><\/span><\/li>\n<li><span style=\"font-family: arial, helvetica, sans-serif; font-size: 14pt;\"><a href=\"https:\/\/pabianice.misjonarze.pl\/?page_id=2824\">Litania do Tr\u00f3jcy Przenaj\u015bwi\u0119tszej<\/a><\/span><\/li>\n<li><span style=\"font-family: arial, helvetica, sans-serif; font-size: 14pt;\"><a href=\"https:\/\/pabianice.misjonarze.pl\/?page_id=2906\">Litania do Serca Pana Jezusa<\/a><\/span><\/li>\n<li><span style=\"font-family: arial, helvetica, sans-serif; font-size: 14pt;\"><a href=\"https:\/\/pabianice.misjonarze.pl\/?page_id=2970\">Litania do Imienia Jezus<\/a><\/span><\/li>\n<li><span style=\"font-family: arial, helvetica, sans-serif; font-size: 14pt;\"><a href=\"https:\/\/pabianice.misjonarze.pl\/?page_id=2923\">Litania do Naj\u015bwi\u0119tszego Sakramentu<\/a><\/span><\/li>\n<li><span style=\"font-family: arial, helvetica, sans-serif; font-size: 14pt;\"><a href=\"https:\/\/pabianice.misjonarze.pl\/?page_id=2900\">Litania do Ducha \u015awi\u0119tego<\/a><\/span><\/li>\n<\/ul>\n<p>&nbsp;<\/p>\n<p style=\"text-align: center;\"><span style=\"font-family: arial, helvetica, sans-serif; font-size: 14pt;\">MARYJNE<\/span><\/p>\n<ul>\n<li><span style=\"font-family: arial, helvetica, sans-serif; font-size: 14pt;\"><a href=\"https:\/\/pabianice.misjonarze.pl\/?page_id=3865\">Litania Loreta\u0144ska<\/a><\/span><\/li>\n<li><span style=\"font-family: arial, helvetica, sans-serif; font-size: 14pt;\"><a href=\"https:\/\/pabianice.misjonarze.pl\/?page_id=3893\">Litania do Matki Bo\u017cej objawiaj\u0105cej Cudowny Medalik<\/a><\/span><\/li>\n<li><span style=\"font-family: arial, helvetica, sans-serif; font-size: 14pt;\"><a href=\"https:\/\/pabianice.misjonarze.pl\/?page_id=3868\">Litania do Niepokalanego Serca Maryi<\/a><\/span><\/li>\n<li><span style=\"font-family: arial, helvetica, sans-serif; font-size: 14pt;\"><a href=\"https:\/\/pabianice.misjonarze.pl\/?page_id=3872\">Litania do Matki Bo\u017cej Mi\u0142osierdzia<\/a><\/span><\/li>\n<li><span style=\"font-family: arial, helvetica, sans-serif; font-size: 14pt;\"><a href=\"https:\/\/pabianice.misjonarze.pl\/?page_id=3876\">Litania do Imienia Maryi<\/a><\/span><\/li>\n<li><span style=\"font-family: arial, helvetica, sans-serif; font-size: 14pt;\"><a href=\"https:\/\/pabianice.misjonarze.pl\/?page_id=3880\">Litania do Siedmiu Bole\u015bci Maryi<\/a><\/span><\/li>\n<li><span style=\"font-family: arial, helvetica, sans-serif; font-size: 14pt;\"><a href=\"https:\/\/pabianice.misjonarze.pl\/?page_id=3885\">Litania do Naj\u015bwi\u0119tszej Maryi Panny R\u00f3\u017ca\u0144cowej<\/a><\/span><\/li>\n<li><span style=\"font-family: arial, helvetica, sans-serif; font-size: 14pt;\"><a href=\"https:\/\/pabianice.misjonarze.pl\/?page_id=3897\">Litania do Matki Bo\u017cej odmawiana w utrapieniach<\/a><\/span><\/li>\n<\/ul>\n<p>&nbsp;<\/p>\n<p>&nbsp;<\/p>\n<p style=\"text-align: center;\"><span style=\"font-family: arial, helvetica, sans-serif; font-size: 14pt;\">DO \u015aWI\u0118TYCH<\/span><\/p>\n<p><span style=\"font-family: arial, helvetica, sans-serif; font-size: 14pt;\"><a href=\"https:\/\/pabianice.misjonarze.pl\/?page_id=3905\">Litania do Wszystkich \u015awi\u0119tych<\/a><\/span><\/p>\n<p><span style=\"font-family: arial, helvetica, sans-serif; font-size: 14pt;\"><a href=\"https:\/\/pabianice.misjonarze.pl\/?page_id=3855\">Litania do Anio\u0142a Str\u00f3\u017ca<\/a><\/span><\/p>\n<p><span style=\"font-family: arial, helvetica, sans-serif; font-size: 14pt;\"><a href=\"https:\/\/pabianice.misjonarze.pl\/?page_id=3910\">Litania do \u015awi\u0119tego Alojzego Gonzagi<\/a> (patron m\u0142odzie\u017cy, ministrant\u00f3w i student\u00f3w)<\/span><\/p>\n<p><span style=\"font-family: arial, helvetica, sans-serif; font-size: 14pt;\"><a href=\"https:\/\/pabianice.misjonarze.pl\/?page_id=3915\">Litania do \u015awi\u0119tego Andrzeja Boboli<\/a> (patron Polski oraz kolejarzy)<\/span><\/p>\n<p><span style=\"font-family: arial, helvetica, sans-serif; font-size: 14pt;\"><a href=\"https:\/\/pabianice.misjonarze.pl\/?page_id=3938\">Litania do \u015awi\u0119tej Anieli Merici<\/a> (patronka m\u0142odzie\u017cy, po\u015bwi\u0119conych Bogu, chorych, niepe\u0142nosprawnych i tych, kt\u00f3rzy utracili rodzic\u00f3w)<\/span><\/p>\n<p><span style=\"font-family: arial, helvetica, sans-serif; font-size: 14pt;\"><a href=\"https:\/\/pabianice.misjonarze.pl\/?page_id=3943\">Litania do \u015awi\u0119tej Anny<\/a> (patronka matek, sierot, wd\u00f3w, ma\u0142\u017ce\u0144stw, \u017ceglarzy, piekarzy, chorych, nieszcz\u0119\u015bliwych i p\u00f3l)<\/span><\/p>\n<p><span style=\"font-family: arial, helvetica, sans-serif; font-size: 14pt;\"><a href=\"https:\/\/pabianice.misjonarze.pl\/?page_id=3949\">Litania do \u015awi\u0119tego Antoniego<\/a> (patron os\u00f3b i rzeczy zaginionych, ma\u0142\u017ce\u0144stw, narzeczonych, dzieci, ubogich, po\u0142o\u017cnych i podr\u00f3\u017cnych)<\/span><\/p>\n<p><span style=\"font-family: arial, helvetica, sans-serif; font-size: 14pt;\"><a href=\"https:\/\/pabianice.misjonarze.pl\/?page_id=3953\">Litania do \u015awi\u0119tej Barbary<\/a> (patronka dobrej \u015bmierci, g\u00f3rnik\u00f3w, hutnik\u00f3w, marynarzy, flisak\u00f3w, rybak\u00f3w, kamieniarzy, \u017co\u0142nierzy, wzywana w czasie burz i po\u017car\u00f3w)<\/span><\/p>\n<p><span style=\"font-family: arial, helvetica, sans-serif; font-size: 14pt;\"><a href=\"https:\/\/pabianice.misjonarze.pl\/?page_id=3957\">Litania do \u015awi\u0119tej Beaty<\/a> (wzywana w przezwyci\u0119\u017caniu pokus)<\/span><\/p>\n<p><span style=\"font-size: 14pt;\"><a href=\"https:\/\/pabianice.misjonarze.pl\/?page_id=4310\">Litania do b\u0142ogos\u0142awionej Bronis\u0142awy<\/a> (patronka dobrej s\u0142awy i nios\u0105cych z trudem krzy\u017c \u017cycia)<\/span><\/p>\n<p><span style=\"font-family: arial, helvetica, sans-serif; font-size: 14pt;\"><a href=\"https:\/\/pabianice.misjonarze.pl\/?page_id=3972\">Litania do \u015awi\u0119tej Doroty<\/a> (patronka znajduj\u0105cych si\u0119 w jakiejkolwiek potrzebie, m\u0142odych ma\u0142\u017ce\u0144stw, botanik\u00f3w, ogrodnik\u00f3w i g\u00f3rnik\u00f3w)<\/span><\/p>\n<p><span style=\"font-family: arial, helvetica, sans-serif; font-size: 14pt;\"><a href=\"https:\/\/pabianice.misjonarze.pl\/?page_id=3976\">Litania do \u015awi\u0119tej Filomeny<\/a> (patronka \u017bywego R\u00f3\u017ca\u0144ca, szcz\u0119\u015bliwych narodzin dzieci, matek i dzieci, zdaj\u0105cych egzaminy, os\u00f3b w finansowych potrzebach, czysto\u015bci, spokojnej i szcz\u0119\u015bliwej \u015bmierci)<\/span><\/p>\n<p><span style=\"font-family: arial, helvetica, sans-serif; font-size: 14pt;\"><a href=\"https:\/\/pabianice.misjonarze.pl\/?page_id=3989\">Litania do \u015awi\u0119tego Franciszka z Asy\u017cu<\/a> (patron Akcji Katolickiej, ekologii, pokoju, aktor\u00f3w, niewidomych, ubogich, tapicer\u00f3w, wi\u0119\u017ani\u00f3w, harcerzy, ornitolog\u00f3w, opiekun\u00f3w ptactwa domowego, zwierz\u0105t)<\/span><\/p>\n<p><span style=\"font-family: arial, helvetica, sans-serif; font-size: 14pt;\">Litania do b\u0142ogos\u0142awionego Fryderyka Ozanama<\/span><\/p>\n<p><span style=\"font-family: arial, helvetica, sans-serif; font-size: 14pt;\"><a href=\"https:\/\/pabianice.misjonarze.pl\/?page_id=3996\">Litania do \u015awi\u0119tego Gerarda<\/a> (patron dobrej spowiedzi, spowiednik\u00f3w, dzieci, dzieci nienarodzonych, matek, kobiet w ci\u0105\u017cy, kobiet maj\u0105cych trudno\u015bci z zaj\u015bciem w ci\u0105\u017c\u0119, nies\u0142usznie oskar\u017conych)<\/span><\/p>\n<p><span style=\"font-family: arial, helvetica, sans-serif; font-size: 14pt;\"><a href=\"https:\/\/pabianice.misjonarze.pl\/?page_id=4001\">Litania do \u015awi\u0119tego Jakuba Aposto\u0142a<\/a> (patron pielgrzym\u00f3w, hospicj\u00f3w, szpitali, sierot, kapelusznik\u00f3w, rybak\u00f3w)<\/span><\/p>\n<p><span style=\"font-family: arial, helvetica, sans-serif; font-size: 14pt;\"><a href=\"https:\/\/pabianice.misjonarze.pl\/?page_id=4026\">Litania do \u015awi\u0119tego Jana Kantego<\/a> (patron profesor\u00f3w, nauczycieli, student\u00f3w, szk\u00f3\u0142 katolickich, Caritasu)<\/span><\/p>\n<p><span style=\"font-family: arial, helvetica, sans-serif; font-size: 14pt;\"><a href=\"https:\/\/pabianice.misjonarze.pl\/?page_id=4064\">Litania do \u015awi\u0119tego Jana Nepomucena<\/a> (patron szczerej spowiedzi, spowiednik\u00f3w, podczas powodzi, ton\u0105cych, most\u00f3w)<\/span><\/p>\n<p><span style=\"font-family: arial, helvetica, sans-serif; font-size: 14pt;\"><a href=\"https:\/\/pabianice.misjonarze.pl\/?page_id=4070\">Litania do \u015awi\u0119tego Jana z Dukli<\/a> (patron zwa\u015bnionych, pragn\u0105cych pojednania, wyczerpanych niesieniem codziennego krzy\u017ca, trac\u0105cych wzrok)<\/span><\/p>\n<p><span style=\"font-family: arial, helvetica, sans-serif; font-size: 14pt;\"><a href=\"https:\/\/pabianice.misjonarze.pl\/?page_id=4086\">Litania do \u015awi\u0119tego Jerzego<\/a> (patron w\u0119drowc\u00f3w, g\u00f3rnik\u00f3w, \u017co\u0142nierzy, rolnik\u00f3w, kowali, bednarzy, artyst\u00f3w, wi\u0119\u017ani\u00f3w oraz skaut\u00f3w i harcerzy)<\/span><\/p>\n<p><span style=\"font-family: arial, helvetica, sans-serif; font-size: 14pt;\"><a href=\"https:\/\/pabianice.misjonarze.pl\/?page_id=3804\">Litania do \u015awi\u0119tego J\u00f3zefa<\/a> (patron Ko\u015bcio\u0142a, rodzin, m\u0119\u017cczyzn, ludzi pracy i dobrej \u015bmierci)<\/span><\/p>\n<p><span style=\"font-family: arial, helvetica, sans-serif; font-size: 14pt;\"><a href=\"https:\/\/pabianice.misjonarze.pl\/?page_id=4093\">Litania do \u015awi\u0119tego J\u00f3zefa Kalasancjusza<\/a> (patron katolickich szk\u00f3\u0142 podstawowych)<\/span><\/p>\n<p><span style=\"font-family: arial, helvetica, sans-serif; font-size: 14pt;\"><a href=\"https:\/\/pabianice.misjonarze.pl\/?page_id=4100\">Litania do \u015awi\u0119tego Judy Tadeusza<\/a> (patron spraw trudnych i beznadziejnych, or\u0119downik w rozpaczliwych sytuacjach)<\/span><\/p>\n<p><span style=\"font-family: arial, helvetica, sans-serif; font-size: 14pt;\"><a href=\"https:\/\/pabianice.misjonarze.pl\/?page_id=4106\">Litania do \u015awi\u0119tego Kamila<\/a> (patron chorych, personelu medycznego i szpitali)<\/span><\/p>\n<p><span style=\"font-family: arial, helvetica, sans-serif; font-size: 14pt;\"><a href=\"https:\/\/pabianice.misjonarze.pl\/?page_id=4116\">Litania do \u015awi\u0119tego Kazimierza<\/a> (patron Narodu polskiego, Litwy i Kawaler\u00f3w Malta\u0144skich)<\/span><\/p>\n<p><span style=\"font-family: arial, helvetica, sans-serif; font-size: 14pt;\"><a href=\"https:\/\/pabianice.misjonarze.pl\/?page_id=4208\">Litania do \u015awi\u0119tej Klary<\/a> (patronka praczek, hafciarek i os\u00f3b chorych na oczy)<\/span><\/p>\n<p><span style=\"font-family: arial, helvetica, sans-serif; font-size: 14pt;\"><a href=\"https:\/\/pabianice.misjonarze.pl\/?page_id=4214\">Litania do \u015awi\u0119tego Leonarda<\/a> (patron dobrego porodu, wi\u0119\u017ani\u00f3w, je\u0144c\u00f3w, chorych i zagro\u017conych napadem lub kradzie\u017c\u0105, opiekun byd\u0142a)<\/span><\/p>\n<p><span style=\"font-family: arial, helvetica, sans-serif; font-size: 14pt;\"><a href=\"https:\/\/pabianice.misjonarze.pl\/?page_id=4218\">Litania do \u015awi\u0119tej Lidii<\/a> (patronka farbiarzy)<\/span><\/p>\n<p><span style=\"font-family: arial, helvetica, sans-serif; font-size: 14pt;\"><a href=\"https:\/\/pabianice.misjonarze.pl\/?page_id=4225\">Litania do \u015awi\u0119tego Maksymiliana Marii Kolbego<\/a> (patron Rycerstwa Niepokalanej, rodzin, przedsi\u0119biorc\u00f3w, energetyk\u00f3w, \u015brodk\u00f3w spo\u0142ecznego przekazu, alkoholik\u00f3w d\u0105\u017c\u0105cych do trze\u017awo\u015bci, naszych trudnych czas\u00f3w)<\/span><\/p>\n<p><span style=\"font-family: arial, helvetica, sans-serif; font-size: 14pt;\"><a href=\"https:\/\/pabianice.misjonarze.pl\/?page_id=4266\">Litania o \u015awi\u0119tej Marii Magdalenie<\/a> (patronka zakon\u00f3w \u017ce\u0144skich, kobiet, os\u00f3b kuszonych, dzieci maj\u0105cych trudno\u015bci z chodzeniem, fryzjer\u00f3w, aptekarzy, ogrodnik\u00f3w i tkaczy)<\/span><\/p>\n<p><span style=\"font-family: arial, helvetica, sans-serif; font-size: 14pt;\"><a href=\"https:\/\/pabianice.misjonarze.pl\/?page_id=3051\">Litania do \u015awi\u0119tej Moniki<\/a> (patronka matek, wd\u00f3w, os\u00f3b prze\u017cywaj\u0105cych sytuacje bez wyj\u015bcia)<\/span><\/p>\n<p><span style=\"font-family: arial, helvetica, sans-serif; font-size: 14pt;\"><a href=\"https:\/\/pabianice.misjonarze.pl\/?page_id=4271\">Litania do \u015awi\u0119tego Norberta<\/a> (przywo\u0142ywany w czasie burz i nawa\u0142nic)<\/span><\/p>\n<p><span style=\"font-family: arial, helvetica, sans-serif; font-size: 14pt;\"><a href=\"https:\/\/pabianice.misjonarze.pl\/?page_id=4282\">Litania do \u015awi\u0119tego Ojca Pio<\/a> (patron spowiednik\u00f3w)<\/span><\/p>\n<p><span style=\"font-family: arial, helvetica, sans-serif; font-size: 14pt;\"><a href=\"https:\/\/pabianice.misjonarze.pl\/?page_id=4287\">Litania do \u015awi\u0119tej Rity<\/a> (patronka od spraw trudnych i beznadziejnych, matek i kobiet we wszystkich stanach)<\/span><\/p>\n<p><span style=\"font-family: arial, helvetica, sans-serif; font-size: 14pt;\"><a href=\"https:\/\/pabianice.misjonarze.pl\/?page_id=4297\">Litania do \u015awi\u0119tej R\u00f3\u017cy z Limy<\/a> (patronka zwa\u015bnionych rodzin, ogrodnik\u00f3w)<\/span><\/p>\n<p><span style=\"font-family: arial, helvetica, sans-serif; font-size: 14pt;\"><a href=\"https:\/\/pabianice.misjonarze.pl\/?page_id=4302\">Litania do \u015awi\u0119tego Stanis\u0142awa Kostki<\/a> (patron Polski, polskich dzieci i m\u0142odzie\u017cy, ministrant\u00f3w i Katolickiego Stowarzyszenia M\u0142odzie\u017cy)<\/span><\/p>\n<p><span style=\"font-family: arial, helvetica, sans-serif; font-size: 14pt;\"><a href=\"https:\/\/pabianice.misjonarze.pl\/?page_id=3090\">Litania do \u015awi\u0119tego Wincentego a Paulo<\/a> (patron ubogich, dzie\u0142 mi\u0142osierdzia, duchowie\u0144stwa, szpitali i wi\u0119\u017ani\u00f3w)<\/span><\/p>\n","protected":false},"excerpt":{"rendered":"<p>DO OS\u00d3B BOSKICH Litania do Boga Ojca Litania do Tr\u00f3jcy Przenaj\u015bwi\u0119tszej Litania do Serca Pana Jezusa Litania do Imienia Jezus Litania do Naj\u015bwi\u0119tszego Sakramentu Litania do Ducha \u015awi\u0119tego &nbsp; MARYJNE Litania Loreta\u0144ska Litania do&#46;&#46;&#46;<\/p>\n","protected":false},"author":1,"featured_media":0,"parent":0,"menu_order":0,"comment_status":"closed","ping_status":"closed","template":"","meta":{"footnotes":""},"class_list":["post-3834","page","type-page","status-publish","hentry"],"jetpack_sharing_enabled":true,"jetpack_shortlink":"https:\/\/wp.me\/PakDx7-ZQ","_links":{"self":[{"href":"https:\/\/pabianice.misjonarze.pl\/index.php?rest_route=\/wp\/v2\/pages\/3834","targetHints":{"allow":["GET"]}}],"collection":[{"href":"https:\/\/pabianice.misjonarze.pl\/index.php?rest_route=\/wp\/v2\/pages"}],"about":[{"href":"https:\/\/pabianice.misjonarze.pl\/index.php?rest_route=\/wp\/v2\/types\/page"}],"author":[{"embeddable":true,"href":"https:\/\/pabianice.misjonarze.pl\/index.php?rest_route=\/wp\/v2\/users\/1"}],"replies":[{"embeddable":true,"href":"https:\/\/pabianice.misjonarze.pl\/index.php?rest_route=%2Fwp%2Fv2%2Fcomments&post=3834"}],"version-history":[{"count":80,"href":"https:\/\/pabianice.misjonarze.pl\/index.php?rest_route=\/wp\/v2\/pages\/3834\/revisions"}],"predecessor-version":[{"id":4317,"href":"https:\/\/pabianice.misjonarze.pl\/index.php?rest_route=\/wp\/v2\/pages\/3834\/revisions\/4317"}],"wp:attachment":[{"href":"https:\/\/pabianice.misjonarze.pl\/index.php?rest_route=%2Fwp%2Fv2%2Fmedia&parent=3834"}],"curies":[{"name":"wp","href":"https:\/\/api.w.org\/{rel}","templated":true}]}}