{"id":362,"date":"2018-09-28T10:41:01","date_gmt":"2018-09-28T08:41:01","guid":{"rendered":"http:\/\/radoslaw.home.pl\/autoinstalator\/wordpress1\/?page_id=362"},"modified":"2019-11-08T17:11:26","modified_gmt":"2019-11-08T15:11:26","slug":"rodzina-rozancowa-zywy-rozaniec","status":"publish","type":"page","link":"https:\/\/pabianice.misjonarze.pl\/?page_id=362","title":{"rendered":"Rodzina R\u00f3\u017ca\u0144cowa (\u017bywy R\u00f3\u017caniec)"},"content":{"rendered":"<p><img data-recalc-dims=\"1\" loading=\"lazy\" decoding=\"async\" class=\"aligncenter wp-image-363 size-full\" src=\"https:\/\/i0.wp.com\/pabianice.misjonarze.pl\/wp-content\/uploads\/2018\/09\/ywy-r%C3%B3%C5%BCaniec.png?resize=900%2C238\" alt=\"\" width=\"900\" height=\"238\" srcset=\"https:\/\/i0.wp.com\/pabianice.misjonarze.pl\/wp-content\/uploads\/2018\/09\/ywy-r%C3%B3%C5%BCaniec.png?w=900&amp;ssl=1 900w, https:\/\/i0.wp.com\/pabianice.misjonarze.pl\/wp-content\/uploads\/2018\/09\/ywy-r%C3%B3%C5%BCaniec.png?resize=300%2C79&amp;ssl=1 300w, https:\/\/i0.wp.com\/pabianice.misjonarze.pl\/wp-content\/uploads\/2018\/09\/ywy-r%C3%B3%C5%BCaniec.png?resize=768%2C203&amp;ssl=1 768w, https:\/\/i0.wp.com\/pabianice.misjonarze.pl\/wp-content\/uploads\/2018\/09\/ywy-r%C3%B3%C5%BCaniec.png?resize=730%2C193&amp;ssl=1 730w\" sizes=\"auto, (max-width: 900px) 100vw, 900px\" \/><\/p>\n<p>&nbsp;<\/p>\n<p style=\"text-align: justify;\"><span style=\"font-family: arial, helvetica, sans-serif; font-size: 14pt; color: #000080;\">Bractwo \u017bywego R\u00f3\u017ca\u0144ca istnieje przy naszej parafii od pocz\u0105tku jej istnienia i jest z ni\u0105 szczeg\u00f3lnie zwi\u0105zane: wszak nasza parafia i parafialna \u015bwi\u0105tynia maj\u0105 za Opiekunk\u0119 Matk\u0119 Naj\u015bwi\u0119tsz\u0105 jako Kr\u00f3low\u0105 R\u00f3\u017ca\u0144ca \u015bwi\u0119tego.\u00a0<\/span><\/p>\n<p style=\"text-align: justify;\"><span style=\"font-family: arial, helvetica, sans-serif; font-size: 14pt; color: #000080;\">Obecnie w naszej parafii istnieje 12 r\u00f3\u017c \u017bywego R\u00f3\u017ca\u0144ca, do kt\u00f3rych nale\u017c\u0105 164 osoby. Trzeba zaznaczy\u0107, ze 4 ko\u0142a \u017bywego R\u00f3\u017ca\u0144ca tworz\u0105 wierni zamieszkali w Bychlewie i do tych r\u00f3\u017c nale\u017cy 71 wiernych z Bychlewa i Jadwinina.<\/span><\/p>\n<p style=\"text-align: justify;\"><span style=\"font-family: arial, helvetica, sans-serif; font-size: 14pt; color: #000080;\">Cz\u0142onkowie \u017bywego R\u00f3\u017ca\u0144ca spotykaj\u0105 si\u0119\u00a0w ka\u017cdy czwartek miesi\u0105ca na adoracji Naj\u015bwi\u0119tszego Sakramentu i modlitwie r\u00f3\u017ca\u0144cowej o godzinie 17.00.\u00a0<\/span><\/p>\n<p style=\"text-align: justify;\"><span style=\"font-family: arial, helvetica, sans-serif; font-size: 14pt; color: #000080;\">W ka\u017cdy drugi czwartek miesi\u0105ca uczestnicz\u0105 we Mszy \u015bw. o godzinie 18.00 w intencji Rodziny R\u00f3\u017ca\u0144cowej i Radia Maryja. Po Mszy \u015bw. spotykamy si\u0119 w sali na plebanii. W spotkaniach uczestniczy ks. Proboszcz.<\/span><\/p>\n<p style=\"text-align: justify;\"><span style=\"font-family: arial, helvetica, sans-serif; font-size: 14pt; color: #000080;\">W listopadzie 1997 roku do Rodziny R\u00f3\u017ca\u0144cowej do\u0142\u0105czy\u0142o Ko\u0142o Przyjaci\u00f3\u0142 Radia Maryja. Od 2004 roku Rodzina R\u00f3\u017ca\u0144cowa podj\u0119\u0142a si\u0119 opieki nad ogr\u00f3dkami wok\u00f3\u0142 Krzy\u017ca Misyjnego oraz figury Matki Bo\u017cej znajduj\u0105cymi si\u0119 przed ko\u015bcio\u0142em.<\/span><\/p>\n<p style=\"text-align: justify;\"><span style=\"font-family: arial, helvetica, sans-serif; font-size: 14pt; color: #000080;\">Nasz\u0105 trosk\u0105 i zmartwieniem jest brak m\u0142odych cz\u0142onk\u00f3w w ko\u0142ach \u017bywego R\u00f3\u017ca\u0144ca. Zwykle do r\u00f3\u017c nalez\u0105 starsi parafianie, wielu z nich to ludzie chorzy, niewychodz\u0105cy z domu. Cieszymy si\u0119 udzia\u0142em we wsp\u00f3lnocie r\u00f3\u017ca\u0144cowej ludzi chorych, ich modlitwa ma tym wi\u0119ksz\u0105 warto\u015b\u0107, ze \u0142\u0105czy si\u0119 z ofiar\u0105 ich krzy\u017ca i cierpienia. Z trosk\u0105 my\u015blimy jednak o tym, by codzienna modlitwa r\u00f3\u017ca\u0144cowa nie zagin\u0119\u0142a, ale obejmowa\u0142a wci\u0105\u017c nowych wiernych. Jeste\u015bmy przekonani, ze jest ona skuteczna w intencjach, w kt\u00f3rych si\u0119 modlimy: za Ko\u015bci\u00f3\u0142, Ojca \u015bw., za nasz\u0105 Ojczyzn\u0119, parafi\u0119, nasze rodziny i nas samych.<\/span><\/p>\n<p style=\"text-align: justify;\"><span style=\"font-family: arial, helvetica, sans-serif; font-size: 14pt; color: #000080;\">Osoby, kt\u00f3re zechcia\u0142yby do nas do\u0142\u0105czy\u0107 i mie\u0107 udzia\u0142 w nadprzyrodzonych laskach wynikaj\u0105cych z odmawiania R\u00f3\u017ca\u0144ca we wsp\u00f3lnocie, proszone s\u0105 o kontakt z ks. Proboszczem.<\/span><\/p>\n","protected":false},"excerpt":{"rendered":"<p>&nbsp; Bractwo \u017bywego R\u00f3\u017ca\u0144ca istnieje przy naszej parafii od pocz\u0105tku jej istnienia i jest z ni\u0105 szczeg\u00f3lnie zwi\u0105zane: wszak nasza parafia i parafialna \u015bwi\u0105tynia maj\u0105 za Opiekunk\u0119 Matk\u0119 Naj\u015bwi\u0119tsz\u0105 jako Kr\u00f3low\u0105 R\u00f3\u017ca\u0144ca \u015bwi\u0119tego.\u00a0 Obecnie&#46;&#46;&#46;<\/p>\n","protected":false},"author":1,"featured_media":0,"parent":0,"menu_order":0,"comment_status":"closed","ping_status":"closed","template":"","meta":{"jetpack_post_was_ever_published":false,"footnotes":""},"class_list":["post-362","page","type-page","status-publish","hentry"],"jetpack_sharing_enabled":true,"jetpack_shortlink":"https:\/\/wp.me\/PakDx7-5Q","_links":{"self":[{"href":"https:\/\/pabianice.misjonarze.pl\/index.php?rest_route=\/wp\/v2\/pages\/362","targetHints":{"allow":["GET"]}}],"collection":[{"href":"https:\/\/pabianice.misjonarze.pl\/index.php?rest_route=\/wp\/v2\/pages"}],"about":[{"href":"https:\/\/pabianice.misjonarze.pl\/index.php?rest_route=\/wp\/v2\/types\/page"}],"author":[{"embeddable":true,"href":"https:\/\/pabianice.misjonarze.pl\/index.php?rest_route=\/wp\/v2\/users\/1"}],"replies":[{"embeddable":true,"href":"https:\/\/pabianice.misjonarze.pl\/index.php?rest_route=%2Fwp%2Fv2%2Fcomments&post=362"}],"version-history":[{"count":5,"href":"https:\/\/pabianice.misjonarze.pl\/index.php?rest_route=\/wp\/v2\/pages\/362\/revisions"}],"predecessor-version":[{"id":2328,"href":"https:\/\/pabianice.misjonarze.pl\/index.php?rest_route=\/wp\/v2\/pages\/362\/revisions\/2328"}],"wp:attachment":[{"href":"https:\/\/pabianice.misjonarze.pl\/index.php?rest_route=%2Fwp%2Fv2%2Fmedia&parent=362"}],"curies":[{"name":"wp","href":"https:\/\/api.w.org\/{rel}","templated":true}]}}