{"id":3585,"date":"2020-12-06T18:41:43","date_gmt":"2020-12-06T16:41:43","guid":{"rendered":"https:\/\/pabianice.misjonarze.pl\/?page_id=3585"},"modified":"2020-12-06T18:45:33","modified_gmt":"2020-12-06T16:45:33","slug":"kierunek-niebo","status":"publish","type":"page","link":"https:\/\/pabianice.misjonarze.pl\/?page_id=3585","title":{"rendered":"Kierunek Niebo"},"content":{"rendered":"<p><a href=\"https:\/\/kierunekniebo.pl\/\"><img data-recalc-dims=\"1\" loading=\"lazy\" decoding=\"async\" class=\"aligncenter wp-image-3586 size-full\" src=\"https:\/\/i0.wp.com\/pabianice.misjonarze.pl\/wp-content\/uploads\/plakat_kierunek_niebo.jpeg?resize=640%2C428&#038;ssl=1\" alt=\"\" width=\"640\" height=\"428\" srcset=\"https:\/\/i0.wp.com\/pabianice.misjonarze.pl\/wp-content\/uploads\/plakat_kierunek_niebo.jpeg?w=640&amp;ssl=1 640w, https:\/\/i0.wp.com\/pabianice.misjonarze.pl\/wp-content\/uploads\/plakat_kierunek_niebo.jpeg?resize=300%2C201&amp;ssl=1 300w, https:\/\/i0.wp.com\/pabianice.misjonarze.pl\/wp-content\/uploads\/plakat_kierunek_niebo.jpeg?resize=150%2C100&amp;ssl=1 150w\" sizes=\"auto, (max-width: 640px) 100vw, 640px\" \/><\/a><\/p>\n<p class=\"western\" align=\"justify\"><span style=\"font-family: arial, helvetica, sans-serif; font-size: 14pt;\"><span style=\"color: #000000;\"><b>Duszpasterstwo Kobiet<\/b><\/span><span style=\"color: #000000;\"> Archidiecezji \u0141\u00f3dzkiej zach\u0119ca do wzi\u0119cia udzia\u0142u w projekcie <\/span><span style=\"color: #000000;\"><b>Kierunek Niebo<\/b><\/span><span style=\"color: #000000;\">, w ramach kt\u00f3rego kobiety maj\u0105 mo\u017cliwo\u015b\u0107 uczestnictwa w spotkaniach, konferencjach, warsztatach i rekolekcjach. Projekt realizowany jest w formie on-line pod adresem <\/span><span style=\"color: #008080;\"><u><a href=\"http:\/\/www.kierunekniebo.pl\/\">www.kierunekniebo.pl<\/a><\/u><\/span><span style=\"color: #000000;\"> oraz na Fb #kierunekniebopl.<\/span><\/span><\/p>\n","protected":false},"excerpt":{"rendered":"<p>Duszpasterstwo Kobiet Archidiecezji \u0141\u00f3dzkiej zach\u0119ca do wzi\u0119cia udzia\u0142u w projekcie Kierunek Niebo, w ramach kt\u00f3rego kobiety maj\u0105 mo\u017cliwo\u015b\u0107 uczestnictwa w spotkaniach, konferencjach, warsztatach i rekolekcjach. Projekt realizowany jest w formie on-line pod adresem www.kierunekniebo.pl&#46;&#46;&#46;<\/p>\n","protected":false},"author":1,"featured_media":0,"parent":0,"menu_order":0,"comment_status":"closed","ping_status":"closed","template":"","meta":{"jetpack_post_was_ever_published":false,"footnotes":""},"class_list":["post-3585","page","type-page","status-publish","hentry"],"jetpack_sharing_enabled":true,"jetpack_shortlink":"https:\/\/wp.me\/PakDx7-VP","_links":{"self":[{"href":"https:\/\/pabianice.misjonarze.pl\/index.php?rest_route=\/wp\/v2\/pages\/3585","targetHints":{"allow":["GET"]}}],"collection":[{"href":"https:\/\/pabianice.misjonarze.pl\/index.php?rest_route=\/wp\/v2\/pages"}],"about":[{"href":"https:\/\/pabianice.misjonarze.pl\/index.php?rest_route=\/wp\/v2\/types\/page"}],"author":[{"embeddable":true,"href":"https:\/\/pabianice.misjonarze.pl\/index.php?rest_route=\/wp\/v2\/users\/1"}],"replies":[{"embeddable":true,"href":"https:\/\/pabianice.misjonarze.pl\/index.php?rest_route=%2Fwp%2Fv2%2Fcomments&post=3585"}],"version-history":[{"count":3,"href":"https:\/\/pabianice.misjonarze.pl\/index.php?rest_route=\/wp\/v2\/pages\/3585\/revisions"}],"predecessor-version":[{"id":4122,"href":"https:\/\/pabianice.misjonarze.pl\/index.php?rest_route=\/wp\/v2\/pages\/3585\/revisions\/4122"}],"wp:attachment":[{"href":"https:\/\/pabianice.misjonarze.pl\/index.php?rest_route=%2Fwp%2Fv2%2Fmedia&parent=3585"}],"curies":[{"name":"wp","href":"https:\/\/api.w.org\/{rel}","templated":true}]}}