{"id":3419,"date":"2020-10-30T06:15:23","date_gmt":"2020-10-30T04:15:23","guid":{"rendered":"https:\/\/pabianice.misjonarze.pl\/?page_id=3419"},"modified":"2021-09-15T06:15:31","modified_gmt":"2021-09-15T04:15:31","slug":"blogoslawiona-matka-czack-a-lasek","status":"publish","type":"page","link":"https:\/\/pabianice.misjonarze.pl\/?page_id=3419","title":{"rendered":"B\u0142. Matka El\u017cbieta Czacka z Lasek"},"content":{"rendered":"<div class=\"edgtf-post-title-area\">\n<h2 class=\"entry-title edgtf-post-title\"><span style=\"color: #003300;\">Matka dla niewidomych na ciele i na duszy<\/span><\/h2>\n<\/div>\n<div class=\"edgtf-post-image\"><\/div>\n<div class=\"edgtf-post-text\">\n<div class=\"edgtf-post-text-inner clearfix\">\n<div id=\"attachment_4643\" style=\"width: 310px\" class=\"wp-caption alignright\"><a href=\"https:\/\/i0.wp.com\/pabianice.misjonarze.pl\/wp-content\/uploads\/czacka03.jpg?ssl=1\" rel=\"lightbox[3419]\"><img data-recalc-dims=\"1\" loading=\"lazy\" decoding=\"async\" aria-describedby=\"caption-attachment-4643\" class=\"wp-image-4643 size-medium\" src=\"https:\/\/i0.wp.com\/pabianice.misjonarze.pl\/wp-content\/uploads\/czacka03.jpg?resize=300%2C265&#038;ssl=1\" alt=\"\" width=\"300\" height=\"265\" srcset=\"https:\/\/i0.wp.com\/pabianice.misjonarze.pl\/wp-content\/uploads\/czacka03.jpg?resize=300%2C265&amp;ssl=1 300w, https:\/\/i0.wp.com\/pabianice.misjonarze.pl\/wp-content\/uploads\/czacka03.jpg?resize=150%2C132&amp;ssl=1 150w, https:\/\/i0.wp.com\/pabianice.misjonarze.pl\/wp-content\/uploads\/czacka03.jpg?w=323&amp;ssl=1 323w\" sizes=\"auto, (max-width: 300px) 100vw, 300px\" \/><\/a><p id=\"caption-attachment-4643\" class=\"wp-caption-text\">Matka El\u017cbieta Czacka<\/p><\/div>\n<p style=\"text-align: justify;\"><span style=\"font-family: arial, helvetica, sans-serif; font-size: 14pt;\"><strong>\u201eTo b\u0119dzie matka dla niewidomych na ciele i na duszy\u201d \u2013 m\u00f3wi o matce El\u017cbiecie Czackiej prze\u0142o\u017cona generalna Si\u00f3str Franciszkanek S\u0142u\u017cebnic Krzy\u017ca siostra Judyta Olechowska z Lasek. <\/strong><strong>Papie\u017c zatwierdzi\u0142 dekret uznaj\u0105cy cud za wstawiennictwem matki El\u017cbiety Czackiej.<\/strong><\/span><\/p>\n<p style=\"text-align: justify;\"><span style=\"font-family: arial, helvetica, sans-serif; font-size: 14pt;\"><span id=\"more-229800\"><\/span>Tym samym spe\u0142niony zosta\u0142 ostatni warunek do beatyfikacji za\u0142o\u017cycielki zgromadzenia si\u00f3str franciszkanek S\u0142u\u017cebnic Krzy\u017ca oraz Towarzystwa Opieki nad Ociemnia\u0142ymi w Laskach.\u00a0 Prze\u0142o\u017cona generalna siostra Judyta Olechowska podkre\u015bla, \u017ce to szczeg\u00f3lna rado\u015b\u0107 dla ka\u017cdej siostry zgromadzenia i ca\u0142ego dzie\u0142a Lasek.<em>To rado\u015b\u0107 dla niewidomych, dla wsp\u00f3\u0142pracownik\u00f3w \u015bwieckich oraz ca\u0142ego Dzie\u0142a Lasek. Ogromnie si\u0119 cieszymy. Dzi\u0119kujemy Panu Bogu, \u017ce b\u0119dziemy mieli b\u0142ogos\u0142awion\u0105, niewidom\u0105 matk\u0119 niewidomych \u2013<\/em> zaznacza siostra prze\u0142o\u017cona.<\/span><\/p>\n<p style=\"text-align: justify;\"><span style=\"font-family: arial, helvetica, sans-serif; font-size: 14pt;\"><em>Matka R\u00f3\u017ca Czacka tak wiele pomaga\u0142a ludziom, tak wiele os\u00f3b szuka\u0142o u niej pomocy, rady, wewn\u0119trznej mocy oraz si\u0142y. A ona t\u0119 moc czerpa\u0142a z g\u0142\u0119bokiego \u017cycia duchowego, z modlitwy i kontemplacji \u2013<\/em> m\u00f3wi prze\u0142o\u017cona generalna si\u00f3str franciszkanek S\u0142u\u017cebnic Krzy\u017ca siostra Judyta Olechowska z Lasek.<\/span><\/p>\n<p style=\"text-align: justify;\"><span style=\"font-family: arial, helvetica, sans-serif; font-size: 14pt;\">El\u017cbieta Czacka urodzi\u0142a si\u0119 22 pa\u017adziernika 1876 r. w Bia\u0142ej Cerkwi, na terenie dzisiejszej Ukrainy. W wieku 22 lat straci\u0142a wzrok. Wybra\u0142a pomoc niewidomym. W 1910 roku za\u0142o\u017cy\u0142a w Warszawie pierwszy dom dla niewidomych dziewcz\u0105t, z kt\u00f3rego powsta\u0142o Towarzystwo Opieki nad Ociemnia\u0142ymi. Dostosowa\u0142a alfabet Braille\u2019a do wymog\u00f3w j\u0119zyka polskiego. W 1918 roku utworzy\u0142a nowe zgromadzenie zakonne si\u00f3str franciszkanek S\u0142u\u017cebnic Krzy\u017ca, kt\u00f3rego charyzmatem jest s\u0142u\u017cba niewidomym oraz wynagradzanie za duchow\u0105 \u015blepot\u0119 \u015bwiata. W 1922 roku rozpocz\u0119\u0142a budow\u0119 zak\u0142adu w Laskach pod Warszaw\u0105, kt\u00f3ry dawa\u0142 wykszta\u0142cenie niewidomym, przygotowuj\u0105c ich do samodzielnego \u017cycia.<\/span><\/p>\n<p style=\"text-align: justify;\"><span style=\"font-family: arial, helvetica, sans-serif; font-size: 14pt;\">Proces beatyfikacyjny Matki El\u017cbiety Czackiej rozpocz\u0105\u0142 si\u0119 w 1987 roku. S\u0142u\u017cebnica Bo\u017ca zmar\u0142a w opinii \u015bwi\u0119to\u015bci w 1961 roku.\u00a0 W pa\u017adzierniku 2020 r. papie\u017c Franciszek zatwierdzi\u0142 dekret uznaj\u0105cy cud za wstawiennictwem matki El\u017cbiety Czackiej, stanowi\u0105cy ostatni warunek do jej beatyfikacji.<\/span><\/p>\n<p>IAR<\/p>\n<\/div>\n<\/div>\n","protected":false},"excerpt":{"rendered":"<p>Matka dla niewidomych na ciele i na duszy \u201eTo b\u0119dzie matka dla niewidomych na ciele i na duszy\u201d \u2013 m\u00f3wi o matce El\u017cbiecie Czackiej prze\u0142o\u017cona generalna Si\u00f3str Franciszkanek S\u0142u\u017cebnic Krzy\u017ca siostra Judyta Olechowska z&#46;&#46;&#46;<\/p>\n","protected":false},"author":1,"featured_media":0,"parent":0,"menu_order":0,"comment_status":"closed","ping_status":"closed","template":"","meta":{"footnotes":""},"class_list":["post-3419","page","type-page","status-publish","hentry"],"jetpack_sharing_enabled":true,"jetpack_shortlink":"https:\/\/wp.me\/PakDx7-T9","_links":{"self":[{"href":"https:\/\/pabianice.misjonarze.pl\/index.php?rest_route=\/wp\/v2\/pages\/3419","targetHints":{"allow":["GET"]}}],"collection":[{"href":"https:\/\/pabianice.misjonarze.pl\/index.php?rest_route=\/wp\/v2\/pages"}],"about":[{"href":"https:\/\/pabianice.misjonarze.pl\/index.php?rest_route=\/wp\/v2\/types\/page"}],"author":[{"embeddable":true,"href":"https:\/\/pabianice.misjonarze.pl\/index.php?rest_route=\/wp\/v2\/users\/1"}],"replies":[{"embeddable":true,"href":"https:\/\/pabianice.misjonarze.pl\/index.php?rest_route=%2Fwp%2Fv2%2Fcomments&post=3419"}],"version-history":[{"count":10,"href":"https:\/\/pabianice.misjonarze.pl\/index.php?rest_route=\/wp\/v2\/pages\/3419\/revisions"}],"predecessor-version":[{"id":5015,"href":"https:\/\/pabianice.misjonarze.pl\/index.php?rest_route=\/wp\/v2\/pages\/3419\/revisions\/5015"}],"wp:attachment":[{"href":"https:\/\/pabianice.misjonarze.pl\/index.php?rest_route=%2Fwp%2Fv2%2Fmedia&parent=3419"}],"curies":[{"name":"wp","href":"https:\/\/api.w.org\/{rel}","templated":true}]}}