{"id":2944,"date":"2020-07-08T21:01:49","date_gmt":"2020-07-08T19:01:49","guid":{"rendered":"https:\/\/pabianice.misjonarze.pl\/?page_id=2944"},"modified":"2021-08-25T03:06:05","modified_gmt":"2021-08-25T01:06:05","slug":"akty-strzeliste","status":"publish","type":"page","link":"https:\/\/pabianice.misjonarze.pl\/?page_id=2944","title":{"rendered":"Akty strzeliste"},"content":{"rendered":"<p style=\"text-align: center;\"><span style=\"font-family: arial, helvetica, sans-serif; font-size: 14pt; color: #003366;\">Akty strzeliste to bardzo kr\u00f3tkie modlitwy, westchnienia, <\/span><\/p>\n<p style=\"text-align: center;\"><span style=\"font-family: arial, helvetica, sans-serif; font-size: 14pt; color: #003366;\">kt\u00f3re warto odmawia\u0107 w jakiejkolwiek chwili dnia, nawet co godzin\u0119.<\/span><\/p>\n<p>&nbsp;<\/p>\n<p style=\"text-align: center;\"><img data-recalc-dims=\"1\" loading=\"lazy\" decoding=\"async\" class=\"aligncenter wp-image-2952 size-medium\" src=\"https:\/\/i0.wp.com\/pabianice.misjonarze.pl\/wp-content\/uploads\/akty-strzeliste.jpg?resize=300%2C158&#038;ssl=1\" alt=\"\" width=\"300\" height=\"158\" srcset=\"https:\/\/i0.wp.com\/pabianice.misjonarze.pl\/wp-content\/uploads\/akty-strzeliste.jpg?resize=300%2C158&amp;ssl=1 300w, https:\/\/i0.wp.com\/pabianice.misjonarze.pl\/wp-content\/uploads\/akty-strzeliste.jpg?resize=150%2C79&amp;ssl=1 150w, https:\/\/i0.wp.com\/pabianice.misjonarze.pl\/wp-content\/uploads\/akty-strzeliste.jpg?w=720&amp;ssl=1 720w\" sizes=\"auto, (max-width: 300px) 100vw, 300px\" \/><\/p>\n<p>&nbsp;<\/p>\n<p><span style=\"color: #008000; font-family: terminal, monaco, monospace; font-size: 14pt;\">Akt wiary<\/span><br \/>\n<span style=\"font-family: terminal, monaco, monospace; font-size: 14pt;\">Wierz\u0119 w Ciebie, Bo\u017ce \u017cywy,<\/span><br \/>\n<span style=\"font-family: terminal, monaco, monospace; font-size: 14pt;\">W Tr\u00f3jcy jedyny, prawdziwy.<\/span><br \/>\n<span style=\"font-family: terminal, monaco, monospace; font-size: 14pt;\">Wierz\u0119, co\u015b objawi\u0142 Bo\u017ce,<\/span><br \/>\n<span style=\"font-family: terminal, monaco, monospace; font-size: 14pt;\">Twe s\u0142owo myli\u0107 nie mo\u017ce.<\/span><\/p>\n<p><span style=\"color: #008000; font-family: terminal, monaco, monospace; font-size: 14pt;\">Akt nadziei<\/span><br \/>\n<span style=\"font-family: terminal, monaco, monospace; font-size: 14pt;\">Ufam Tobie, bo\u015b Ty wierny,<\/span><br \/>\n<span style=\"font-family: terminal, monaco, monospace; font-size: 14pt;\">Wszechmocny i mi\u0142osierny.<\/span><br \/>\n<span style=\"font-family: terminal, monaco, monospace; font-size: 14pt;\">Dasz mi grzech\u00f3w odpuszczenie,<\/span><br \/>\n<span style=\"font-family: terminal, monaco, monospace; font-size: 14pt;\">\u0141ask\u0119 i wieczne zbawienie.<\/span><\/p>\n<p><span style=\"color: #008000; font-family: terminal, monaco, monospace; font-size: 14pt;\">Akt mi\u0142o\u015bci<\/span><br \/>\n<span style=\"font-family: terminal, monaco, monospace; font-size: 14pt;\">Bo\u017ce, cho\u0107 Ci\u0119 nie pojmuj\u0119,<\/span><br \/>\n<span style=\"font-family: terminal, monaco, monospace; font-size: 14pt;\">Jednak nad wszystko mi\u0142uj\u0119.<\/span><br \/>\n<span style=\"font-family: terminal, monaco, monospace; font-size: 14pt;\">Nad wszystko, co jest stworzone,<\/span><br \/>\n<span style=\"font-family: terminal, monaco, monospace; font-size: 14pt;\">Bo\u015b Ty dobro niesko\u0144czone!<\/span><\/p>\n<p><span style=\"color: #008000; font-family: terminal, monaco, monospace; font-size: 14pt;\">Akt \u017calu<\/span><br \/>\n<span style=\"font-family: terminal, monaco, monospace; font-size: 14pt;\">Ach, \u017ca\u0142uj\u0119 za me z\u0142o\u015bci,<\/span><br \/>\n<span style=\"font-family: terminal, monaco, monospace; font-size: 14pt;\">Jedynie dla Twej mi\u0142o\u015bci.<\/span><br \/>\n<span style=\"font-family: terminal, monaco, monospace; font-size: 14pt;\">B\u0105d\u017a mi\u0142o\u015bciw mnie grzesznemu,<\/span><br \/>\n<span style=\"font-family: terminal, monaco, monospace; font-size: 14pt;\">Do poprawy d\u0105\u017c\u0105cemu.<\/span><\/p>\n<p>&nbsp;<\/p>\n<p><span style=\"font-family: terminal, monaco, monospace; font-size: 14pt;\">Panie Jezu Chryste, Synu Boga, Zbawicielu, zmi\u0142uj si\u0119 nade mn\u0105, grzesznym.<\/span><\/p>\n<p><span style=\"font-family: terminal, monaco, monospace; font-size: 14pt;\">Jezu cichy i pokornego Serca, uczy\u0144 serca nasze wed\u0142ug serca Twego.<\/span><\/p>\n<p><span style=\"font-family: terminal, monaco, monospace; font-size: 14pt;\">Panie Jezu, zmi\u0142uj si\u0119 nad grzeszn\u0105 dusz\u0105 moj\u0105.<\/span><\/p>\n<p><span style=\"font-family: terminal, monaco, monospace; font-size: 14pt;\">Baranku Bo\u017cy, kt\u00f3ry g\u0142adzisz grzechy \u015bwiata, obdarz nas pokojem.<\/span><\/p>\n<p><span style=\"font-family: terminal, monaco, monospace; font-size: 14pt;\">Kt\u00f3ry\u015b za nas cierpia\u0142 rany, Jezu Chryste zmi\u0142uj si\u0119 nad nami.<\/span><\/p>\n<p><span style=\"font-family: terminal, monaco, monospace; font-size: 14pt;\">Naj\u015bwi\u0119tsze Serce Jezusa, zmi\u0142uj si\u0119 nad nami.<\/span><\/p>\n<p><span style=\"font-family: terminal, monaco, monospace; font-size: 14pt;\">Jezu cichy i pokornego Serca, uczy\u0144 serca nasze wed\u0142ug Serca Twego.<\/span><\/p>\n<p><span style=\"font-family: terminal, monaco, monospace; font-size: 14pt;\">Panie, ratuj!<\/span><\/p>\n<p><span style=\"font-family: terminal, monaco, monospace; font-size: 14pt;\">Chro\u0144 mnie, Panie Bo\u017ce.<\/span><\/p>\n<p><span style=\"font-family: terminal, monaco, monospace; font-size: 14pt;\">Bo\u017ce, b\u0105d\u017a ze mn\u0105.<\/span><\/p>\n<p><span style=\"font-family: terminal, monaco, monospace; font-size: 14pt;\">Panie, daj mi odczu\u0107 swoj\u0105 obecno\u015b\u0107.<\/span><\/p>\n<p><span style=\"font-family: terminal, monaco, monospace; font-size: 14pt;\">Jezu, ufam Tobie.<\/span><\/p>\n<p><span style=\"font-family: terminal, monaco, monospace; font-size: 14pt;\">Jezu, kocham Ciebie.<\/span><\/p>\n<p><span style=\"font-family: terminal, monaco, monospace; font-size: 14pt;\">Panie, pom\u00f3\u017c mi.<\/span><\/p>\n<p><span style=\"font-family: terminal, monaco, monospace; font-size: 14pt;\">Jezu, Ty si\u0119 tym zajmij.<\/span><\/p>\n<p><span style=\"color: #000080; font-family: terminal, monaco, monospace; font-size: 14pt;\">O Maryjo bez grzechu pocz\u0119ta, m\u00f3dl si\u0119 za nami, kt\u00f3rzy si\u0119 do Ciebie uciekamy.<\/span><\/p>\n<p>&nbsp;<\/p>\n","protected":false},"excerpt":{"rendered":"<p>Akty strzeliste to bardzo kr\u00f3tkie modlitwy, westchnienia, kt\u00f3re warto odmawia\u0107 w jakiejkolwiek chwili dnia, nawet co godzin\u0119. &nbsp; &nbsp; Akt wiary Wierz\u0119 w Ciebie, Bo\u017ce \u017cywy, W Tr\u00f3jcy jedyny, prawdziwy. Wierz\u0119, co\u015b objawi\u0142 Bo\u017ce,&#46;&#46;&#46;<\/p>\n","protected":false},"author":1,"featured_media":0,"parent":0,"menu_order":0,"comment_status":"closed","ping_status":"closed","template":"","meta":{"footnotes":""},"class_list":["post-2944","page","type-page","status-publish","hentry"],"jetpack_sharing_enabled":true,"jetpack_shortlink":"https:\/\/wp.me\/PakDx7-Lu","_links":{"self":[{"href":"https:\/\/pabianice.misjonarze.pl\/index.php?rest_route=\/wp\/v2\/pages\/2944","targetHints":{"allow":["GET"]}}],"collection":[{"href":"https:\/\/pabianice.misjonarze.pl\/index.php?rest_route=\/wp\/v2\/pages"}],"about":[{"href":"https:\/\/pabianice.misjonarze.pl\/index.php?rest_route=\/wp\/v2\/types\/page"}],"author":[{"embeddable":true,"href":"https:\/\/pabianice.misjonarze.pl\/index.php?rest_route=\/wp\/v2\/users\/1"}],"replies":[{"embeddable":true,"href":"https:\/\/pabianice.misjonarze.pl\/index.php?rest_route=%2Fwp%2Fv2%2Fcomments&post=2944"}],"version-history":[{"count":12,"href":"https:\/\/pabianice.misjonarze.pl\/index.php?rest_route=\/wp\/v2\/pages\/2944\/revisions"}],"predecessor-version":[{"id":4903,"href":"https:\/\/pabianice.misjonarze.pl\/index.php?rest_route=\/wp\/v2\/pages\/2944\/revisions\/4903"}],"wp:attachment":[{"href":"https:\/\/pabianice.misjonarze.pl\/index.php?rest_route=%2Fwp%2Fv2%2Fmedia&parent=2944"}],"curies":[{"name":"wp","href":"https:\/\/api.w.org\/{rel}","templated":true}]}}