{"id":2923,"date":"2020-07-02T06:19:29","date_gmt":"2020-07-02T04:19:29","guid":{"rendered":"https:\/\/pabianice.misjonarze.pl\/?page_id=2923"},"modified":"2021-02-12T12:50:34","modified_gmt":"2021-02-12T10:50:34","slug":"litania-do-najswietszego-sakramentu","status":"publish","type":"page","link":"https:\/\/pabianice.misjonarze.pl\/?page_id=2923","title":{"rendered":"Litania do Naj\u015bwi\u0119tszego Sakramentu"},"content":{"rendered":"<p style=\"text-align: center;\" align=\"left\"><img data-recalc-dims=\"1\" loading=\"lazy\" decoding=\"async\" class=\"alignright wp-image-2924 size-medium\" src=\"https:\/\/i0.wp.com\/pabianice.misjonarze.pl\/wp-content\/uploads\/DSC_2506.jpg?resize=200%2C300&#038;ssl=1\" alt=\"\" width=\"200\" height=\"300\" srcset=\"https:\/\/i0.wp.com\/pabianice.misjonarze.pl\/wp-content\/uploads\/DSC_2506-scaled.jpg?resize=200%2C300&amp;ssl=1 200w, https:\/\/i0.wp.com\/pabianice.misjonarze.pl\/wp-content\/uploads\/DSC_2506-scaled.jpg?resize=683%2C1024&amp;ssl=1 683w, https:\/\/i0.wp.com\/pabianice.misjonarze.pl\/wp-content\/uploads\/DSC_2506-scaled.jpg?resize=100%2C150&amp;ssl=1 100w, https:\/\/i0.wp.com\/pabianice.misjonarze.pl\/wp-content\/uploads\/DSC_2506-scaled.jpg?resize=768%2C1152&amp;ssl=1 768w, https:\/\/i0.wp.com\/pabianice.misjonarze.pl\/wp-content\/uploads\/DSC_2506-scaled.jpg?resize=1024%2C1536&amp;ssl=1 1024w, https:\/\/i0.wp.com\/pabianice.misjonarze.pl\/wp-content\/uploads\/DSC_2506-scaled.jpg?resize=1365%2C2048&amp;ssl=1 1365w, https:\/\/i0.wp.com\/pabianice.misjonarze.pl\/wp-content\/uploads\/DSC_2506-scaled.jpg?resize=725%2C1088&amp;ssl=1 725w, https:\/\/i0.wp.com\/pabianice.misjonarze.pl\/wp-content\/uploads\/DSC_2506-scaled.jpg?w=1707&amp;ssl=1 1707w\" sizes=\"auto, (max-width: 200px) 100vw, 200px\" \/><\/p>\n<p align=\"left\"><span style=\"font-family: Arial; font-size: 14pt;\">Kyrie eleison. Chryste eleison. Kyrie eleison<br \/>\nChryste, us\u0142ysz nas<br \/>\nChryste, wys\u0142uchaj nas<br \/>\nOjcze z nieba Bo\u017ce, zmi\u0142uj si\u0119 nad nami<br \/>\nSynu, Odkupicielu \u015bwiata, Bo\u017ce, zmi\u0142uj si\u0119 nad nami<br \/>\nDuchu \u015awi\u0119ty, Bo\u017ce,<br \/>\n\u015awi\u0119ta Tr\u00f3jco, jedyny Bo\u017ce,<\/span><\/p>\n<p><span style=\"font-family: Arial; font-size: 14pt;\">Jezu, w Naj\u015bwi\u0119tszym Sakramencie jako B\u00f3g i Cz\u0142owiek obecny,\u00a0 zmi\u0142uj si\u0119 nad nami<br \/>\nJezu, \u017cywy chlebie, kt\u00f3ry\u015b z nieba zst\u0105pi\u0142, zmi\u0142uj si\u0119 nad nami<br \/>\nJezu, utajony Bo\u017ce i Zbawicielu,<br \/>\nJezu, nieustaj\u0105ca Ofiaro nowego przymierza,<br \/>\nJezu, ofiary, czci i uwielbienia najgodniejsza,<br \/>\nJezu, prawdziwa Ofiaro b\u0142agalna za \u017cywych i zmar\u0142ych,<br \/>\nJezu, niewinny Baranku Bo\u017cy,<br \/>\nJezu, Chlebie Anielski,<br \/>\nJezu, pokarmie nasz najcenniejszy,<br \/>\nJezu, przymierze mi\u0142o\u015bci i pokoju,<br \/>\nJezu, \u017ar\u00f3d\u0142o \u0142ask wszelkich,<br \/>\nJezu, pociecho zasmuconych,<br \/>\nJezu, ucieczko grzesznych,<br \/>\nJezu, wspomo\u017cycielu s\u0142abych i obarczonych,<br \/>\nJezu, lekarzu chorych,<br \/>\nJezu, pokarmie w godzinie \u015bmierci,<br \/>\nJezu, szcz\u0119\u015bliwo\u015bci wybranych,<br \/>\nJezu, zadatku chwalebnego zmartwychwstania,<\/span><\/p>\n<p><span style=\"font-family: Arial; font-size: 14pt;\"><br \/>\nB\u0105d\u017a nam mi\u0142o\u015bciw, przepu\u015b\u0107 nam Panie<br \/>\nB\u0105d\u017a nam mi\u0142o\u015bciw, wys\u0142uchaj nas Panie<\/span><\/p>\n<p><span style=\"font-family: Arial; font-size: 14pt;\"><br \/>\nOd niegodnego po\u017cywania Cia\u0142a i Krwi Twojej naj\u015bwi\u0119tszej, zachowaj nas, Panie<br \/>\nOd wszelkich po\u017c\u0105dliwo\u015bci cia\u0142a, zachowaj nas, Panie<br \/>\nOd po\u017c\u0105dliwo\u015bci oczu,<br \/>\nOd wszelkiej pychy,<br \/>\nOd wszelkich niebezpiecze\u0144stw i okazji do grzechu,<br \/>\nOd wszelkiej lekkomy\u015blno\u015bci umys\u0142u,<br \/>\nOd wszelkiej ozi\u0119b\u0142o\u015bci ku bli\u017anim,<br \/>\nOd grzechu ka\u017cdego,<br \/>\nOd \u015bmierci wiecznej,<\/span><\/p>\n<p><span style=\"font-family: Arial; font-size: 14pt;\"><br \/>\nPrzez naj\u015bwi\u0119tsze Wcielenie Twoje, wybaw nas Panie<br \/>\nPrzez gorzk\u0105 m\u0119k\u0119 i \u015bmier\u0107 Twoj\u0105, wybaw nas, Panie<br \/>\nPrzez niesko\u0144czon\u0105 mi\u0142o\u015b\u0107 kt\u00f3r\u0105\u015b nam okaza\u0142 przez ustanowienie Naj\u015bwi\u0119tszego Sakramentu,<br \/>\nPrzez Swoj\u0105 najg\u0142\u0119bsz\u0105 pokor\u0119, jak\u0105\u015b w poprzedzaj\u0105cym umywaniu n\u00f3g uczniom swoim okaza\u0142,<br \/>\nPrzez pi\u0119\u0107 ran Twego Naj\u015bwi\u0119tszego Cia\u0142a, kt\u00f3re\u015b za nas sobie zada\u0107 pozwoli\u0142,<br \/>\nPrzez najdro\u017csz\u0105 Krew Twoj\u0105, kt\u00f3r\u0105\u015b nam na o\u0142tarzu zostawi\u0107 raczy\u0142,<\/span><\/p>\n<p><span style=\"font-family: Arial; font-size: 14pt;\"><br \/>\nMy, grzeszni, prosimy Ciebie, wys\u0142uchaj nas Panie<br \/>\nAby\u015b wiar\u0119, uszanowanie i nabo\u017ce\u0144stwo ku temu Naj\u015bwi\u0119tszemu Sakramentowi zawsze w nas utrzymywa\u0107 i pomna\u017ca\u0107 raczy\u0142,<br \/>\nAby\u015b wszelkie zbrodnie i to, co Ci ,si\u0119 nie podoba, w nas umarza\u0107 i z nas wykorzeni\u0107 raczy\u0142,<br \/>\nAby\u015b nas w \u0142asce Swojej zachowa\u0107 i umacnia\u0107 raczy\u0142,<br \/>\nAby\u015b nas od wszelkich zasadzek nieprzyjaci\u00f3\u0142 uwolni\u0107 raczy\u0142,<br \/>\nAby\u015b serca nasze \u0142ask\u0105 Swoj\u0105 oczy\u015bci\u0107 i po\u015bwi\u0119ci\u0107 raczy\u0142,<br \/>\nAby\u015b nam skutk\u00f3w tego niebieskiego Naj\u015bwi\u0119tszego Sakramentu w obfito\u015bci dozna\u0107 pozwoli\u0142,<br \/>\nAby\u015b nas przez t\u0119 tajemnic\u0119 mi\u0142o\u015bci z Sob\u0105 coraz doskonalej zjednoczy\u0107 raczy\u0142,<br \/>\nAby\u015b \u015bwi\u0119te pragnienie cz\u0119stego po\u017cywania Ciebie w Komunii \u015bwi\u0119tej w nas wzbudzi\u0107 raczy\u0142,<br \/>\nAby\u015b nam do godnego przygotowania na t\u0119, uczt\u0119 przez prawdziw\u0105 pokut\u0119 dopom\u00f3c raczy\u0142,<br \/>\nAby\u015b nas w godzin\u0119 \u015bmierci tym Pokarmem Niebieskim zasili\u0107 i wzmocni\u0107 raczy\u0142,<br \/>\nAby\u015b nam w godzin\u0119 \u015bmierci na pomoc przyby\u0107 raczy\u0142,<br \/>\nAby\u015b nam \u0142aski szcz\u0119\u015bliwej \u015bmierci udzieli\u0107 raczy\u0142,<br \/>\nAby\u015b nas nam wieczne i chwalebne \u017cycie wskrzesi\u0107 raczy\u0142,<br \/>\nAby\u015b nas wys\u0142ucha\u0107 raczy\u0142,<br \/>\nSynu Bo\u017cy, \u017ar\u00f3d\u0142o \u0142askawo\u015bci i mi\u0142osierdzia,<\/span><\/p>\n<p><span style=\"font-family: Arial; font-size: 14pt;\"><br \/>\nBaranku Bo\u017cy, kt\u00f3ry g\u0142adzisz grzechy \u015bwiata, przepu\u015b\u0107 nam, Panie<br \/>\nBaranku Bo\u017cy, kt\u00f3ry g\u0142adzisz grzechy \u015bwiata, wys\u0142uchaj nas, Panie<br \/>\nBaranku Bo\u017cy, kt\u00f3ry g\u0142adzisz grzechy \u015bwiata, zmi\u0142uj si\u0119 nad nami<\/span><\/p>\n<p>&nbsp;<\/p>\n<p><span style=\"font-family: Arial; font-size: 14pt;\">Ojcze nasz&#8230;<\/span><\/p>\n<p><span style=\"font-family: Arial; font-size: 14pt;\">Zdrowa\u015b Maryjo&#8230;<\/span><\/p>\n<p><span style=\"font-family: Arial; font-size: 14pt;\"><br \/>\nM\u00f3dlmy si\u0119:\u00a0 Bo\u017ce, kt\u00f3ry zostawi\u0142e\u015b nam pami\u0105tk\u0119 m\u0119ki Swojej w cudownym Sakramencie, racz nam da\u0107, b\u0142agamy, i\u017cby\u015bmy Naj\u015bwi\u0119tsze Cia\u0142o Twoje i Naj\u015bwi\u0119tsz\u0105 Krew Twoj\u0105 jak najcz\u0119\u015bciej i z jak najg\u0142\u0119bszym nabo\u017ce\u0144stwem dla uleczenia i zbawienia dusz naszych przez Ciebie odkupionych, przyjmowali i \u015bwi\u0119to\u015bci\u0105 tego\u017c Sakramentu przez Boskie zas\u0142ugi Twoje, Kr\u00f3lestwo niebieskie sobie zapewnili. Kt\u00f3ry z Bogiem Ojcem w jedno\u015bci Ducha \u015awi\u0119tego \u017cyjesz i kr\u00f3lujesz na wieki wiek\u00f3w. Amen.<\/span><\/p>\n","protected":false},"excerpt":{"rendered":"<p>Kyrie eleison. Chryste eleison. Kyrie eleison Chryste, us\u0142ysz nas Chryste, wys\u0142uchaj nas Ojcze z nieba Bo\u017ce, zmi\u0142uj si\u0119 nad nami Synu, Odkupicielu \u015bwiata, Bo\u017ce, zmi\u0142uj si\u0119 nad nami Duchu \u015awi\u0119ty, Bo\u017ce, \u015awi\u0119ta Tr\u00f3jco, jedyny&#46;&#46;&#46;<\/p>\n","protected":false},"author":1,"featured_media":0,"parent":0,"menu_order":0,"comment_status":"closed","ping_status":"closed","template":"","meta":{"footnotes":""},"class_list":["post-2923","page","type-page","status-publish","hentry"],"jetpack_sharing_enabled":true,"jetpack_shortlink":"https:\/\/wp.me\/PakDx7-L9","_links":{"self":[{"href":"https:\/\/pabianice.misjonarze.pl\/index.php?rest_route=\/wp\/v2\/pages\/2923","targetHints":{"allow":["GET"]}}],"collection":[{"href":"https:\/\/pabianice.misjonarze.pl\/index.php?rest_route=\/wp\/v2\/pages"}],"about":[{"href":"https:\/\/pabianice.misjonarze.pl\/index.php?rest_route=\/wp\/v2\/types\/page"}],"author":[{"embeddable":true,"href":"https:\/\/pabianice.misjonarze.pl\/index.php?rest_route=\/wp\/v2\/users\/1"}],"replies":[{"embeddable":true,"href":"https:\/\/pabianice.misjonarze.pl\/index.php?rest_route=%2Fwp%2Fv2%2Fcomments&post=2923"}],"version-history":[{"count":5,"href":"https:\/\/pabianice.misjonarze.pl\/index.php?rest_route=\/wp\/v2\/pages\/2923\/revisions"}],"predecessor-version":[{"id":3928,"href":"https:\/\/pabianice.misjonarze.pl\/index.php?rest_route=\/wp\/v2\/pages\/2923\/revisions\/3928"}],"wp:attachment":[{"href":"https:\/\/pabianice.misjonarze.pl\/index.php?rest_route=%2Fwp%2Fv2%2Fmedia&parent=2923"}],"curies":[{"name":"wp","href":"https:\/\/api.w.org\/{rel}","templated":true}]}}