{"id":2850,"date":"2020-07-01T21:44:32","date_gmt":"2020-07-01T19:44:32","guid":{"rendered":"https:\/\/pabianice.misjonarze.pl\/?page_id=2850"},"modified":"2026-02-20T17:41:22","modified_gmt":"2026-02-20T16:41:22","slug":"maly-katechizm","status":"publish","type":"page","link":"https:\/\/pabianice.misjonarze.pl\/?page_id=2850","title":{"rendered":"Ma\u0142y katechizm"},"content":{"rendered":"<h4><span style=\"color: #008000;\">Modlitwa Pa\u0144ska<\/span><\/h4>\n<p>Ojcze nasz, kt\u00f3ry\u015b jest w niebie, \u015bwi\u0119\u0107 si\u0119 Imi\u0119 Twoje. Przyjd\u017a kr\u00f3lestwo Twoje. B\u0105d\u017a wola Twoja, jako w niebie tak i na ziemi. Chleba naszego powszedniego daj nam dzisiaj. I odpu\u015b\u0107 nam nasze winy, jako i my odpuszczamy naszym winowajcom. I nie w\u00f3d\u017a nas na pokuszenie, ale nas zbaw ode z\u0142ego.<\/p>\n<h4><span style=\"color: #008000;\">Pozdrowienie anielskie<\/span><\/h4>\n<p>Zdrowa\u015b Maryjo, \u0142aski pe\u0142na, Pan z tob\u0105; b\u0142ogos\u0142awiona\u015b ty mi\u0119dzy niewiastami i b\u0142ogos\u0142awiony Owoc \u017cywota twojego, Jezus. \u015awi\u0119ta Maryjo, Matko Bo\u017ca, m\u00f3dl si\u0119 za nami grzesznymi, Teraz i w godzin\u0119 \u015bmierci naszej. Amen<\/p>\n<h4><span style=\"color: #008000;\">Sk\u0142ad Apostolski<\/span><\/h4>\n<p>Wierz\u0119 w Boga, Ojca wszechmog\u0105cego, Stworzyciela nieba i ziemi. I w Jezusa Chrystusa, Syna Jego jedynego, Pana naszego. Kt\u00f3ry si\u0119 pocz\u0105\u0142 z Ducha \u015awi\u0119tego; narodzi\u0142 z Maryi Panny. Um\u0119czon pod ponckim Pi\u0142atem, ukrzy\u017cowan, umar\u0142 i pogrzebion. Zst\u0105pi\u0142 do piekie\u0142, trzeciego dnia zmartwychwsta\u0142. Wst\u0105pi\u0142 na niebiosa, siedzi po prawicy Boga Ojca wszechmog\u0105cego. Stamt\u0105d przyjdzie s\u0105dzi\u0107 \u017cywych i umar\u0142ych. Wierz\u0119 w Ducha \u015awi\u0119tego, \u015awi\u0119ty Ko\u015bci\u00f3\u0142 powszechny, \u015bwi\u0119tych obcowanie, grzech\u00f3w odpuszczenie, cia\u0142a zmartwychwstanie i \u017cywot wieczny.\u00a0 Amen.<\/p>\n<h4><span style=\"color: #008000;\">Wyznanie wiary (Credo)<\/span><\/h4>\n<p>Wierz\u0119 w jednego Boga, Ojca wszechmog\u0105cego, Stworzyciela nieba i ziemi, wszystkich rzeczy widzialnych i niewidzialnych. I w jednego Pana Jezusa Chrystusa, Syna Bo\u017cego Jednorodzonego, kt\u00f3ry z Ojca jest zrodzony przed wszystkimi wiekami, B\u00f3g z Boga, \u015bwiat\u0142o\u015b\u0107 ze \u015bwiat\u0142o\u015bci, B\u00f3g prawdziwy z Boga prawdziwego. Zrodzony, a nie stworzony, wsp\u00f3\u0142istotny Ojcu, a przez Niego wszystko si\u0119 sta\u0142o. On to dla nas, ludzi, i dla naszego zbawienia zst\u0105pi\u0142 z nieba, i za spraw\u0105 Ducha \u015awi\u0119tego przyj\u0105\u0142 cia\u0142o z Maryi Dziewicy, i sta\u0142 si\u0119 cz\u0142owiekiem. Ukrzy\u017cowany r\u00f3wnie\u017c za nas, pod Poncjuszem Pi\u0142atem zosta\u0142 um\u0119czony i pogrzebany. I zmartwychwsta\u0142 dnia trzeciego, jak oznajmia Pismo, i wst\u0105pi\u0142 do nieba, siedzi po prawicy Ojca. I powt\u00f3rnie przyjdzie w chwale s\u0105dzi\u0107 \u017cywych i umar\u0142ych, a Kr\u00f3lestwu Jego nie b\u0119dzie ko\u0144ca. Wierz\u0119 w Ducha \u015awi\u0119tego, Pana i O\u017cywiciela, kt\u00f3ry od Ojca i Syna pochodzi, kt\u00f3ry z Ojcem i Synem wsp\u00f3lnie odbiera uwielbienie i chwa\u0142\u0119, kt\u00f3ry m\u00f3wi\u0142 przez Prorok\u00f3w. Wierz\u0119 w jeden, \u015bwi\u0119ty, powszechny i apostolski Ko\u015bci\u00f3\u0142. Wyznaj\u0119 jeden chrzest na odpuszczenie grzech\u00f3w. I oczekuj\u0119 wskrzeszenia umar\u0142ych i \u017cycia wiecznego w przysz\u0142ym \u015bwiecie. Amen.<\/p>\n<h4><span style=\"color: #008000;\">Dziesi\u0119\u0107 Przykaza\u0144 Bo\u017cych<\/span><\/h4>\n<p>Jam jest Pan B\u00f3g tw\u00f3j, kt\u00f3rym ci\u0119 wywi\u00f3d\u0142 z ziemi egipskiej, z domu niewoli.<br \/>\n1. Nie b\u0119dziesz mia\u0142 bog\u00f3w cudzych przede Mn\u0105.<br \/>\n2. Nie b\u0119dziesz bra\u0142 imienia Pana Boga twego nadaremno.<br \/>\n3. Pami\u0119taj, aby\u015b dzie\u0144 \u015bwi\u0119ty \u015bwi\u0119ci\u0142.<br \/>\n4. Czcij ojca swego i matk\u0119 swoj\u0105.<br \/>\n5. Nie zabijaj.<br \/>\n6. Nie cudzo\u0142\u00f3\u017c.<br \/>\n7. Nie kradnij.<br \/>\n8. Nie m\u00f3w fa\u0142szywego \u015bwiadectwa przeciw bli\u017aniemu swemu.<br \/>\n9. Nie po\u017c\u0105daj \u017cony bli\u017aniego swego.<br \/>\n10. Ani \u017cadnej rzeczy, kt\u00f3ra jego jest.<\/p>\n<h4><span style=\"color: #008000;\">Dwa przykazania mi\u0142o\u015bci<\/span><\/h4>\n<p>1. B\u0119dziesz mi\u0142owa\u0142 Pana Boga swego, ca\u0142ym swoim serce, ca\u0142\u0105 swoj\u0105 dusz\u0105 i ca\u0142ym swoim umys\u0142em.<br \/>\n2. B\u0119dziesz mi\u0142owa\u0142 swego bli\u017aniego jak siebie samego<\/p>\n<h4><span style=\"color: #008000;\">G\u0142\u00f3wne prawdy wiary<\/span><\/h4>\n<p>1. Jest jeden B\u00f3g.<br \/>\n2. B\u00f3g jest S\u0119dzi\u0105 sprawiedliwym, kt\u00f3ry za dobre wynagradza, a za z\u0142e karze.<br \/>\n3. S\u0105 trzy Osoby Boskie: B\u00f3g Ojciec, Syn Bo\u017cy i Duch \u015awi\u0119ty.<br \/>\n4. Syn Bo\u017cy sta\u0142 si\u0119 cz\u0142owiekiem i umar\u0142 za krzy\u017cu dla naszego zbawienia.<br \/>\n5. Dusza ludzka jest nie\u015bmiertelna.<br \/>\n6. \u0141aska Bo\u017ca jest do zbawienia koniecznie potrzebna.<\/p>\n<h4><span style=\"color: #008000;\">Pi\u0119\u0107 przykaza\u0144 ko\u015bcielnych<\/span><\/h4>\n<p>1. W niedziel\u0119 i \u015bwi\u0119ta nakazane uczestniczy\u0107 we mszy \u015bwi\u0119tej i powstrzyma\u0107 si\u0119 od prac niekoniecznych.<br \/>\n2. Przynajmniej raz w roku przyst\u0105pi\u0107 do sakramentu pokuty.<br \/>\n3. Przynajmniej raz w roku, w okresie wielkanocnym przyj\u0105\u0107 Komuni\u0119 \u015awi\u0119t\u0105.<br \/>\n4. Zachowywa\u0107 nakazane posty i wstrzemi\u0119\u017aliwo\u015b\u0107 od pokarm\u00f3w mi\u0119snych, a w okresach pokuty powstrzymywa\u0107<br \/>\nsi\u0119 od udzia\u0142u w zabawach.<br \/>\n5. Troszczy\u0107 si\u0119 o potrzeby wsp\u00f3lnoty Ko\u015bcio\u0142a.<\/p>\n<h4><span style=\"color: #008000;\">Siedem sakrament\u00f3w \u015bwi\u0119tych<\/span><\/h4>\n<p>1. Chrzest.<br \/>\n2. Bierzmowanie.<br \/>\n3. Naj\u015bwi\u0119tszy Sakrament.<br \/>\n4. Pokuta.<br \/>\n5. Namaszczenie chorych.<br \/>\n6. Kap\u0142a\u0144stwo.<br \/>\n7. Ma\u0142\u017ce\u0144stwo.<\/p>\n<h4><span style=\"color: #008000;\">Siedem grzech\u00f3w g\u0142\u00f3wnych<\/span><\/h4>\n<p>1. Pycha.<br \/>\n2. Chciwo\u015b\u0107.<br \/>\n3. Nieczysto\u015b\u0107.<br \/>\n4. Zazdro\u015b\u0107.<br \/>\n5. Nieumiarkowanie w jedzeniu i piciu.<br \/>\n6. Gniew.<br \/>\n7. Lenistwo.<\/p>\n<h5><span style=\"color: #008000;\"><strong>Siedem dar\u00f3w Ducha \u015awi\u0119tego<\/strong><\/span><\/h5>\n<p>1. Dar m\u0105dro\u015bci<br \/>\n2. Dar rozumu<br \/>\n3. Dar umiej\u0119tno\u015bci<br \/>\n4. Dar rady<br \/>\n5. Dar m\u0119stwa<br \/>\n6. Dar pobo\u017cno\u015bci<br \/>\n7. Dar boja\u017ani Bo\u017cej<\/p>\n<h4><span style=\"color: #008000;\">Pi\u0119\u0107 warunk\u00f3w dobrej spowiedzi<\/span><\/h4>\n<p>1. Rachunek sumienia.<br \/>\n2. \u017bal za grzechy.<br \/>\n3. Mocne postanowienie poprawy.<br \/>\n4. Szczera spowied\u017a.<br \/>\n5. Zado\u015b\u0107uczynienie Panu Bogu i bli\u017aniemu.<\/p>\n","protected":false},"excerpt":{"rendered":"<p>Modlitwa Pa\u0144ska Ojcze nasz, kt\u00f3ry\u015b jest w niebie, \u015bwi\u0119\u0107 si\u0119 Imi\u0119 Twoje. Przyjd\u017a kr\u00f3lestwo Twoje. B\u0105d\u017a wola Twoja, jako w niebie tak i na ziemi. Chleba naszego powszedniego daj nam dzisiaj. I odpu\u015b\u0107 nam&#46;&#46;&#46;<\/p>\n","protected":false},"author":1,"featured_media":0,"parent":0,"menu_order":0,"comment_status":"closed","ping_status":"closed","template":"","meta":{"footnotes":""},"class_list":["post-2850","page","type-page","status-publish","hentry"],"jetpack_sharing_enabled":true,"jetpack_shortlink":"https:\/\/wp.me\/PakDx7-JY","_links":{"self":[{"href":"https:\/\/pabianice.misjonarze.pl\/index.php?rest_route=\/wp\/v2\/pages\/2850","targetHints":{"allow":["GET"]}}],"collection":[{"href":"https:\/\/pabianice.misjonarze.pl\/index.php?rest_route=\/wp\/v2\/pages"}],"about":[{"href":"https:\/\/pabianice.misjonarze.pl\/index.php?rest_route=\/wp\/v2\/types\/page"}],"author":[{"embeddable":true,"href":"https:\/\/pabianice.misjonarze.pl\/index.php?rest_route=\/wp\/v2\/users\/1"}],"replies":[{"embeddable":true,"href":"https:\/\/pabianice.misjonarze.pl\/index.php?rest_route=%2Fwp%2Fv2%2Fcomments&post=2850"}],"version-history":[{"count":5,"href":"https:\/\/pabianice.misjonarze.pl\/index.php?rest_route=\/wp\/v2\/pages\/2850\/revisions"}],"predecessor-version":[{"id":9099,"href":"https:\/\/pabianice.misjonarze.pl\/index.php?rest_route=\/wp\/v2\/pages\/2850\/revisions\/9099"}],"wp:attachment":[{"href":"https:\/\/pabianice.misjonarze.pl\/index.php?rest_route=%2Fwp%2Fv2%2Fmedia&parent=2850"}],"curies":[{"name":"wp","href":"https:\/\/api.w.org\/{rel}","templated":true}]}}