{"id":2824,"date":"2020-06-26T02:05:30","date_gmt":"2020-06-26T00:05:30","guid":{"rendered":"https:\/\/pabianice.misjonarze.pl\/?page_id=2824"},"modified":"2021-02-12T12:08:55","modified_gmt":"2021-02-12T10:08:55","slug":"litania-do-trojcy-przenajswietszej","status":"publish","type":"page","link":"https:\/\/pabianice.misjonarze.pl\/?page_id=2824","title":{"rendered":"Litania do Tr\u00f3jcy Przenaj\u015bwi\u0119tszej"},"content":{"rendered":"<div align=\"center\">\n<p><img data-recalc-dims=\"1\" loading=\"lazy\" decoding=\"async\" class=\"alignright wp-image-2887 size-medium\" src=\"https:\/\/i0.wp.com\/pabianice.misjonarze.pl\/wp-content\/uploads\/trojca04.jpg?resize=300%2C185&#038;ssl=1\" alt=\"\" width=\"300\" height=\"185\" srcset=\"https:\/\/i0.wp.com\/pabianice.misjonarze.pl\/wp-content\/uploads\/trojca04.jpg?resize=300%2C185&amp;ssl=1 300w, https:\/\/i0.wp.com\/pabianice.misjonarze.pl\/wp-content\/uploads\/trojca04.jpg?resize=1024%2C631&amp;ssl=1 1024w, https:\/\/i0.wp.com\/pabianice.misjonarze.pl\/wp-content\/uploads\/trojca04.jpg?resize=150%2C93&amp;ssl=1 150w, https:\/\/i0.wp.com\/pabianice.misjonarze.pl\/wp-content\/uploads\/trojca04.jpg?resize=768%2C474&amp;ssl=1 768w, https:\/\/i0.wp.com\/pabianice.misjonarze.pl\/wp-content\/uploads\/trojca04.jpg?resize=725%2C447&amp;ssl=1 725w, https:\/\/i0.wp.com\/pabianice.misjonarze.pl\/wp-content\/uploads\/trojca04.jpg?w=1200&amp;ssl=1 1200w\" sizes=\"auto, (max-width: 300px) 100vw, 300px\" \/><\/p>\n<\/div>\n<blockquote>\n<blockquote><p>&nbsp;<\/p>\n<p style=\"text-align: justify;\"><span style=\"color: #000000;\"><em><span style=\"font-family: arial, helvetica, sans-serif; font-size: 14pt;\">Ojcze Wszechmog\u0105cy, Stworzycielu \u015bwiata Bo\u017ce, zmi\u0142uj si\u0119 nad nami<br \/>\nSynu Przedwieczny, Odkupicielu \u015bwiata Bo\u017ce, zmi\u0142uj si\u0119 nad nami<br \/>\nDuchu Naj\u015bwi\u0119tszy, O\u015bwiecicielu \u015bwiata Bo\u017ce, zmi\u0142uj si\u0119 nad nami<\/span><\/em><\/span><\/p>\n<p style=\"text-align: justify;\"><span style=\"color: #000000;\"><em><span style=\"font-family: arial, helvetica, sans-serif; font-size: 14pt;\"><br \/>\n\u015awi\u0119ta Tr\u00f3jco, jedyny Bo\u017ce, w trzech Osobach niepoj\u0119ty i niewys\u0142owiony, zmi\u0142uj si\u0119 nad nami<br \/>\n\u015awi\u0119ta Tr\u00f3jco, jedyny Bo\u017ce, przez kt\u00f3rego i w kt\u00f3rym jest wszystko, zmi\u0142uj si\u0119 nad nami<br \/>\n\u015awi\u0119ta Tr\u00f3jco, jedyny Bo\u017ce, kt\u00f3rego niebo i ziemia ogarn\u0105\u0107 nie mog\u0105,<br \/>\n\u015awi\u0119ta Tr\u00f3jco, jedyny Bo\u017ce, kt\u00f3ry jako Ojciec opatrzno\u015bci\u0105 wszystko rz\u0105dzisz,<br \/>\n\u015awi\u0119ta Tr\u00f3jco, jedyny Bo\u017ce, kt\u00f3ry czynisz cuda na ziemi,<br \/>\n\u015awi\u0119ta Tr\u00f3jco, jedyny Bo\u017ce, Obro\u0144co nasz i zap\u0142ato nasza wielka,<br \/>\n\u015awi\u0119ta Tr\u00f3jco, jedyny Bo\u017ce, lito\u015bciwy, cierpliwy i wielkiego mi\u0142osierdzia,<br \/>\n\u015awi\u0119ta Tr\u00f3jco, jedyny Bo\u017ce, Kr\u00f3lu nad kr\u00f3lami i Panie nad wszystkimi panuj\u0105cymi,<br \/>\n\u015awi\u0119ta Tr\u00f3jco, jedyny Bo\u017ce, kt\u00f3ry nie chcesz zguby grzesznego cz\u0142owieka,<br \/>\n\u015awi\u0119ta Tr\u00f3jco, jedyny Bo\u017ce, kt\u00f3ry pokutuj\u0105cych do \u0142aski Swojej przyjmujesz,<br \/>\n\u015awi\u0119ta Tr\u00f3jco, jedyny Bo\u017ce, kt\u00f3rego w\u0142a\u015bciwo\u015bci\u0105 jest okazywa\u0107 zawsze mi\u0142osierdzie,<\/span><\/em><\/span><\/p>\n<p style=\"text-align: justify;\"><span style=\"color: #000000;\"><em><span style=\"font-family: arial, helvetica, sans-serif; font-size: 14pt;\"><br \/>\nB\u0105d\u017a nam mi\u0142o\u015bciw, przepu\u015b\u0107 nam Panie<br \/>\nB\u0105d\u017a nam mi\u0142o\u015bciw, wys\u0142uchaj nas Panie<\/span><\/em><\/span><\/p>\n<p style=\"text-align: justify;\"><span style=\"color: #000000;\"><em><span style=\"font-family: arial, helvetica, sans-serif; font-size: 14pt;\"><br \/>\nOd wszelkiego z\u0142a, wybaw nas Panie<br \/>\nOd powietrza, g\u0142odu, ognia i wojny, wybaw nas, Panie<br \/>\nOd nag\u0142ej i niespodziewanej \u015bmierci,<br \/>\nPrzez Wszechmoc Twoj\u0105, Boga Ojca i Stworzyciela naszego,<br \/>\nPrzez Wcielenie, m\u0119k\u0119 i \u015bmier\u0107 Syna, Zbawiciela naszego,<br \/>\nPrzez o\u015bwiecenie Twoje Ducha \u015awi\u0119tego, Pocieszyciela naszego,<br \/>\nPrzez przyczyn\u0119 Naj\u015bwi\u0119tszej Panny Maryi i wszystkich \u015awi\u0119tych Twoich,<\/span><\/em><\/span><\/p>\n<p style=\"text-align: justify;\"><span style=\"color: #000000;\"><em><span style=\"font-family: arial, helvetica, sans-serif; font-size: 14pt;\"><br \/>\nProsimy niegodne stworzenia Twoje, wys\u0142uchaj nas Panie<br \/>\nAby\u015bmy Ciebie, Boga naszego, ze wszystkiego serca, ze wszystkiej duszy i ze wszystkich si\u0142 naszych kochali i mi\u0142owali, wys\u0142uchaj nas, Panie<br \/>\nAby\u015bmy przykazania i nauki Twoje wiernie zachowywali,<br \/>\nAby\u015b nam grzechy odpu\u015bci\u0107 i do chwa\u0142y kr\u00f3lestwa Twojego przyj\u0105\u0107 raczy\u0142,<\/span><\/em><\/span><\/p>\n<p style=\"text-align: justify;\"><span style=\"color: #000000;\"><em><span style=\"font-family: arial, helvetica, sans-serif; font-size: 14pt;\"><br \/>\n\u015awi\u0119ty Bo\u017ce, \u015awi\u0119ty mocny, \u015awi\u0119ty nie\u015bmiertelny, zmi\u0142uj si\u0119 nad nami<\/span><\/em><\/span><\/p>\n<\/blockquote>\n<\/blockquote>\n","protected":false},"excerpt":{"rendered":"<p>&nbsp; Ojcze Wszechmog\u0105cy, Stworzycielu \u015bwiata Bo\u017ce, zmi\u0142uj si\u0119 nad nami Synu Przedwieczny, Odkupicielu \u015bwiata Bo\u017ce, zmi\u0142uj si\u0119 nad nami Duchu Naj\u015bwi\u0119tszy, O\u015bwiecicielu \u015bwiata Bo\u017ce, zmi\u0142uj si\u0119 nad nami \u015awi\u0119ta Tr\u00f3jco, jedyny Bo\u017ce, w trzech&#46;&#46;&#46;<\/p>\n","protected":false},"author":1,"featured_media":0,"parent":0,"menu_order":0,"comment_status":"closed","ping_status":"closed","template":"","meta":{"footnotes":""},"class_list":["post-2824","page","type-page","status-publish","hentry"],"jetpack_sharing_enabled":true,"jetpack_shortlink":"https:\/\/wp.me\/PakDx7-Jy","_links":{"self":[{"href":"https:\/\/pabianice.misjonarze.pl\/index.php?rest_route=\/wp\/v2\/pages\/2824","targetHints":{"allow":["GET"]}}],"collection":[{"href":"https:\/\/pabianice.misjonarze.pl\/index.php?rest_route=\/wp\/v2\/pages"}],"about":[{"href":"https:\/\/pabianice.misjonarze.pl\/index.php?rest_route=\/wp\/v2\/types\/page"}],"author":[{"embeddable":true,"href":"https:\/\/pabianice.misjonarze.pl\/index.php?rest_route=\/wp\/v2\/users\/1"}],"replies":[{"embeddable":true,"href":"https:\/\/pabianice.misjonarze.pl\/index.php?rest_route=%2Fwp%2Fv2%2Fcomments&post=2824"}],"version-history":[{"count":7,"href":"https:\/\/pabianice.misjonarze.pl\/index.php?rest_route=\/wp\/v2\/pages\/2824\/revisions"}],"predecessor-version":[{"id":3922,"href":"https:\/\/pabianice.misjonarze.pl\/index.php?rest_route=\/wp\/v2\/pages\/2824\/revisions\/3922"}],"wp:attachment":[{"href":"https:\/\/pabianice.misjonarze.pl\/index.php?rest_route=%2Fwp%2Fv2%2Fmedia&parent=2824"}],"curies":[{"name":"wp","href":"https:\/\/api.w.org\/{rel}","templated":true}]}}