{"id":2816,"date":"2020-06-26T01:56:54","date_gmt":"2020-06-25T23:56:54","guid":{"rendered":"https:\/\/pabianice.misjonarze.pl\/?page_id=2816"},"modified":"2022-10-17T08:54:10","modified_gmt":"2022-10-17T06:54:10","slug":"modlitwa-za-dzieci-2","status":"publish","type":"page","link":"https:\/\/pabianice.misjonarze.pl\/?page_id=2816","title":{"rendered":"Modlitwa za dzieci"},"content":{"rendered":"<p style=\"text-align: center;\"><span style=\"color: #0000ff;\"><strong><span style=\"font-family: arial, helvetica, sans-serif; font-size: 14pt;\">Modlitwa za\u00a0dzieci do\u00a0Matki Bo\u017cej Nieustaj\u0105cej Pomocy<\/span><\/strong><\/span><\/p>\n<p style=\"text-align: justify;\"><span style=\"font-family: arial, helvetica, sans-serif; font-size: 14pt; color: #0000ff;\"><img data-recalc-dims=\"1\" loading=\"lazy\" decoding=\"async\" class=\"alignleft wp-image-3809 size-medium\" src=\"https:\/\/i0.wp.com\/pabianice.misjonarze.pl\/wp-content\/uploads\/mb-nieustajacej-pomocy.jpg?resize=221%2C300&#038;ssl=1\" alt=\"\" width=\"221\" height=\"300\" srcset=\"https:\/\/i0.wp.com\/pabianice.misjonarze.pl\/wp-content\/uploads\/mb-nieustajacej-pomocy.jpg?resize=221%2C300&amp;ssl=1 221w, https:\/\/i0.wp.com\/pabianice.misjonarze.pl\/wp-content\/uploads\/mb-nieustajacej-pomocy.jpg?resize=111%2C150&amp;ssl=1 111w, https:\/\/i0.wp.com\/pabianice.misjonarze.pl\/wp-content\/uploads\/mb-nieustajacej-pomocy.jpg?w=378&amp;ssl=1 378w\" sizes=\"auto, (max-width: 221px) 100vw, 221px\" \/>O Matko Nieustaj\u0105cej Pomocy, \u00a0Najszcz\u0119\u015bliwsza Matko Boskiego Dzieci\u0105tka; przychodz\u0119 do Ciebie z sercem ci\u0119\u017cko zatroskanym, pe\u0142nym jednak ufno\u015bci w Nieustaj\u0105c\u0105 Pomoc Twoj\u0105. \u00a0\u00a0B\u0142agam Ci\u0119 przez mi\u0142o\u015b\u0107 Twego Boskiego Syna, przez bole\u015bci i troski, jakie\u015b dla Niego ponosi\u0142a, b\u0105d\u017a i dla moich dzieci ( mego dziecka) \u2013 kt\u00f3re Ci po\u015bwi\u0119ci\u0142am i dzi\u015b na nowo oddaj\u0119 \u2013 dobr\u0105\u00a0\u00a0\u00a0 i czu\u0142\u0105 Matk\u0105. We\u017a je pod Swoj\u0105 obron\u0119 i otocz opiek\u0105 w tych licznych niebezpiecze\u0144stwach, jakie im w \u017cyciu doczesnym zagra\u017caj\u0105.<\/span><\/p>\n<p style=\"text-align: justify;\"><span style=\"font-family: arial, helvetica, sans-serif; font-size: 14pt; color: #0000ff;\">Ojciec Niebieski powierzy\u0142 mi te dzieci, jako najcenniejsze dobro. S\u0105 one odkupione \u00a0Najdro\u017csz\u0105 Krwi\u0105 Syna Bo\u017cego.<\/span><\/p>\n<p style=\"text-align: justify;\"><span style=\"font-family: arial, helvetica, sans-serif; font-size: 14pt; color: #0000ff;\">Moim obowi\u0105zkiem jest tak\u00a0je wychowa\u0107 nauk\u0105 i\u00a0przyk\u0142adem, by\u00a0sta\u0142y si\u0119 dziedzicami Kr\u00f3lestwa Niebieskiego. Biada mi, je\u017celi by\u00a0cho\u0107 jedno z\u00a0nich z\u00a0\u00a0mojej\u00a0winy mia\u0142o zgin\u0105\u0107 na\u00a0wieki. Jak\u017ce bym\u00a0za\u00a0to\u00a0ci\u0119\u017cko odpowiedzia\u0142a na\u00a0s\u0105dzie Bo\u017cym.<\/span><\/p>\n<p style=\"text-align: justify;\"><span style=\"font-family: arial, helvetica, sans-serif; font-size: 14pt; color: #0000ff;\">Lecz\u00a0jestem s\u0142aba. Bez\u00a0\u0142aski Bo\u017cej, bez\u00a0Twojej\u00a0pomocy i\u00a0po\u015brednictwa, o\u00a0droga Matko, tego nie\u00a0dokonam. Pom\u00f3\u017c mi wi\u0119c\u00a0i\u00a0b\u0142agaj Syna Swego, by\u00a0mi udzieli\u0142 potrzebnej si\u0142y i\u00a0\u0142aski. Naucz mnie, co mam czyni\u0107. Ch\u0119tnie wszystko wykonam, by\u00a0tylko\u00a0dzieci moje\u00a0dobrze wychowa\u0107, by\u00a0je do\u00a0Boga i\u00a0do\u00a0Ciebie, do\u00a0cnoty i\u00a0dobrego doprowadzi\u0107. Lecz\u00a0niebezpiecze\u0144stwa ze\u00a0strony \u015bwiata im gro\u017c\u0105ce s\u0105 wielkie, a\u00a0ja nie\u00a0wsz\u0119dzie mog\u0119 by\u0107 obecna. \u00a0\u00a0Je\u017celi Ty, Najdro\u017csza Matko ich nie\u00a0obronisz i\u00a0nie\u00a0zachowasz, to\u00a0wszelkie moje\u00a0wysi\u0142ki b\u0119d\u0105 nieskuteczne. Bro\u0144 wi\u0119c\u00a0moje\u00a0dzieci, o\u00a0Matko najlepsza, Maryjo.<\/span><\/p>\n<p style=\"text-align: justify;\"><span style=\"font-family: arial, helvetica, sans-serif; font-size: 14pt; color: #0000ff;\">Wszak Ty zawsze pomagasz, a\u00a0one do\u00a0Ciebie nale\u017c\u0105. Oby zawsze Twoimi zosta\u0142y, oby \u017cadne z\u00a0nich nie\u00a0zgin\u0119\u0142o, \u017cadne nieszcz\u0119\u015bliwe nie\u00a0by\u0142o. Spraw to\u00a0o\u00a0Matko Nieustaj\u0105cej Pomocy. Amen<\/span><\/p>\n<hr \/>\n<p style=\"text-align: center;\"><span style=\"color: #3366ff;\"><strong><span style=\"font-family: arial, helvetica, sans-serif; font-size: 14pt;\">Modlitwa za dzieci za wstawiennictwem \u015awi\u0119tego Jana Paw\u0142a II<\/span><\/strong><\/span><\/p>\n<p style=\"text-align: justify;\"><span style=\"font-family: arial, helvetica, sans-serif; font-size: 14pt; color: #3366ff;\"><img data-recalc-dims=\"1\" loading=\"lazy\" decoding=\"async\" class=\"alignleft wp-image-3810 size-medium\" src=\"https:\/\/i0.wp.com\/pabianice.misjonarze.pl\/wp-content\/uploads\/jpii08.jpg?resize=300%2C189&#038;ssl=1\" alt=\"\" width=\"300\" height=\"189\" srcset=\"https:\/\/i0.wp.com\/pabianice.misjonarze.pl\/wp-content\/uploads\/jpii08.jpg?resize=300%2C189&amp;ssl=1 300w, https:\/\/i0.wp.com\/pabianice.misjonarze.pl\/wp-content\/uploads\/jpii08.jpg?resize=150%2C95&amp;ssl=1 150w, https:\/\/i0.wp.com\/pabianice.misjonarze.pl\/wp-content\/uploads\/jpii08.jpg?w=698&amp;ssl=1 698w\" sizes=\"auto, (max-width: 300px) 100vw, 300px\" \/>Dobry Ojcze, dzi\u0119kujemy Ci za\u00a0powo\u0142anie do\u00a0ojcostwa i\u00a0macierzy\u0144stwa. Dzi\u0119kujemy za\u00a0wielkie rzeczy, kt\u00f3re nam uczyni\u0142e\u015b jak Maryi. Dzi\u0119kujemy Ci za\u00a0nasze dzieci, za\u00a0ten cudowny owoc naszej mi\u0142o\u015bci. Tobie zawierzamy ich tera\u017aniejszo\u015b\u0107 i\u00a0przysz\u0142o\u015b\u0107.<\/span><\/p>\n<p style=\"text-align: justify;\"><span style=\"font-family: arial, helvetica, sans-serif; font-size: 14pt; color: #3366ff;\">\u015awi\u0119ty Jan Pawe\u0142 II powiedzia\u0142: \u201cMacierzy\u0144skie czuwanie Maryi \u2013 jak\u017ce\u017c niezg\u0142\u0119bione do\u015bwiadczenie, jaki zapis serca kobiecego, kt\u00f3re ca\u0142kowicie \u017cy\u0142o Bogiem. Zaprawd\u0119 \u201cwielkie rzeczy uczyni\u0142 Jej Wszechmocny. \u015awi\u0119te jest Jego Imi\u0119\u201d (\u0141k 1, 49).<\/span><\/p>\n<p style=\"text-align: justify;\"><span style=\"font-family: arial, helvetica, sans-serif; font-size: 14pt; color: #3366ff;\">Za wstawiennictwem \u015awi\u0119tego Jana Paw\u0142a II, papie\u017ca podkre\u015blaj\u0105cego warto\u015b\u0107 ojcostwa i macierzy\u0144stwa, prosimy Ci\u0119, Bo\u017ce, aby\u015bmy stan\u0119li na wysoko\u015bci zadania i byli dobrymi rodzicami. Aby\u015bmy umieli \u017cy\u0107 Bogiem i naszym dzieciom przekazali prawd\u0119 o Twojej mi\u0142o\u015bci. Prosimy, we\u017a w opiek\u0119 nasze dzieci i spraw, aby nigdy nie utraci\u0142y wiary \u2013 najcenniejszego skarbu, jakim obdarzasz cz\u0142owieka. Amen.<\/span><\/p>\n<hr \/>\n<p style=\"text-align: center;\"><span style=\"color: #000080;\"><strong><span style=\"font-family: arial, helvetica, sans-serif; font-size: 14pt;\">Modlitwa za dzieci za wstawiennictwem \u015awi\u0119tej Rity<\/span><\/strong><\/span><\/p>\n<p style=\"text-align: justify;\"><span style=\"font-family: arial, helvetica, sans-serif; font-size: 14pt; color: #000080;\"><img data-recalc-dims=\"1\" loading=\"lazy\" decoding=\"async\" class=\"alignleft wp-image-3811 size-medium\" src=\"https:\/\/i0.wp.com\/pabianice.misjonarze.pl\/wp-content\/uploads\/rita04.jpg?resize=256%2C300&#038;ssl=1\" alt=\"\" width=\"256\" height=\"300\" srcset=\"https:\/\/i0.wp.com\/pabianice.misjonarze.pl\/wp-content\/uploads\/rita04.jpg?resize=256%2C300&amp;ssl=1 256w, https:\/\/i0.wp.com\/pabianice.misjonarze.pl\/wp-content\/uploads\/rita04.jpg?resize=128%2C150&amp;ssl=1 128w, https:\/\/i0.wp.com\/pabianice.misjonarze.pl\/wp-content\/uploads\/rita04.jpg?w=437&amp;ssl=1 437w\" sizes=\"auto, (max-width: 256px) 100vw, 256px\" \/>O Niepokalana Dziewico, Ty, kt\u00f3ra jeste\u015b Matk\u0105 Jezusa i moj\u0105, przez mi\u00ad\u0142o\u015b\u0107 \u015bwi\u0119tej Rity sp\u00f3jrz na mnie pono\u00adsz\u0105c\u0105 s\u0142odk\u0105 i wa\u017cn\u0105 odpowiedzialno\u015b\u0107 matki. Tobie, o Matko, polecam moje dzieci, kt\u00f3re tak bardzo kocham, dla kt\u00f3rych tak wiele cierpia\u0142am i za kt\u00f3re odpowiadam przed Twoim Boskim Sy\u00adnem. Naucz mnie prowadzi\u0107 je tak, jak to czyni\u0142a \u015bwi\u0119ta Rita, po pewnej drodze prowadz\u0105cej do Boga. Spraw, abym by\u0142a pe\u0142na czu\u0142o\u015bci, ale bez s\u0142abo\u015bci, silna, ale bez surowo\u015bci. Upro\u015b dla mnie t\u0119 cierpliwo\u015b\u0107, kt\u00f3ra nigdy si\u0119 nie ko\u0144czy, wszystko znosi, gdy\u017c ma jako ostateczny cel zbawienie moich dzieci. Matko Bo\u017ca, pom\u00f3\u017c mi w tym trudnym zadaniu! <\/span><\/p>\n<p style=\"text-align: justify;\"><span style=\"font-family: arial, helvetica, sans-serif; font-size: 14pt; color: #000080;\">Ufor\u00admuj moje serce na podobie\u0144stwo Twoje\u00adgo serca i spraw, aby moje dzieci widzia\u00ad\u0142y we mnie odblask Twoich cn\u00f3t, abym umia\u0142a nauczy\u0107 je kochania Ciebie i s\u0142u\u00ad\u017cenia Tobie na tej ziemi, by\u015bmy kiedy\u015b mogli znale\u017a\u0107 si\u0119 w niebie wychwalaj\u0105c Ci\u0119 i b\u0142ogos\u0142awi\u0105c. Dlatego prosz\u0119 Ci\u0119, Kr\u00f3lowo \u015awi\u0119tych, aby\u015b otoczy\u0142a je opie\u00adk\u0105 \u015awi\u0119tej Rity z Cascii. Amen.<\/span><\/p>\n<p style=\"text-align: justify;\"><span style=\"font-family: arial, helvetica, sans-serif; font-size: 14pt; color: #000080;\"><i>Ojcze nasz\u2026 \u00a0Zdrowa\u015b Maryjo\u2026 Chwa\u0142a Ojcu\u2026<\/i><\/span><\/p>\n<p>&nbsp;<\/p>\n<p><a href=\"https:\/\/pabianice.misjonarze.pl\/?page_id=3051\"><span style=\"font-family: arial, helvetica, sans-serif; font-size: 14pt;\">Litania do \u015awi\u0119tej Moniki &#8211; Patronki matek modl\u0105cych si\u0119 za swoje dzieci<\/span><\/a><\/p>\n<p style=\"text-align: center;\"><span style=\"color: #0000ff;\"><strong><span style=\"font-family: arial, helvetica, sans-serif; font-size: 14pt;\">Zawierzenie dzieci Bogu<\/span><\/strong><\/span><\/p>\n<p style=\"text-align: justify;\"><span style=\"font-family: arial, helvetica, sans-serif; font-size: 14pt; color: #0000ff;\"><img data-recalc-dims=\"1\" loading=\"lazy\" decoding=\"async\" class=\"alignleft wp-image-4054 size-medium\" src=\"https:\/\/i0.wp.com\/pabianice.misjonarze.pl\/wp-content\/uploads\/maryja-z-dzieciatkiem.jpg?resize=246%2C300&#038;ssl=1\" alt=\"\" width=\"246\" height=\"300\" srcset=\"https:\/\/i0.wp.com\/pabianice.misjonarze.pl\/wp-content\/uploads\/maryja-z-dzieciatkiem.jpg?resize=246%2C300&amp;ssl=1 246w, https:\/\/i0.wp.com\/pabianice.misjonarze.pl\/wp-content\/uploads\/maryja-z-dzieciatkiem.jpg?resize=123%2C150&amp;ssl=1 123w, https:\/\/i0.wp.com\/pabianice.misjonarze.pl\/wp-content\/uploads\/maryja-z-dzieciatkiem.jpg?w=328&amp;ssl=1 328w\" sizes=\"auto, (max-width: 246px) 100vw, 246px\" \/>Bo\u017ce, w Tr\u00f3jcy Jedyny, z woli i \u0142aski swojej powierzy\u0142e\u015b nam dzieci, kt\u00f3re do Ciebie nale\u017c\u0105. Prosimy za nimi, aby\u015b mia\u0142 je w swojej opiece.<\/span><\/p>\n<p style=\"text-align: justify;\"><span style=\"font-family: arial, helvetica, sans-serif; font-size: 14pt; color: #0000ff;\">Bo\u017ce Ojcze, strze\u017c \u017cycia naszych dzieci, zachowaj je w zdrowiu, bro\u0144 od z\u0142ych przyg\u00f3d, aby bezpiecznie mog\u0142y r\u00f3\u015b\u0107 na Twoj\u0105 chwa\u0142\u0119 i\u00a0nasz\u0105 rado\u015b\u0107.<\/span><\/p>\n<p style=\"text-align: justify;\"><span style=\"font-family: arial, helvetica, sans-serif; font-size: 14pt; color: #0000ff;\">Synu Bo\u017cy, Jezu Chryste, strze\u017c wiary naszych dzieci, daj \u0142ask\u0119, aby by\u0142y wierne Tobie i nie dozw\u00f3l, aby w \u017cyciu zb\u0142\u0105dzi\u0142y.<\/span><\/p>\n<p style=\"text-align: justify;\"><span style=\"font-family: arial, helvetica, sans-serif; font-size: 14pt; color: #0000ff;\">Duchu \u015awi\u0119ty, Bo\u017ce, udziel dzieciom naszym \u015bwiat\u0142a w\u00a0obowi\u0105zkach i poka\u017c, jak maj\u0105 s\u0142u\u017cy\u0107 Bogu i bli\u017anim. Daj im moc, aby pokonywa\u0142y pokusy i trudno\u015bci.<\/span><\/p>\n<p style=\"text-align: justify;\"><span style=\"font-family: arial, helvetica, sans-serif; font-size: 14pt; color: #0000ff;\">Bo\u017ce, wspieraj nas, rodzic\u00f3w, aby\u015bmy s\u0142owem trafiali do serc dzieci, a s\u0142owo swoje popierali przyk\u0142adem \u017cycia. Pom\u00f3\u017c nam czuwa\u0107 nad dzie\u0107mi i szuka\u0107 ich dobra. Wzbudzaj i podtrzymuj w nas ducha wiary i spraw, niech razem z dzie\u0107mi naszymi ogl\u0105damy kiedy\u015b Ciebie, Boga Tr\u00f3jjedynego. Amen<\/span><\/p>\n","protected":false},"excerpt":{"rendered":"<p>Modlitwa za\u00a0dzieci do\u00a0Matki Bo\u017cej Nieustaj\u0105cej Pomocy O Matko Nieustaj\u0105cej Pomocy, \u00a0Najszcz\u0119\u015bliwsza Matko Boskiego Dzieci\u0105tka; przychodz\u0119 do Ciebie z sercem ci\u0119\u017cko zatroskanym, pe\u0142nym jednak ufno\u015bci w Nieustaj\u0105c\u0105 Pomoc Twoj\u0105. \u00a0\u00a0B\u0142agam Ci\u0119 przez mi\u0142o\u015b\u0107 Twego Boskiego&#46;&#46;&#46;<\/p>\n","protected":false},"author":1,"featured_media":0,"parent":0,"menu_order":0,"comment_status":"closed","ping_status":"closed","template":"","meta":{"jetpack_post_was_ever_published":false,"footnotes":""},"class_list":["post-2816","page","type-page","status-publish","hentry"],"jetpack_sharing_enabled":true,"jetpack_shortlink":"https:\/\/wp.me\/PakDx7-Jq","_links":{"self":[{"href":"https:\/\/pabianice.misjonarze.pl\/index.php?rest_route=\/wp\/v2\/pages\/2816","targetHints":{"allow":["GET"]}}],"collection":[{"href":"https:\/\/pabianice.misjonarze.pl\/index.php?rest_route=\/wp\/v2\/pages"}],"about":[{"href":"https:\/\/pabianice.misjonarze.pl\/index.php?rest_route=\/wp\/v2\/types\/page"}],"author":[{"embeddable":true,"href":"https:\/\/pabianice.misjonarze.pl\/index.php?rest_route=\/wp\/v2\/users\/1"}],"replies":[{"embeddable":true,"href":"https:\/\/pabianice.misjonarze.pl\/index.php?rest_route=%2Fwp%2Fv2%2Fcomments&post=2816"}],"version-history":[{"count":16,"href":"https:\/\/pabianice.misjonarze.pl\/index.php?rest_route=\/wp\/v2\/pages\/2816\/revisions"}],"predecessor-version":[{"id":6527,"href":"https:\/\/pabianice.misjonarze.pl\/index.php?rest_route=\/wp\/v2\/pages\/2816\/revisions\/6527"}],"wp:attachment":[{"href":"https:\/\/pabianice.misjonarze.pl\/index.php?rest_route=%2Fwp%2Fv2%2Fmedia&parent=2816"}],"curies":[{"name":"wp","href":"https:\/\/api.w.org\/{rel}","templated":true}]}}