{"id":220,"date":"2018-09-25T11:27:09","date_gmt":"2018-09-25T09:27:09","guid":{"rendered":"http:\/\/radoslaw.home.pl\/autoinstalator\/wordpress1\/?page_id=220"},"modified":"2021-02-10T09:37:49","modified_gmt":"2021-02-10T07:37:49","slug":"grupa-aa-przystan","status":"publish","type":"page","link":"https:\/\/pabianice.misjonarze.pl\/?page_id=220","title":{"rendered":"Grupa AA Przysta\u0144"},"content":{"rendered":"<p><img data-recalc-dims=\"1\" loading=\"lazy\" decoding=\"async\" class=\"size-full wp-image-221 alignleft\" src=\"https:\/\/i0.wp.com\/pabianice.misjonarze.pl\/wp-content\/uploads\/2018\/09\/AA5.jpg?resize=225%2C225\" alt=\"\" width=\"225\" height=\"225\" srcset=\"https:\/\/i0.wp.com\/pabianice.misjonarze.pl\/wp-content\/uploads\/2018\/09\/AA5.jpg?w=225&amp;ssl=1 225w, https:\/\/i0.wp.com\/pabianice.misjonarze.pl\/wp-content\/uploads\/2018\/09\/AA5.jpg?resize=150%2C150&amp;ssl=1 150w\" sizes=\"auto, (max-width: 225px) 100vw, 225px\" \/><\/p>\n<p class=\"western\" align=\"justify\"><span style=\"font-size: 14pt; font-family: arial, helvetica, sans-serif;\">W dniu 2 maja 1990 r. przy naszej parafii zawi\u0105za\u0142a si\u0119 grupa AA Przysta\u0144. Jest to wsp\u00f3lnota m\u0119\u017cczyzn i kobiet uzale\u017cnionych od alkoholu, kt\u00f3rzy dziel\u0105 si\u0119 nawzajem swoim do\u015bwiadczeniem wychodzenia z uzale\u017cnienia, si\u0142\u0105 i nadziej\u0105, aby rozwi\u0105za\u0107 wsp\u00f3lny problem.\u00a0<\/span><\/p>\n<p class=\"western\" align=\"justify\"><span style=\"font-size: 18pt; font-family: arial, helvetica, sans-serif;\"><span style=\"color: #ff0000;\">Spotykamy si\u0119 w ka\u017cd\u0105 \u015brod\u0119 o godz. 17.00, by realizowa\u0107 program powracania do trze\u017awo\u015bci.\u00a0 W pierwsz\u0105 \u015brod\u0119 ka\u017cdego miesi\u0105ca spotykamy si\u0119 na mityngu otwartym, na kt\u00f3ry mo\u017ce przyj\u015b\u0107 ka\u017cdy.<\/span><\/span><\/p>\n<p class=\"western\" align=\"justify\"><span style=\"font-size: 14pt; font-family: arial, helvetica, sans-serif;\">Ka\u017cde spotkanie rozpoczynamy i ko\u0144czymy nasz\u0105 aowsk\u0105 modlitw\u0105: <em>Bo\u017ce, u\u017cycz mi pogody ducha, abym godzi\u0142 si\u0119 z tym, czego nie mog\u0119 zmieni\u0107, odwagi, abym zmienia\u0142 to, co mog\u0119 zmieni\u0107 i m\u0105dro\u015bci, abym odr\u00f3\u017cnia\u0142 jedno od drugiego. Niech si\u0119 dzieje wola Twoja, a nie moja, Panie.<\/em><\/span><\/p>\n<p class=\"western\" align=\"justify\"><span style=\"font-size: 14pt; font-family: arial, helvetica, sans-serif;\">W ka\u017cd\u0105 pierwsz\u0105 \u015brod\u0119 miesi\u0105ca mamy mityng otwarty, tzn, \u017ce mo\u017ce przyj\u015b\u0107 ka\u017cdy, a wi\u0119c bliscy osoby uzale\u017cnionej, a tak\u017ce osoby niemaj\u0105ce problemu, by pos\u0142ucha\u0107 i pozna\u0107 ruch AA. Od wielu lat organizujemy wyjazdy na og\u00f3lnopolskie spotkania trze\u017awo\u015bciowe. W pierwszy weekend czerwca wyruszamy do Cz\u0119stochowy, a w ostatni weekend lipca spotykamy si\u0119 w Licheniu. Ka\u017cdy z nas zawozi tam swoje podzi\u0119kowania za lata trze\u017awo\u015bci i pro\u015bby o dalsz\u0105 trze\u017awo\u015b\u0107 na kolejny rok. <\/span><\/p>\n<p class=\"western\" align=\"justify\"><span style=\"font-size: 14pt; font-family: arial, helvetica, sans-serif;\">W Cz\u0119stochowie mamy swojego przyjaciela. Jest nim bp Antoni D\u0142ugosz. Tak do nas si\u0119 zwraca i chce, aby\u015bmy i my uwa\u017cali go za swojego przyjaciela. Odprawia przed szczytem jasnog\u00f3rskim w naszej intencji Msze \u015awi\u0119t\u0105 i modli si\u0119 w naszych intencjach. <\/span><\/p>\n<p class=\"western\" align=\"justify\"><span style=\"font-size: 14pt; font-family: arial, helvetica, sans-serif;\">Do naszej grupy mo\u017ce przyj\u015b\u0107 ka\u017cdy, kto ma problem alkoholowy i szczerze pragnie zaprzestania picia. Wg naszych zasad nikt nie jest zapisywany ani rejestrowany w jakkolwiek spos\u00f3b i pragnie przychodzi\u0107 dobrowolnie. <\/span><\/p>\n<div id=\"attachment_1014\" style=\"width: 310px\" class=\"wp-caption alignright\"><a href=\"https:\/\/i0.wp.com\/pabianice.misjonarze.pl\/wp-content\/uploads\/IMG_20180926_165942.jpg\" rel=\"lightbox[220]\"><img data-recalc-dims=\"1\" loading=\"lazy\" decoding=\"async\" aria-describedby=\"caption-attachment-1014\" class=\"wp-image-1014 size-medium\" src=\"https:\/\/i0.wp.com\/pabianice.misjonarze.pl\/wp-content\/uploads\/IMG_20180926_165942-300x225.jpg?resize=300%2C225\" alt=\"\" width=\"300\" height=\"225\" srcset=\"https:\/\/i0.wp.com\/pabianice.misjonarze.pl\/wp-content\/uploads\/IMG_20180926_165942.jpg?resize=300%2C225&amp;ssl=1 300w, https:\/\/i0.wp.com\/pabianice.misjonarze.pl\/wp-content\/uploads\/IMG_20180926_165942.jpg?resize=150%2C113&amp;ssl=1 150w, https:\/\/i0.wp.com\/pabianice.misjonarze.pl\/wp-content\/uploads\/IMG_20180926_165942.jpg?resize=768%2C576&amp;ssl=1 768w, https:\/\/i0.wp.com\/pabianice.misjonarze.pl\/wp-content\/uploads\/IMG_20180926_165942.jpg?resize=1024%2C768&amp;ssl=1 1024w, https:\/\/i0.wp.com\/pabianice.misjonarze.pl\/wp-content\/uploads\/IMG_20180926_165942.jpg?resize=725%2C544&amp;ssl=1 725w, https:\/\/i0.wp.com\/pabianice.misjonarze.pl\/wp-content\/uploads\/IMG_20180926_165942.jpg?w=2000&amp;ssl=1 2000w, https:\/\/i0.wp.com\/pabianice.misjonarze.pl\/wp-content\/uploads\/IMG_20180926_165942.jpg?w=3000&amp;ssl=1 3000w\" sizes=\"auto, (max-width: 300px) 100vw, 300px\" \/><\/a><p id=\"caption-attachment-1014\" class=\"wp-caption-text\"><span style=\"font-size: 10pt;\">Sala, w kt\u00f3rej si\u0119 spotykamy<\/span><\/p><\/div>\n<p class=\"western\" align=\"justify\"><span style=\"font-size: 14pt; font-family: arial, helvetica, sans-serif;\">Przy parafii spotykamy si\u0119 od ponad 30 lat i przez nasz\u0105 grup\u0119 przewin\u0119\u0142y si\u0119 ju\u017c setki os\u00f3b. Wielu z nas odesz\u0142o na wieczny mityng i pozostaj\u0105 w naszej pami\u0119ci i modlitwie. Do grupy mo\u017ce do\u0142\u0105czy\u0107 ka\u017cdy, niewa\u017cne kim jest i czym si\u0119 zajmuje. S\u0105 w\u015br\u00f3d nas tacy, kt\u00f3rzy maja tydzie\u0144 trze\u017awo\u015bci oraz ci, kt\u00f3rzy maja jej ponad 20 lat.<\/span><\/p>\n<p align=\"JUSTIFY\"><span style=\"font-size: 14pt;\"><span style=\"font-family: arial, helvetica, sans-serif;\">Przy naszej parafii dzia\u0142a tez grupa Al-anon (wsp\u00f3\u0142uzal<\/span>e\u017cnionych przez nadu\u017cywanie alkoholu przez najbli\u017cszych). Na spotkania tej grupy przychodz\u0105 \u017cony, matki i bliscy os\u00f3b uzale\u017cnionych. Celem tej grupy jest zrozumienie choroby alkoholowej oraz sposobu pomocy uzale\u017cnionym. R\u00f3wnie\u017c i &#8222;Al-anonki&#8221; uczestnicz\u0105 w mityngach otwartych.<\/span><\/p>\n<p align=\"JUSTIFY\"><span style=\"font-family: arial, helvetica, sans-serif; font-size: 14pt;\">Opiekunem grupy jest ks. Rados\u0142aw Paw\u0142owski CM<\/span><\/p>\n","protected":false},"excerpt":{"rendered":"<p>W dniu 2 maja 1990 r. przy naszej parafii zawi\u0105za\u0142a si\u0119 grupa AA Przysta\u0144. Jest to wsp\u00f3lnota m\u0119\u017cczyzn i kobiet uzale\u017cnionych od alkoholu, kt\u00f3rzy dziel\u0105 si\u0119 nawzajem swoim do\u015bwiadczeniem wychodzenia z uzale\u017cnienia, si\u0142\u0105 i&#46;&#46;&#46;<\/p>\n","protected":false},"author":2,"featured_media":0,"parent":0,"menu_order":0,"comment_status":"closed","ping_status":"closed","template":"","meta":{"jetpack_post_was_ever_published":false,"footnotes":""},"class_list":["post-220","page","type-page","status-publish","hentry"],"jetpack_sharing_enabled":true,"jetpack_shortlink":"https:\/\/wp.me\/PakDx7-3y","_links":{"self":[{"href":"https:\/\/pabianice.misjonarze.pl\/index.php?rest_route=\/wp\/v2\/pages\/220","targetHints":{"allow":["GET"]}}],"collection":[{"href":"https:\/\/pabianice.misjonarze.pl\/index.php?rest_route=\/wp\/v2\/pages"}],"about":[{"href":"https:\/\/pabianice.misjonarze.pl\/index.php?rest_route=\/wp\/v2\/types\/page"}],"author":[{"embeddable":true,"href":"https:\/\/pabianice.misjonarze.pl\/index.php?rest_route=\/wp\/v2\/users\/2"}],"replies":[{"embeddable":true,"href":"https:\/\/pabianice.misjonarze.pl\/index.php?rest_route=%2Fwp%2Fv2%2Fcomments&post=220"}],"version-history":[{"count":13,"href":"https:\/\/pabianice.misjonarze.pl\/index.php?rest_route=\/wp\/v2\/pages\/220\/revisions"}],"predecessor-version":[{"id":3831,"href":"https:\/\/pabianice.misjonarze.pl\/index.php?rest_route=\/wp\/v2\/pages\/220\/revisions\/3831"}],"wp:attachment":[{"href":"https:\/\/pabianice.misjonarze.pl\/index.php?rest_route=%2Fwp%2Fv2%2Fmedia&parent=220"}],"curies":[{"name":"wp","href":"https:\/\/api.w.org\/{rel}","templated":true}]}}