{"id":2135,"date":"2019-09-24T11:37:32","date_gmt":"2019-09-24T09:37:32","guid":{"rendered":"http:\/\/pabianice.misjonarze.pl\/?page_id=2135"},"modified":"2019-10-11T21:25:20","modified_gmt":"2019-10-11T19:25:20","slug":"mamo-tato","status":"publish","type":"page","link":"https:\/\/pabianice.misjonarze.pl\/?page_id=2135","title":{"rendered":"Mamo, tato! B\u0142ogos\u0142awisz swoje dziecko?"},"content":{"rendered":"<h1><span style=\"color: #333399; font-size: 24pt;\">Mamo, tato! B\u0142ogos\u0142awisz swoje dziecko?<\/span><\/h1>\n<p>&nbsp;<\/p>\n<p style=\"text-align: justify;\"><span style=\"font-family: arial, helvetica, sans-serif; font-size: 14pt;\"><em><img data-recalc-dims=\"1\" loading=\"lazy\" decoding=\"async\" class=\"wp-image-2136 size-medium alignright\" src=\"https:\/\/i0.wp.com\/pabianice.misjonarze.pl\/wp-content\/uploads\/b%C5%82ogos%C5%82awie%C5%84stwo-dziecka-300x240.jpg?resize=300%2C240\" alt=\"\" width=\"300\" height=\"240\" srcset=\"https:\/\/i0.wp.com\/pabianice.misjonarze.pl\/wp-content\/uploads\/b%C5%82ogos%C5%82awie%C5%84stwo-dziecka.jpg?resize=300%2C240&amp;ssl=1 300w, https:\/\/i0.wp.com\/pabianice.misjonarze.pl\/wp-content\/uploads\/b%C5%82ogos%C5%82awie%C5%84stwo-dziecka.jpg?resize=150%2C120&amp;ssl=1 150w, https:\/\/i0.wp.com\/pabianice.misjonarze.pl\/wp-content\/uploads\/b%C5%82ogos%C5%82awie%C5%84stwo-dziecka.jpg?w=600&amp;ssl=1 600w\" sizes=\"auto, (max-width: 300px) 100vw, 300px\" \/>Ch\u0142opaki traktuj\u0105 to jako jeden z rytua\u0142\u00f3w \u2013 rano trzeba wzi\u0105\u0107 kanapki, zabra\u0107 plecak i nadstawi\u0107 czo\u0142o do krzy\u017cyka.<\/em><\/span><br \/>\n<span style=\"font-family: arial, helvetica, sans-serif; font-size: 14pt;\">\u201eTo by\u0142a taka sportowa zazdro\u015b\u0107\u201d \u2013 Karol Majewski, ojciec trzech ch\u0142opc\u00f3w, wspomina moment, kiedy zobaczy\u0142, \u017ce inny ojciec robi krzy\u017cyk na czole swojej c\u00f3rki. I wcale nie chodzi\u0142o o to, \u017ce panowie akurat rozmawiali o wczorajszym meczu Realu Madryt z Borussi\u0105 Dortmund.<\/span><br \/>\n<span style=\"font-family: arial, helvetica, sans-serif; font-size: 14pt;\">Obaj odprowadzali dzieci do przedszkola. Pomogli maluchom zdj\u0105\u0107 kurtki, odprowadzili je do sali, dyskutuj\u0105c o futbolu, ale kolega zrobi\u0142 co\u015b jeszcze \u2013 ma\u0142y gest b\u0142ogos\u0142awie\u0144stwa. \u201ePomy\u015bla\u0142em: dlaczego ja na to nie wpad\u0142em? Jeszcze tego samego dnia powiedzia\u0142em \u017conie, \u017ce odt\u0105d b\u0119d\u0119 codziennie b\u0142ogos\u0142awi\u0142 dzieci. Oczywi\u015bcie powiedzia\u0142a, \u017ce ona te\u017c chce\u201d \u2013 \u015bmieje si\u0119.<\/span><\/p>\n<p style=\"text-align: justify;\"><span style=\"font-family: arial, helvetica, sans-serif; font-size: 14pt;\">Min\u0119\u0142y trzy lata. Wszyscy ch\u0142opcy Majewskich chodz\u0105 ju\u017c do szko\u0142y. Karol i jego \u017cona staraj\u0105 si\u0119 pami\u0119ta\u0107 o b\u0142ogos\u0142awie\u0144stwie dwa razy dziennie: rano i wieczorem. Ch\u0142opaki traktuj\u0105 to jako jeden z rytua\u0142\u00f3w \u2013 rano trzeba wzi\u0105\u0107 kanapki, zabra\u0107 plecak i nadstawi\u0107 czo\u0142o do \u201ekrzy\u017cyka\u201d. Nawet najstarszy syn, kt\u00f3ry jest ju\u017c w wieku, kiedy rodzicielskie czu\u0142o\u015bci przyjmuje si\u0119 z du\u017c\u0105 rezerw\u0105, m\u00f3wi czasem: \u201eNie zapomnieli\u015bcie o czym\u015b?\u201d.<\/span><\/p>\n<p style=\"text-align: justify;\"><span style=\"font-family: arial, helvetica, sans-serif; font-size: 14pt;\">Wieczorne b\u0142ogos\u0142awie\u0144stwo, kiedy ch\u0142opcy le\u017c\u0105 ju\u017c w \u0142\u00f3\u017ckach, cz\u0119sto trwa d\u0142u\u017cej, bo wtedy jest okazja do rozmowy, np. o tym, co si\u0119 wydarzy\u0142o w ci\u0105gu dnia, albo o tym, kt\u00f3ry kraj na \u015bwiecie ma najwi\u0119ksze z\u0142o\u017ca srebra. Karol czasem p\u00f3\u017ano wraca do domu po pracy, ale nawet je\u015bli ch\u0142opcy ju\u017c \u015bpi\u0105, idzie do ich pokoj\u00f3w, \u017ceby ich pob\u0142ogos\u0142awi\u0107. Zdarza si\u0119, \u017ce kt\u00f3ry\u015b z syn\u00f3w przekr\u0119ci si\u0119 na drugi bok i wymamrocze w p\u00f3\u0142\u015bnie \u201eO, tata! Jeste\u015b!\u201d. Zupe\u0142nie jakby czeka\u0142 na ten moment.<\/span><\/p>\n<p style=\"text-align: justify;\"><span style=\"font-family: arial, helvetica, sans-serif; font-size: 14pt;\">Czym jest dla Majewskiego b\u0142ogos\u0142awienie syn\u00f3w? \u201eProsz\u0119 Pana Boga, \u017ceby da\u0142 moim dzieciom \u0142aski, kt\u00f3re s\u0105 im potrzebne. Wiem, \u017ce ja nie mog\u0119 ich ustrzec przed wszystkimi niebezpiecze\u0144stwami, ale modl\u0119 si\u0119, \u017ceby On mia\u0142 ich w swojej opiece. Przypominam te\u017c sam sobie, \u017ce najbardziej zale\u017cy mi nie na tym, \u017ceby moi synowie nie mieli nigdy \u017cadnych problem\u00f3w, tylko \u017ceby potrafili walczy\u0107, a po \u015bmierci poszli do nieba\u201d.<\/span><\/p>\n<p style=\"text-align: justify;\"><span style=\"font-family: arial, helvetica, sans-serif; font-size: 14pt;\"><span style=\"color: #ff0000;\">A wy b\u0142ogos\u0142awicie swoje dzieci?<\/span> Je\u015bli nie, to mo\u017ce uda si\u0119 rozwia\u0107 kilka w\u0105tpliwo\u015bci?<\/span><\/p>\n<p style=\"text-align: justify;\"><span style=\"font-family: arial, helvetica, sans-serif; font-size: 14pt;\"><strong>1. Kim ja jestem, \u017ceby b\u0142ogos\u0142awi\u0107 innych ludzi?<\/strong> \u2013 powie pewnie wielu rodzic\u00f3w. Przecie\u017c \u017caden ze mnie biskup, papie\u017c ani nawet ksi\u0105dz. A jednak jestem kim\u015b szczeg\u00f3lnym! Rodzice, kt\u00f3rych Stw\u00f3rca zaprosi\u0142 do wsp\u00f3\u0142pracy przy powo\u0142aniu dziecka na \u015bwiat, odgrywaj\u0105 wobec tego ma\u0142ego cz\u0142owieka wyj\u0105tkow\u0105 rol\u0119. To w\u0142a\u015bnie jest \u017ar\u00f3d\u0142o ich rodzicielskiego autorytetu.<\/span><\/p>\n<p style=\"text-align: justify;\"><span style=\"font-family: arial, helvetica, sans-serif; font-size: 14pt;\">Dlatego matka i ojciec mog\u0105 i powinni wymaga\u0107 od dziecka pos\u0142usze\u0144stwa i szacunku \u2013 oczywi\u015bcie z poszanowaniem jego godno\u015bci i podmiotowo\u015bci. Z tego samego powodu ich b\u0142ogos\u0142awie\u0144stwo ma szczeg\u00f3ln\u0105 warto\u015b\u0107. W\u0142a\u015bnie dlatego rodzice uroczy\u015bcie b\u0142ogos\u0142awi\u0105 dziecko przed chrztem i \u015blubem. Warto to robi\u0107 r\u00f3wnie\u017c w innych sytuacjach, np. przed pierwsz\u0105 spowiedzi\u0105, komuni\u0105 \u015bwi\u0119t\u0105 czy bierzmowaniem. A mniej uroczy\u015bcie \u2013 na co dzie\u0144.<\/span><\/p>\n<p style=\"text-align: justify;\"><span style=\"font-family: arial, helvetica, sans-serif; font-size: 14pt;\"><strong>2. B\u0142ogos\u0142awie\u0144stwo nie jest czynno\u015bci\u0105 magiczn\u0105<\/strong>. B\u0142ogos\u0142awienie kogo\u015b jest modlitw\u0105 do Boga o \u0142aski dla danej osoby. Rodzic, kt\u00f3ry kre\u015bli znak krzy\u017ca nad g\u0142ow\u0105 dziecka, nie mo\u017ce spowodowa\u0107 tego, \u017ceby omija\u0142y je zderzaki pirat\u00f3w drogowych, pokusy, w\u015bciek\u0142e psy i koszmary nocne. Ale mo\u017ce prosi\u0107. Modlitwa za dzieci \u2013 niekoniecznie modlitwa b\u0142ogos\u0142awie\u0144stwa \u2013 to jeden z najwa\u017cniejszych obowi\u0105zk\u00f3w rodzic\u00f3w.<\/span><\/p>\n<p style=\"text-align: justify;\"><span style=\"font-family: arial, helvetica, sans-serif; font-size: 14pt;\"><strong>3. B\u0142ogos\u0142awie\u0144stwo nie jest rzecz\u0105 b\u0142ah\u0105<\/strong>. Bohaterowie Starego Testamentu rozumieli to chyba lepiej ni\u017c my, bo usilnie zabiegali o b\u0142ogos\u0142awie\u0144stwa i ch\u0119tnie b\u0142ogos\u0142awili. Np. Jakub walczy\u0142 o nie z anio\u0142em i powiedzia\u0142: \u201eNie puszcz\u0119 ci\u0119, dop\u00f3ki mi nie pob\u0142ogos\u0142awisz\u201d (Rdz 32, 26-29). Wierzyli te\u017c, \u017ce rodzicielskie b\u0142ogos\u0142awie\u0144stwo jest nieodwo\u0142alne i ma wi\u0119ksz\u0105 moc ni\u017c jakiekolwiek przekle\u0144stwo.<\/span><\/p>\n<p style=\"text-align: justify;\"><span style=\"font-family: arial, helvetica, sans-serif; font-size: 14pt;\"><strong>4. \u201eSzybki krzy\u017cyk\u201d to \u017cadna modlitwa<\/strong> \u2013 powie kto\u015b. Faktycznie, takie gesty nie s\u0105 skomplikowanym rytua\u0142em. I z pewno\u015bci\u0105 nie zast\u0105pi\u0105 innych rodzaj\u00f3w modlitwy. Z w\u0142asnego do\u015bwiadczenia wiem te\u017c, \u017ce r\u00f3\u017cnie bywa z modlitewnym skupieniem w codziennym biegu, w\u015br\u00f3d wielu zaj\u0119\u0107 i nie zawsze najlepszych humor\u00f3w. Ale je\u015bli czasem b\u0142ogos\u0142awi\u0119 swoje dzieci w po\u015bpiechu, to czy b\u0142ogos\u0142awie\u0144stwo wtedy nie ma znaczenia? \u201eOjcze nasz\u201d te\u017c nie zawsze odmawiam tak, jak powinnam. Mo\u017ce nawet do \u015bmierci nie uzyskam pe\u0142nej doskona\u0142o\u015bci w skupieniu podczas mszy \u015bwi\u0119tej. Ale mimo to B\u00f3g nie przekre\u015bla moich stara\u0144, a nawet usilnie zach\u0119ca mnie do modlitwy. Warto korzysta\u0107 z tego zaproszenia jak najcz\u0119\u015bciej.<\/span><\/p>\n<p style=\"text-align: justify;\"><span style=\"font-family: arial, helvetica, sans-serif; font-size: 14pt;\">Kard. J\u00f3zef Ratzinger w \u201eDuchu liturgii\u201d pisa\u0142 tak:<\/span><\/p>\n<blockquote>\n<p style=\"text-align: justify;\"><span style=\"font-family: arial, helvetica, sans-serif; font-size: 14pt;\">&#8222;Nigdy nie zapomn\u0119 pobo\u017cno\u015bci i pieczo\u0142owito\u015bci, z jakimi moi rodzice b\u0142ogos\u0142awili znakiem krzy\u017ca nas, swoje dzieci, gdy wychodzili\u015bmy z domu; a gdy \u017cegnali\u015bmy si\u0119 na d\u0142u\u017cej, rodzice kre\u015blili nam znak krzy\u017ca wod\u0105 \u015bwi\u0119con\u0105 na czole, wargach i piersi. To b\u0142ogos\u0142awie\u0144stwo towarzyszy\u0142o nam, i wiedzieli\u015bmy, i\u017c ono nas prowadzi. By\u0142o to unaocznienie modlitwy rodzic\u00f3w, kt\u00f3ra sz\u0142a z nami, i wyraz pewno\u015bci, \u017ce opiera si\u0119 ona na b\u0142ogos\u0142awie\u0144stwie Zbawiciela. B\u0142ogos\u0142awie\u0144stwo rodzic\u00f3w by\u0142o r\u00f3wnocze\u015bnie swoistym zobowi\u0105zaniem nas do nieopuszczania przestrzeni tego b\u0142ogos\u0142awie\u0144stwa. B\u0142ogos\u0142awie\u0144stwo jest gestem kap\u0142a\u0144skim i w tym znaku krzy\u017ca odczuwali\u015bmy kap\u0142a\u0144stwo rodzic\u00f3w, jego szczeg\u00f3ln\u0105 godno\u015b\u0107 i moc. My\u015bl\u0119, \u017ce b\u0142ogos\u0142awienie znakiem krzy\u017ca jako pe\u0142noprawny wyraz kap\u0142a\u0144stwa powszechnego wszystkich ochrzczonych powinno na nowo i z wi\u0119ksz\u0105 si\u0142\u0105 wkroczy\u0107 do codziennego \u017cycia i nasyci\u0107 je moc\u0105 Chrystusowej mi\u0142o\u015bci&#8221;.<\/span><\/p>\n<\/blockquote>\n<p>&nbsp;<\/p>\n<p style=\"text-align: right;\"><span style=\"font-size: 10pt; color: #808080;\">Joanna Operacz, Alateia<\/span><\/p>\n","protected":false},"excerpt":{"rendered":"<p>Mamo, tato! B\u0142ogos\u0142awisz swoje dziecko? &nbsp; Ch\u0142opaki traktuj\u0105 to jako jeden z rytua\u0142\u00f3w \u2013 rano trzeba wzi\u0105\u0107 kanapki, zabra\u0107 plecak i nadstawi\u0107 czo\u0142o do krzy\u017cyka. \u201eTo by\u0142a taka sportowa zazdro\u015b\u0107\u201d \u2013 Karol Majewski, ojciec&#46;&#46;&#46;<\/p>\n","protected":false},"author":1,"featured_media":0,"parent":0,"menu_order":0,"comment_status":"closed","ping_status":"closed","template":"","meta":{"jetpack_post_was_ever_published":false,"footnotes":""},"class_list":["post-2135","page","type-page","status-publish","hentry"],"jetpack_sharing_enabled":true,"jetpack_shortlink":"https:\/\/wp.me\/PakDx7-yr","_links":{"self":[{"href":"https:\/\/pabianice.misjonarze.pl\/index.php?rest_route=\/wp\/v2\/pages\/2135","targetHints":{"allow":["GET"]}}],"collection":[{"href":"https:\/\/pabianice.misjonarze.pl\/index.php?rest_route=\/wp\/v2\/pages"}],"about":[{"href":"https:\/\/pabianice.misjonarze.pl\/index.php?rest_route=\/wp\/v2\/types\/page"}],"author":[{"embeddable":true,"href":"https:\/\/pabianice.misjonarze.pl\/index.php?rest_route=\/wp\/v2\/users\/1"}],"replies":[{"embeddable":true,"href":"https:\/\/pabianice.misjonarze.pl\/index.php?rest_route=%2Fwp%2Fv2%2Fcomments&post=2135"}],"version-history":[{"count":3,"href":"https:\/\/pabianice.misjonarze.pl\/index.php?rest_route=\/wp\/v2\/pages\/2135\/revisions"}],"predecessor-version":[{"id":2253,"href":"https:\/\/pabianice.misjonarze.pl\/index.php?rest_route=\/wp\/v2\/pages\/2135\/revisions\/2253"}],"wp:attachment":[{"href":"https:\/\/pabianice.misjonarze.pl\/index.php?rest_route=%2Fwp%2Fv2%2Fmedia&parent=2135"}],"curies":[{"name":"wp","href":"https:\/\/api.w.org\/{rel}","templated":true}]}}