{"id":20,"date":"2017-05-21T15:07:22","date_gmt":"2017-05-21T13:07:22","guid":{"rendered":"http:\/\/radoslaw.home.pl\/autoinstalator\/wordpress1\/?page_id=20"},"modified":"2018-09-30T19:53:20","modified_gmt":"2018-09-30T19:53:20","slug":"moi-swieci","status":"publish","type":"page","link":"https:\/\/pabianice.misjonarze.pl\/?page_id=20","title":{"rendered":"Rys historyczny parafii"},"content":{"rendered":"<p><strong><img data-recalc-dims=\"1\" loading=\"lazy\" decoding=\"async\" class=\"alignnone size-full wp-image-693\" src=\"https:\/\/i0.wp.com\/pabianice.misjonarze.pl\/wp-content\/uploads\/2018\/09\/zdzitowiecki.png?resize=156%2C239\" alt=\"\" width=\"156\" height=\"239\" \/>Data erygowania<\/strong>: 1 stycznia 1906 r. (bp Stanis\u0142aw Zdzitowiecki)<\/p>\n<p>Historia budowy ko\u015bcio\u0142a i jego architektura:<br \/>\nWybudowany w latach 1898\u20131908, w stylu neogotyckim, na planie krzy\u017ca \u0142aci\u0144skiego, z prezbiterium skierowanym na p\u00f3\u0142noc; d\u0142ugo\u015b\u0107 ko\u015bcio\u0142a jest r\u00f3wna wysoko\u015bci wie\u017c i wynosi 49,8 m. Wn\u0119trze jest utrzymane konsekwentnie w stylu neogotyckim. Autorem planu budowy ko\u015bcio\u0142a by\u0142 in\u017c. Tadeusz Markiewicz, kt\u00f3ry wzorowa\u0142 si\u0119 na ko\u015bciele NMP w \u0141odzi. W imieniu bpa Stanis\u0142awa Zdzitowieckiego ko\u015bci\u00f3\u0142 po\u015bwi\u0119ci\u0142 20 XII 1903 r. ks. pra\u0142at Jan \u015aliwi\u0144ski.<\/p>\n<p>Wyposa\u017cenie ko\u015bcio\u0142a:<br \/>\n3 o\u0142tarze neogotyckie: NMP R\u00f3\u017ca\u0144cowej (w prezbiterium) i \u015bw. J\u00f3zefa oraz Naj\u015bwi\u0119tszego Serca Jezusowego (w nawach bocznych), neogotycka ambona i 6 konfesjona\u0142\u00f3w w tym samym stylu; na \u015bcianach umieszczono 14 p\u0142askorze\u017ab \u2013 stacji Drogi Krzy\u017cowej, w prezbiterium \u2013 neogotyckie stalle (wyposa\u017canie wn\u0119trza zako\u0144czono w 1928 r.). W 1934 r. sprawiono organy; w 1966 r. na wie\u017cy wschodniej umieszczono 3 dzwony: Maryja, J\u00f3zef i Wincenty \u00e1 Paulo; w 1982 r. przebudowano prezbiterium i umieszczono tam murowany o\u0142tarz i ambon\u0119.<\/p>\n","protected":false},"excerpt":{"rendered":"<p>Data erygowania: 1 stycznia 1906 r. (bp Stanis\u0142aw Zdzitowiecki) Historia budowy ko\u015bcio\u0142a i jego architektura: Wybudowany w latach 1898\u20131908, w stylu neogotyckim, na planie krzy\u017ca \u0142aci\u0144skiego, z prezbiterium skierowanym na p\u00f3\u0142noc; d\u0142ugo\u015b\u0107 ko\u015bcio\u0142a jest&#46;&#46;&#46;<\/p>\n","protected":false},"author":2,"featured_media":0,"parent":0,"menu_order":0,"comment_status":"closed","ping_status":"closed","template":"","meta":{"jetpack_post_was_ever_published":false,"footnotes":""},"class_list":["post-20","page","type-page","status-publish","hentry"],"jetpack_sharing_enabled":true,"jetpack_shortlink":"https:\/\/wp.me\/PakDx7-k","_links":{"self":[{"href":"https:\/\/pabianice.misjonarze.pl\/index.php?rest_route=\/wp\/v2\/pages\/20","targetHints":{"allow":["GET"]}}],"collection":[{"href":"https:\/\/pabianice.misjonarze.pl\/index.php?rest_route=\/wp\/v2\/pages"}],"about":[{"href":"https:\/\/pabianice.misjonarze.pl\/index.php?rest_route=\/wp\/v2\/types\/page"}],"author":[{"embeddable":true,"href":"https:\/\/pabianice.misjonarze.pl\/index.php?rest_route=\/wp\/v2\/users\/2"}],"replies":[{"embeddable":true,"href":"https:\/\/pabianice.misjonarze.pl\/index.php?rest_route=%2Fwp%2Fv2%2Fcomments&post=20"}],"version-history":[{"count":3,"href":"https:\/\/pabianice.misjonarze.pl\/index.php?rest_route=\/wp\/v2\/pages\/20\/revisions"}],"predecessor-version":[{"id":1003,"href":"https:\/\/pabianice.misjonarze.pl\/index.php?rest_route=\/wp\/v2\/pages\/20\/revisions\/1003"}],"wp:attachment":[{"href":"https:\/\/pabianice.misjonarze.pl\/index.php?rest_route=%2Fwp%2Fv2%2Fmedia&parent=20"}],"curies":[{"name":"wp","href":"https:\/\/api.w.org\/{rel}","templated":true}]}}