{"id":1605,"date":"2019-03-04T01:35:37","date_gmt":"2019-03-03T23:35:37","guid":{"rendered":"http:\/\/pabianice.misjonarze.pl\/?page_id=1605"},"modified":"2022-03-19T09:21:38","modified_gmt":"2022-03-19T08:21:38","slug":"antonietta-meo-nennolina","status":"publish","type":"page","link":"https:\/\/pabianice.misjonarze.pl\/?page_id=1605","title":{"rendered":"Antonietta Meo (Nennolina)"},"content":{"rendered":"<div id=\"attachment_1606\" style=\"width: 210px\" class=\"wp-caption aligncenter\"><a href=\"https:\/\/i0.wp.com\/pabianice.misjonarze.pl\/wp-content\/uploads\/DSC_6963-e1551655676133.jpg?ssl=1\" rel=\"lightbox[1605]\"><img data-recalc-dims=\"1\" loading=\"lazy\" decoding=\"async\" aria-describedby=\"caption-attachment-1606\" class=\"wp-image-1606 size-medium\" src=\"https:\/\/i0.wp.com\/pabianice.misjonarze.pl\/wp-content\/uploads\/DSC_6963-e1551655676133-200x300.jpg?resize=200%2C300&#038;ssl=1\" alt=\"\" width=\"200\" height=\"300\" srcset=\"https:\/\/i0.wp.com\/pabianice.misjonarze.pl\/wp-content\/uploads\/DSC_6963-e1551655676133.jpg?resize=200%2C300&amp;ssl=1 200w, https:\/\/i0.wp.com\/pabianice.misjonarze.pl\/wp-content\/uploads\/DSC_6963-e1551655676133.jpg?resize=100%2C150&amp;ssl=1 100w, https:\/\/i0.wp.com\/pabianice.misjonarze.pl\/wp-content\/uploads\/DSC_6963-e1551655676133.jpg?resize=768%2C1152&amp;ssl=1 768w, https:\/\/i0.wp.com\/pabianice.misjonarze.pl\/wp-content\/uploads\/DSC_6963-e1551655676133.jpg?resize=683%2C1024&amp;ssl=1 683w, https:\/\/i0.wp.com\/pabianice.misjonarze.pl\/wp-content\/uploads\/DSC_6963-e1551655676133.jpg?resize=725%2C1088&amp;ssl=1 725w, https:\/\/i0.wp.com\/pabianice.misjonarze.pl\/wp-content\/uploads\/DSC_6963-e1551655676133.jpg?w=2000&amp;ssl=1 2000w, https:\/\/i0.wp.com\/pabianice.misjonarze.pl\/wp-content\/uploads\/DSC_6963-e1551655676133.jpg?w=3000&amp;ssl=1 3000w\" sizes=\"auto, (max-width: 200px) 100vw, 200px\" \/><\/a><p id=\"caption-attachment-1606\" class=\"wp-caption-text\">Antonietta Meo (Nennolina)<\/p><\/div>\n<p style=\"text-align: justify;\" align=\"left\"><span style=\"color: #000000;\"><span style=\"font-family: Arial, sans-serif;\"><span style=\"font-size: large;\">Toczy si\u0119 proces beatyfikacyjny ma\u0142ej W\u0142oszki, kt\u00f3ra zmar\u0142a w wieku sze\u015bciu lat, a przed \u015bmierci\u0105 pisa\u0142a listy do Pana Jezusa. Nennolina &#8211; jak nazywano Antoniett\u0119 Meo &#8211; mo\u017ce zosta\u0107 najm\u0142odsz\u0105 b\u0142ogos\u0142awion\u0105 w historii Ko\u015bcio\u0142a.<\/span><\/span><\/span><\/p>\n<p style=\"text-align: justify;\" align=\"left\"><span style=\"color: #000000;\"><span style=\"font-family: Arial, sans-serif;\"><span style=\"font-size: large;\">M\u00f3wi\u0142 o niej Benedykt XVI w czasie spotkania z dzie\u0107mi z Akcji Katolickiej, trzy dni po podpisaniu dekretu uznaj\u0105cego heroiczno\u015b\u0107 jej cn\u00f3t: &#8222;Jaki \u015bwietlany przyk\u0142ad pozostawi\u0142a ta wasza ma\u0142a r\u00f3wie\u015bnica! (&#8230;) W swym bardzo kr\u00f3tkim \u017cyciu (&#8230;) wykaza\u0142a wyj\u0105tkow\u0105 wiar\u0119, nadziej\u0119 i mi\u0142o\u015b\u0107 oraz inne cnoty chrze\u015bcija\u0144skie&#8221;. Jej \u017cycie, tak proste i zarazem tak znacz\u0105ce, pokazuje, \u017ce \u015bwi\u0119to\u015b\u0107 osi\u0105galna jest w ka\u017cdym wieku &#8211; m\u00f3wi\u0142 Papie\u017c. I w\u0142a\u015bnie o Nennolinie opowiada\u0142 ma\u0142ym pacjentom w Centrum Zdrowia Dziecka w Mi\u0119dzylesiu abp Henryk Hoser podczas odwiedzin z okazji \u015awiatowego Dnia Chorego.<\/span><\/span><\/span><\/p>\n<p style=\"text-align: justify;\" align=\"left\"><span style=\"color: #000000;\"><span style=\"font-family: Arial, sans-serif;\"><span style=\"font-size: large;\">Urodzi\u0142a si\u0119 15 grudnia 1930 roku w Rzymie. By\u0142a weso\u0142ym, energicznym dzieckiem. Jak wielu jej r\u00f3wie\u015bnik\u00f3w czasem niegrzecznym, ale potrafi\u0105cym przeprosi\u0107 i wynagrodzi\u0107 za z\u0142e zachowanie. &#8211; Bardzo dojrza\u0142e duchowo dziecko &#8211; m\u00f3wi\u0142y siostry zakonne z przedszkola, do kt\u00f3rego rodzice pos\u0142ali Nennolin\u0119, kiedy sko\u0144czy\u0142a 3 latka. Antonietta urodzi\u0142a si\u0119 w zamo\u017cnej rzymskiej rodzinie. Obydwoje rodzice codziennie odmawiali R\u00f3\u017caniec i chodzili na Msz\u0119 \u015bw. <\/span><\/span><\/span><\/p>\n<p style=\"text-align: justify;\" align=\"left\"><span style=\"color: #000000;\"><span style=\"font-family: Arial, sans-serif;\"><span style=\"font-size: large;\">Wiosenny dzie\u0144 1936 r. sta\u0142 si\u0119 dla nich pocz\u0105tkiem trudnych do\u015bwiadcze\u0144. Nennolina mia\u0142a wtedy 6 lat. Bawi\u0105c si\u0119 w ogrodzie potkn\u0119\u0142a si\u0119 o kamie\u0144. Rozbi\u0142a kolano. Nie by\u0142o to zwyk\u0142e st\u0142uczenie. Lekarze rozpoznali zaawansowany nowotw\u00f3r: kostniakomi\u0119sak. Zdecydowali o amputowaniu lewej n\u00f3\u017cki. Dla rodziny by\u0142 to ogromny cios. Nennolina zachowywa\u0142a pogod\u0119 ducha. Co wi\u0119cej &#8211; potrafi\u0142a cieszy\u0107 si\u0119, \u017ce swoje cierpienie mo\u017ce ofiarowa\u0107 Jezusowi. Nie skar\u017cy\u0142a si\u0119, kiedy z ka\u017cdym dniem przemieszczanie si\u0119 na zamontowanej protezie kosztowa\u0142o coraz wi\u0119cej wysi\u0142ku. <\/span><\/span><\/span><\/p>\n<p style=\"text-align: justify;\" align=\"left\"><span style=\"color: #000000;\"><span style=\"font-family: Arial, sans-serif;\"><span style=\"font-size: large;\">Zacz\u0119\u0142a pisa\u0107 &#8211; najpierw dyktowa\u0142a je mamie &#8211; listy: do taty, swojej siostry Margherity, do Boga Ojca, Jezusa, Matki Bo\u017cej, Tr\u00f3jcy \u015awi\u0119tej, do Anio\u0142a Str\u00f3\u017ca i do Ducha \u015awi\u0119tego. Listy wk\u0142ada\u0142a do szafki, na kt\u00f3rej sta\u0142a figurka Dzieci\u0105tka Jezus. Wierzy\u0142a, \u017ce Jezus przeczyta korespondencj\u0119: &#8222;Najukocha\u0144szy Jezu (&#8230;) ja daruj\u0119 Tobie Moje serce. Kochana Matko Bo\u017ca, Ty jeste\u015b bardzo dobra, we\u017a moje serce i zanie\u015b do Jezusa.&#8221; &#8222;Prosz\u0119 Ciebie dla jednego grzesznika, kt\u00f3ry jak wiesz le\u017cy w szpitalu San Giovanni&#8221;. Innym razem prosi\u0142a Jezusa, by uwolni\u0142 dusze z czy\u015b\u0107ca: &#8222;Kochany Jezu, znosz\u0119 t\u0119 chorob\u0119, aby wesz\u0142y do nieba liczne dusze, aby Ciebie uwielbia\u0107&#8221;. Potrafi\u0142a zgadza\u0107 si\u0119 na wol\u0119 Bo\u017c\u0105: &#8222;Chcia\u0142abym nigdy nie chorowa\u0107 (&#8230;). Je\u015bli chcesz, spraw, bym zacz\u0119\u0142a chodzi\u0107, ale je\u015bli nie chcesz tego &#8211; fiat voluntas Tua (niech b\u0119dzie wola Twoja)&#8221; Przy bolesnych zmianach opatrunk\u00f3w mawia\u0142a &#8222;Teraz jad\u0119 jako misjonarka do Afryki&#8221;.<\/span><\/span><\/span><\/p>\n<p style=\"text-align: justify;\" align=\"left\"><span style=\"color: #000000;\"><span style=\"font-family: Arial, sans-serif;\"><span style=\"font-size: large;\">Rodzice przygotowali j\u0105 do Pierwszej Komunii \u015awi\u0119tej, kt\u00f3r\u0105 przyj\u0119\u0142a w czasie pasterki w 1936 r.. a ju\u017c w maju &#8211; sakrament bierzmowania. Wtedy ju\u017c jej stan znacz\u0105co si\u0119 pogorszy\u0142, by\u0142y przerzuty, Nennolina z trudno\u015bci\u0105 oddycha\u0142a i nie mog\u0142a siedzie\u0107. Mimo to ci\u0105gle si\u0119 modli\u0142a. Prosi\u0142a, \u017ceby kap\u0142an przychodzi\u0142 codziennie z Komuni\u0105 \u015bw., a 2 czerwca podyktowa\u0142a ostatni list: &#8222;Najukocha\u0144szy, ukrzy\u017cowany Jezu, ja Ciebie bardzo kocham! Chcia\u0142abym by\u0107 przy Tobie na g\u00f3rze Kalwarii. (&#8230;) daj mi koniecznie si\u0142\u0119 znosi\u0107 te cierpienia, kt\u00f3re za grzesznika ofiarowa\u0142am&#8221;. Wezwany dr Vecchi, lekarz domu papieskiego, zdumiony by\u0142, jak bez s\u0142owa skargi ma\u0142e dziecko mo\u017ce znosi\u0107 b\u00f3l. Jeden z list\u00f3w Nennoliny do Jezusa zani\u00f3s\u0142 Ojcu \u015awi\u0119temu Piusowi XI. Nast\u0119pnego dnia rano papie\u017c wys\u0142a\u0142 do domu pa\u0144stwa Meo specjaln\u0105 delegacj\u0119 z b\u0142ogos\u0142awie\u0144stwem dla dziecka. Nennolina zmar\u0142a 3 lipca 1937 r., w sobot\u0119, dzie\u0144 po\u015bwi\u0119cony Matce Bo\u017cej.<\/span><\/span><\/span><\/p>\n<div id=\"attachment_5555\" style=\"width: 210px\" class=\"wp-caption aligncenter\"><a href=\"https:\/\/i0.wp.com\/pabianice.misjonarze.pl\/wp-content\/uploads\/DSC_7049-scaled.jpg?ssl=1\" rel=\"lightbox[1605]\"><img data-recalc-dims=\"1\" loading=\"lazy\" decoding=\"async\" aria-describedby=\"caption-attachment-5555\" class=\"wp-image-5555 size-medium\" src=\"https:\/\/i0.wp.com\/pabianice.misjonarze.pl\/wp-content\/uploads\/DSC_7049.jpg?resize=200%2C300&#038;ssl=1\" alt=\"\" width=\"200\" height=\"300\" srcset=\"https:\/\/i0.wp.com\/pabianice.misjonarze.pl\/wp-content\/uploads\/DSC_7049-scaled.jpg?resize=200%2C300&amp;ssl=1 200w, https:\/\/i0.wp.com\/pabianice.misjonarze.pl\/wp-content\/uploads\/DSC_7049-scaled.jpg?resize=683%2C1024&amp;ssl=1 683w, https:\/\/i0.wp.com\/pabianice.misjonarze.pl\/wp-content\/uploads\/DSC_7049-scaled.jpg?resize=100%2C150&amp;ssl=1 100w, https:\/\/i0.wp.com\/pabianice.misjonarze.pl\/wp-content\/uploads\/DSC_7049-scaled.jpg?resize=768%2C1152&amp;ssl=1 768w, https:\/\/i0.wp.com\/pabianice.misjonarze.pl\/wp-content\/uploads\/DSC_7049-scaled.jpg?resize=1024%2C1536&amp;ssl=1 1024w, https:\/\/i0.wp.com\/pabianice.misjonarze.pl\/wp-content\/uploads\/DSC_7049-scaled.jpg?resize=1365%2C2048&amp;ssl=1 1365w, https:\/\/i0.wp.com\/pabianice.misjonarze.pl\/wp-content\/uploads\/DSC_7049-scaled.jpg?resize=725%2C1088&amp;ssl=1 725w, https:\/\/i0.wp.com\/pabianice.misjonarze.pl\/wp-content\/uploads\/DSC_7049-scaled.jpg?w=1707&amp;ssl=1 1707w\" sizes=\"auto, (max-width: 200px) 100vw, 200px\" \/><\/a><p id=\"caption-attachment-5555\" class=\"wp-caption-text\">Dom rodzinny Nennoliny przy via Statilia w Rzymie<\/p><\/div>\n<p style=\"text-align: justify;\" align=\"left\"><span style=\"color: #000000;\"><span style=\"font-family: Arial, sans-serif;\"><span style=\"font-size: large;\">Jej proces beatyfikacyjny rozpocz\u0105\u0142 si\u0119 ju\u017c w 1942 r., a zako\u0144czy\u0142 30 lat p\u00f3\u017aniej. W\u00f3wczas w Ko\u015bciele katolickim zatwierdzane by\u0142y tylko beatyfikacje dzieci, kt\u00f3re ponios\u0142y m\u0119cze\u0144sk\u0105 \u015bmier\u0107. W 1981 r. watyka\u0144ska Kongregacja Spraw Kanonizacyjnych og\u0142osi\u0142a dekret o heroiczno\u015bci cn\u00f3t Antonietty Meo. Obecnie badany jest przypadek uzdrowienia za jej wstawiennictwem z marsko\u015bci w\u0105troby kobiety z Indiany. Spe\u0142niaj\u0105 si\u0119 misyjne marzenia Nennoliny: w Burundi i w Peru dzia\u0142aj\u0105 centra jej imienia pomagaj\u0105ce sierotom. W Mozambiku powstaje o\u015brodek pomocy chorym na AIDS. Jedna z pracuj\u0105cych w Chinach zakonnic przyj\u0119\u0142a imi\u0119 Nennolina. Szcz\u0105tki s\u0142ugi Bo\u017cej Antonietty 3 maja 1999 r. przeniesione zosta\u0142y z cmentarza Verano do bazyliki Santa Croce in Gerusalemme w Rzymie &#8211; \u015bwi\u0105tyni, w kt\u00f3rej znajduj\u0105 si\u0119 relikwie Krzy\u017ca \u015awi\u0119tego. Opodal mie\u015bci si\u0119 dom rodzinny Nennoliny.<\/span><\/span><\/span><\/p>\n<div id=\"attachment_4426\" style=\"width: 310px\" class=\"wp-caption alignleft\"><a href=\"https:\/\/i0.wp.com\/pabianice.misjonarze.pl\/wp-content\/uploads\/DSC_6981-scaled.jpg?ssl=1\" rel=\"lightbox[1605]\"><img data-recalc-dims=\"1\" loading=\"lazy\" decoding=\"async\" aria-describedby=\"caption-attachment-4426\" class=\"wp-image-4426 size-medium\" src=\"https:\/\/i0.wp.com\/pabianice.misjonarze.pl\/wp-content\/uploads\/DSC_6981.jpg?resize=300%2C200&#038;ssl=1\" alt=\"\" width=\"300\" height=\"200\" srcset=\"https:\/\/i0.wp.com\/pabianice.misjonarze.pl\/wp-content\/uploads\/DSC_6981-scaled.jpg?resize=300%2C200&amp;ssl=1 300w, https:\/\/i0.wp.com\/pabianice.misjonarze.pl\/wp-content\/uploads\/DSC_6981-scaled.jpg?resize=1024%2C683&amp;ssl=1 1024w, https:\/\/i0.wp.com\/pabianice.misjonarze.pl\/wp-content\/uploads\/DSC_6981-scaled.jpg?resize=150%2C100&amp;ssl=1 150w, https:\/\/i0.wp.com\/pabianice.misjonarze.pl\/wp-content\/uploads\/DSC_6981-scaled.jpg?resize=768%2C512&amp;ssl=1 768w, https:\/\/i0.wp.com\/pabianice.misjonarze.pl\/wp-content\/uploads\/DSC_6981-scaled.jpg?resize=1536%2C1024&amp;ssl=1 1536w, https:\/\/i0.wp.com\/pabianice.misjonarze.pl\/wp-content\/uploads\/DSC_6981-scaled.jpg?resize=2048%2C1365&amp;ssl=1 2048w, https:\/\/i0.wp.com\/pabianice.misjonarze.pl\/wp-content\/uploads\/DSC_6981-scaled.jpg?resize=725%2C483&amp;ssl=1 725w\" sizes=\"auto, (max-width: 300px) 100vw, 300px\" \/><\/a><p id=\"caption-attachment-4426\" class=\"wp-caption-text\">Rzeczy osobiste Nennoliny.\u00a0 Jej ubranka w wi\u0119kszo\u015bci wykonane by\u0142y przez jej mam\u0119-Mari\u0119 Meo<\/p><\/div>\n<div id=\"attachment_4427\" style=\"width: 310px\" class=\"wp-caption alignleft\"><a href=\"https:\/\/i0.wp.com\/pabianice.misjonarze.pl\/wp-content\/uploads\/DSC_6983-scaled.jpg?ssl=1\" rel=\"lightbox[1605]\"><img data-recalc-dims=\"1\" loading=\"lazy\" decoding=\"async\" aria-describedby=\"caption-attachment-4427\" class=\"wp-image-4427 size-medium\" src=\"https:\/\/i0.wp.com\/pabianice.misjonarze.pl\/wp-content\/uploads\/DSC_6983.jpg?resize=300%2C200&#038;ssl=1\" alt=\"\" width=\"300\" height=\"200\" srcset=\"https:\/\/i0.wp.com\/pabianice.misjonarze.pl\/wp-content\/uploads\/DSC_6983-scaled.jpg?resize=300%2C200&amp;ssl=1 300w, https:\/\/i0.wp.com\/pabianice.misjonarze.pl\/wp-content\/uploads\/DSC_6983-scaled.jpg?resize=1024%2C683&amp;ssl=1 1024w, https:\/\/i0.wp.com\/pabianice.misjonarze.pl\/wp-content\/uploads\/DSC_6983-scaled.jpg?resize=150%2C100&amp;ssl=1 150w, https:\/\/i0.wp.com\/pabianice.misjonarze.pl\/wp-content\/uploads\/DSC_6983-scaled.jpg?resize=768%2C512&amp;ssl=1 768w, https:\/\/i0.wp.com\/pabianice.misjonarze.pl\/wp-content\/uploads\/DSC_6983-scaled.jpg?resize=1536%2C1024&amp;ssl=1 1536w, https:\/\/i0.wp.com\/pabianice.misjonarze.pl\/wp-content\/uploads\/DSC_6983-scaled.jpg?resize=2048%2C1365&amp;ssl=1 2048w, https:\/\/i0.wp.com\/pabianice.misjonarze.pl\/wp-content\/uploads\/DSC_6983-scaled.jpg?resize=725%2C483&amp;ssl=1 725w\" sizes=\"auto, (max-width: 300px) 100vw, 300px\" \/><\/a><p id=\"caption-attachment-4427\" class=\"wp-caption-text\">Orygina\u0142 jednego z list\u00f3w do Pana Jezusa<\/p><\/div>\n<div id=\"attachment_4428\" style=\"width: 310px\" class=\"wp-caption alignleft\"><a href=\"https:\/\/i0.wp.com\/pabianice.misjonarze.pl\/wp-content\/uploads\/DSC_6985-scaled.jpg?ssl=1\" rel=\"lightbox[1605]\"><img data-recalc-dims=\"1\" loading=\"lazy\" decoding=\"async\" aria-describedby=\"caption-attachment-4428\" class=\"wp-image-4428 size-medium\" src=\"https:\/\/i0.wp.com\/pabianice.misjonarze.pl\/wp-content\/uploads\/DSC_6985.jpg?resize=300%2C200&#038;ssl=1\" alt=\"\" width=\"300\" height=\"200\" srcset=\"https:\/\/i0.wp.com\/pabianice.misjonarze.pl\/wp-content\/uploads\/DSC_6985-scaled.jpg?resize=300%2C200&amp;ssl=1 300w, https:\/\/i0.wp.com\/pabianice.misjonarze.pl\/wp-content\/uploads\/DSC_6985-scaled.jpg?resize=1024%2C683&amp;ssl=1 1024w, https:\/\/i0.wp.com\/pabianice.misjonarze.pl\/wp-content\/uploads\/DSC_6985-scaled.jpg?resize=150%2C100&amp;ssl=1 150w, https:\/\/i0.wp.com\/pabianice.misjonarze.pl\/wp-content\/uploads\/DSC_6985-scaled.jpg?resize=768%2C512&amp;ssl=1 768w, https:\/\/i0.wp.com\/pabianice.misjonarze.pl\/wp-content\/uploads\/DSC_6985-scaled.jpg?resize=1536%2C1024&amp;ssl=1 1536w, https:\/\/i0.wp.com\/pabianice.misjonarze.pl\/wp-content\/uploads\/DSC_6985-scaled.jpg?resize=2048%2C1365&amp;ssl=1 2048w, https:\/\/i0.wp.com\/pabianice.misjonarze.pl\/wp-content\/uploads\/DSC_6985-scaled.jpg?resize=725%2C483&amp;ssl=1 725w\" sizes=\"auto, (max-width: 300px) 100vw, 300px\" \/><\/a><p id=\"caption-attachment-4428\" class=\"wp-caption-text\">Pami\u0105tki po Nennolinie<\/p><\/div>\n<div id=\"attachment_1608\" style=\"width: 310px\" class=\"wp-caption alignleft\"><a href=\"https:\/\/i0.wp.com\/pabianice.misjonarze.pl\/wp-content\/uploads\/DSC_6975.jpg?ssl=1\" rel=\"lightbox[1605]\"><img data-recalc-dims=\"1\" loading=\"lazy\" decoding=\"async\" aria-describedby=\"caption-attachment-1608\" class=\"wp-image-1608 size-medium\" src=\"https:\/\/i0.wp.com\/pabianice.misjonarze.pl\/wp-content\/uploads\/DSC_6975.jpg?resize=300%2C200&#038;ssl=1\" alt=\"\" width=\"300\" height=\"200\" srcset=\"https:\/\/i0.wp.com\/pabianice.misjonarze.pl\/wp-content\/uploads\/DSC_6975.jpg?resize=300%2C200&amp;ssl=1 300w, https:\/\/i0.wp.com\/pabianice.misjonarze.pl\/wp-content\/uploads\/DSC_6975.jpg?resize=150%2C100&amp;ssl=1 150w, https:\/\/i0.wp.com\/pabianice.misjonarze.pl\/wp-content\/uploads\/DSC_6975.jpg?resize=768%2C512&amp;ssl=1 768w, https:\/\/i0.wp.com\/pabianice.misjonarze.pl\/wp-content\/uploads\/DSC_6975.jpg?resize=1024%2C683&amp;ssl=1 1024w, https:\/\/i0.wp.com\/pabianice.misjonarze.pl\/wp-content\/uploads\/DSC_6975.jpg?resize=725%2C483&amp;ssl=1 725w, https:\/\/i0.wp.com\/pabianice.misjonarze.pl\/wp-content\/uploads\/DSC_6975.jpg?w=2000&amp;ssl=1 2000w, https:\/\/i0.wp.com\/pabianice.misjonarze.pl\/wp-content\/uploads\/DSC_6975.jpg?w=3000&amp;ssl=1 3000w\" sizes=\"auto, (max-width: 300px) 100vw, 300px\" \/><\/a><p id=\"caption-attachment-1608\" class=\"wp-caption-text\">Rzeczy osobiste Antonietty (w tym laseczka)<\/p><\/div>\n<div id=\"attachment_1609\" style=\"width: 310px\" class=\"wp-caption alignleft\"><a href=\"https:\/\/i0.wp.com\/pabianice.misjonarze.pl\/wp-content\/uploads\/DSC_6976.jpg?ssl=1\" rel=\"lightbox[1605]\"><img data-recalc-dims=\"1\" loading=\"lazy\" decoding=\"async\" aria-describedby=\"caption-attachment-1609\" class=\"wp-image-1609 size-medium\" src=\"https:\/\/i0.wp.com\/pabianice.misjonarze.pl\/wp-content\/uploads\/DSC_6976.jpg?resize=300%2C200&#038;ssl=1\" alt=\"\" width=\"300\" height=\"200\" srcset=\"https:\/\/i0.wp.com\/pabianice.misjonarze.pl\/wp-content\/uploads\/DSC_6976.jpg?resize=300%2C200&amp;ssl=1 300w, https:\/\/i0.wp.com\/pabianice.misjonarze.pl\/wp-content\/uploads\/DSC_6976.jpg?resize=150%2C100&amp;ssl=1 150w, https:\/\/i0.wp.com\/pabianice.misjonarze.pl\/wp-content\/uploads\/DSC_6976.jpg?resize=768%2C512&amp;ssl=1 768w, https:\/\/i0.wp.com\/pabianice.misjonarze.pl\/wp-content\/uploads\/DSC_6976.jpg?resize=1024%2C683&amp;ssl=1 1024w, https:\/\/i0.wp.com\/pabianice.misjonarze.pl\/wp-content\/uploads\/DSC_6976.jpg?resize=725%2C483&amp;ssl=1 725w, https:\/\/i0.wp.com\/pabianice.misjonarze.pl\/wp-content\/uploads\/DSC_6976.jpg?w=2000&amp;ssl=1 2000w, https:\/\/i0.wp.com\/pabianice.misjonarze.pl\/wp-content\/uploads\/DSC_6976.jpg?w=3000&amp;ssl=1 3000w\" sizes=\"auto, (max-width: 300px) 100vw, 300px\" \/><\/a><p id=\"caption-attachment-1609\" class=\"wp-caption-text\">Pami\u0105tki po Nennolinie<\/p><\/div>\n<div id=\"attachment_1607\" style=\"width: 310px\" class=\"wp-caption alignleft\"><a href=\"https:\/\/i0.wp.com\/pabianice.misjonarze.pl\/wp-content\/uploads\/DSC_6968.jpg?ssl=1\" rel=\"lightbox[1605]\"><img data-recalc-dims=\"1\" loading=\"lazy\" decoding=\"async\" aria-describedby=\"caption-attachment-1607\" class=\"wp-image-1607 size-medium\" src=\"https:\/\/i0.wp.com\/pabianice.misjonarze.pl\/wp-content\/uploads\/DSC_6968.jpg?resize=300%2C200&#038;ssl=1\" alt=\"\" width=\"300\" height=\"200\" srcset=\"https:\/\/i0.wp.com\/pabianice.misjonarze.pl\/wp-content\/uploads\/DSC_6968.jpg?resize=300%2C200&amp;ssl=1 300w, https:\/\/i0.wp.com\/pabianice.misjonarze.pl\/wp-content\/uploads\/DSC_6968.jpg?resize=150%2C100&amp;ssl=1 150w, https:\/\/i0.wp.com\/pabianice.misjonarze.pl\/wp-content\/uploads\/DSC_6968.jpg?resize=768%2C512&amp;ssl=1 768w, https:\/\/i0.wp.com\/pabianice.misjonarze.pl\/wp-content\/uploads\/DSC_6968.jpg?resize=1024%2C683&amp;ssl=1 1024w, https:\/\/i0.wp.com\/pabianice.misjonarze.pl\/wp-content\/uploads\/DSC_6968.jpg?resize=725%2C483&amp;ssl=1 725w, https:\/\/i0.wp.com\/pabianice.misjonarze.pl\/wp-content\/uploads\/DSC_6968.jpg?w=2000&amp;ssl=1 2000w, https:\/\/i0.wp.com\/pabianice.misjonarze.pl\/wp-content\/uploads\/DSC_6968.jpg?w=3000&amp;ssl=1 3000w\" sizes=\"auto, (max-width: 300px) 100vw, 300px\" \/><\/a><p id=\"caption-attachment-1607\" class=\"wp-caption-text\">Gr\u00f3b Nennoliny w Rzymie w bocznej kaplicy bazyliki Santa Croce in Gerusalemme (\u015awi\u0119tego Krzy\u017ca z Jerozolimy)<\/p><\/div>\n","protected":false},"excerpt":{"rendered":"<p>Toczy si\u0119 proces beatyfikacyjny ma\u0142ej W\u0142oszki, kt\u00f3ra zmar\u0142a w wieku sze\u015bciu lat, a przed \u015bmierci\u0105 pisa\u0142a listy do Pana Jezusa. Nennolina &#8211; jak nazywano Antoniett\u0119 Meo &#8211; mo\u017ce zosta\u0107 najm\u0142odsz\u0105 b\u0142ogos\u0142awion\u0105 w historii Ko\u015bcio\u0142a.&#46;&#46;&#46;<\/p>\n","protected":false},"author":1,"featured_media":0,"parent":0,"menu_order":0,"comment_status":"closed","ping_status":"closed","template":"","meta":{"jetpack_post_was_ever_published":false,"footnotes":""},"class_list":["post-1605","page","type-page","status-publish","hentry"],"jetpack_sharing_enabled":true,"jetpack_shortlink":"https:\/\/wp.me\/PakDx7-pT","_links":{"self":[{"href":"https:\/\/pabianice.misjonarze.pl\/index.php?rest_route=\/wp\/v2\/pages\/1605","targetHints":{"allow":["GET"]}}],"collection":[{"href":"https:\/\/pabianice.misjonarze.pl\/index.php?rest_route=\/wp\/v2\/pages"}],"about":[{"href":"https:\/\/pabianice.misjonarze.pl\/index.php?rest_route=\/wp\/v2\/types\/page"}],"author":[{"embeddable":true,"href":"https:\/\/pabianice.misjonarze.pl\/index.php?rest_route=\/wp\/v2\/users\/1"}],"replies":[{"embeddable":true,"href":"https:\/\/pabianice.misjonarze.pl\/index.php?rest_route=%2Fwp%2Fv2%2Fcomments&post=1605"}],"version-history":[{"count":16,"href":"https:\/\/pabianice.misjonarze.pl\/index.php?rest_route=\/wp\/v2\/pages\/1605\/revisions"}],"predecessor-version":[{"id":5633,"href":"https:\/\/pabianice.misjonarze.pl\/index.php?rest_route=\/wp\/v2\/pages\/1605\/revisions\/5633"}],"wp:attachment":[{"href":"https:\/\/pabianice.misjonarze.pl\/index.php?rest_route=%2Fwp%2Fv2%2Fmedia&parent=1605"}],"curies":[{"name":"wp","href":"https:\/\/api.w.org\/{rel}","templated":true}]}}