{"id":1219,"date":"2018-10-22T22:43:08","date_gmt":"2018-10-22T20:43:08","guid":{"rendered":"http:\/\/pabianice.misjonarze.pl\/?page_id=1219"},"modified":"2019-09-23T10:10:34","modified_gmt":"2019-09-23T08:10:34","slug":"rodzina-wincentynska","status":"publish","type":"page","link":"https:\/\/pabianice.misjonarze.pl\/?page_id=1219","title":{"rendered":"Rodzina Wincenty\u0144ska"},"content":{"rendered":"<div id=\"attachment_1221\" style=\"width: 310px\" class=\"wp-caption alignleft\"><a href=\"https:\/\/i0.wp.com\/pabianice.misjonarze.pl\/wp-content\/uploads\/rodzina-wincentynska.jpg\" rel=\"lightbox[1219]\"><img data-recalc-dims=\"1\" loading=\"lazy\" decoding=\"async\" aria-describedby=\"caption-attachment-1221\" class=\"wp-image-1221 size-medium\" src=\"https:\/\/i0.wp.com\/pabianice.misjonarze.pl\/wp-content\/uploads\/rodzina-wincentynska-300x200.jpg?resize=300%2C200\" alt=\"\" width=\"300\" height=\"200\" srcset=\"https:\/\/i0.wp.com\/pabianice.misjonarze.pl\/wp-content\/uploads\/rodzina-wincentynska.jpg?resize=300%2C200&amp;ssl=1 300w, https:\/\/i0.wp.com\/pabianice.misjonarze.pl\/wp-content\/uploads\/rodzina-wincentynska.jpg?resize=150%2C100&amp;ssl=1 150w, https:\/\/i0.wp.com\/pabianice.misjonarze.pl\/wp-content\/uploads\/rodzina-wincentynska.jpg?resize=768%2C512&amp;ssl=1 768w, https:\/\/i0.wp.com\/pabianice.misjonarze.pl\/wp-content\/uploads\/rodzina-wincentynska.jpg?w=1024&amp;ssl=1 1024w, https:\/\/i0.wp.com\/pabianice.misjonarze.pl\/wp-content\/uploads\/rodzina-wincentynska.jpg?resize=725%2C484&amp;ssl=1 725w\" sizes=\"auto, (max-width: 300px) 100vw, 300px\" \/><\/a><p id=\"caption-attachment-1221\" class=\"wp-caption-text\">G\u0142\u00f3wne konary Rodziny Wincenty\u0144skiej<\/p><\/div>\n<p style=\"text-align: justify;\" align=\"left\"><span style=\"font-family: arial, helvetica, sans-serif; font-size: 14pt; color: #333300;\"><strong>W szerokim rozumieniu do Rodziny Wincenty\u0144skiej nale\u017c\u0105 wszystkie instytucje,\u00a0kt\u00f3re bezpo\u015brednio lub po\u015brednio inspiruj\u0105 si\u0119 my\u015bl\u0105 i duchowo\u015bci\u0105 \u015bw. Wincentego a\u00a0Paulo.<\/strong> Zosta\u0142y one za\u0142o\u017cone przez samego \u015bw. Wincentego a Paulo, albo znalaz\u0142y w\u00a0nim i jego dzia\u0142alno\u015bci, \u017ar\u00f3d\u0142o inspiracji w s\u0142u\u017cbie ubogim. W zale\u017cno\u015bci od stopnia zbli\u017cenia i specyfiki ka\u017cdej ga\u0142\u0119zi, Rodzina Wincenty\u0144ska liczy 165 ga\u0142\u0119zi, kt\u00f3re\u00a0maj\u0105 wsp\u00f3lny pie\u0144 (dziedzictwo): uznanie \u015bw. Wincentego za za\u0142o\u017cyciela albo \u017ar\u00f3d\u0142o\u00a0inspiracji; zdecydowane ukierunkowanie na s\u0142u\u017cb\u0119 ubogim; natchnienie w osobie \u015bw.\u00a0Wincentego ze szczeg\u00f3lnym akcentem na mi\u0142o\u015b\u0107 konkretn\u0105 i praktyczn\u0105,\u00a0podejmowan\u0105 w duchu prostoty i pokory.<\/span><\/p>\n<p style=\"text-align: justify;\" align=\"left\"><span style=\"font-family: arial, helvetica, sans-serif; font-size: 14pt; color: #333300;\">Ponad 400 lat temu \u015bw. Wincenty rozpocz\u0105\u0142 we Francji przygod\u0119 s\u0142u\u017cby i\u00a0ewangelizowania ubogich. Zaprosi\u0142 do niej i \u201etchn\u0105\u0142 w nich swego ducha\u201d \u2013 m\u0119\u017cczyzn i kobiety owego czasu. Zach\u0119ca\u0142, by wychodzili z w\u0142asnego \u015bwiata i egoizmu i szli na\u00a0spotkanie ubogich, by troszczyli si\u0119 o wszystkie ich potrzeby materialne i duchowe z\u00a0tym przekonaniem, \u017ce s\u0142u\u017c\u0105c ubogim, s\u0142u\u017c\u0105 Jezusowi Chrystusowi. <\/span><\/p>\n<p style=\"text-align: justify;\" align=\"left\"><span style=\"font-family: arial, helvetica, sans-serif; font-size: 14pt; color: #333300;\">\u015awi\u0119ty Wincenty rozpocz\u0105\u0142 organizowanie \u201erodziny\u201d od zebrania ma\u0142ej grupy kobiet, aby przyj\u015b\u0107 z elementarn\u0105 pomoc\u0105 ludziom ubogim. Grupie dano nazw\u0119: Bractwo Mi\u0142osierdzia.\u00a0Zg\u0142aszali si\u0119 te\u017c do niego ksi\u0119\u017ca aby prowadzi\u0107 ewangelizacj\u0119 ubogich mieszka\u0144c\u00f3w\u00a0wsi. By\u0142 to zal\u0105\u017cek Zgromadzenia Misji. Uzupe\u0142ni\u0142 swe dzie\u0142o, gromadz\u0105c wraz ze \u015bw. Ludwika de Marillac, wiejskie dziewcz\u0119ta, ca\u0142kowicie i na sta\u0142e oddane\u00a0Bogu, by s\u0142u\u017cy\u0107 najubo\u017cszym. By\u0142 to pocz\u0105tek Zgromadzenia Si\u00f3str Mi\u0142osierdzia.<\/span><\/p>\n<p style=\"text-align: justify;\" align=\"left\"><span style=\"font-family: arial, helvetica, sans-serif; font-size: 14pt; color: #333300;\">Dzie\u0142o Wincentego przetrwa\u0142o i rozwija si\u0119 w licznych krajach na globie, gdzie \u017cyje\u00a0jego charyzmat w wielu stowarzyszeniach i zgromadzeniach. Prze\u017cywanie przez nas\u00a0wszystkich odpowiedzialno\u015bci za ten wsp\u00f3lny charyzmat tworzy szczeg\u00f3ln\u0105 rodzin\u0119,\u00a0nasz\u0105 wielk\u0105 Rodzin\u0119 Wincenty\u0144sk\u0105.<\/span><\/p>\n<p style=\"text-align: justify;\" align=\"left\"><span style=\"text-decoration: underline;\"><span style=\"font-family: arial, helvetica, sans-serif; font-size: 14pt; color: #993300; text-decoration: underline;\">G\u0142\u00f3wne konary Rodziny Wincenty\u0144skiej, kt\u00f3re s\u0105 ze sob\u0105 \u015bci\u015ble powi\u0105zane to:<\/span><\/span><\/p>\n<p style=\"text-align: justify;\" align=\"left\"><span style=\"font-family: arial, helvetica, sans-serif; font-size: 14pt; color: #993300;\">1. Mi\u0119dzynarodowe Stowarzyszenie Bractw Mi\u0142osierdzia (AIC),<\/span><\/p>\n<p style=\"text-align: justify;\" align=\"left\"><span style=\"font-family: arial, helvetica, sans-serif; font-size: 14pt; color: #993300;\">2. Zgromadzenie Ksi\u0119\u017cy Misjonarzy (CM),<\/span><\/p>\n<p style=\"text-align: justify;\" align=\"left\"><span style=\"font-family: arial, helvetica, sans-serif; font-size: 14pt; color: #993300;\">3. Zgromadzenie Si\u00f3str Mi\u0142osierdzia (FdlC),<\/span><\/p>\n<p style=\"text-align: justify;\" align=\"left\"><span style=\"font-family: arial, helvetica, sans-serif; font-size: 14pt; color: #993300;\">4. Stowarzyszenie \u015bw. Wincentego a Paulo (SSVP),<\/span><\/p>\n<p style=\"text-align: justify;\" align=\"left\"><span style=\"font-family: arial, helvetica, sans-serif; font-size: 14pt; color: #993300;\">5. Wincenty\u0144ska M\u0142odzie\u017c Maryjna (JMV),<\/span><\/p>\n<p style=\"text-align: justify;\" align=\"left\"><span style=\"font-family: arial, helvetica, sans-serif; font-size: 14pt; color: #993300;\">6. Stowarzyszenie Cudownego Medalika (AMM)<\/span><\/p>\n<p style=\"text-align: justify;\"><span style=\"font-family: arial, helvetica, sans-serif; font-size: 14pt; color: #993300;\">7. \u015awieccy Misjonarze Wincenty\u0144scy (MISEVI).<\/span><\/p>\n","protected":false},"excerpt":{"rendered":"<p>W szerokim rozumieniu do Rodziny Wincenty\u0144skiej nale\u017c\u0105 wszystkie instytucje,\u00a0kt\u00f3re bezpo\u015brednio lub po\u015brednio inspiruj\u0105 si\u0119 my\u015bl\u0105 i duchowo\u015bci\u0105 \u015bw. Wincentego a\u00a0Paulo. Zosta\u0142y one za\u0142o\u017cone przez samego \u015bw. Wincentego a Paulo, albo znalaz\u0142y w\u00a0nim i jego&#46;&#46;&#46;<\/p>\n","protected":false},"author":1,"featured_media":0,"parent":0,"menu_order":0,"comment_status":"closed","ping_status":"closed","template":"","meta":{"jetpack_post_was_ever_published":false,"footnotes":""},"class_list":["post-1219","page","type-page","status-publish","hentry"],"jetpack_sharing_enabled":true,"jetpack_shortlink":"https:\/\/wp.me\/PakDx7-jF","_links":{"self":[{"href":"https:\/\/pabianice.misjonarze.pl\/index.php?rest_route=\/wp\/v2\/pages\/1219","targetHints":{"allow":["GET"]}}],"collection":[{"href":"https:\/\/pabianice.misjonarze.pl\/index.php?rest_route=\/wp\/v2\/pages"}],"about":[{"href":"https:\/\/pabianice.misjonarze.pl\/index.php?rest_route=\/wp\/v2\/types\/page"}],"author":[{"embeddable":true,"href":"https:\/\/pabianice.misjonarze.pl\/index.php?rest_route=\/wp\/v2\/users\/1"}],"replies":[{"embeddable":true,"href":"https:\/\/pabianice.misjonarze.pl\/index.php?rest_route=%2Fwp%2Fv2%2Fcomments&post=1219"}],"version-history":[{"count":5,"href":"https:\/\/pabianice.misjonarze.pl\/index.php?rest_route=\/wp\/v2\/pages\/1219\/revisions"}],"predecessor-version":[{"id":2123,"href":"https:\/\/pabianice.misjonarze.pl\/index.php?rest_route=\/wp\/v2\/pages\/1219\/revisions\/2123"}],"wp:attachment":[{"href":"https:\/\/pabianice.misjonarze.pl\/index.php?rest_route=%2Fwp%2Fv2%2Fmedia&parent=1219"}],"curies":[{"name":"wp","href":"https:\/\/api.w.org\/{rel}","templated":true}]}}