{"id":1125,"date":"2018-10-15T16:49:43","date_gmt":"2018-10-15T14:49:43","guid":{"rendered":"http:\/\/pabianice.misjonarze.pl\/?page_id=1125"},"modified":"2026-04-09T17:23:15","modified_gmt":"2026-04-09T15:23:15","slug":"msza-swieta-z-modlitwa-o-uzdrowienie","status":"publish","type":"page","link":"https:\/\/pabianice.misjonarze.pl\/?page_id=1125","title":{"rendered":"Msza \u015bwi\u0119ta z modlitw\u0105 o uzdrowienie"},"content":{"rendered":"<p style=\"text-align: justify;\"><span style=\"font-family: verdana, geneva, sans-serif; font-size: 14pt;\">W ka\u017cdy ostatni wtorek miesi\u0105ca odprawiana jest w naszym ko\u015bciele Msza \u015bwi\u0119ta z modlitw\u0105 o uzdrowienie.\u00a0 Prosimy Pana, by zechcia\u0142 spojrze\u0107 w nasze serca i &#8211; przez r\u0119ce Niepokalanej Matki Bo\u017cej &#8211; pragniemy oddawa\u0107 Bogu to, co przeszkadza, co stoi na naszych drogach do \u015bwi\u0119to\u015bci.\u00a0 Prosimy nie tylko o uzdrawianie ducha, ale te\u017c cia\u0142a.\u00a0 I rzeczywi\u015bcie dziej\u0105 si\u0119 cuda, mniejsze i wi\u0119ksze, za kt\u00f3re wychwalamy Pana.<\/span><\/p>\n<p style=\"text-align: justify;\"><strong><span style=\"font-family: arial, helvetica, sans-serif; font-size: 18pt; color: #ff0000;\">UWAGA! Najbli\u017csza Msza \u015bwi\u0119ta\u00a0 odprawiona zostanie 28 kwietnia 2026<\/span><span style=\"font-family: arial, helvetica, sans-serif; font-size: 18pt; color: #ff0000;\">\u00a0o 18.00.<\/span><span style=\"font-family: arial, helvetica, sans-serif; font-size: 18pt; color: #ff0000;\"> Rozpoczynamy modlitw\u0105 r\u00f3\u017ca\u0144cow\u0105 o 17.30.<\/span><\/strong><\/p>\n<p>&nbsp;<\/p>\n<p><span style=\"font-family: 'trebuchet ms', geneva, sans-serif; font-size: 18pt;\">Intencje mo\u017cna przesy\u0142a\u0107 korzystaj\u0105c z formularza na dole strony.<\/span><\/p>\n<p style=\"text-align: justify;\"><span style=\"font-family: arial, helvetica, sans-serif; font-size: 14pt;\"><img data-recalc-dims=\"1\" loading=\"lazy\" decoding=\"async\" class=\"size-medium wp-image-1154 alignright\" src=\"https:\/\/i0.wp.com\/pabianice.misjonarze.pl\/wp-content\/uploads\/DSC_6320-300x200.jpg?resize=300%2C200\" alt=\"\" width=\"300\" height=\"200\" srcset=\"https:\/\/i0.wp.com\/pabianice.misjonarze.pl\/wp-content\/uploads\/DSC_6320.jpg?resize=300%2C200&amp;ssl=1 300w, https:\/\/i0.wp.com\/pabianice.misjonarze.pl\/wp-content\/uploads\/DSC_6320.jpg?resize=150%2C100&amp;ssl=1 150w, https:\/\/i0.wp.com\/pabianice.misjonarze.pl\/wp-content\/uploads\/DSC_6320.jpg?resize=768%2C512&amp;ssl=1 768w, https:\/\/i0.wp.com\/pabianice.misjonarze.pl\/wp-content\/uploads\/DSC_6320.jpg?resize=1024%2C683&amp;ssl=1 1024w, https:\/\/i0.wp.com\/pabianice.misjonarze.pl\/wp-content\/uploads\/DSC_6320.jpg?resize=725%2C483&amp;ssl=1 725w, https:\/\/i0.wp.com\/pabianice.misjonarze.pl\/wp-content\/uploads\/DSC_6320.jpg?w=2000&amp;ssl=1 2000w, https:\/\/i0.wp.com\/pabianice.misjonarze.pl\/wp-content\/uploads\/DSC_6320.jpg?w=3000&amp;ssl=1 3000w\" sizes=\"auto, (max-width: 300px) 100vw, 300px\" \/><\/span><\/p>\n<p style=\"text-align: justify;\"><span style=\"font-family: arial, helvetica, sans-serif; font-size: 14pt;\">Podczas tych spotka\u0144 z Bogiem pos\u0142uguje nasza parafialna wsp\u00f3lnota <a href=\"http:\/\/pabianice.misjonarze.pl\/?page_id=356\">Odnowy w Duchu \u015awi\u0119tym<\/a>. Rozpoczynamy o godz. 17.30 modlitw\u0105 r\u00f3\u017ca\u0144cow\u0105.\u00a0 O godz. 18.00 odprawiana jest Msza \u015awi\u0119ta z kazaniem, po kt\u00f3rej wystawiony jest Naj\u015bwi\u0119tszy Sakrament.\u00a0 Czuwanie ko\u0144czy si\u0119 indywidualnym b\u0142ogos\u0142awie\u0144stwem Naj\u015bwi\u0119tszym Sakramentem.\u00a0 Podczas Mszy \u015bwi\u0119tej kap\u0142an ofiarowuje wszystkie intencje, z kt\u00f3rymi przychodz\u0105 wierni.\u00a0 Mo\u017cna je sk\u0142ada\u0107 &#8211;\u00a0 zar\u00f3wno dzi\u0119kczynne, jak i b\u0142agalne &#8211; do koszyk\u00f3w przy wej\u015bciu do ko\u015bcio\u0142a.\u00a0 Mo\u017cna te\u017c skorzysta\u0107 z formularza poni\u017cej.\u00a0<\/span><\/p>\n<div data-test='contact-form'\n\t\t\tid='contact-form-1125'\n\t\t\tclass='jetpack-contact-form-container '\n\t\t\tdata-wp-interactive='jetpack\/form' data-wp-context='{\"formId\":\"1125\",\"formHash\":\"6b9eb6b5d649ae35b04df20aad19d306d18c5c24\",\"showErrors\":false,\"errors\":[],\"fields\":[],\"isMultiStep\":false,\"useAjax\":true,\"submissionData\":null,\"formattedSubmissionData\":[],\"submissionSuccess\":false,\"submissionError\":null,\"elementId\":\"jp-form-6b9eb6b5d649ae35b04df20aad19d306d18c5c24\",\"isSingleInputForm\":false,\"isForcedHorizontal\":false}'\n\t\t\tdata-wp-watch--scroll-to-wrapper=\"callbacks.scrollToWrapper\"\n\t\t>\n<div class=\"contact-form-submission contact-form-ajax-submission\" data-wp-bind--aria-hidden=\"state.isSuccessMessageAriaHidden\" data-wp-class--submission-success=\"context.submissionSuccess\" id=\"contact-form-success-6b9eb6b5d649ae35b04df20aad19d306d18c5c24\" tabindex=\"-1\" aria-labelledby=\"contact-form-success-header-6b9eb6b5d649ae35b04df20aad19d306d18c5c24\"><p class=\"go-back-message\"><a class=\"link\" role=\"button\" tabindex=\"0\" data-wp-on--click=\"actions.goBack\" href=\"\/index.php?rest_route=%2Fwp%2Fv2%2Fpages%2F1125\">\u2190 Wstecz<\/a><\/p><h4 data-wp-bind--aria-hidden=\"state.isSuccessMessageAriaHidden\" id=\"contact-form-success-header-6b9eb6b5d649ae35b04df20aad19d306d18c5c24\">Twoja wiadomo\u015b\u0107 zosta\u0142a wys\u0142ana<\/h4>\n\n<template data-wp-each--submission=\"context.formattedSubmissionData\">\n\t\t\t\t\t<div class=\"jetpack_forms_contact-form-success-summary\">\n\t\t\t\t\t\t<div class=\"field-name-wrapper\">\n\t\t\t\t\t\t\t<div class=\"field-type-icon\" data-wp-watch=\"callbacks.watchFieldTypeIcon\"><\/div>\n\t\t\t\t\t\t\t<div class=\"field-name\" data-wp-text=\"context.submission.label\" data-wp-bind--hidden=\"!context.submission.label\"><\/div>\n\t\t\t\t\t\t<\/div>\n\t\t\t\t\t\t<div class=\"field-value\" data-wp-text=\"context.submission.value\" data-wp-bind--hidden=\"!context.submission.showPlainValue\"><\/div>\n\t\t\t\t\t\t<a class=\"field-url\" data-wp-bind--href=\"context.submission.url\" data-wp-text=\"context.submission.value\" data-wp-bind--hidden=\"!context.submission.url\" target=\"_blank\" rel=\"noopener noreferrer\"><\/a>\n\t\t\t\t\t\t<div class=\"field-rating\" data-wp-bind--hidden=\"!context.submission.rating\" data-wp-watch=\"callbacks.watchRatingIcons\"><\/div>\n\t\t\t\t\t\t<div class=\"field-images\" data-wp-bind--hidden=\"!context.submission.images\">\n\t\t\t\t\t\t\t<template data-wp-each--image=\"context.submission.images\">\n\t\t\t\t\t\t\t\t<div class=\"field-image-option\" data-wp-class--is-empty=\"!context.image.src\">\n\t\t\t\t\t\t\t\t\t<figure class=\"field-image-option__image\" data-wp-class--is-empty=\"!context.image.src\">\n\t\t\t\t\t\t\t\t\t\t<img data-wp-bind--src=\"context.image.src\" data-wp-bind--hidden=\"!context.image.src\" \/>\n\t\t\t\t\t\t\t\t\t\t<img decoding=\"async\" src=\"data:image\/gif;base64,R0lGODlhAQABAAD\/ACwAAAAAAQABAAACADs=\" data-wp-bind--hidden=\"context.image.src\" \/>\n\t\t\t\t\t\t\t\t\t<\/figure>\n\t\t\t\t\t\t\t\t\t<div class=\"field-image-option__label-wrapper\">\n\t\t\t\t\t\t\t\t\t\t<span class=\"field-image-option__label-code\" data-wp-text=\"context.image.letterCode\"><\/span>\n\t\t\t\t\t\t\t\t\t\t<span class=\"field-image-option__label\" data-wp-text=\"context.image.label\" data-wp-bind--hidden=\"!context.image.label\"><\/span>\n\t\t\t\t\t\t\t\t\t<\/div>\n\t\t\t\t\t\t\t\t<\/div>\n\t\t\t\t\t\t\t<\/template>\n\t\t\t\t\t\t<\/div>\n\t\t\t\t\t\t<div class=\"field-files\" data-wp-bind--hidden=\"!context.submission.files\">\n\t\t\t\t\t\t\t<template data-wp-each--file=\"context.submission.files\">\n\t\t\t\t\t\t\t\t<div class=\"field-file\">\n\t\t\t\t\t\t\t\t\t<div class=\"field-file__thumbnail\" data-wp-style--background-image=\"context.file.previewUrl\" data-wp-style--mask-image=\"context.file.iconUrl\" data-wp-bind--hidden=\"!context.file.hasPreview\"><\/div>\n\t\t\t\t\t\t\t\t\t<svg class=\"field-file__icon\" data-wp-bind--hidden=\"context.file.hasPreview\" width=\"20\" height=\"20\" viewBox=\"0 0 24 24\" fill=\"none\" xmlns=\"http:\/\/www.w3.org\/2000\/svg\" aria-hidden=\"true\">\n\t\t\t\t\t\t\t\t\t\t<path d=\"M14 2H6C4.9 2 4 2.9 4 4V20C4 21.1 4.89 22 5.99 22H18C19.1 22 20 21.1 20 20V8L14 2ZM18 20H6V4H13V9H18V20Z\" fill=\"currentColor\"\/>\n\t\t\t\t\t\t\t\t\t<\/svg>\n\t\t\t\t\t\t\t\t\t<span class=\"field-file__name\" data-wp-text=\"context.file.name\"><\/span>\n\t\t\t\t\t\t\t\t\t<span class=\"field-file__size\" data-wp-text=\"context.file.size\"><\/span>\n\t\t\t\t\t\t\t\t<\/div>\n\t\t\t\t\t\t\t<\/template>\n\t\t\t\t\t\t<\/div>\n\t\t\t\t\t<\/div>\n\t\t\t\t<\/template><\/div><form action='https:\/\/pabianice.misjonarze.pl\/?page_id=1125'\n\t\t\t\tid='jp-form-6b9eb6b5d649ae35b04df20aad19d306d18c5c24'\n\t\t\t\tmethod='post'\n\t\t\t\tclass='contact-form commentsblock jetpack-contact-form__form has-no-jetpack-form-layout' aria-label=\"Msza \u015bwi\u0119ta z modlitw\u0105 o uzdrowienie\"\n\t\t\t\tdata-wp-on--submit=\"actions.onFormSubmit\"\n\t\t\t\tdata-wp-on--reset=\"actions.onFormReset\"\n\t\t\t\tdata-wp-class--submission-success=\"context.submissionSuccess\"\n\t\t\t\tdata-wp-class--is-first-step=\"state.isFirstStep\"\n\t\t\t\tdata-wp-class--is-last-step=\"state.isLastStep\"\n\t\t\t\tdata-wp-class--is-ajax-form=\"context.useAjax\"\n\t\t\t\tnovalidate >\n<input type='hidden' name='jetpack_contact_form_jwt' value='eyJ0eXAiOiJKV1QiLCJhbGciOiJIUzI1NiJ9.eyJlbmNyeXB0ZWRfYXR0cmlidXRlcyI6ImRlQnRDWGZ2V056UytDZEt5RUY3TUZpeDNIMXhNd2xocUZqTXNxRHE0UUNNQlNlSTN0aVpYamlWVU83ZVE5WlNtUm5FRXpDUllZM1QvNTRxMXpldURPdmpwMUowUmUzb0xQTEFjR0NSbjhiTFpHeGlHMTM2b2k4ck0vNVNkWjJwanoxYkxDOUNOYTdqdG5iNVdOREljVDRSeWFDZEsrN0hSY0ZDcVh0b1hQTVRZbmFUd1RyOTlZdzk5Q051NVowK1psNjMyaWdCNEFNZHoyS2ZtL2huUFlVbTlNc3lTNldhak5rV1h1WFVEM05VUFg3TklrVHlVWnQrb3diVXNHNjVsTURicFd4eEZTcW9aaHNncHJiMXl5MDlGQXdMNTk3MDRjQmdsSHc3VnhjaTFUbXlySy9MN0R1MlNtTjR2ZGZFRkpmRTdPR3VOZkp4a3czdXJINjRqSDVFN1pGcGhnQmZ2WTQ5TTRyaHlQdEpMZGpBejJiQmxiVkNGTTVadVo1N01jWXdWaTE2eWNYWWtudXRJL3RnaHdMRUVRSFAvNUlrcW1jTUlMdDFObEZhRDRubHE1YjRKb1FRclRNbnJwanB4ZlJTK1hLSU1teGFxa2pjb0F0clpiQVRFcERYdlFUMWQyVWlrd0lPOTIybGN0YlBEUFFYU29EWm9UOHBnTmJldHN1aC8rTE1FanJwc3lzU3packNXWVB6U1VzREZ3NDhxMXVucXlZeUZ2aFc4dmVLc2kyS0hIUHE1b00zb3pnenVWcEhrWE5jNi9vSUltck9jL1BpcHIrdHJQRG9pblhtYVhpNlBnMld1b0dHRmFOUWd2Tk5qSFZ1Tzk3bFgxTVFyOUlGUW1rSzdhMnUxTDliazltOGRJTjhLREhqbGxCcjdmZGhKM3BOclB3OFgyWURMT0RyNU5PUzFUSWpaN2p6d0pTaVRhdDVEb0ltUjh4VE14V3I2U3NsWXZmVWlNejJqYUd3YSs4ajAyR1VsL21wOGt0ZnFSZkFyd2x2M1pvc3pNQ280aVFOSVNMREgyUUMyWjhBblh5SHF1TmdQZ1drSSt3OWZlTDZVQ2x2OGZMS0phOWFwdCtGMHQzLzNXN3gwMDNUOGEwQ21yelo1LzM0cHdUU3FybnJEVUYwUjhWUVJyVk9VRHdzeXRST3AvQTNPMThhNkcyQmhNUlIwSk1DbjN0YnRLb1FGLzRSMElLVm5iMy9LUGdaTHFCeXFrN0NMRDNac2JrSEU2Vlkya2dlblJReWtoZHo3QVM0M2ZtY1VjdXYrZm1ScllmcUdLdEZtRHQzWEk4Rm4xUHVUZk1zUU9CTjEzdUswazlpSFFOZTZRckhCNC92QkJZdUI4bXBVcEowLzZ1NU9WRFB5VzZRMGVhWkxyWXpDTTZ1bklxMEY1ajg5R01OT2dIeFFkYzJjbERNOEE9PSIsImNvbnRlbnQiOiJbY29udGFjdC1maWVsZCBsYWJlbD1cIkltaVx1MDExOVwiIHR5cGU9XCJuYW1lXCJdW2NvbnRhY3QtZmllbGQgbGFiZWw9XCJJbnRlbmNqYVwiIHR5cGU9XCJ0ZXh0YXJlYVwiXSIsImhhc2giOiI2YjllYjZiNWQ2NDlhZTM1YjA0ZGYyMGFhZDE5ZDMwNmQxOGM1YzI0Iiwic291cmNlIjp7ImVudHJ5X3RpdGxlIjoiTXN6YSBcdTAxNWJ3aVx1MDExOXRhIHogbW9kbGl0d1x1MDEwNSBvIHV6ZHJvd2llbmllIiwiZW50cnlfcGFnZSI6MSwic291cmNlX2lkIjoxMTI1LCJzb3VyY2VfdHlwZSI6InNpbmdsZSIsInJlcXVlc3RfdXJsIjoiaHR0cHM6Ly9wYWJpYW5pY2UubWlzam9uYXJ6ZS5wbCJ9LCJ2ZXJzaW9uIjoyLCJjaXBoZXIiOiJhZXMtMjU2LWdjbSJ9.61Wscdox_RDqiaHuBaeQSbHQAdAkLWys4iafeiJw94s' \/>\n\n<div style=\"\"  data-wp-interactive=\"jetpack\/form\" data-wp-context='{\"fieldId\":\"g1125-imi\",\"fieldType\":\"name\",\"fieldLabel\":\"Imi\\u0119\",\"fieldValue\":\"\",\"fieldPlaceholder\":\"\",\"fieldIsRequired\":\"\",\"fieldErrorMessage\":\"\",\"fieldExtra\":[],\"formHash\":\"6b9eb6b5d649ae35b04df20aad19d306d18c5c24\"}'  class='grunion-field-name-wrap grunion-field-wrap'  data-wp-init='callbacks.initializeField' data-wp-on--jetpack-form-reset='callbacks.initializeField' >\n<label\n\t\t\t\tfor='g1125-imi' class=\"grunion-field-label name\" >Imi\u0119<\/label>\n<input\n\t\t\t\t\ttype='text'\n\t\t\t\t\tname='g1125-imi'\n\t\t\t\t\tid='g1125-imi'\n\t\t\t\t\tvalue=''\n\n\t\t\t\t\tdata-wp-bind--aria-invalid='state.fieldAriaInvalid'\n\t\t\t\t\tdata-wp-bind--value='state.getFieldValue'\n\t\t\t\t\taria-describedby='g1125-imi-text-error-message'\n\t\t\t\t\tdata-wp-on--input='actions.onFieldChange'\n\t\t\t\t\tdata-wp-on--blur='actions.onFieldBlur'\n\t\t\t\t\tdata-wp-class--has-value='state.hasFieldValue'\n\n\t\t\t\t\tclass='name  grunion-field' \n\t\t\t\t\t \/>\n \n\t\t\t<div id=\"g1125-imi-text-error\" class=\"contact-form__input-error\" data-wp-class--has-errors=\"state.fieldHasErrors\">\n\t\t\t\t<span class=\"contact-form__warning-icon\" aria-hidden=\"true\">\n\t\t\t\t\t<svg width=\"16\" height=\"16\" viewBox=\"0 0 16 16\" fill=\"none\" xmlns=\"http:\/\/www.w3.org\/2000\/svg\">\n\t\t\t\t\t\t<path d=\"M8.50015 11.6402H7.50015V10.6402H8.50015V11.6402Z\" \/>\n\t\t\t\t\t\t<path d=\"M7.50015 9.64018H8.50015V6.30684H7.50015V9.64018Z\" \/>\n\t\t\t\t\t\t<path fill-rule=\"evenodd\" clip-rule=\"evenodd\" d=\"M6.98331 3.0947C7.42933 2.30177 8.57096 2.30177 9.01698 3.09469L13.8771 11.7349C14.3145 12.5126 13.7525 13.4735 12.8602 13.4735H3.14004C2.24774 13.4735 1.68575 12.5126 2.12321 11.7349L6.98331 3.0947ZM8.14541 3.58496C8.08169 3.47168 7.9186 3.47168 7.85488 3.58496L2.99478 12.2251C2.93229 12.3362 3.01257 12.4735 3.14004 12.4735H12.8602C12.9877 12.4735 13.068 12.3362 13.0055 12.2251L8.14541 3.58496Z\" \/>\n\t\t\t\t\t<\/svg>\n\t\t\t\t<\/span>\n\t\t\t\t<span data-wp-text=\"state.errorMessage\" id=\"g1125-imi-text-error-message\"><\/span>\n\t\t\t<\/div> \n\t<\/div>\n\n<div style=\"\"  data-wp-interactive=\"jetpack\/form\" data-wp-context='{\"fieldId\":\"g1125-intencja\",\"fieldType\":\"textarea\",\"fieldLabel\":\"Intencja\",\"fieldValue\":\"\",\"fieldPlaceholder\":\"\",\"fieldIsRequired\":\"\",\"fieldErrorMessage\":\"\",\"fieldExtra\":[],\"formHash\":\"6b9eb6b5d649ae35b04df20aad19d306d18c5c24\"}'  class='grunion-field-textarea-wrap grunion-field-wrap'  data-wp-init='callbacks.initializeField' data-wp-on--jetpack-form-reset='callbacks.initializeField' >\n<label\n\t\t\t\tfor='contact-form-comment-g1125-intencja' class=\"grunion-field-label textarea\" >Intencja<\/label>\n<textarea\n\t\t                style=''\n\t\t                name='g1125-intencja'\n\t\t                id='contact-form-comment-g1125-intencja'\n\t\t                rows='20'\n\t\t\t\t\t\tdata-wp-text='state.getFieldValue'\n\t\t\t\t\t\tdata-wp-on--input='actions.onFieldChange'\n\t\t\t\t\t\tdata-wp-on--blur='actions.onFieldBlur'\n\t\t\t\t\t\tdata-wp-class--has-value='state.hasFieldValue'\n\t\t\t\t\t\taria-describedby='g1125-intencja-textarea-error-message'\n\t\t\t\t\t\tdata-wp-bind--aria-invalid='state.fieldAriaInvalid'\n\t\t\t\t\t\tclass='textarea  grunion-field'  ><\/textarea>\n \n\t\t\t<div id=\"g1125-intencja-textarea-error\" class=\"contact-form__input-error\" data-wp-class--has-errors=\"state.fieldHasErrors\">\n\t\t\t\t<span class=\"contact-form__warning-icon\" aria-hidden=\"true\">\n\t\t\t\t\t<svg width=\"16\" height=\"16\" viewBox=\"0 0 16 16\" fill=\"none\" xmlns=\"http:\/\/www.w3.org\/2000\/svg\">\n\t\t\t\t\t\t<path d=\"M8.50015 11.6402H7.50015V10.6402H8.50015V11.6402Z\" \/>\n\t\t\t\t\t\t<path d=\"M7.50015 9.64018H8.50015V6.30684H7.50015V9.64018Z\" \/>\n\t\t\t\t\t\t<path fill-rule=\"evenodd\" clip-rule=\"evenodd\" d=\"M6.98331 3.0947C7.42933 2.30177 8.57096 2.30177 9.01698 3.09469L13.8771 11.7349C14.3145 12.5126 13.7525 13.4735 12.8602 13.4735H3.14004C2.24774 13.4735 1.68575 12.5126 2.12321 11.7349L6.98331 3.0947ZM8.14541 3.58496C8.08169 3.47168 7.9186 3.47168 7.85488 3.58496L2.99478 12.2251C2.93229 12.3362 3.01257 12.4735 3.14004 12.4735H12.8602C12.9877 12.4735 13.068 12.3362 13.0055 12.2251L8.14541 3.58496Z\" \/>\n\t\t\t\t\t<\/svg>\n\t\t\t\t<\/span>\n\t\t\t\t<span data-wp-text=\"state.errorMessage\" id=\"g1125-intencja-textarea-error-message\"><\/span>\n\t\t\t<\/div>\n\t<\/div>\n\t<p class='contact-submit'>\n<div class=\"contact-form__error\" data-wp-class--show-errors=\"state.showFormErrors\"><span class=\"contact-form__warning-icon\" aria-hidden=\"true\"><i><\/i><\/span><span class=\"contact-form__error-message\" tabindex=\"-1\" data-wp-watch=\"callbacks.focusOnValidationError\" data-wp-text=\"state.getFormErrorMessage\"><\/span><ul aria-label=\"Form errors\">\n\t\t\t\t<template data-wp-each=\"state.getErrorList\" data-wp-key=\"context.item.id\">\n\t\t\t\t\t<li><a data-wp-bind--href=\"context.item.anchor\" data-wp-on--click=\"actions.scrollIntoView\" data-wp-text=\"context.item.label\"><\/a><\/li>\n\t\t\t\t<\/template>\n\t\t\t\t<\/ul><\/div><div class=\"contact-form__error\" data-wp-class--show-errors=\"state.showSubmissionError\" data-wp-text=\"context.submissionError\" tabindex=\"-1\" data-wp-watch=\"callbacks.focusOnSubmissionError\"><\/div>\t\t<button type='submit' class='pushbutton-wide'>Wy\u015blij<\/button>\t\t<input type='hidden' name='contact-form-id' value='1125' \/>\n\t\t<input type='hidden' name='action' value='grunion-contact-form' \/>\n\t\t<input type='hidden' name='contact-form-hash' value='6b9eb6b5d649ae35b04df20aad19d306d18c5c24' \/>\n\t<\/p>\n<\/form>\n<\/div>\n<p>&nbsp;<\/p>\n<p style=\"text-align: center;\">\n","protected":false},"excerpt":{"rendered":"<p>W ka\u017cdy ostatni wtorek miesi\u0105ca odprawiana jest w naszym ko\u015bciele Msza \u015bwi\u0119ta z modlitw\u0105 o uzdrowienie.\u00a0 Prosimy Pana, by zechcia\u0142 spojrze\u0107 w nasze serca i &#8211; przez r\u0119ce Niepokalanej Matki Bo\u017cej &#8211; pragniemy oddawa\u0107&#46;&#46;&#46;<\/p>\n","protected":false},"author":1,"featured_media":0,"parent":0,"menu_order":0,"comment_status":"closed","ping_status":"closed","template":"","meta":{"jetpack_post_was_ever_published":false,"footnotes":""},"class_list":["post-1125","page","type-page","status-publish","hentry"],"jetpack_sharing_enabled":true,"jetpack_shortlink":"https:\/\/wp.me\/PakDx7-i9","_links":{"self":[{"href":"https:\/\/pabianice.misjonarze.pl\/index.php?rest_route=\/wp\/v2\/pages\/1125","targetHints":{"allow":["GET"]}}],"collection":[{"href":"https:\/\/pabianice.misjonarze.pl\/index.php?rest_route=\/wp\/v2\/pages"}],"about":[{"href":"https:\/\/pabianice.misjonarze.pl\/index.php?rest_route=\/wp\/v2\/types\/page"}],"author":[{"embeddable":true,"href":"https:\/\/pabianice.misjonarze.pl\/index.php?rest_route=\/wp\/v2\/users\/1"}],"replies":[{"embeddable":true,"href":"https:\/\/pabianice.misjonarze.pl\/index.php?rest_route=%2Fwp%2Fv2%2Fcomments&post=1125"}],"version-history":[{"count":85,"href":"https:\/\/pabianice.misjonarze.pl\/index.php?rest_route=\/wp\/v2\/pages\/1125\/revisions"}],"predecessor-version":[{"id":9171,"href":"https:\/\/pabianice.misjonarze.pl\/index.php?rest_route=\/wp\/v2\/pages\/1125\/revisions\/9171"}],"wp:attachment":[{"href":"https:\/\/pabianice.misjonarze.pl\/index.php?rest_route=%2Fwp%2Fv2%2Fmedia&parent=1125"}],"curies":[{"name":"wp","href":"https:\/\/api.w.org\/{rel}","templated":true}]}}