{"id":1113,"date":"2018-10-15T14:10:23","date_gmt":"2018-10-15T12:10:23","guid":{"rendered":"http:\/\/pabianice.misjonarze.pl\/?page_id=1113"},"modified":"2018-10-15T14:10:23","modified_gmt":"2018-10-15T12:10:23","slug":"dom-katolicki","status":"publish","type":"page","link":"https:\/\/pabianice.misjonarze.pl\/?page_id=1113","title":{"rendered":"Dom Katolicki"},"content":{"rendered":"<p style=\"text-align: justify;\"><span style=\"font-family: tahoma, arial, helvetica, sans-serif;\"><img data-recalc-dims=\"1\" loading=\"lazy\" decoding=\"async\" class=\"size-medium wp-image-1119 alignright\" src=\"https:\/\/i0.wp.com\/pabianice.misjonarze.pl\/wp-content\/uploads\/DSC_5847-300x200.jpg?resize=300%2C200\" alt=\"\" width=\"300\" height=\"200\" srcset=\"https:\/\/i0.wp.com\/pabianice.misjonarze.pl\/wp-content\/uploads\/DSC_5847.jpg?resize=300%2C200&amp;ssl=1 300w, https:\/\/i0.wp.com\/pabianice.misjonarze.pl\/wp-content\/uploads\/DSC_5847.jpg?resize=150%2C100&amp;ssl=1 150w, https:\/\/i0.wp.com\/pabianice.misjonarze.pl\/wp-content\/uploads\/DSC_5847.jpg?resize=768%2C512&amp;ssl=1 768w, https:\/\/i0.wp.com\/pabianice.misjonarze.pl\/wp-content\/uploads\/DSC_5847.jpg?resize=1024%2C683&amp;ssl=1 1024w, https:\/\/i0.wp.com\/pabianice.misjonarze.pl\/wp-content\/uploads\/DSC_5847.jpg?resize=725%2C483&amp;ssl=1 725w, https:\/\/i0.wp.com\/pabianice.misjonarze.pl\/wp-content\/uploads\/DSC_5847.jpg?w=2000&amp;ssl=1 2000w, https:\/\/i0.wp.com\/pabianice.misjonarze.pl\/wp-content\/uploads\/DSC_5847.jpg?w=3000&amp;ssl=1 3000w\" sizes=\"auto, (max-width: 300px) 100vw, 300px\" \/>O\u015brodkiem \u017cycia kulturalnego (\u015bpiew, muzyka, czytelnictwo&#8230;) oraz dzia\u0142alno\u015bci charytatywnej w naszej parafii by\u0142 zbudowany przed wojn\u0105 Dom Katolicki.\u00a0 Inicjatorem budowy, na miejscu zlikwidowanych ob\u00f3r przy ul. \u017beromskiego 15, by\u0142 ks. prob. Leopold Petrzyk.\u00a0 Na pi\u0119trze wybudowano sal\u0119 na zebrania i wyst\u0119py teatralne oraz kabin\u0119 kinematograficzn\u0105, natomiast na parterze herbaciarni\u0119 Stowarzyszenia Pa\u0144 Mi\u0142osierdzia, tania kuchni\u0119, przedszkole, czytelnie i bibliotek\u0119.\u00a0 Obiekt po\u015bwi\u0119cony w 1930 roku przez bp. Tymienieckiego s\u0142u\u017cy\u0142 (z przerwa wojenn\u0105) do roku 1954, kiedy to zosta\u0142 oddany do dyspozycji Prezydium Miejskiej Rady Narodowej na podstawie &#8222;umowy&#8221; w\u0142adz miejskich z parafi\u0105.\u00a0 Mimo zastrze\u017conego dla parafii prawa korzystania z bramy budynku z czasem teren zosta\u0142 ogrodzony.<\/span><\/p>\n<p style=\"text-align: justify;\">W roku 1957 zwr\u00f3cono parafii ca\u0142kowicie zdewastowan\u0105 sal\u0119 na pi\u0119trze.\u00a0 Lokale na parterze pozosta\u0142y zaj\u0119te.\u00a0 W 1964 roku, pod naciskiem w\u0142adz administracyjnych n\u0119kaj\u0105cych parafi\u0119 wysokimi podatkami od lokali, Dom Katolicki zosta\u0142 wynaj\u0119ty Sp\u00f3\u0142dzielni Pracy Krawieckiej im. Janka Krasickiego (p\u00f3\u017aniejszej &#8222;Iskrze&#8221;).\u00a0 W 1969 w\u0142adze miejskie bezprawnie przydzieli\u0142y ca\u0142y obiekt tej\u017ce sp\u00f3\u0142dzielni, jako lokal u\u017cytkowy.\u00a0 Gdy w 1979 roku up\u0142ywa\u0142 termin najmu, ks. prob. Augustyn W\u0119c podj\u0105\u0142 starania u w\u0142adz miejskich Pabianic oraz w \u0141odzi i Warszawie o cofni\u0119cie krzywdz\u0105cej decyzji, zw\u0142aszcza \u017ce parafia nie otrzymywa\u0142a \u017cadnych dochod\u00f3w\u00a0 za tzw. wynajem.\u00a0 Co gorsza, w okresie pi\u0119tnastu lat sp\u00f3\u0142dzielnia dokona\u0142a przebudowa\u0144: pi\u0119tro zosta\u0142o obni\u017cone, dobudowano jeszcze jedno pi\u0119tro oraz wind\u0119.<\/p>\n<p style=\"text-align: justify;\">Od 1989 roku sytuacja polityczna i mo\u017cliwo\u015bci dochodzenia praw przez parafi\u0119 uleg\u0142y radykalnej zmianie.\u00a0 Sp\u00f3\u0142dzielnia zacz\u0119\u0142a p\u0142aci\u0107 koszty najmu.\u00a0 Wreszcie 31 grudnia 1991 roku zabudowania zosta\u0142y zwr\u00f3cone w\u0142a\u015bcicielowi (parafii).\u00a0 W 1994 rozpocz\u0119\u0142a si\u0119 powolna, kosztowna praca nad przywr\u00f3ceniem Domowi Katolickiemu jego pierwotnej funkcji.<\/p>\n<p style=\"text-align: justify;\">Obecnie wyremontowany Dom Katolicki s\u0142u\u017cy uczniom naszej szko\u0142y, a w okresie wakacyjnym pielgrzymom pod\u0105\u017caj\u0105cym na Jasn\u0105 G\u00f3r\u0119.<\/p>\n","protected":false},"excerpt":{"rendered":"<p>O\u015brodkiem \u017cycia kulturalnego (\u015bpiew, muzyka, czytelnictwo&#8230;) oraz dzia\u0142alno\u015bci charytatywnej w naszej parafii by\u0142 zbudowany przed wojn\u0105 Dom Katolicki.\u00a0 Inicjatorem budowy, na miejscu zlikwidowanych ob\u00f3r przy ul. \u017beromskiego 15, by\u0142 ks. prob. Leopold Petrzyk.\u00a0 Na&#46;&#46;&#46;<\/p>\n","protected":false},"author":1,"featured_media":0,"parent":0,"menu_order":0,"comment_status":"closed","ping_status":"closed","template":"","meta":{"jetpack_post_was_ever_published":false,"footnotes":""},"class_list":["post-1113","page","type-page","status-publish","hentry"],"jetpack_sharing_enabled":true,"jetpack_shortlink":"https:\/\/wp.me\/PakDx7-hX","_links":{"self":[{"href":"https:\/\/pabianice.misjonarze.pl\/index.php?rest_route=\/wp\/v2\/pages\/1113","targetHints":{"allow":["GET"]}}],"collection":[{"href":"https:\/\/pabianice.misjonarze.pl\/index.php?rest_route=\/wp\/v2\/pages"}],"about":[{"href":"https:\/\/pabianice.misjonarze.pl\/index.php?rest_route=\/wp\/v2\/types\/page"}],"author":[{"embeddable":true,"href":"https:\/\/pabianice.misjonarze.pl\/index.php?rest_route=\/wp\/v2\/users\/1"}],"replies":[{"embeddable":true,"href":"https:\/\/pabianice.misjonarze.pl\/index.php?rest_route=%2Fwp%2Fv2%2Fcomments&post=1113"}],"version-history":[{"count":7,"href":"https:\/\/pabianice.misjonarze.pl\/index.php?rest_route=\/wp\/v2\/pages\/1113\/revisions"}],"predecessor-version":[{"id":1121,"href":"https:\/\/pabianice.misjonarze.pl\/index.php?rest_route=\/wp\/v2\/pages\/1113\/revisions\/1121"}],"wp:attachment":[{"href":"https:\/\/pabianice.misjonarze.pl\/index.php?rest_route=%2Fwp%2Fv2%2Fmedia&parent=1113"}],"curies":[{"name":"wp","href":"https:\/\/api.w.org\/{rel}","templated":true}]}}